{"id":9841,"date":"2024-01-02T14:15:49","date_gmt":"2024-01-02T07:15:49","guid":{"rendered":"https:\/\/mebipha.com\/online\/?post_type=product&#038;p=9841"},"modified":"2025-12-29T16:09:29","modified_gmt":"2025-12-29T09:09:29","slug":"tri-alpha-50","status":"publish","type":"product","link":"https:\/\/mebipha.com\/online\/tri-alpha-50\/","title":{"rendered":"TRI ALPHA 50"},"content":{"rendered":"<p>THU\u1ed0C B\u1ed8T U\u1ed0NG<\/p>\n<p><strong>TRI ALPHA 50<\/strong><\/p>\n<p>\u0110\u1eb6C TR\u1eca CRD, VI\u00caM KH\u1edaP TR\u00caN GIA C\u1ea6M<\/p>\n<p><strong>C\u00d4NG TH\u1ee8C<\/strong><\/p>\n<p>Josamycine\u202645.000.000 UI<\/p>\n<p>T\u00e1 d\u01b0\u1ee3c v\u1eeba \u0111\u1ee7 &#8230;.1kg<\/p>\n<p><strong>CH\u1ec8 \u0110\u1ecaNH<\/strong><\/p>\n<p>Tr\u1ecb b\u1ec7nh h\u00f4 h\u1ea5p m\u00e3n t\u00ednh (CRD) tr\u00ean gia c\u1ea7m v\u00e0 c\u00e1c bi\u1ebfn ch\u1ee9ng c\u1ee7a b\u1ec7nh (CCRD): kh\u00f3 th\u1edf, th\u1edf kh\u00f2 kh\u00e8, ch\u1ea3y n\u01b0\u1edbc m\u0169i, s\u01b0ng ph\u00f9 \u0111\u1ea7u,\u2026<\/p>\n<p>Tr\u1ecb vi\u00eam kh\u1edbp do Mycoplasma: s\u01b0ng kh\u1edbp, g\u00e0 \u0111i \u0111\u1ee9ng kh\u00f3 kh\u0103n ho\u1eb7c kh\u00f4ng \u0111i \u0111\u01b0\u1ee3c.<\/p>\n<p><strong>CH\u1ed0NG CH\u1ec8 \u0110\u1ecaNH<\/strong><\/p>\n<p>Kh\u00f4ng d\u00f9ng cho th\u00fa m\u1eabn c\u1ea3m v\u1edbi thu\u1ed1c.<\/p>\n<p><strong>LI\u1ec0U L\u01af\u1ee2NG &amp; H\u01af\u1edaNG D\u1eaaN S\u1eec D\u1ee4NG<\/strong><\/p>\n<p>Tr\u1ecb b\u1ec7nh: 1g\/10kg th\u1ec3 tr\u1ecdng ho\u1eb7c 1g\/1-2 l\u00edt n\u01b0\u1edbc u\u1ed1ng, d\u00f9ng li\u00ean t\u1ee5c 5-7 ng\u00e0y.<\/p>\n<p><strong>Th\u1eddi gian ng\u01b0ng s\u1eed d\u1ee5ng thu\u1ed1c<\/strong><\/p>\n<p>7 ng\u00e0y tr\u01b0\u1edbc khi gi\u1ebft m\u1ed5.<\/p>\n<p><strong>B\u1ea2O QU\u1ea2N<\/strong><\/p>\n<p>N\u01a1i kh\u00f4 r\u00e1o, tho\u00e1ng m\u00e1t, nhi\u1ec7t \u0111\u1ed9 d\u01b0\u1edbi 30<sup>0<\/sup>C, tr\u00e1nh \u00e1nh n\u1eafng tr\u1ef1c ti\u1ebfp. Tr\u00e1nh xa t\u1ea7m tay tr\u1ebb em.<\/p>\n","protected":false},"excerpt":{"rendered":"<p>THU\u1ed0C B\u1ed8T U\u1ed0NG<\/p>\n<p><strong>TRI ALPHA 50<\/strong><\/p>\n<p>\u0110\u1eb6C TR\u1eca CRD, VI\u00caM KH\u1edaP TR\u00caN GIA C\u1ea6M<\/p>\n<p><strong>C\u00d4NG TH\u1ee8C<\/strong><\/p>\n<p>Josamycine\u202645.000.000 UI<\/p>\n<p>T\u00e1 d\u01b0\u1ee3c v\u1eeba \u0111\u1ee7 &#8230;.1kg<\/p>\n<p><strong>CH\u1ec8 \u0110\u1ecaNH<\/strong><\/p>\n<p>Tr\u1ecb b\u1ec7nh h\u00f4 h\u1ea5p m\u00e3n t\u00ednh (CRD) tr\u00ean gia c\u1ea7m v\u00e0 c\u00e1c bi\u1ebfn ch\u1ee9ng c\u1ee7a b\u1ec7nh (CCRD): kh\u00f3 th\u1edf, th\u1edf kh\u00f2 kh\u00e8, ch\u1ea3y n\u01b0\u1edbc m\u0169i, s\u01b0ng ph\u00f9 \u0111\u1ea7u,\u2026<\/p>\n<p>Tr\u1ecb vi\u00eam kh\u1edbp do Mycoplasma: s\u01b0ng kh\u1edbp, g\u00e0 \u0111i \u0111\u1ee9ng kh\u00f3 kh\u0103n ho\u1eb7c kh\u00f4ng \u0111i \u0111\u01b0\u1ee3c.<\/p>\n<p><strong>CH\u1ed0NG CH\u1ec8 \u0110\u1ecaNH<\/strong><\/p>\n<p>Kh\u00f4ng d\u00f9ng cho th\u00fa m\u1eabn c\u1ea3m v\u1edbi thu\u1ed1c.<\/p>\n<p><strong>LI\u1ec0U L\u01af\u1ee2NG &amp; H\u01af\u1edaNG D\u1eaaN S\u1eec D\u1ee4NG<\/strong><\/p>\n<p>Tr\u1ecb b\u1ec7nh: 1g\/10kg th\u1ec3 tr\u1ecdng ho\u1eb7c 1g\/1-2 l\u00edt n\u01b0\u1edbc u\u1ed1ng, d\u00f9ng li\u00ean t\u1ee5c 5-7 ng\u00e0y.<\/p>\n<p><strong>Th\u1eddi gian ng\u01b0ng s\u1eed d\u1ee5ng thu\u1ed1c<\/strong><\/p>\n<p>7 ng\u00e0y tr\u01b0\u1edbc khi gi\u1ebft m\u1ed5.<\/p>\n<p><strong>B\u1ea2O QU\u1ea2N<\/strong><\/p>\n<p>N\u01a1i kh\u00f4 r\u00e1o, tho\u00e1ng m\u00e1t, nhi\u1ec7t \u0111\u1ed9 d\u01b0\u1edbi 30<sup>0<\/sup>C, tr\u00e1nh \u00e1nh n\u1eafng tr\u1ef1c ti\u1ebfp. Tr\u00e1nh xa t\u1ea7m tay tr\u1ebb em.<\/p>\n","protected":false},"featured_media":9844,"comment_status":"closed","ping_status":"closed","template":"","meta":[],"product_brand":[],"product_cat":[62],"product_tag":[],"class_list":{"0":"post-9841","1":"product","2":"type-product","3":"status-publish","4":"has-post-thumbnail","6":"product_cat-thuoc-thu-y","8":"first","9":"instock","10":"shipping-taxable","11":"purchasable","12":"product-type-variable"},"_links":{"self":[{"href":"https:\/\/mebipha.com\/online\/wp-json\/wp\/v2\/product\/9841","targetHints":{"allow":["GET"]}}],"collection":[{"href":"https:\/\/mebipha.com\/online\/wp-json\/wp\/v2\/product"}],"about":[{"href":"https:\/\/mebipha.com\/online\/wp-json\/wp\/v2\/types\/product"}],"replies":[{"embeddable":true,"href":"https:\/\/mebipha.com\/online\/wp-json\/wp\/v2\/comments?post=9841"}],"wp:featuredmedia":[{"embeddable":true,"href":"https:\/\/mebipha.com\/online\/wp-json\/wp\/v2\/media\/9844"}],"wp:attachment":[{"href":"https:\/\/mebipha.com\/online\/wp-json\/wp\/v2\/media?parent=9841"}],"wp:term":[{"taxonomy":"product_brand","embeddable":true,"href":"https:\/\/mebipha.com\/online\/wp-json\/wp\/v2\/product_brand?post=9841"},{"taxonomy":"product_cat","embeddable":true,"href":"https:\/\/mebipha.com\/online\/wp-json\/wp\/v2\/product_cat?post=9841"},{"taxonomy":"product_tag","embeddable":true,"href":"https:\/\/mebipha.com\/online\/wp-json\/wp\/v2\/product_tag?post=9841"}],"curies":[{"name":"wp","href":"https:\/\/api.w.org\/{rel}","templated":true}]}}