{"id":9837,"date":"2024-01-02T14:11:39","date_gmt":"2024-01-02T07:11:39","guid":{"rendered":"https:\/\/mebipha.com\/online\/?post_type=product&#038;p=9837"},"modified":"2025-12-29T13:18:34","modified_gmt":"2025-12-29T06:18:34","slug":"tri-alpha","status":"publish","type":"product","link":"https:\/\/mebipha.com\/online\/tri-alpha\/","title":{"rendered":"TRI &#8211; ALPHA"},"content":{"rendered":"<p><strong>THU\u1ed0C B\u1ed8T U\u1ed0NG<\/strong><\/p>\n<p><strong>TRI &#8211; ALPHA<\/strong><\/p>\n<p><strong>\u0110\u1eb6C TR\u1eca CRD, CCRD<\/strong><\/p>\n<p><strong>C\u00d4NG TH\u1ee8C<\/strong><\/p>\n<p>Josamycine..90.000.000UI<\/p>\n<p>Trimethoprime\u2026100g<\/p>\n<p>T\u00e1 d\u01b0\u1ee3c v\u1eeba \u0111\u1ee7\u2026&#8230;&#8230;&#8230;..1kg<\/p>\n<p><strong>CH\u1ec8 \u0110\u1ecaNH<\/strong><\/p>\n<p>Tr\u1ecb b\u1ec7nh h\u00f4 h\u1ea5p m\u00e3n t\u00ednh (CRD) tr\u00ean gia c\u1ea7m v\u00e0 c\u00e1c bi\u1ebfn ch\u1ee9ng c\u1ee7a b\u1ec7nh (CCRD): kh\u00f3 th\u1edf, th\u1edf kh\u00f2 kh\u00e8, ch\u1ea3y n\u01b0\u1edbc m\u0169i, s\u01b0ng ph\u00f9 \u0111\u1ea7u,\u2026<\/p>\n<p>Tr\u1ecb vi\u00eam kh\u1edbp do Mycoplasma: s\u01b0ng kh\u1edbp, g\u00e0 \u0111i \u0111\u1ee9ng kh\u00f3 kh\u0103n ho\u1eb7c kh\u00f4ng \u0111i \u0111\u01b0\u1ee3c.<\/p>\n<p><strong>CH\u1ed0NG CH\u1ec8 \u0110\u1ecaNH<\/strong><\/p>\n<p>Kh\u00f4ng d\u00f9ng cho th\u00fa m\u1eabn c\u1ea3m v\u1edbi c\u00e1c th\u00e0nh ph\u1ea7n c\u1ee7a thu\u1ed1c.<\/p>\n<p><strong>LI\u1ec0U L\u01af\u1ee2NG &amp; H\u01af\u1edaNG D\u1eaaN S\u1eec D\u1ee4NG<\/strong><\/p>\n<p><strong>Tr\u00ean g\u00e0, v\u1ecbt, c\u00fat<\/strong><\/p>\n<p><strong>Li\u1ec1u t\u1ed5ng qu\u00e1t:<\/strong> 1g\/20-30kg th\u1ec3 tr\u1ecdng.<\/p>\n<p><strong>Tr\u1ecb b\u1ec7nh:<\/strong><\/p>\n<p><strong>G\u00e0- v\u1ecbt con, g\u00e0- v\u1ecbt \u0111\u1ebb, g\u00e0 gi\u1ed1ng:<\/strong> 1g\/2-3 l\u00edt n\u01b0\u1edbc u\u1ed1ng.<\/p>\n<p><strong>G\u00e0 &#8211; v\u1ecbt th\u1ecbt:<\/strong> 1g\/2 l\u00edt n\u01b0\u1edbc u\u1ed1ng.<\/p>\n<p>D\u00f9ng li\u00ean t\u1ee5c 5-7 ng\u00e0y.<\/p>\n<p><strong>Th\u1eddi gian ng\u01b0ng s\u1eed d\u1ee5ng thu\u1ed1c:<\/strong><\/p>\n<p>7 ng\u00e0y tr\u01b0\u1edbc khi gi\u1ebft m\u1ed5.<\/p>\n","protected":false},"excerpt":{"rendered":"<p><strong>THU\u1ed0C B\u1ed8T U\u1ed0NG<\/strong><\/p>\n<p><strong>TRI &#8211; ALPHA<\/strong><\/p>\n<p><strong>\u0110\u1eb6C TR\u1eca CRD, CCRD<\/strong><\/p>\n<p><strong>C\u00d4NG TH\u1ee8C<\/strong><\/p>\n<p>Josamycine..90.000.000UI<\/p>\n<p>Trimethoprime\u2026100g<\/p>\n<p>T\u00e1 d\u01b0\u1ee3c v\u1eeba \u0111\u1ee7\u2026&#8230;&#8230;&#8230;..1kg<\/p>\n<p><strong>CH\u1ec8 \u0110\u1ecaNH<\/strong><\/p>\n<p>Tr\u1ecb b\u1ec7nh h\u00f4 h\u1ea5p m\u00e3n t\u00ednh (CRD) tr\u00ean gia c\u1ea7m v\u00e0 c\u00e1c bi\u1ebfn ch\u1ee9ng c\u1ee7a b\u1ec7nh (CCRD): kh\u00f3 th\u1edf, th\u1edf kh\u00f2 kh\u00e8, ch\u1ea3y n\u01b0\u1edbc m\u0169i, s\u01b0ng ph\u00f9 \u0111\u1ea7u,\u2026<\/p>\n<p>Tr\u1ecb vi\u00eam kh\u1edbp do Mycoplasma: s\u01b0ng kh\u1edbp, g\u00e0 \u0111i \u0111\u1ee9ng kh\u00f3 kh\u0103n ho\u1eb7c kh\u00f4ng \u0111i \u0111\u01b0\u1ee3c.<\/p>\n<p><strong>CH\u1ed0NG CH\u1ec8 \u0110\u1ecaNH<\/strong><\/p>\n<p>Kh\u00f4ng d\u00f9ng cho th\u00fa m\u1eabn c\u1ea3m v\u1edbi c\u00e1c th\u00e0nh ph\u1ea7n c\u1ee7a thu\u1ed1c.<\/p>\n<p><strong>LI\u1ec0U L\u01af\u1ee2NG &amp; H\u01af\u1edaNG D\u1eaaN S\u1eec D\u1ee4NG<\/strong><\/p>\n<p><strong>Tr\u00ean g\u00e0, v\u1ecbt, c\u00fat<\/strong><\/p>\n<p><strong>Li\u1ec1u t\u1ed5ng qu\u00e1t:<\/strong> 1g\/20-30kg th\u1ec3 tr\u1ecdng.<\/p>\n<p><strong>Tr\u1ecb b\u1ec7nh:<\/strong><\/p>\n<p><strong>G\u00e0- v\u1ecbt con, g\u00e0- v\u1ecbt \u0111\u1ebb, g\u00e0 gi\u1ed1ng:<\/strong> 1g\/2-3 l\u00edt n\u01b0\u1edbc u\u1ed1ng.<\/p>\n<p><strong>G\u00e0 &#8211; v\u1ecbt th\u1ecbt:<\/strong> 1g\/2 l\u00edt n\u01b0\u1edbc u\u1ed1ng.<\/p>\n<p>D\u00f9ng li\u00ean t\u1ee5c 5-7 ng\u00e0y.<\/p>\n<p><strong>Th\u1eddi gian ng\u01b0ng s\u1eed d\u1ee5ng thu\u1ed1c:<\/strong><\/p>\n<p>7 ng\u00e0y tr\u01b0\u1edbc khi gi\u1ebft m\u1ed5.<\/p>\n","protected":false},"featured_media":9840,"comment_status":"closed","ping_status":"closed","template":"","meta":[],"product_brand":[],"product_cat":[62],"product_tag":[],"class_list":{"0":"post-9837","1":"product","2":"type-product","3":"status-publish","4":"has-post-thumbnail","6":"product_cat-thuoc-thu-y","8":"first","9":"instock","10":"shipping-taxable","11":"purchasable","12":"product-type-variable"},"_links":{"self":[{"href":"https:\/\/mebipha.com\/online\/wp-json\/wp\/v2\/product\/9837","targetHints":{"allow":["GET"]}}],"collection":[{"href":"https:\/\/mebipha.com\/online\/wp-json\/wp\/v2\/product"}],"about":[{"href":"https:\/\/mebipha.com\/online\/wp-json\/wp\/v2\/types\/product"}],"replies":[{"embeddable":true,"href":"https:\/\/mebipha.com\/online\/wp-json\/wp\/v2\/comments?post=9837"}],"wp:featuredmedia":[{"embeddable":true,"href":"https:\/\/mebipha.com\/online\/wp-json\/wp\/v2\/media\/9840"}],"wp:attachment":[{"href":"https:\/\/mebipha.com\/online\/wp-json\/wp\/v2\/media?parent=9837"}],"wp:term":[{"taxonomy":"product_brand","embeddable":true,"href":"https:\/\/mebipha.com\/online\/wp-json\/wp\/v2\/product_brand?post=9837"},{"taxonomy":"product_cat","embeddable":true,"href":"https:\/\/mebipha.com\/online\/wp-json\/wp\/v2\/product_cat?post=9837"},{"taxonomy":"product_tag","embeddable":true,"href":"https:\/\/mebipha.com\/online\/wp-json\/wp\/v2\/product_tag?post=9837"}],"curies":[{"name":"wp","href":"https:\/\/api.w.org\/{rel}","templated":true}]}}