{"id":9834,"date":"2024-01-02T14:05:48","date_gmt":"2024-01-02T07:05:48","guid":{"rendered":"https:\/\/mebipha.com\/online\/?post_type=product&#038;p=9834"},"modified":"2025-12-29T16:10:39","modified_gmt":"2025-12-29T09:10:39","slug":"josa-dox-2","status":"publish","type":"product","link":"https:\/\/mebipha.com\/online\/josa-dox-2\/","title":{"rendered":"JOSA DOX"},"content":{"rendered":"<p>\u0110\u1eb6C TR\u1eca C\u00c1C B\u1ec6NH \u0110\u01af\u1edcNG H\u00d4 H\u1ea4P TR\u00caN GIA C\u1ea6M<\/p>\n<p><strong>C\u00d4NG TH\u1ee8C<\/strong><\/p>\n<p>Josamycine\u2026\u2026.90.000.000 UI<\/p>\n<p>T\u00e1 d\u01b0\u1ee3c v\u1eeba \u0111\u1ee7 &#8230;1kg<\/p>\n<p><strong>CH\u1ec8 \u0110\u1ecaNH<\/strong><\/p>\n<p>\u0110\u1eb7c tr\u1ecb h\u00f4 h\u1ea5p m\u00e3n t\u00ednh (CRD) v\u00e0 c\u00e1c bi\u1ebfn ch\u1ee9ng c\u1ee7a b\u1ec7nh (CCRD).<\/p>\n<p>Tr\u1ecb b\u1ec7nh vi\u00eam kh\u1edbp do Mycoplasma.<\/p>\n<p><strong>CH\u1ed0NG CH\u1ec8 \u0110\u1ecaNH<\/strong><\/p>\n<p>Kh\u00f4ng d\u00f9ng cho th\u00fa m\u1eabn c\u1ea3m v\u1edbi thu\u1ed1c.<\/p>\n<p><strong>LI\u1ec0U L\u01af\u1ee2NG &amp; H\u01af\u1edaNG D\u1eaaN S\u1eec D\u1ee4NG<\/strong><\/p>\n<p><strong>Tr\u00ean g\u00e0, v\u1ecbt, c\u00fat<\/strong><\/p>\n<p><strong>Li\u1ec1u t\u1ed5ng qu\u00e1t:<\/strong> 1g\/15kg th\u1ec3 tr\u1ecdng.<\/p>\n<p><strong>Tr\u1ecb b\u1ec7nh: <\/strong><\/p>\n<p><strong>G\u00e0, v\u1ecbt con, g\u00e0 v\u1ecbt \u0111\u1ebb, g\u00e0 gi\u1ed1ng<\/strong>: 1g\/2-3 l\u00edt n\u01b0\u1edbc u\u1ed1ng.<\/p>\n<p><strong>G\u00e0 th\u1ecbt, v\u1ecbt th\u1ecbt<\/strong>: 1g\/2 l\u00edt n\u01b0\u1edbc u\u1ed1ng.<\/p>\n<p>D\u00f9ng li\u00ean t\u1ee5c 5-7 ng\u00e0y.<\/p>\n<p><strong>Th\u1eddi gian ng\u01b0ng s\u1eed d\u1ee5ng thu\u1ed1c<\/strong><\/p>\n<p>7 ng\u00e0y tr\u01b0\u1edbc khi gi\u1ebft m\u1ed5.<\/p>\n<p><strong>B\u1ea2O QU\u1ea2N<\/strong><\/p>\n<p>N\u01a1i kh\u00f4 r\u00e1o, tho\u00e1ng m\u00e1t, nhi\u1ec7t \u0111\u1ed9 d\u01b0\u1edbi 30<sup>0<\/sup>C, tr\u00e1nh \u00e1nh n\u1eafng tr\u1ef1c ti\u1ebfp. Tr\u00e1nh xa t\u1ea7m tay tr\u1ebb em.<\/p>\n","protected":false},"excerpt":{"rendered":"<p>\u0110\u1eb6C TR\u1eca C\u00c1C B\u1ec6NH \u0110\u01af\u1edcNG H\u00d4 H\u1ea4P TR\u00caN GIA C\u1ea6M<\/p>\n<p><strong>C\u00d4NG TH\u1ee8C<\/strong><\/p>\n<p>Josamycine\u2026\u2026.90.000.000 UI<\/p>\n<p>T\u00e1 d\u01b0\u1ee3c v\u1eeba \u0111\u1ee7 &#8230;1kg<\/p>\n<p><strong>CH\u1ec8 \u0110\u1ecaNH<\/strong><\/p>\n<p>\u0110\u1eb7c tr\u1ecb h\u00f4 h\u1ea5p m\u00e3n t\u00ednh (CRD) v\u00e0 c\u00e1c bi\u1ebfn ch\u1ee9ng c\u1ee7a b\u1ec7nh (CCRD).<\/p>\n<p>Tr\u1ecb b\u1ec7nh vi\u00eam kh\u1edbp do Mycoplasma.<\/p>\n<p><strong>CH\u1ed0NG CH\u1ec8 \u0110\u1ecaNH<\/strong><\/p>\n<p>Kh\u00f4ng d\u00f9ng cho th\u00fa m\u1eabn c\u1ea3m v\u1edbi thu\u1ed1c.<\/p>\n<p><strong>LI\u1ec0U L\u01af\u1ee2NG &amp; H\u01af\u1edaNG D\u1eaaN S\u1eec D\u1ee4NG<\/strong><\/p>\n<p><strong>Tr\u00ean g\u00e0, v\u1ecbt, c\u00fat<\/strong><\/p>\n<p><strong>Li\u1ec1u t\u1ed5ng qu\u00e1t:<\/strong> 1g\/15kg th\u1ec3 tr\u1ecdng.<\/p>\n<p><strong>Tr\u1ecb b\u1ec7nh: <\/strong><\/p>\n<p><strong>G\u00e0, v\u1ecbt con, g\u00e0 v\u1ecbt \u0111\u1ebb, g\u00e0 gi\u1ed1ng<\/strong>: 1g\/2-3 l\u00edt n\u01b0\u1edbc u\u1ed1ng.<\/p>\n<p><strong>G\u00e0 th\u1ecbt, v\u1ecbt th\u1ecbt<\/strong>: 1g\/2 l\u00edt n\u01b0\u1edbc u\u1ed1ng.<\/p>\n<p>D\u00f9ng li\u00ean t\u1ee5c 5-7 ng\u00e0y.<\/p>\n<p><strong>Th\u1eddi gian ng\u01b0ng s\u1eed d\u1ee5ng thu\u1ed1c<\/strong><\/p>\n<p>7 ng\u00e0y tr\u01b0\u1edbc khi gi\u1ebft m\u1ed5.<\/p>\n<p><strong>B\u1ea2O QU\u1ea2N<\/strong><\/p>\n<p>N\u01a1i kh\u00f4 r\u00e1o, tho\u00e1ng m\u00e1t, nhi\u1ec7t \u0111\u1ed9 d\u01b0\u1edbi 30<sup>0<\/sup>C, tr\u00e1nh \u00e1nh n\u1eafng tr\u1ef1c ti\u1ebfp. Tr\u00e1nh xa t\u1ea7m tay tr\u1ebb em.<\/p>\n","protected":false},"featured_media":9836,"comment_status":"closed","ping_status":"closed","template":"","meta":[],"product_brand":[],"product_cat":[62],"product_tag":[],"class_list":{"0":"post-9834","1":"product","2":"type-product","3":"status-publish","4":"has-post-thumbnail","6":"product_cat-thuoc-thu-y","8":"first","9":"instock","10":"shipping-taxable","11":"purchasable","12":"product-type-variable"},"_links":{"self":[{"href":"https:\/\/mebipha.com\/online\/wp-json\/wp\/v2\/product\/9834","targetHints":{"allow":["GET"]}}],"collection":[{"href":"https:\/\/mebipha.com\/online\/wp-json\/wp\/v2\/product"}],"about":[{"href":"https:\/\/mebipha.com\/online\/wp-json\/wp\/v2\/types\/product"}],"replies":[{"embeddable":true,"href":"https:\/\/mebipha.com\/online\/wp-json\/wp\/v2\/comments?post=9834"}],"wp:featuredmedia":[{"embeddable":true,"href":"https:\/\/mebipha.com\/online\/wp-json\/wp\/v2\/media\/9836"}],"wp:attachment":[{"href":"https:\/\/mebipha.com\/online\/wp-json\/wp\/v2\/media?parent=9834"}],"wp:term":[{"taxonomy":"product_brand","embeddable":true,"href":"https:\/\/mebipha.com\/online\/wp-json\/wp\/v2\/product_brand?post=9834"},{"taxonomy":"product_cat","embeddable":true,"href":"https:\/\/mebipha.com\/online\/wp-json\/wp\/v2\/product_cat?post=9834"},{"taxonomy":"product_tag","embeddable":true,"href":"https:\/\/mebipha.com\/online\/wp-json\/wp\/v2\/product_tag?post=9834"}],"curies":[{"name":"wp","href":"https:\/\/api.w.org\/{rel}","templated":true}]}}