{"id":9830,"date":"2024-01-02T14:00:58","date_gmt":"2024-01-02T07:00:58","guid":{"rendered":"https:\/\/mebipha.com\/online\/?post_type=product&#038;p=9830"},"modified":"2025-12-29T13:16:28","modified_gmt":"2025-12-29T06:16:28","slug":"josa-grow-pigs-2","status":"publish","type":"product","link":"https:\/\/mebipha.com\/online\/josa-grow-pigs-2\/","title":{"rendered":"JOSA GROW PIGS"},"content":{"rendered":"<p><strong>THU\u1ed0C B\u1ed8T U\u1ed0NG<\/strong><\/p>\n<p><strong>JOSA GROW PIGS<\/strong><\/p>\n<p>\u0110\u1eb6C TR\u1eca VI\u00caM PH\u1ed4I TR\u00caN HEO<\/p>\n<p><strong>C\u00d4NG TH\u1ee8C<\/strong><\/p>\n<p>Josamycine..36.000.000UI<\/p>\n<p>T\u00e1 d\u01b0\u1ee3c v\u1eeba \u0111\u1ee7&#8230;&#8230;&#8230;..\u2026&#8230;&#8230;2kg<\/p>\n<p><strong>CH\u1ec8 \u0110\u1ecaNH<\/strong><\/p>\n<p>Tr\u1ecb c\u00e1c b\u1ec7nh vi\u00eam ph\u1ed5i do Mycoplasma tr\u00ean heo.<\/p>\n<p><strong>CH\u1ed0NG CH\u1ec8 \u0110\u1ecaNH<\/strong><\/p>\n<p>Kh\u00f4ng d\u00f9ng cho th\u00fa m\u1eabn c\u1ea3m v\u1edbi thu\u1ed1c.<\/p>\n<p><strong>LI\u1ec0U L\u01af\u1ee2NG &amp; H\u01af\u1edaNG D\u1eaaN S\u1eec D\u1ee4NG<\/strong><\/p>\n<p>Tr\u1ed9n \u0111\u1ec1u v\u00e0o th\u1ee9c \u0103n.<\/p>\n<p><strong>Tr\u1ecb b\u1ec7nh<\/strong><\/p>\n<p>\u0110i\u1ec1u tr\u1ecb vi\u00eam ph\u1ed5i \u0111\u1ecba ph\u01b0\u01a1ng (SEP): 100g\/50kg th\u1ee9c \u0103n\/ ng\u00e0y, d\u00f9ng li\u00ean t\u1ee5c trong 10 ng\u00e0y.<\/p>\n<p><strong>JOSA GROW PIGS<\/strong> \u0111\u1eb7c bi\u1ec7t s\u1eed d\u1ee5ng \u0111i\u1ec1u tr\u1ecb b\u1ec7nh h\u00f4 h\u1ea5p cho to\u00e0n \u0111\u00e0n heo th\u1ecbt khi th\u1eddi ti\u1ebft thay \u0111\u1ed5i v\u00e0 m\u1ed9t s\u1ed1 c\u00e1 th\u1ec3 c\u00f3 tri\u1ec7u ch\u1ee9ng ho, vi\u00eam ph\u1ed5i<\/p>\n<p><strong>Th\u1eddi gian ng\u01b0ng s\u1eed d\u1ee5ng thu\u1ed1c:<\/strong><\/p>\n<p>7 ng\u00e0y tr\u01b0\u1edbc khi gi\u1ebft th\u1ecbt.<\/p>\n","protected":false},"excerpt":{"rendered":"<p><strong>THU\u1ed0C B\u1ed8T U\u1ed0NG<\/strong><\/p>\n<p><strong>JOSA GROW PIGS<\/strong><\/p>\n<p>\u0110\u1eb6C TR\u1eca VI\u00caM PH\u1ed4I TR\u00caN HEO<\/p>\n<p><strong>C\u00d4NG TH\u1ee8C<\/strong><\/p>\n<p>Josamycine..36.000.000UI<\/p>\n<p>T\u00e1 d\u01b0\u1ee3c v\u1eeba \u0111\u1ee7&#8230;&#8230;&#8230;..\u2026&#8230;&#8230;2kg<\/p>\n<p><strong>CH\u1ec8 \u0110\u1ecaNH<\/strong><\/p>\n<p>Tr\u1ecb c\u00e1c b\u1ec7nh vi\u00eam ph\u1ed5i do Mycoplasma tr\u00ean heo.<\/p>\n<p><strong>CH\u1ed0NG CH\u1ec8 \u0110\u1ecaNH<\/strong><\/p>\n<p>Kh\u00f4ng d\u00f9ng cho th\u00fa m\u1eabn c\u1ea3m v\u1edbi thu\u1ed1c.<\/p>\n<p><strong>LI\u1ec0U L\u01af\u1ee2NG &amp; H\u01af\u1edaNG D\u1eaaN S\u1eec D\u1ee4NG<\/strong><\/p>\n<p>Tr\u1ed9n \u0111\u1ec1u v\u00e0o th\u1ee9c \u0103n.<\/p>\n<p><strong>Tr\u1ecb b\u1ec7nh<\/strong><\/p>\n<p>\u0110i\u1ec1u tr\u1ecb vi\u00eam ph\u1ed5i \u0111\u1ecba ph\u01b0\u01a1ng (SEP): 100g\/50kg th\u1ee9c \u0103n\/ ng\u00e0y, d\u00f9ng li\u00ean t\u1ee5c trong 10 ng\u00e0y.<\/p>\n<p><strong>JOSA GROW PIGS<\/strong> \u0111\u1eb7c bi\u1ec7t s\u1eed d\u1ee5ng \u0111i\u1ec1u tr\u1ecb b\u1ec7nh h\u00f4 h\u1ea5p cho to\u00e0n \u0111\u00e0n heo th\u1ecbt khi th\u1eddi ti\u1ebft thay \u0111\u1ed5i v\u00e0 m\u1ed9t s\u1ed1 c\u00e1 th\u1ec3 c\u00f3 tri\u1ec7u ch\u1ee9ng ho, vi\u00eam ph\u1ed5i<\/p>\n<p><strong>Th\u1eddi gian ng\u01b0ng s\u1eed d\u1ee5ng thu\u1ed1c:<\/strong><\/p>\n<p>7 ng\u00e0y tr\u01b0\u1edbc khi gi\u1ebft th\u1ecbt.<\/p>\n","protected":false},"featured_media":9833,"comment_status":"closed","ping_status":"closed","template":"","meta":[],"product_brand":[],"product_cat":[62],"product_tag":[],"class_list":{"0":"post-9830","1":"product","2":"type-product","3":"status-publish","4":"has-post-thumbnail","6":"product_cat-thuoc-thu-y","8":"first","9":"instock","10":"shipping-taxable","11":"purchasable","12":"product-type-variable"},"_links":{"self":[{"href":"https:\/\/mebipha.com\/online\/wp-json\/wp\/v2\/product\/9830","targetHints":{"allow":["GET"]}}],"collection":[{"href":"https:\/\/mebipha.com\/online\/wp-json\/wp\/v2\/product"}],"about":[{"href":"https:\/\/mebipha.com\/online\/wp-json\/wp\/v2\/types\/product"}],"replies":[{"embeddable":true,"href":"https:\/\/mebipha.com\/online\/wp-json\/wp\/v2\/comments?post=9830"}],"wp:featuredmedia":[{"embeddable":true,"href":"https:\/\/mebipha.com\/online\/wp-json\/wp\/v2\/media\/9833"}],"wp:attachment":[{"href":"https:\/\/mebipha.com\/online\/wp-json\/wp\/v2\/media?parent=9830"}],"wp:term":[{"taxonomy":"product_brand","embeddable":true,"href":"https:\/\/mebipha.com\/online\/wp-json\/wp\/v2\/product_brand?post=9830"},{"taxonomy":"product_cat","embeddable":true,"href":"https:\/\/mebipha.com\/online\/wp-json\/wp\/v2\/product_cat?post=9830"},{"taxonomy":"product_tag","embeddable":true,"href":"https:\/\/mebipha.com\/online\/wp-json\/wp\/v2\/product_tag?post=9830"}],"curies":[{"name":"wp","href":"https:\/\/api.w.org\/{rel}","templated":true}]}}