{"id":9827,"date":"2024-01-02T14:20:07","date_gmt":"2024-01-02T07:20:07","guid":{"rendered":"https:\/\/mebipha.com\/online\/?post_type=product&#038;p=9827"},"modified":"2025-12-29T14:56:12","modified_gmt":"2025-12-29T07:56:12","slug":"josa-dc-inj-2","status":"publish","type":"product","link":"https:\/\/mebipha.com\/online\/josa-dc-inj-2\/","title":{"rendered":"JOSA DC INJ"},"content":{"rendered":"<p>DUNG D\u1ecaCH KH\u00c1NG SINH TI\u00caM<\/p>\n<p>\u0110\u1eb6C TR\u1eca NHI\u1ec4M TR\u00d9NG \u0110\u01af\u1edcNG H\u00d4 H\u1ea4P<\/p>\n<p><strong>C\u00d4NG TH\u1ee8C<\/strong><\/p>\n<p>Josamycine\u2026&#8230;.9.000.000 UI<\/p>\n<p>Dung m\u00f4i v\u1eeba \u0111\u1ee7\u2026\u2026100ml<\/p>\n<p><strong>CH\u1ec8 \u0110\u1ecaNH<\/strong><\/p>\n<p>\u0110\u1eb7c tr\u1ecb nhi\u1ec5m tr\u00f9ng \u0111\u01b0\u1eddng h\u00f4 h\u1ea5p, \u0111i\u1ec1u tr\u1ecb hi\u1ec7u qu\u1ea3 c\u00e1c b\u1ec7nh k\u1ebf ph\u00e1t heo tai xanh (PRRS).<\/p>\n<p><strong>CH\u1ed0NG CH\u1ec8 \u0110\u1ecaNH <\/strong><\/p>\n<p>Kh\u00f4ng d\u00f9ng cho th\u00fa m\u1eabn c\u1ea3m v\u1edbi thu\u1ed1c.<\/p>\n<p><strong>LI\u1ec0U L\u01af\u1ee2NG &amp; H\u01af\u1edaNG D\u1eaaN S\u1eec D\u1ee4NG<\/strong><\/p>\n<p>Tr\u1ecb b\u1ec7nh:<\/p>\n<p>Heo con: 1ml\/10-15kg th\u1ec3 tr\u1ecdng.<\/p>\n<p>Heo l\u1edbn: 1ml\/20-25kg th\u1ec3 tr\u1ecdng.<\/p>\n<p>B\u1ec7nh n\u1eb7ng ti\u00eam nh\u1eafc l\u1ea1i sau 24 gi\u1edd.<\/p>\n<p><strong>Th\u1eddi gian ng\u01b0ng s\u1eed d\u1ee5ng thu\u1ed1c<\/strong><\/p>\n<p>Th\u00fa gi\u1ebft th\u1ecbt: 7 ng\u00e0y tr\u01b0\u1edbc khi gi\u1ebft m\u1ed5.<\/p>\n<p>Th\u00fa l\u1ea5y s\u1eefa: 3 l\u1ea7n v\u1eaft s\u1eefa.<\/p>\n<p><strong>B\u1ea2O QU\u1ea2N: <\/strong>N\u01a1i kh\u00f4 r\u00e1o, tho\u00e1ng m\u00e1t, nhi\u1ec7t \u0111\u1ed9 d\u01b0\u1edbi 30<sup>0<\/sup>C. Tr\u00e1nh \u00e1nh n\u1eafng tr\u1ef1c ti\u1ebfp, tr\u00e1nh xa t\u1ea7m tay tr\u1ebb em.<\/p>\n","protected":false},"excerpt":{"rendered":"<p>\u0110\u1eb6C TR\u1eca NHI\u1ec4M TR\u00d9NG \u0110\u01af\u1edcNG H\u00d4 H\u1ea4P<\/p>\n<p><strong>C\u00d4NG TH\u1ee8C<\/strong><\/p>\n<p>Josamycine\u2026&#8230;.9.000.000 UI<\/p>\n<p>Dung m\u00f4i v\u1eeba \u0111\u1ee7\u2026\u2026100ml<\/p>\n<p><strong>CH\u1ec8 \u0110\u1ecaNH<\/strong><\/p>\n<p>\u0110\u1eb7c tr\u1ecb nhi\u1ec5m tr\u00f9ng \u0111\u01b0\u1eddng h\u00f4 h\u1ea5p, \u0111i\u1ec1u tr\u1ecb hi\u1ec7u qu\u1ea3 c\u00e1c b\u1ec7nh k\u1ebf ph\u00e1t heo tai xanh (PRRS).<\/p>\n<p><strong>CH\u1ed0NG CH\u1ec8 \u0110\u1ecaNH <\/strong><\/p>\n<p>Kh\u00f4ng d\u00f9ng cho th\u00fa m\u1eabn c\u1ea3m v\u1edbi thu\u1ed1c.<\/p>\n<p><strong>LI\u1ec0U L\u01af\u1ee2NG &amp; H\u01af\u1edaNG D\u1eaaN S\u1eec D\u1ee4NG<\/strong><\/p>\n<p>Tr\u1ecb b\u1ec7nh:<\/p>\n<p>Heo con: 1ml\/10-15kg th\u1ec3 tr\u1ecdng.<\/p>\n<p>Heo l\u1edbn: 1ml\/20-25kg th\u1ec3 tr\u1ecdng.<\/p>\n<p>B\u1ec7nh n\u1eb7ng ti\u00eam nh\u1eafc l\u1ea1i sau 24 gi\u1edd.<\/p>\n<p><strong>Th\u1eddi gian ng\u01b0ng s\u1eed d\u1ee5ng thu\u1ed1c<\/strong><\/p>\n<p>Th\u00fa gi\u1ebft th\u1ecbt: 7 ng\u00e0y tr\u01b0\u1edbc khi gi\u1ebft m\u1ed5.<\/p>\n<p>Th\u00fa l\u1ea5y s\u1eefa: 3 l\u1ea7n v\u1eaft s\u1eefa.<\/p>\n<p><strong>B\u1ea2O QU\u1ea2N: <\/strong>N\u01a1i kh\u00f4 r\u00e1o, tho\u00e1ng m\u00e1t, nhi\u1ec7t \u0111\u1ed9 d\u01b0\u1edbi 30<sup>0<\/sup>C. Tr\u00e1nh \u00e1nh n\u1eafng tr\u1ef1c ti\u1ebfp, tr\u00e1nh xa t\u1ea7m tay tr\u1ebb em.<\/p>\n","protected":false},"featured_media":9845,"comment_status":"closed","ping_status":"closed","template":"","meta":[],"product_brand":[],"product_cat":[62,121],"product_tag":[],"class_list":{"0":"post-9827","1":"product","2":"type-product","3":"status-publish","4":"has-post-thumbnail","6":"product_cat-thuoc-thu-y","7":"product_cat-dung-dich-tiem-hon-dich-tiem","9":"first","10":"instock","11":"shipping-taxable","12":"purchasable","13":"product-type-variable"},"_links":{"self":[{"href":"https:\/\/mebipha.com\/online\/wp-json\/wp\/v2\/product\/9827","targetHints":{"allow":["GET"]}}],"collection":[{"href":"https:\/\/mebipha.com\/online\/wp-json\/wp\/v2\/product"}],"about":[{"href":"https:\/\/mebipha.com\/online\/wp-json\/wp\/v2\/types\/product"}],"replies":[{"embeddable":true,"href":"https:\/\/mebipha.com\/online\/wp-json\/wp\/v2\/comments?post=9827"}],"wp:featuredmedia":[{"embeddable":true,"href":"https:\/\/mebipha.com\/online\/wp-json\/wp\/v2\/media\/9845"}],"wp:attachment":[{"href":"https:\/\/mebipha.com\/online\/wp-json\/wp\/v2\/media?parent=9827"}],"wp:term":[{"taxonomy":"product_brand","embeddable":true,"href":"https:\/\/mebipha.com\/online\/wp-json\/wp\/v2\/product_brand?post=9827"},{"taxonomy":"product_cat","embeddable":true,"href":"https:\/\/mebipha.com\/online\/wp-json\/wp\/v2\/product_cat?post=9827"},{"taxonomy":"product_tag","embeddable":true,"href":"https:\/\/mebipha.com\/online\/wp-json\/wp\/v2\/product_tag?post=9827"}],"curies":[{"name":"wp","href":"https:\/\/api.w.org\/{rel}","templated":true}]}}