{"id":9742,"date":"2023-10-10T16:23:33","date_gmt":"2023-10-10T09:23:33","guid":{"rendered":"https:\/\/mebipha.com\/online\/?post_type=product&#038;p=9742"},"modified":"2025-12-29T13:38:44","modified_gmt":"2025-12-29T06:38:44","slug":"amox-15-la","status":"publish","type":"product","link":"https:\/\/mebipha.com\/online\/amox-15-la\/","title":{"rendered":"AMOX 15% LA"},"content":{"rendered":"<p>\u0110\u1eb6C TR\u1eca VI\u00caM V\u00da, VI\u00caM T\u1eec CUNG TR\u00caN HEO N\u00c1I<\/p>\n<p>TI\u00caU CH\u1ea2Y TR\u00caN HEO CON<\/p>\n<p><strong>C\u00d4NG TH\u1ee8C <\/strong><strong>TH\u00c0NH PH\u1ea6N CH\u00cdNH<\/strong><\/p>\n<p>Amoxicillin trihydrate: 15g<\/p>\n<p>Dung m\u00f4i v\u1eeba \u0111\u1ee7: 100ml<\/p>\n<p><strong>LI\u1ec0U D\u00d9NG<\/strong><\/p>\n<p>L\u1eafc \u0111\u1ec1u tr\u01b0\u1edbc khi s\u1eed d\u1ee5ng.<\/p>\n<p>Ti\u00eam s\u00e2u v\u00e0o b\u1eafp th\u1ecbt.<\/p>\n<p><strong>Heo con:<\/strong> 1ml\/10kg th\u1ec3 tr\u1ecdng\/72 gi\u1edd.<\/p>\n<p><strong>Heo l\u1edbn:<\/strong> 1ml\/15kg th\u1ec3 tr\u1ecdng\/72 gi\u1edd.<\/p>\n<p><strong>\u0110\u1eb7c bi\u1ec7t ti\u00eam cho heo n\u00e1i kho\u1ea3ng 1-2 gi\u1edd sau khi sinh gi\u00fap gi\u1ea3m c\u00e1c tri\u1ec7u ch\u1ee9ng vi\u00eam v\u00fa, vi\u00eam t\u1eed cung.<\/strong><\/p>\n<p><strong>Tr\u00e2u, b\u00f2, d\u00ea, c\u1eebu<\/strong>: 1ml\/25kg th\u1ec3 tr\u1ecdng\/72 gi\u1edd.<\/p>\n<p>Ti\u00eam nh\u1eafc l\u1ea1i sau 48 gi\u1edd n\u1ebfu c\u1ea7n thi\u1ebft.<\/p>\n","protected":false},"excerpt":{"rendered":"<p>\u0110\u1eb6C TR\u1eca VI\u00caM V\u00da, VI\u00caM T\u1eec CUNG TR\u00caN HEO N\u00c1I<\/p>\n<p>TI\u00caU CH\u1ea2Y TR\u00caN HEO CON<\/p>\n<p><strong>C\u00d4NG TH\u1ee8C <\/strong><strong>TH\u00c0NH PH\u1ea6N CH\u00cdNH<\/strong><\/p>\n<p>Amoxicillin trihydrate: 15g<\/p>\n<p>Dung m\u00f4i v\u1eeba \u0111\u1ee7: 100ml<\/p>\n<p><strong>LI\u1ec0U D\u00d9NG<\/strong><\/p>\n<p>L\u1eafc \u0111\u1ec1u tr\u01b0\u1edbc khi s\u1eed d\u1ee5ng.<\/p>\n<p>Ti\u00eam s\u00e2u v\u00e0o b\u1eafp th\u1ecbt.<\/p>\n<p><strong>Heo con:<\/strong> 1ml\/10kg th\u1ec3 tr\u1ecdng\/72 gi\u1edd.<\/p>\n<p><strong>Heo l\u1edbn:<\/strong> 1ml\/15kg th\u1ec3 tr\u1ecdng\/72 gi\u1edd.<\/p>\n<p><strong>\u0110\u1eb7c bi\u1ec7t ti\u00eam cho heo n\u00e1i kho\u1ea3ng 1-2 gi\u1edd sau khi sinh gi\u00fap gi\u1ea3m c\u00e1c tri\u1ec7u ch\u1ee9ng vi\u00eam v\u00fa, vi\u00eam t\u1eed cung.<\/strong><\/p>\n<p><strong>Tr\u00e2u, b\u00f2, d\u00ea, c\u1eebu<\/strong>: 1ml\/25kg th\u1ec3 tr\u1ecdng\/72 gi\u1edd.<\/p>\n<p>Ti\u00eam nh\u1eafc l\u1ea1i sau 48 gi\u1edd n\u1ebfu c\u1ea7n thi\u1ebft.<\/p>\n","protected":false},"featured_media":9746,"comment_status":"closed","ping_status":"closed","template":"","meta":[],"product_brand":[],"product_cat":[62,121,135],"product_tag":[],"class_list":{"0":"post-9742","1":"product","2":"type-product","3":"status-publish","4":"has-post-thumbnail","6":"product_cat-thuoc-thu-y","7":"product_cat-dung-dich-tiem-hon-dich-tiem","8":"product_cat-thuoc-tiem","10":"first","11":"instock","12":"shipping-taxable","13":"purchasable","14":"product-type-variable"},"_links":{"self":[{"href":"https:\/\/mebipha.com\/online\/wp-json\/wp\/v2\/product\/9742","targetHints":{"allow":["GET"]}}],"collection":[{"href":"https:\/\/mebipha.com\/online\/wp-json\/wp\/v2\/product"}],"about":[{"href":"https:\/\/mebipha.com\/online\/wp-json\/wp\/v2\/types\/product"}],"replies":[{"embeddable":true,"href":"https:\/\/mebipha.com\/online\/wp-json\/wp\/v2\/comments?post=9742"}],"wp:featuredmedia":[{"embeddable":true,"href":"https:\/\/mebipha.com\/online\/wp-json\/wp\/v2\/media\/9746"}],"wp:attachment":[{"href":"https:\/\/mebipha.com\/online\/wp-json\/wp\/v2\/media?parent=9742"}],"wp:term":[{"taxonomy":"product_brand","embeddable":true,"href":"https:\/\/mebipha.com\/online\/wp-json\/wp\/v2\/product_brand?post=9742"},{"taxonomy":"product_cat","embeddable":true,"href":"https:\/\/mebipha.com\/online\/wp-json\/wp\/v2\/product_cat?post=9742"},{"taxonomy":"product_tag","embeddable":true,"href":"https:\/\/mebipha.com\/online\/wp-json\/wp\/v2\/product_tag?post=9742"}],"curies":[{"name":"wp","href":"https:\/\/api.w.org\/{rel}","templated":true}]}}