{"id":9740,"date":"2023-10-10T16:19:46","date_gmt":"2023-10-10T09:19:46","guid":{"rendered":"https:\/\/mebipha.com\/online\/?post_type=product&#038;p=9740"},"modified":"2025-12-29T16:47:22","modified_gmt":"2025-12-29T09:47:22","slug":"flucozoles","status":"publish","type":"product","link":"https:\/\/mebipha.com\/online\/flucozoles\/","title":{"rendered":"FLUCOZOLES"},"content":{"rendered":"<p>\u0110\u1eb6C TR\u1eca C\u00c1C LO\u1ea0I N\u1ea4M<\/p>\n<p><strong>C\u00d4NG TH\u1ee8C <\/strong><strong>TH\u00c0NH PH\u1ea6N CH\u00cdNH<\/strong><\/p>\n<p>Fluconazole: 100g<\/p>\n<p>Dung m\u00f4i v\u1eeba \u0111\u1ee7: 1 l\u00edt<\/p>\n<p><strong>LI\u1ec0U D\u00d9NG<\/strong><\/p>\n<p>Pha v\u00e0o n\u01b0\u1edbc u\u1ed1ng.<\/p>\n<p><strong>Gia c\u1ea7m:<\/strong><\/p>\n<p><strong>Tr\u1ecb b\u1ec7nh:<\/strong> 1ml\/25kg th\u1ec3 tr\u1ecdng\/ng\u00e0y ho\u1eb7c 1ml\/3-4 l\u00edt n\u01b0\u1edbc u\u1ed1ng, d\u00f9ng li\u00ean t\u1ee5c 5-7 ng\u00e0y.<\/p>\n<p><strong>Ph\u00f2ng b\u1ec7nh: <\/strong><\/p>\n<p>B\u1eb1ng \u00bd li\u1ec1u tr\u1ecb b\u1ec7nh, d\u00f9ng li\u00ean t\u1ee5c 2-3 ng\u00e0y:<\/p>\n<p>\u0110\u1ed1i v\u1edbi gia c\u1ea7m con: 10 ng\u00e0y cho u\u1ed1ng 1 \u0111\u1ee3t, trong 2 ng\u00e0y li\u00ean ti\u1ebfp.<\/p>\n<p>\u0110\u1ed1i v\u1edbi gia c\u1ea7m l\u1edbn: 2-3 tu\u1ea7n cho u\u1ed1ng 1 \u0111\u1ee3t, trong 2 ng\u00e0y li\u00ean ti\u1ebfp.<\/p>\n<p><strong>Th\u1ecf:<\/strong> 1ml\/15-25kg th\u1ec3 tr\u1ecdng\/ng\u00e0y, d\u00f9ng trong 5-7 ng\u00e0y ho\u1eb7c theo ch\u1ec9 \u0111\u1ecbnh c\u1ee7a B\u00e1c s\u1ef9 th\u00fa y.<\/p>\n<p><strong>Ch\u00f3, m\u00e8o:<\/strong> 1ml\/15-20kg th\u1ec3 tr\u1ecdng\/ng\u00e0y. Th\u1eddi gian \u0111i\u1ec1u tr\u1ecb theo ch\u1ec9 \u0111\u1ecbnh c\u1ee7a B\u00e1c s\u1ef9 th\u00fa y.<\/p>\n<p>&nbsp;<\/p>\n","protected":false},"excerpt":{"rendered":"<p>\u0110\u1eb6C TR\u1eca C\u00c1C LO\u1ea0I N\u1ea4M<\/p>\n<p><strong>C\u00d4NG TH\u1ee8C <\/strong><strong>TH\u00c0NH PH\u1ea6N CH\u00cdNH<\/strong><\/p>\n<p>Fluconazole: 100g<\/p>\n<p>Dung m\u00f4i v\u1eeba \u0111\u1ee7: 1 l\u00edt<\/p>\n<p><strong>LI\u1ec0U D\u00d9NG<\/strong><\/p>\n<p>Pha v\u00e0o n\u01b0\u1edbc u\u1ed1ng.<\/p>\n<p><strong>Gia c\u1ea7m:<\/strong><\/p>\n<p><strong>Tr\u1ecb b\u1ec7nh:<\/strong> 1ml\/25kg th\u1ec3 tr\u1ecdng\/ng\u00e0y ho\u1eb7c 1ml\/3-4 l\u00edt n\u01b0\u1edbc u\u1ed1ng, d\u00f9ng li\u00ean t\u1ee5c 5-7 ng\u00e0y.<\/p>\n<p><strong>Ph\u00f2ng b\u1ec7nh: <\/strong><\/p>\n<p>B\u1eb1ng \u00bd li\u1ec1u tr\u1ecb b\u1ec7nh, d\u00f9ng li\u00ean t\u1ee5c 2-3 ng\u00e0y:<\/p>\n<p>\u0110\u1ed1i v\u1edbi gia c\u1ea7m con: 10 ng\u00e0y cho u\u1ed1ng 1 \u0111\u1ee3t, trong 2 ng\u00e0y li\u00ean ti\u1ebfp.<\/p>\n<p>\u0110\u1ed1i v\u1edbi gia c\u1ea7m l\u1edbn: 2-3 tu\u1ea7n cho u\u1ed1ng 1 \u0111\u1ee3t, trong 2 ng\u00e0y li\u00ean ti\u1ebfp.<\/p>\n<p><strong>Th\u1ecf:<\/strong> 1ml\/15-25kg th\u1ec3 tr\u1ecdng\/ng\u00e0y, d\u00f9ng trong 5-7 ng\u00e0y ho\u1eb7c theo ch\u1ec9 \u0111\u1ecbnh c\u1ee7a B\u00e1c s\u1ef9 th\u00fa y.<\/p>\n<p><strong>Ch\u00f3, m\u00e8o:<\/strong> 1ml\/15-20kg th\u1ec3 tr\u1ecdng\/ng\u00e0y. Th\u1eddi gian \u0111i\u1ec1u tr\u1ecb theo ch\u1ec9 \u0111\u1ecbnh c\u1ee7a B\u00e1c s\u1ef9 th\u00fa y.<\/p>\n","protected":false},"featured_media":9745,"comment_status":"closed","ping_status":"closed","template":"","meta":[],"product_brand":[],"product_cat":[62],"product_tag":[],"class_list":{"0":"post-9740","1":"product","2":"type-product","3":"status-publish","4":"has-post-thumbnail","6":"product_cat-thuoc-thu-y","8":"first","9":"instock","10":"shipping-taxable","11":"purchasable","12":"product-type-variable"},"_links":{"self":[{"href":"https:\/\/mebipha.com\/online\/wp-json\/wp\/v2\/product\/9740","targetHints":{"allow":["GET"]}}],"collection":[{"href":"https:\/\/mebipha.com\/online\/wp-json\/wp\/v2\/product"}],"about":[{"href":"https:\/\/mebipha.com\/online\/wp-json\/wp\/v2\/types\/product"}],"replies":[{"embeddable":true,"href":"https:\/\/mebipha.com\/online\/wp-json\/wp\/v2\/comments?post=9740"}],"wp:featuredmedia":[{"embeddable":true,"href":"https:\/\/mebipha.com\/online\/wp-json\/wp\/v2\/media\/9745"}],"wp:attachment":[{"href":"https:\/\/mebipha.com\/online\/wp-json\/wp\/v2\/media?parent=9740"}],"wp:term":[{"taxonomy":"product_brand","embeddable":true,"href":"https:\/\/mebipha.com\/online\/wp-json\/wp\/v2\/product_brand?post=9740"},{"taxonomy":"product_cat","embeddable":true,"href":"https:\/\/mebipha.com\/online\/wp-json\/wp\/v2\/product_cat?post=9740"},{"taxonomy":"product_tag","embeddable":true,"href":"https:\/\/mebipha.com\/online\/wp-json\/wp\/v2\/product_tag?post=9740"}],"curies":[{"name":"wp","href":"https:\/\/api.w.org\/{rel}","templated":true}]}}