{"id":9738,"date":"2023-10-10T15:55:03","date_gmt":"2023-10-10T08:55:03","guid":{"rendered":"https:\/\/mebipha.com\/online\/?post_type=product&#038;p=9738"},"modified":"2023-11-02T09:21:20","modified_gmt":"2023-11-02T02:21:20","slug":"immuno-s-tom","status":"publish","type":"product","link":"https:\/\/mebipha.com\/online\/immuno-s-tom\/","title":{"rendered":"IMMUNO S (T\u00d4M)"},"content":{"rendered":"<p>T\u0102NG C\u01af\u1edcNG MI\u1ec4N D\u1ecaCH \u2013 PH\u00d2NG B\u1ec6NH EHP, \u0110\u1ed0M TR\u1eaeNG V\u00c0 PH\u00c2N TR\u1eaeNG TR\u00caN T\u00d4M<\/p>\n<p><strong>C\u00d4NG TH\u1ee8C <\/strong><strong>TH\u00c0NH PH\u1ea6N CH\u00cdNH<\/strong><\/p>\n<p>Betain* (min): 70g<\/p>\n<p>Fructose Oligosaccharide (min): 200g<\/p>\n<p>Kh\u00e1ng sinh, ch\u1ea5t c\u1ea5m: kh\u00f4ng c\u00f3<\/p>\n<p>Ethoxyquin: kh\u00f4ng c\u00f3<\/p>\n<p>T\u00e1 d\u01b0\u1ee3c c\u00f3 ch\u1ee9a kh\u00e1ng th\u1ec3 IgY, ATP (Adenosine disodium triphosphate), Butaphosphan v\u00e0 dung m\u00f4i v\u1eeba \u0111\u1ee7: 1 l\u00edt<\/p>\n<p><strong>LI\u1ec0U D\u00d9NG<\/strong><\/p>\n<p>H\u00f2a v\u00e0o n\u01b0\u1edbc r\u1ed3i tr\u1ed9n \u0111\u1ec1u v\u1edbi th\u1ee9c \u0103n, sau \u0111\u00f3 \u0111\u1ec3 r\u00e1o v\u00e0 cho \u0103n:<\/p>\n<p><strong>B\u1ed5 sung v\u00e0o kh\u1ea9u ph\u1ea7n \u0103n h\u1eb1ng ng\u00e0y c\u1ee7a t\u00f4m<\/strong>: 2 &#8211; 3 ml\/1kg th\u1ee9c \u0103n, d\u00f9ng li\u00ean t\u1ee5c trong th\u1eddi gian nu\u00f4i.<\/p>\n<p><strong>Khi t\u00f4m c\u00f3 d\u1ea5u hi\u1ec7u b\u1ec7nh ho\u1eb7c r\u1ed1i lo\u1ea1n ti\u00eau h\u00f3a:<\/strong> 4 &#8211; 5ml\/1kg th\u1ee9c \u0103n, ng\u00e0y 1 c\u1eef, d\u00f9ng li\u00ean t\u1ee5c cho \u0111\u1ebfn khi kh\u1ecfi b\u1ec7nh.<\/p>\n<p><strong>H\u1ed7 tr\u1ee3 \u0111i\u1ec1u tr\u1ecb ho\u1eb7c ph\u00f2ng b\u1ec7nh:<\/strong> t\u1ea1t tr\u1ef1c ti\u1ebfp xu\u1ed1ng ao 1 l\u00edt\/ 2000m<sup>2 <\/sup>\u00a0m\u1eb7t n\u01b0\u1edbc.<\/p>\n","protected":false},"excerpt":{"rendered":"<p>T\u0102NG C\u01af\u1edcNG MI\u1ec4N D\u1ecaCH \u2013 PH\u00d2NG B\u1ec6NH EHP, \u0110\u1ed0M TR\u1eaeNG V\u00c0 PH\u00c2N TR\u1eaeNG TR\u00caN T\u00d4M<\/p>\n<p><strong>C\u00d4NG TH\u1ee8C <\/strong><strong>TH\u00c0NH PH\u1ea6N CH\u00cdNH<\/strong><\/p>\n<p>Betain* (min): 70g<\/p>\n<p>Fructose Oligosaccharide (min): 200g<\/p>\n<p>Kh\u00e1ng sinh, ch\u1ea5t c\u1ea5m: kh\u00f4ng c\u00f3<\/p>\n<p>Ethoxyquin: kh\u00f4ng c\u00f3<\/p>\n<p>T\u00e1 d\u01b0\u1ee3c c\u00f3 ch\u1ee9a kh\u00e1ng th\u1ec3 IgY, ATP (Adenosine disodium triphosphate), Butaphosphan v\u00e0 dung m\u00f4i v\u1eeba \u0111\u1ee7: 1 l\u00edt<\/p>\n<p><strong>LI\u1ec0U D\u00d9NG<\/strong><\/p>\n<p>H\u00f2a v\u00e0o n\u01b0\u1edbc r\u1ed3i tr\u1ed9n \u0111\u1ec1u v\u1edbi th\u1ee9c \u0103n, sau \u0111\u00f3 \u0111\u1ec3 r\u00e1o v\u00e0 cho \u0103n:<\/p>\n<p><strong>B\u1ed5 sung v\u00e0o kh\u1ea9u ph\u1ea7n \u0103n h\u1eb1ng ng\u00e0y c\u1ee7a t\u00f4m<\/strong>: 2 &#8211; 3 ml\/1kg th\u1ee9c \u0103n, d\u00f9ng li\u00ean t\u1ee5c trong th\u1eddi gian nu\u00f4i.<\/p>\n<p><strong>Khi t\u00f4m c\u00f3 d\u1ea5u hi\u1ec7u b\u1ec7nh ho\u1eb7c r\u1ed1i lo\u1ea1n ti\u00eau h\u00f3a:<\/strong> 4 &#8211; 5ml\/1kg th\u1ee9c \u0103n, ng\u00e0y 1 c\u1eef, d\u00f9ng li\u00ean t\u1ee5c cho \u0111\u1ebfn khi kh\u1ecfi b\u1ec7nh.<\/p>\n<p><strong>H\u1ed7 tr\u1ee3 \u0111i\u1ec1u tr\u1ecb ho\u1eb7c ph\u00f2ng b\u1ec7nh:<\/strong> t\u1ea1t tr\u1ef1c ti\u1ebfp xu\u1ed1ng ao 1 l\u00edt\/ 2000m<sup>2 <\/sup>\u00a0m\u1eb7t n\u01b0\u1edbc.<\/p>\n","protected":false},"featured_media":9744,"comment_status":"closed","ping_status":"closed","template":"","meta":[],"product_brand":[],"product_cat":[71,134],"product_tag":[],"class_list":{"0":"post-9738","1":"product","2":"type-product","3":"status-publish","4":"has-post-thumbnail","6":"product_cat-thuoc-thuy-san","7":"product_cat-thuoc-thuy-san-thuoc-thuy-san","9":"first","10":"instock","11":"shipping-taxable","12":"purchasable","13":"product-type-variable"},"_links":{"self":[{"href":"https:\/\/mebipha.com\/online\/wp-json\/wp\/v2\/product\/9738","targetHints":{"allow":["GET"]}}],"collection":[{"href":"https:\/\/mebipha.com\/online\/wp-json\/wp\/v2\/product"}],"about":[{"href":"https:\/\/mebipha.com\/online\/wp-json\/wp\/v2\/types\/product"}],"replies":[{"embeddable":true,"href":"https:\/\/mebipha.com\/online\/wp-json\/wp\/v2\/comments?post=9738"}],"wp:featuredmedia":[{"embeddable":true,"href":"https:\/\/mebipha.com\/online\/wp-json\/wp\/v2\/media\/9744"}],"wp:attachment":[{"href":"https:\/\/mebipha.com\/online\/wp-json\/wp\/v2\/media?parent=9738"}],"wp:term":[{"taxonomy":"product_brand","embeddable":true,"href":"https:\/\/mebipha.com\/online\/wp-json\/wp\/v2\/product_brand?post=9738"},{"taxonomy":"product_cat","embeddable":true,"href":"https:\/\/mebipha.com\/online\/wp-json\/wp\/v2\/product_cat?post=9738"},{"taxonomy":"product_tag","embeddable":true,"href":"https:\/\/mebipha.com\/online\/wp-json\/wp\/v2\/product_tag?post=9738"}],"curies":[{"name":"wp","href":"https:\/\/api.w.org\/{rel}","templated":true}]}}