{"id":9732,"date":"2023-10-10T15:20:43","date_gmt":"2023-10-10T08:20:43","guid":{"rendered":"https:\/\/mebipha.com\/online\/?post_type=product&#038;p=9732"},"modified":"2023-10-10T15:20:43","modified_gmt":"2023-10-10T08:20:43","slug":"aqua-c-30-ca","status":"publish","type":"product","link":"https:\/\/mebipha.com\/online\/aqua-c-30-ca\/","title":{"rendered":"AQUA C 30% (C\u00c1)"},"content":{"rendered":"<p><strong>TH\u00c0NH PH\u1ea6N<\/strong><\/p>\n<p>Vitamin C* (min)&#8230;&#8230;&#8230;&#8230;&#8230;&#8230;&#8230;&#8230;&#8230;&#8230;&#8230;&#8230;&#8230;&#8230;&#8230;&#8230;&#8230;&#8230;&#8230;&#8230;&#8230;&#8230;&#8230;&#8230;&#8230;&#8230;. 300 g<\/p>\n<p>Kh\u00e1ng sinh, ch\u1ea5t c\u1ea5m&#8230;&#8230;&#8230;&#8230;&#8230;&#8230;&#8230;&#8230;&#8230;&#8230;&#8230;&#8230;&#8230;&#8230;&#8230;&#8230;&#8230;&#8230;&#8230;&#8230;&#8230;. Kh\u00f4ng c\u00f3<\/p>\n<p>Ethoxyquin&#8230;&#8230;&#8230;&#8230;&#8230;&#8230;&#8230;&#8230;&#8230;&#8230;&#8230;&#8230;&#8230;&#8230;&#8230;&#8230;&#8230;&#8230;&#8230;&#8230;&#8230;&#8230;&#8230;&#8230;&#8230;&#8230;&#8230; Kh\u00f4ng c\u00f3<\/p>\n<p>Ch\u1ea5t mang (Glucose) v\u1eeba \u0111\u1ee7&#8230;&#8230;&#8230;&#8230;&#8230;&#8230;&#8230;&#8230;&#8230;&#8230;&#8230;&#8230;&#8230;&#8230;&#8230;&#8230;&#8230;&#8230;&#8230;&#8230;.. 1kg<\/p>\n<p><strong>NGUY\u00caN LI\u1ec6U\u00a0 <\/strong><\/p>\n<p>Vitamin C (Ascorbic acid), Glucose (Dextrose monohydrate).<\/p>\n<p><strong>C\u00d4NG D\u1ee4NG<\/strong><\/p>\n<p>B\u1ed5 sung vitamin cho c\u00e1.<\/p>\n<p>Gi\u00fap c\u00e1 gi\u1ea3m s\u1ed1c, stress khi m\u00f4i tr\u01b0\u1eddng thay \u0111\u1ed5i.<\/p>\n<p>T\u0103ng c\u01b0\u1eddng s\u1ee9c \u0111\u1ec1 kh\u00e1ng, gi\u00fap c\u00e1 kh\u1ecfe m\u1ea1nh ph\u00e1t tri\u1ec3n t\u1ed1t.<\/p>\n<p><strong>H\u01af\u1edaNG D\u1eaaN S\u1eec D\u1ee4NG V\u00c0 LI\u1ec0U D\u00d9NG<\/strong><\/p>\n<p>H\u00f2a tan v\u00e0o n\u01b0\u1edbc, t\u1ea1t xu\u1ed1ng ao ho\u1eb7c tr\u1ed9n \u0111\u1ec1u v\u1edbi th\u1ee9c \u0103n r\u1ed3i \u0111\u1ec3 r\u00e1o 15 ph\u00fat sau \u0111\u00f3 cho c\u00e1 \u0103n.<\/p>\n<p><strong>Sau khi th\u1ea3 c\u00e1 xu\u1ed1ng ao:<\/strong> d\u00f9ng 0,5g cho 1m<sup>2 <\/sup>m\u1eb7t n\u01b0\u1edbc.<\/p>\n<p><strong>C\u00e1 gi\u1ed1ng:<\/strong> gi\u1ea3m stress d\u00f9ng 1-2g\/m<sup>2 <\/sup>m\u1eb7t n\u01b0\u1edbc, \u0111\u1ecbnh k\u1ef3 4 ng\u00e0y\/l\u1ea7n.<\/p>\n<p><strong>C\u00e1 \u00a0th\u01b0\u01a1ng ph\u1ea9m:<\/strong> 1g\/1kg th\u1ee9c \u0103n, d\u00f9ng li\u00ean t\u1ee5c trong th\u1eddi gian nu\u00f4i.<\/p>\n<p><strong>Khi c\u00e1 bi\u1ec3u hi\u1ec7n stress ho\u1eb7c gi\u1ea3m \u0103n: <\/strong>D\u00f9ng 2g\/1kg th\u1ee9c \u0103n, li\u00ean t\u1ee5c trong 5-7 ng\u00e0y.<\/p>\n<p><strong>Gi\u1ea3m pH n\u01b0\u1edbc:<\/strong> 0,5-1kg\/1.000 m<sup>3 <\/sup>n\u01b0\u1edbc.<\/p>\n<p><strong>Th\u1eddi gian ng\u01b0ng s\u1eed d\u1ee5ng tr\u01b0\u1edbc khi thu ho\u1ea1ch:<\/strong> 0 ng\u00e0y<\/p>\n<p><strong>B\u1ea2O QU\u1ea2N\u00a0<\/strong><\/p>\n<p>N\u01a1i kh\u00f4 r\u00e1o, tho\u00e1ng m\u00e1t, nhi\u1ec7t \u0111\u1ed9 d\u01b0\u1edbi 30<sup>0<\/sup>C, tr\u00e1nh \u00e1nh n\u1eafng tr\u1ef1c ti\u1ebfp. Tr\u00e1nh xa t\u1ea7m tay tr\u1ebb em.<\/p>\n<p>S\u1ed1 TCCB: TCCS 01:2021\/MB<\/p>\n<p>M\u00e3 s\u1ed1 ti\u1ebfp nh\u1eadn: 01030088<\/p>\n<p>S\u1ed1 l\u00f4, NSX &amp; HSD: Xem tr\u00ean bao b\u00ec<\/p>\n<p><strong>CH\u1ec8 D\u00d9NG TRONG NU\u00d4I TR\u1ed2NG TH\u1ee6Y S\u1ea2N<\/strong><\/p>\n","protected":false},"excerpt":{"rendered":"<p><strong>TH\u00c0NH PH\u1ea6N<\/strong><\/p>\n<p>Vitamin C* (min)&#8230;&#8230;&#8230;&#8230;&#8230;&#8230;&#8230;&#8230;&#8230;&#8230;&#8230;&#8230;&#8230;&#8230;&#8230;&#8230;&#8230;&#8230;&#8230;&#8230;&#8230;&#8230;&#8230;&#8230;&#8230;&#8230;. 300 g<\/p>\n<p>Kh\u00e1ng sinh, ch\u1ea5t c\u1ea5m&#8230;&#8230;&#8230;&#8230;&#8230;&#8230;&#8230;&#8230;&#8230;&#8230;&#8230;&#8230;&#8230;&#8230;&#8230;&#8230;&#8230;&#8230;&#8230;&#8230;&#8230;. Kh\u00f4ng c\u00f3<\/p>\n<p>Ethoxyquin&#8230;&#8230;&#8230;&#8230;&#8230;&#8230;&#8230;&#8230;&#8230;&#8230;&#8230;&#8230;&#8230;&#8230;&#8230;&#8230;&#8230;&#8230;&#8230;&#8230;&#8230;&#8230;&#8230;&#8230;&#8230;&#8230;&#8230; Kh\u00f4ng c\u00f3<\/p>\n<p>Ch\u1ea5t mang (Glucose) v\u1eeba \u0111\u1ee7&#8230;&#8230;&#8230;&#8230;&#8230;&#8230;&#8230;&#8230;&#8230;&#8230;&#8230;&#8230;&#8230;&#8230;&#8230;&#8230;&#8230;&#8230;&#8230;&#8230;.. 1kg<\/p>\n<p><strong>NGUY\u00caN LI\u1ec6U\u00a0 <\/strong><\/p>\n<p>Vitamin C (Ascorbic acid), Glucose (Dextrose monohydrate).<\/p>\n<p><strong>C\u00d4NG D\u1ee4NG<\/strong><\/p>\n<p>B\u1ed5 sung vitamin cho c\u00e1.<\/p>\n<p>Gi\u00fap c\u00e1 gi\u1ea3m s\u1ed1c, stress khi m\u00f4i tr\u01b0\u1eddng thay \u0111\u1ed5i.<\/p>\n<p>T\u0103ng c\u01b0\u1eddng s\u1ee9c \u0111\u1ec1 kh\u00e1ng, gi\u00fap c\u00e1 kh\u1ecfe m\u1ea1nh ph\u00e1t tri\u1ec3n t\u1ed1t.<\/p>\n","protected":false},"featured_media":9734,"comment_status":"closed","ping_status":"closed","template":"","meta":[],"product_brand":[],"product_cat":[71],"product_tag":[],"class_list":{"0":"post-9732","1":"product","2":"type-product","3":"status-publish","4":"has-post-thumbnail","6":"product_cat-thuoc-thuy-san","8":"first","9":"instock","10":"shipping-taxable","11":"purchasable","12":"product-type-variable"},"_links":{"self":[{"href":"https:\/\/mebipha.com\/online\/wp-json\/wp\/v2\/product\/9732","targetHints":{"allow":["GET"]}}],"collection":[{"href":"https:\/\/mebipha.com\/online\/wp-json\/wp\/v2\/product"}],"about":[{"href":"https:\/\/mebipha.com\/online\/wp-json\/wp\/v2\/types\/product"}],"replies":[{"embeddable":true,"href":"https:\/\/mebipha.com\/online\/wp-json\/wp\/v2\/comments?post=9732"}],"wp:featuredmedia":[{"embeddable":true,"href":"https:\/\/mebipha.com\/online\/wp-json\/wp\/v2\/media\/9734"}],"wp:attachment":[{"href":"https:\/\/mebipha.com\/online\/wp-json\/wp\/v2\/media?parent=9732"}],"wp:term":[{"taxonomy":"product_brand","embeddable":true,"href":"https:\/\/mebipha.com\/online\/wp-json\/wp\/v2\/product_brand?post=9732"},{"taxonomy":"product_cat","embeddable":true,"href":"https:\/\/mebipha.com\/online\/wp-json\/wp\/v2\/product_cat?post=9732"},{"taxonomy":"product_tag","embeddable":true,"href":"https:\/\/mebipha.com\/online\/wp-json\/wp\/v2\/product_tag?post=9732"}],"curies":[{"name":"wp","href":"https:\/\/api.w.org\/{rel}","templated":true}]}}