{"id":9728,"date":"2023-10-10T11:55:02","date_gmt":"2023-10-10T04:55:02","guid":{"rendered":"https:\/\/mebipha.com\/online\/?post_type=product&#038;p=9728"},"modified":"2024-09-13T16:14:02","modified_gmt":"2024-09-13T09:14:02","slug":"mebi-ade-tron","status":"publish","type":"product","link":"https:\/\/mebipha.com\/online\/mebi-ade-tron\/","title":{"rendered":"MEBI &#8211; ADE (TR\u1ed8N)"},"content":{"rendered":"<p>TH\u1ee8C \u0102N B\u1ed4 SUNG VITAMIN, SELEN CHO GIA S\u00daC, GIA C\u1ea6M<\/p>\n<p>T\u0102NG N\u0102NG SU\u1ea4T SINH S\u1ea2N TR\u00caN HEO<\/p>\n<p><strong>TH\u00c0NH PH\u1ea6N<\/strong><\/p>\n<p>Retinyl acetate (min)\u2026\u2026\u2026\u2026..\u2026.\u202612.500.000UI<\/p>\n<p>Cholecalciferol (min)\u2026\u2026\u2026\u2026..\u2026.6.250mg<\/p>\n<p>DL-alpha-tocopheryl acetate* (min)\u2026\u2026\u2026\u2026&#8230;&#8230;25.000mg<\/p>\n<p>Selenium* (min-max)\u2026\u2026\u2026\u2026..\u2026.250-350mg<\/p>\n<p>Ch\u1ea5t c\u1ea5m\u2026\u2026\u2026\u2026\u2026\u2026\u2026..Kh\u00f4ng c\u00f3<\/p>\n<p>Ch\u1ea5t mang (Glucose) v\u1eeba \u0111\u1ee7 \u2026\u2026\u2026\u2026\u2026\u2026\u2026. 1kg<\/p>\n<p><strong>NGUY\u00caN LI\u1ec6U<\/strong><\/p>\n<p>Vitamin A (Retinyl acetate), Vitamin D3 (Cholecalciferol), Vitamin E (DL-alpha-tocopheryl acetate), Se (Sodium selenite), Glucose (Dextrose monohydrate).<\/p>\n<p><strong>C\u00d4NG D\u1ee4NG<\/strong><\/p>\n<p>B\u1ed5 sung c\u00e1c vitamin A,D,E gi\u00fap heo t\u0103ng tr\u01b0\u1edfng nhanh, n\u00e2ng cao th\u00e0nh t\u00edch sinh s\u1ea3n.<\/p>\n<p>K\u00edch th\u00edch nhanh l\u00ean gi\u1ed1ng v\u00e0 t\u0103ng kh\u1ea3 n\u0103ng \u0111\u1eadu thai.<\/p>\n<p>T\u0103ng s\u1ee9c \u0111\u1ec1 kh\u00e1ng v\u00e0 t\u0103ng kh\u1ea3 n\u0103ng ti\u1ebft s\u1eefa.<\/p>\n<p>K\u00edch th\u00edch t\u0103ng tr\u01b0\u1edfng cho heo.<\/p>\n<p>Tr\u1ee3 s\u1ee9c cho heo trong \u0111i\u1ec1u tr\u1ecb b\u1ec7nh.<\/p>\n<p><strong>LI\u1ec0U D\u00d9NG<\/strong><\/p>\n<p>Tr\u1ed9n \u0111\u1ec1u v\u00e0o th\u1ee9c \u0103n: 1kg\/2 t\u1ea5n th\u1ee9c \u0103n, d\u00f9ng li\u00ean t\u1ee5c.<\/p>\n<p>Khi heo b\u1ecb stress ho\u1eb7c h\u1ed7 tr\u1ee3 \u0111i\u1ec1u tr\u1ecb b\u1ec7nh: d\u00f9ng li\u1ec1u g\u1ea5p \u0111\u00f4i, li\u00ean t\u1ee5c 5-7 ng\u00e0y.<\/p>\n<p><strong>B\u1ea2O QU\u1ea2N<\/strong><\/p>\n<p>N\u01a1i kh\u00f4 r\u00e1o, tho\u00e1ng m\u00e1t, nhi\u1ec7t \u0111\u1ed9 d\u01b0\u1edbi 30<sup>o<\/sup>C, tr\u00e1nh \u00e1nh n\u1eafng tr\u1ef1c ti\u1ebfp. Tr\u00e1nh xa t\u1ea7m tay tr\u1ebb em.<\/p>\n<p>S\u1ed1 l\u00f4, NSX, HSD: xem tr\u00ean bao b\u00ec<\/p>\n<p><strong>TCCS 034:2013\/MBP<\/strong><\/p>\n<p><strong>Kh\u1ed1i l\u01b0\u1ee3ng t\u1ecbnh:<\/strong><\/p>\n<p><em>Ch\u00fa th\u00edch:<\/em> (*) l\u00e0 c\u00e1c ch\u1ea5t ch\u00ednh<\/p>\n","protected":false},"excerpt":{"rendered":"<p>TH\u1ee8C \u0102N B\u1ed4 SUNG VITAMIN, SELEN CHO GIA S\u00daC, GIA C\u1ea6M<\/p>\n<p>T\u0102NG N\u0102NG SU\u1ea4T SINH S\u1ea2N TR\u00caN HEO<\/p>\n<p><strong>TH\u00c0NH PH\u1ea6N<\/strong><\/p>\n<p>Retinyl acetate (min)\u2026\u2026\u2026\u2026..\u2026.\u202612.500.000UI<\/p>\n<p>Cholecalciferol (min)\u2026\u2026\u2026\u2026..\u2026.6.250mg<\/p>\n<p>DL-alpha-tocopheryl acetate* (min)\u2026\u2026\u2026\u2026&#8230;&#8230;25.000mg<\/p>\n<p>Selenium* (min-max)\u2026\u2026\u2026\u2026..\u2026.250-350mg<\/p>\n<p>Ch\u1ea5t c\u1ea5m\u2026\u2026\u2026\u2026\u2026\u2026\u2026..Kh\u00f4ng c\u00f3<\/p>\n<p>Ch\u1ea5t mang (Glucose) v\u1eeba \u0111\u1ee7 \u2026\u2026\u2026\u2026\u2026\u2026\u2026. 1kg<\/p>\n<p><strong>NGUY\u00caN LI\u1ec6U<\/strong><\/p>\n<p>Vitamin A (Retinyl acetate), Vitamin D3 (Cholecalciferol), Vitamin E (DL-alpha-tocopheryl acetate), Se (Sodium selenite), Glucose (Dextrose monohydrate).<\/p>\n<p><strong>C\u00d4NG D\u1ee4NG<\/strong><\/p>\n<p>B\u1ed5 sung c\u00e1c vitamin A,D,E gi\u00fap heo t\u0103ng tr\u01b0\u1edfng nhanh, n\u00e2ng cao th\u00e0nh t\u00edch sinh s\u1ea3n.<\/p>\n<p>K\u00edch th\u00edch nhanh l\u00ean gi\u1ed1ng v\u00e0 t\u0103ng kh\u1ea3 n\u0103ng \u0111\u1eadu thai.<\/p>\n<p>T\u0103ng s\u1ee9c \u0111\u1ec1 kh\u00e1ng v\u00e0 t\u0103ng kh\u1ea3 n\u0103ng ti\u1ebft s\u1eefa.<\/p>\n<p>K\u00edch th\u00edch t\u0103ng tr\u01b0\u1edfng cho heo.<\/p>\n<p>Tr\u1ee3 s\u1ee9c cho heo trong \u0111i\u1ec1u tr\u1ecb b\u1ec7nh.<\/p>\n","protected":false},"featured_media":9729,"comment_status":"closed","ping_status":"closed","template":"","meta":[],"product_brand":[],"product_cat":[62],"product_tag":[],"class_list":{"0":"post-9728","1":"product","2":"type-product","3":"status-publish","4":"has-post-thumbnail","6":"product_cat-thuoc-thu-y","8":"first","9":"instock","10":"shipping-taxable","11":"purchasable","12":"product-type-variable"},"_links":{"self":[{"href":"https:\/\/mebipha.com\/online\/wp-json\/wp\/v2\/product\/9728","targetHints":{"allow":["GET"]}}],"collection":[{"href":"https:\/\/mebipha.com\/online\/wp-json\/wp\/v2\/product"}],"about":[{"href":"https:\/\/mebipha.com\/online\/wp-json\/wp\/v2\/types\/product"}],"replies":[{"embeddable":true,"href":"https:\/\/mebipha.com\/online\/wp-json\/wp\/v2\/comments?post=9728"}],"wp:featuredmedia":[{"embeddable":true,"href":"https:\/\/mebipha.com\/online\/wp-json\/wp\/v2\/media\/9729"}],"wp:attachment":[{"href":"https:\/\/mebipha.com\/online\/wp-json\/wp\/v2\/media?parent=9728"}],"wp:term":[{"taxonomy":"product_brand","embeddable":true,"href":"https:\/\/mebipha.com\/online\/wp-json\/wp\/v2\/product_brand?post=9728"},{"taxonomy":"product_cat","embeddable":true,"href":"https:\/\/mebipha.com\/online\/wp-json\/wp\/v2\/product_cat?post=9728"},{"taxonomy":"product_tag","embeddable":true,"href":"https:\/\/mebipha.com\/online\/wp-json\/wp\/v2\/product_tag?post=9728"}],"curies":[{"name":"wp","href":"https:\/\/api.w.org\/{rel}","templated":true}]}}