{"id":9719,"date":"2023-10-10T10:42:45","date_gmt":"2023-10-10T03:42:45","guid":{"rendered":"https:\/\/mebipha.com\/online\/?post_type=product&#038;p=9719"},"modified":"2025-12-29T16:35:19","modified_gmt":"2025-12-29T09:35:19","slug":"alpha-trypsin-uong","status":"publish","type":"product","link":"https:\/\/mebipha.com\/online\/alpha-trypsin-uong\/","title":{"rendered":"ALPHA TRYPSIN (U\u1ed0NG)"},"content":{"rendered":"<p>D\u1ea0NG DUNG D\u1ecaCH<\/p>\n<p>\u0110I\u1ec0U TR\u1eca VI\u00caM \u2013 CH\u1ed0NG PH\u00d9 N\u1ec0<\/p>\n<p><strong>C\u00d4NG TH\u1ee8C<\/strong><\/p>\n<p>Alpha-chymotrypsin&#8230;&#8230;&#8230;&#8230;&#8230;&#8230;&#8230;&#8230;&#8230;&#8230;&#8230;&#8230;&#8230;&#8230;&#8230;&#8230;&#8230;&#8230;&#8230;. 4.000.000 UI<\/p>\n<p>Trypsin&#8230;&#8230;&#8230;&#8230;&#8230;&#8230;&#8230;&#8230;&#8230;&#8230;&#8230;&#8230;&#8230;&#8230;&#8230;&#8230;&#8230;&#8230;&#8230;&#8230;&#8230;&#8230;&#8230;&#8230;&#8230;&#8230;&#8230; 2.500.000 UI<\/p>\n<p>Dung m\u00f4i v\u1eeba \u0111\u1ee7&#8230;&#8230;&#8230;&#8230;&#8230;&#8230;&#8230;&#8230;&#8230;&#8230;&#8230;&#8230;&#8230;&#8230;&#8230;&#8230;&#8230;&#8230;&#8230;&#8230;&#8230;.. 1 l\u00edt<\/p>\n<p><strong>CH\u1ec8 \u0110\u1ecaNH<\/strong><\/p>\n<p>\u0110i\u1ec1u tr\u1ecb vi\u00eam, gi\u1ea3m xu\u1ea5t huy\u1ebft, ch\u1ed1ng ph\u00f9 n\u1ec1 sau ph\u1eabu thu\u1eadt, tan m\u00e1u b\u1ea7m do ch\u1ea5n th\u01b0\u01a1ng, \u00e1p xe.<\/p>\n<p>D\u00f9ng k\u1ebft h\u1ee3p kh\u00e1ng sinh l\u00e0m t\u0103ng hi\u1ec7u qu\u1ea3 \u0111i\u1ec1u tr\u1ecb c\u00e1c b\u1ec7nh \u0111\u01b0\u1eddng h\u00f4 h\u1ea5p, gi\u00fap l\u00e0m l\u1ecfng c\u00e1c d\u1ecbch ti\u1ebft \u0111\u01b0\u1eddng h\u00f4 h\u1ea5p tr\u00ean (Fibrin v\u00e0 Casein) trong c\u00e1c b\u1ec7nh: Vi\u00eam ph\u1ed5i, vi\u00eam xoang m\u0169i, H\u1ed9i ch\u1ee9ng ORT, b\u1ea1i huy\u1ebft tr\u00ean v\u1ecbt,&#8230;<\/p>\n<p>S\u1ea3n ph\u1ea9m ch\u1ec9 h\u1ed7 tr\u1ee3 \u0111i\u1ec1u tr\u1ecb, kh\u00f4ng thay th\u1ebf kh\u00e1ng sinh.<\/p>\n<p><strong>CH\u1ed0NG CH\u1ec8 \u0110\u1ecaNH<\/strong><\/p>\n<p>Qu\u00e1 m\u1eabn v\u1edbi Chymotrypsin ho\u1eb7c b\u1ea5t k\u1ef3 th\u00e0nh ph\u1ea7n n\u00e0o c\u1ee7a s\u1ea3n ph\u1ea9m.<\/p>\n<p><strong>LI\u1ec0U L\u01af\u1ee2NG &amp; H\u01af\u1edaNG D\u1eaaN S\u1eec D\u1ee4NG<\/strong><\/p>\n<p>Ti\u00eam s\u00e2u v\u00e0o b\u1eafp th\u1ecbt ho\u1eb7c ti\u00eam t\u1ea1i v\u1ecb tr\u00ed b\u1ecb vi\u00eam, s\u01b0ng.<\/p>\n<p>Heo: 1ml\/15-20kg th\u1ec3 tr\u1ecdng.<\/p>\n<p>Tr\u00e2u, b\u00f2, ng\u1ef1a: 1ml\/30kg th\u1ec3 tr\u1ecdng.<\/p>\n<p>Gia c\u1ea7m: 1ml\/8-10kg th\u1ec3 tr\u1ecdng.<\/p>\n<p>Th\u1eddi gian \u0111i\u1ec1u tr\u1ecb: theo ch\u1ec9 \u0111\u1ecbnh c\u1ee7a BSTY<\/p>\n<p>Pha v\u00e0o n\u01b0\u1edbc u\u1ed1ng:<\/p>\n<p><strong>Heo v\u00e0 gia s\u00fac: <\/strong>1ml\/2-4 l\u00edt n\u01b0\u1edbc u\u1ed1ng.<\/p>\n<p><strong>Gia c\u1ea7m:<\/strong> 1ml\/1-2 l\u00edt n\u01b0\u1edbc u\u1ed1ng.<\/p>\n<p>C\u00f3 th\u1ec3 \u0111i\u1ec1u ch\u1ec9nh li\u1ec1u t\u00f9y v\u00e0o m\u1ee9c \u0111\u1ed9 t\u00edch Fibrin v\u00e0 Casein trong \u0111\u01b0\u1eddng h\u00f4 h\u1ea5p, l\u1eb7p l\u1ea1i sau 18-24 gi\u1edd khi c\u1ea7n thi\u1ebft.<\/p>\n<p><strong>Th\u1eddi gian ng\u01b0ng s\u1eed d\u1ee5ng thu\u1ed1c: <\/strong><\/p>\n<p>Kh\u00f4ng c\u1ea7n th\u1eddi gian ng\u01b0ng thu\u1ed1c.<\/p>\n<p><strong>B\u1ea2O QU\u1ea2N<\/strong>: N\u01a1i kh\u00f4 r\u00e1o, tho\u00e1ng m\u00e1t, nhi\u1ec7t \u0111\u1ed9 d\u01b0\u1edbi 30<sup>0<\/sup>C. Tr\u00e1nh \u00e1nh n\u1eafng tr\u1ef1c ti\u1ebfp, tr\u00e1nh xa t\u1ea7m tay tr\u1ebb em.<\/p>\n","protected":false},"excerpt":{"rendered":"<p>D\u1ea0NG DUNG D\u1ecaCH<\/p>\n<p>\u0110I\u1ec0U TR\u1eca VI\u00caM \u2013 CH\u1ed0NG PH\u00d9 N\u1ec0<\/p>\n<p><strong>C\u00d4NG TH\u1ee8C<\/strong><\/p>\n<p>Alpha-chymotrypsin&#8230;&#8230;&#8230;&#8230;&#8230;&#8230;&#8230;&#8230;&#8230;&#8230;&#8230;&#8230;&#8230;&#8230;&#8230;&#8230;&#8230;&#8230;&#8230;. 4.000.000 UI<\/p>\n<p>Trypsin&#8230;&#8230;&#8230;&#8230;&#8230;&#8230;&#8230;&#8230;&#8230;&#8230;&#8230;&#8230;&#8230;&#8230;&#8230;&#8230;&#8230;&#8230;&#8230;&#8230;&#8230;&#8230;&#8230;&#8230;&#8230;&#8230;&#8230; 2.500.000 UI<\/p>\n<p>Dung m\u00f4i v\u1eeba \u0111\u1ee7&#8230;&#8230;&#8230;&#8230;&#8230;&#8230;&#8230;&#8230;&#8230;&#8230;&#8230;&#8230;&#8230;&#8230;&#8230;&#8230;&#8230;&#8230;&#8230;&#8230;&#8230;.. 1 l\u00edt<\/p>\n<p><strong>CH\u1ec8 \u0110\u1ecaNH<\/strong><\/p>\n<p>\u0110i\u1ec1u tr\u1ecb vi\u00eam, gi\u1ea3m xu\u1ea5t huy\u1ebft, ch\u1ed1ng ph\u00f9 n\u1ec1 sau ph\u1eabu thu\u1eadt, tan m\u00e1u b\u1ea7m do ch\u1ea5n th\u01b0\u01a1ng, \u00e1p xe.<\/p>\n<p>D\u00f9ng k\u1ebft h\u1ee3p kh\u00e1ng sinh l\u00e0m t\u0103ng hi\u1ec7u qu\u1ea3 \u0111i\u1ec1u tr\u1ecb c\u00e1c b\u1ec7nh \u0111\u01b0\u1eddng h\u00f4 h\u1ea5p, gi\u00fap l\u00e0m l\u1ecfng c\u00e1c d\u1ecbch ti\u1ebft \u0111\u01b0\u1eddng h\u00f4 h\u1ea5p tr\u00ean (Fibrin v\u00e0 Casein) trong c\u00e1c b\u1ec7nh: Vi\u00eam ph\u1ed5i, vi\u00eam xoang m\u0169i, H\u1ed9i ch\u1ee9ng ORT, b\u1ea1i huy\u1ebft tr\u00ean v\u1ecbt,&#8230;<\/p>\n<p>S\u1ea3n ph\u1ea9m ch\u1ec9 h\u1ed7 tr\u1ee3 \u0111i\u1ec1u tr\u1ecb, kh\u00f4ng thay th\u1ebf kh\u00e1ng sinh.<\/p>\n<p><strong>CH\u1ed0NG CH\u1ec8 \u0110\u1ecaNH<\/strong><\/p>\n<p>Qu\u00e1 m\u1eabn v\u1edbi Chymotrypsin ho\u1eb7c b\u1ea5t k\u1ef3 th\u00e0nh ph\u1ea7n n\u00e0o c\u1ee7a s\u1ea3n ph\u1ea9m.<\/p>\n","protected":false},"featured_media":9731,"comment_status":"closed","ping_status":"closed","template":"","meta":[],"product_brand":[],"product_cat":[62],"product_tag":[140],"class_list":{"0":"post-9719","1":"product","2":"type-product","3":"status-publish","4":"has-post-thumbnail","6":"product_cat-thuoc-thu-y","7":"product_tag-gia-suc","9":"first","10":"instock","11":"shipping-taxable","12":"purchasable","13":"product-type-variable","14":"has-default-attributes"},"_links":{"self":[{"href":"https:\/\/mebipha.com\/online\/wp-json\/wp\/v2\/product\/9719","targetHints":{"allow":["GET"]}}],"collection":[{"href":"https:\/\/mebipha.com\/online\/wp-json\/wp\/v2\/product"}],"about":[{"href":"https:\/\/mebipha.com\/online\/wp-json\/wp\/v2\/types\/product"}],"replies":[{"embeddable":true,"href":"https:\/\/mebipha.com\/online\/wp-json\/wp\/v2\/comments?post=9719"}],"wp:featuredmedia":[{"embeddable":true,"href":"https:\/\/mebipha.com\/online\/wp-json\/wp\/v2\/media\/9731"}],"wp:attachment":[{"href":"https:\/\/mebipha.com\/online\/wp-json\/wp\/v2\/media?parent=9719"}],"wp:term":[{"taxonomy":"product_brand","embeddable":true,"href":"https:\/\/mebipha.com\/online\/wp-json\/wp\/v2\/product_brand?post=9719"},{"taxonomy":"product_cat","embeddable":true,"href":"https:\/\/mebipha.com\/online\/wp-json\/wp\/v2\/product_cat?post=9719"},{"taxonomy":"product_tag","embeddable":true,"href":"https:\/\/mebipha.com\/online\/wp-json\/wp\/v2\/product_tag?post=9719"}],"curies":[{"name":"wp","href":"https:\/\/api.w.org\/{rel}","templated":true}]}}