{"id":9702,"date":"2023-10-10T11:12:00","date_gmt":"2023-10-10T04:12:00","guid":{"rendered":"https:\/\/mebipha.com\/online\/?post_type=product&#038;p=9702"},"modified":"2024-09-23T16:16:28","modified_gmt":"2024-09-23T09:16:28","slug":"diclacox-2","status":"publish","type":"product","link":"https:\/\/mebipha.com\/online\/diclacox-2\/","title":{"rendered":"DICLACOX (HEO)"},"content":{"rendered":"<p>\u0110\u1eb6C TR\u1eca C\u1ea6U TR\u00d9NG HEO CON<\/p>\n<p><strong>C\u00d4NG TH\u1ee8C<\/strong><\/p>\n<p>Diclazuril\u2026\u20262,5g<\/p>\n<p>Dung m\u00f4i v\u1eeba \u0111\u1ee7\u2026100ml<\/p>\n<p><strong>CH\u1ec8 \u0110\u1ecaNH<\/strong><\/p>\n<p>Tr\u1ecb b\u1ec7nh c\u1ea7u tr\u00f9ng do <em>Isospora suis<\/em> g\u00e2y ti\u00eau ch\u1ea3y tr\u00ean heo con.<\/p>\n<p>T\u0103ng c\u01b0\u1eddng b\u1ea3o v\u1ec7 \u0111\u01b0\u1eddng ru\u1ed9t cho heo con theo m\u1eb9.<\/p>\n<p><strong>LI\u1ec0U L\u01af\u1ee2NG &amp; H\u01af\u1edaNG D\u1eaaN S\u1eec D\u1ee4NG<\/strong><\/p>\n<p>Cho u\u1ed1ng tr\u1ef1c ti\u1ebfp:<\/p>\n<p>0,4ml\/1 kg th\u1ec3 tr\u1ecdng ho\u1eb7c 1ml\/1 heo con 3-5 ng\u00e0y tu\u1ed5i.<\/p>\n<p>3ml\/10kg th\u1ec3 tr\u1ecdng heo l\u00fac 3 tu\u1ea7n tu\u1ed5i.<\/p>\n<p><strong>Th\u1eddi gian ng\u01b0ng s\u1eed d\u1ee5ng thu\u1ed1c<\/strong><\/p>\n<p>Th\u00fa th\u1ecbt: 5 ng\u00e0y tr\u01b0\u1edbc khi gi\u1ebft m\u1ed5.<\/p>\n<p><strong>B\u1ea3o qu\u1ea3n: N<\/strong>\u01a1i kh\u00f4 r\u00e1o, tho\u00e1ng m\u00e1t. Nhi\u1ec7t \u0111\u1ed9 d\u01b0\u1edbi 30\u00baC. Tr\u00e1nh \u00e1nh s\u00e1ng tr\u1ef1c ti\u1ebfp. Tr\u00e1nh xa t\u1ea7m tay tr\u1ebb em.<\/p>\n","protected":false},"excerpt":{"rendered":"<p>\u0110\u1eb6C TR\u1eca C\u1ea6U TR\u00d9NG HEO CON<\/p>\n<p><strong>C\u00d4NG TH\u1ee8C<\/strong><\/p>\n<p>Diclazuril\u2026\u20262,5g<\/p>\n<p>Dung m\u00f4i v\u1eeba \u0111\u1ee7\u2026100ml<\/p>\n<p><strong>CH\u1ec8 \u0110\u1ecaNH<\/strong><\/p>\n<p>Tr\u1ecb b\u1ec7nh c\u1ea7u tr\u00f9ng do <em>Isospora suis<\/em> g\u00e2y ti\u00eau ch\u1ea3y tr\u00ean heo con.<\/p>\n<p>T\u0103ng c\u01b0\u1eddng b\u1ea3o v\u1ec7 \u0111\u01b0\u1eddng ru\u1ed9t cho heo con theo m\u1eb9.<\/p>\n<p><strong>LI\u1ec0U L\u01af\u1ee2NG &amp; H\u01af\u1edaNG D\u1eaaN S\u1eec D\u1ee4NG<\/strong><\/p>\n<p>Cho u\u1ed1ng tr\u1ef1c ti\u1ebfp:<\/p>\n<p>0,4ml\/1 kg th\u1ec3 tr\u1ecdng ho\u1eb7c 1ml\/1 heo con 3-5 ng\u00e0y tu\u1ed5i.<\/p>\n<p>3ml\/10kg th\u1ec3 tr\u1ecdng heo l\u00fac 3 tu\u1ea7n tu\u1ed5i.<\/p>\n<p><strong>Th\u1eddi gian ng\u01b0ng s\u1eed d\u1ee5ng thu\u1ed1c<\/strong><\/p>\n<p>Th\u00fa th\u1ecbt: 5 ng\u00e0y tr\u01b0\u1edbc khi gi\u1ebft m\u1ed5.<\/p>\n<p><strong>B\u1ea3o qu\u1ea3n: N<\/strong>\u01a1i kh\u00f4 r\u00e1o, tho\u00e1ng m\u00e1t. Nhi\u1ec7t \u0111\u1ed9 d\u01b0\u1edbi 30\u00baC. Tr\u00e1nh \u00e1nh s\u00e1ng tr\u1ef1c ti\u1ebfp. Tr\u00e1nh xa t\u1ea7m tay tr\u1ebb em.<\/p>\n","protected":false},"featured_media":10550,"comment_status":"closed","ping_status":"closed","template":"","meta":[],"product_brand":[],"product_cat":[62],"product_tag":[],"class_list":{"0":"post-9702","1":"product","2":"type-product","3":"status-publish","4":"has-post-thumbnail","6":"product_cat-thuoc-thu-y","8":"first","9":"instock","10":"shipping-taxable","11":"purchasable","12":"product-type-variable"},"_links":{"self":[{"href":"https:\/\/mebipha.com\/online\/wp-json\/wp\/v2\/product\/9702","targetHints":{"allow":["GET"]}}],"collection":[{"href":"https:\/\/mebipha.com\/online\/wp-json\/wp\/v2\/product"}],"about":[{"href":"https:\/\/mebipha.com\/online\/wp-json\/wp\/v2\/types\/product"}],"replies":[{"embeddable":true,"href":"https:\/\/mebipha.com\/online\/wp-json\/wp\/v2\/comments?post=9702"}],"wp:featuredmedia":[{"embeddable":true,"href":"https:\/\/mebipha.com\/online\/wp-json\/wp\/v2\/media\/10550"}],"wp:attachment":[{"href":"https:\/\/mebipha.com\/online\/wp-json\/wp\/v2\/media?parent=9702"}],"wp:term":[{"taxonomy":"product_brand","embeddable":true,"href":"https:\/\/mebipha.com\/online\/wp-json\/wp\/v2\/product_brand?post=9702"},{"taxonomy":"product_cat","embeddable":true,"href":"https:\/\/mebipha.com\/online\/wp-json\/wp\/v2\/product_cat?post=9702"},{"taxonomy":"product_tag","embeddable":true,"href":"https:\/\/mebipha.com\/online\/wp-json\/wp\/v2\/product_tag?post=9702"}],"curies":[{"name":"wp","href":"https:\/\/api.w.org\/{rel}","templated":true}]}}