{"id":9691,"date":"2023-10-10T15:29:46","date_gmt":"2023-10-10T08:29:46","guid":{"rendered":"https:\/\/mebipha.com\/online\/?post_type=product&#038;p=9691"},"modified":"2023-11-02T09:12:15","modified_gmt":"2023-11-02T02:12:15","slug":"allzyme-sacc-wsp-tom","status":"publish","type":"product","link":"https:\/\/mebipha.com\/online\/allzyme-sacc-wsp-tom\/","title":{"rendered":"ALLZYME SACC WSP (T\u00d4M)"},"content":{"rendered":"<p><strong>MEN TI\u00caU H\u00d3A, PH\u1ee4C H\u1ed2I NHUNG MAO RU\u1ed8T<\/strong><\/p>\n<p><strong>GI\u00daP T\u00d4M N\u1ede TO \u0110\u01af\u1edcNG RU\u1ed8T<\/strong><\/p>\n<p><strong>TH\u00c0NH PH\u1ea6N<\/strong><\/p>\n<p><em>Saccharomyces cerevisiae<\/em> (min)&#8230;&#8230;&#8230;&#8230;&#8230;&#8230;&#8230;&#8230;&#8230;&#8230;&#8230;&#8230;. 5 x 10<sup>11<\/sup> CFU<\/p>\n<p>Ch\u1ea5t c\u1ea5m&#8230;&#8230;&#8230;&#8230;&#8230;&#8230;&#8230;&#8230;&#8230;&#8230;&#8230;&#8230;&#8230;&#8230;&#8230;&#8230;&#8230;&#8230;&#8230;&#8230;&#8230;&#8230;&#8230;&#8230;&#8230;&#8230;. Kh\u00f4ng c\u00f3<\/p>\n<p>Ph\u1ee5 gia c\u00f3 ch\u1ee9a Amylase, Protease, Cellulase, Phytase, Xylanase v\u00e0 glucose v\u1eeba \u0111\u1ee7\u00a0\u00a0\u00a0\u00a0\u00a0\u00a0\u00a0\u00a0 1kg<\/p>\n<p><strong>NGUY\u00caN LI\u1ec6U<\/strong>: <em>Saccharomyces cerevisiae<\/em>, Amylase, Protease, Cellulase, Phytase, Xylanase, Dextrose mohydrate.<\/p>\n<p><strong>C\u00d4NG D\u1ee4NG<\/strong><\/p>\n<p>B\u1ed5 sung n\u1ea5m men s\u1ed1ng (Saccharomyces cerevisiae) trong th\u1ee9c \u0103n. Gi\u00fap t\u00f4m ph\u1ee5c h\u1ed3i nhung mao ru\u1ed9t, h\u1ea5p thu tri\u1ec7t \u0111\u1ec3 th\u1ee9c \u0103n. Gi\u1ea3m h\u1ec7 s\u1ed1 ti\u00eau t\u1ed1n th\u1ee9c \u0103n FCR.<\/p>\n<p><strong>S\u1ea2N PH\u1ea8M KH\u00d4NG B\u1eca \u1ea2NH H\u01af\u1edeNG B\u1edeI KH\u00c1NG SINH.<\/strong><\/p>\n<p><strong>LI\u1ec0U D\u00d9NG<\/strong><\/p>\n<p>Nong to \u0111\u01b0\u1eddng ru\u1ed9t v\u00e0 ph\u1ee5c h\u1ed3i h\u1ec7 nhung mao \u0111\u01b0\u1eddng ru\u1ed9t: d\u00f9ng 1 \u2013 2g\/kg th\u1ee9c \u0103n, li\u00ean t\u1ee5c trong qu\u00e1 tr\u00ecnh nu\u00f4i.<\/p>\n<p>Khi v\u1eadt nu\u00f4i c\u00f3 d\u1ea5u hi\u1ec7u gi\u1ea3m \u0103n, ph\u00e2n l\u1ecfng, ph\u00e2n \u0111\u1ee9t kh\u00fac: d\u00f9ng 2 \u2013 3g\/kg th\u1ee9c \u0103n, li\u00ean t\u1ee5c trong 3 \u2013 5 ng\u00e0y.<\/p>\n<p><strong>H\u01af\u1edaNG D\u1eaaN S\u1eec D\u1ee4NG<\/strong><\/p>\n<p>N\u00ean ng\u00e2m s\u1ea3n ph\u1ea9m v\u1edbi n\u01b0\u1edbc s\u1ea1ch tr\u01b0\u1edbc 1 gi\u1edd, sau \u0111\u00f3 tr\u1ed9n v\u00e0o th\u1ee9c \u0103n, \u0111\u1ec3 kh\u00f4 20 ph\u00fat tr\u01b0\u1edbc khi cho \u0103n.<\/p>\n<p><strong>TH\u1edcI GIAN NG\u01afNG S\u1eec D\u1ee4NG TR\u01af\u1edaC KHI THU HO\u1ea0CH<\/strong><\/p>\n<p>0 ng\u00e0y.<\/p>\n<p><strong>B\u1ea2O QU\u1ea2N<\/strong>: N\u01a1i kh\u00f4 r\u00e1o, tho\u00e1ng m\u00e1t, nhi\u1ec7t \u0111\u1ed9 d\u01b0\u1edbi 30<sup>0<\/sup>C, tr\u00e1nh \u00e1nh n\u1eafng tr\u1ef1c ti\u1ebfp. Tr\u00e1nh xa t\u1ea7m tay tr\u1ebb em.<\/p>\n<p>TCCS 001:2022\/MB<\/p>\n<p>S\u1ed1 l\u00f4, NSX &amp; HSD: Xem tr\u00ean bao b\u00ec.<\/p>\n<p>CH\u1ec8 D\u00d9NG TRONG NU\u00d4I TR\u1ed2NG TH\u1ee6Y S\u1ea2N<\/p>\n<p>QUY C\u00c1CH: 500g (NH\u00c3N 2 M\u1eb6T, K\u00cdCH TH\u01af\u1edaC NH\u00c3N \u0110\u1ee8NG 17 x 12cm)<\/p>\n<p>M\u00e3 v\u1ea1ch: 893524931341<\/p>\n","protected":false},"excerpt":{"rendered":"<p><strong>MEN TI\u00caU H\u00d3A, PH\u1ee4C H\u1ed2I NHUNG MAO RU\u1ed8T<\/strong><\/p>\n<p><strong>GI\u00daP T\u00d4M N\u1ede TO \u0110\u01af\u1edcNG RU\u1ed8T<\/strong><\/p>\n<p><strong>TH\u00c0NH PH\u1ea6N<\/strong><\/p>\n<p><em>Saccharomyces cerevisiae<\/em> (min)&#8230;&#8230;&#8230;&#8230;&#8230;&#8230;&#8230;&#8230;&#8230;&#8230;&#8230;&#8230;. 5 x 10<sup>11<\/sup> CFU<\/p>\n<p>Ch\u1ea5t c\u1ea5m&#8230;&#8230;&#8230;&#8230;&#8230;&#8230;&#8230;&#8230;&#8230;&#8230;&#8230;&#8230;&#8230;&#8230;&#8230;&#8230;&#8230;&#8230;&#8230;&#8230;&#8230;&#8230;&#8230;&#8230;&#8230;&#8230;. Kh\u00f4ng c\u00f3<\/p>\n<p>Ph\u1ee5 gia c\u00f3 ch\u1ee9a Amylase, Protease, Cellulase, Phytase, Xylanase v\u00e0 glucose v\u1eeba \u0111\u1ee7\u00a0\u00a0\u00a0\u00a0\u00a0\u00a0\u00a0\u00a0 1kg<\/p>\n<p><strong>NGUY\u00caN LI\u1ec6U<\/strong>: <em>Saccharomyces cerevisiae<\/em>, Amylase, Protease, Cellulase, Phytase, Xylanase, Dextrose mohydrate.<\/p>\n<p><strong>C\u00d4NG D\u1ee4NG<\/strong><\/p>\n<p>B\u1ed5 sung n\u1ea5m men s\u1ed1ng (Saccharomyces cerevisiae) trong th\u1ee9c \u0103n. Gi\u00fap t\u00f4m ph\u1ee5c h\u1ed3i nhung mao ru\u1ed9t, h\u1ea5p thu tri\u1ec7t \u0111\u1ec3 th\u1ee9c \u0103n. Gi\u1ea3m h\u1ec7 s\u1ed1 ti\u00eau t\u1ed1n th\u1ee9c \u0103n FCR.<\/p>\n<p><strong>S\u1ea2N PH\u1ea8M KH\u00d4NG B\u1eca \u1ea2NH H\u01af\u1edeNG B\u1edeI KH\u00c1NG SINH.<\/strong><\/p>\n<p><strong>LI\u1ec0U D\u00d9NG<\/strong><\/p>\n<p>Nong to \u0111\u01b0\u1eddng ru\u1ed9t v\u00e0 ph\u1ee5c h\u1ed3i h\u1ec7 nhung mao \u0111\u01b0\u1eddng ru\u1ed9t: d\u00f9ng 1 \u2013 2g\/kg th\u1ee9c \u0103n, li\u00ean t\u1ee5c trong qu\u00e1 tr\u00ecnh nu\u00f4i.<\/p>\n<p>Khi v\u1eadt nu\u00f4i c\u00f3 d\u1ea5u hi\u1ec7u gi\u1ea3m \u0103n, ph\u00e2n l\u1ecfng, ph\u00e2n \u0111\u1ee9t kh\u00fac: d\u00f9ng 2 \u2013 3g\/kg th\u1ee9c \u0103n, li\u00ean t\u1ee5c trong 3 \u2013 5 ng\u00e0y.<\/p>\n","protected":false},"featured_media":9736,"comment_status":"closed","ping_status":"closed","template":"","meta":[],"product_brand":[],"product_cat":[71,134],"product_tag":[],"class_list":{"0":"post-9691","1":"product","2":"type-product","3":"status-publish","4":"has-post-thumbnail","6":"product_cat-thuoc-thuy-san","7":"product_cat-thuoc-thuy-san-thuoc-thuy-san","9":"first","10":"instock","11":"shipping-taxable","12":"purchasable","13":"product-type-variable"},"_links":{"self":[{"href":"https:\/\/mebipha.com\/online\/wp-json\/wp\/v2\/product\/9691","targetHints":{"allow":["GET"]}}],"collection":[{"href":"https:\/\/mebipha.com\/online\/wp-json\/wp\/v2\/product"}],"about":[{"href":"https:\/\/mebipha.com\/online\/wp-json\/wp\/v2\/types\/product"}],"replies":[{"embeddable":true,"href":"https:\/\/mebipha.com\/online\/wp-json\/wp\/v2\/comments?post=9691"}],"wp:featuredmedia":[{"embeddable":true,"href":"https:\/\/mebipha.com\/online\/wp-json\/wp\/v2\/media\/9736"}],"wp:attachment":[{"href":"https:\/\/mebipha.com\/online\/wp-json\/wp\/v2\/media?parent=9691"}],"wp:term":[{"taxonomy":"product_brand","embeddable":true,"href":"https:\/\/mebipha.com\/online\/wp-json\/wp\/v2\/product_brand?post=9691"},{"taxonomy":"product_cat","embeddable":true,"href":"https:\/\/mebipha.com\/online\/wp-json\/wp\/v2\/product_cat?post=9691"},{"taxonomy":"product_tag","embeddable":true,"href":"https:\/\/mebipha.com\/online\/wp-json\/wp\/v2\/product_tag?post=9691"}],"curies":[{"name":"wp","href":"https:\/\/api.w.org\/{rel}","templated":true}]}}