{"id":8822,"date":"2023-04-19T13:29:24","date_gmt":"2023-04-19T06:29:24","guid":{"rendered":"https:\/\/mebipha.com\/online\/?post_type=product&#038;p=8822"},"modified":"2024-04-17T15:24:10","modified_gmt":"2024-04-17T08:24:10","slug":"ivermectin-dong-tiem","status":"publish","type":"product","link":"https:\/\/mebipha.com\/online\/ivermectin-dong-tiem\/","title":{"rendered":"IVERMECTIN &#8211; D\u00d2NG TI\u00caM"},"content":{"rendered":"<p><strong>\u0110\u1eb6C TR\u1eca N\u1ed8I- NGO\u1ea0I K\u00dd SINH TR\u00d9NG TR\u00caN GIA S\u00daC<\/strong><\/p>\n<p><strong>Dung d\u1ecbch ti\u00eam v\u00f4 tr\u00f9ng<\/strong><\/p>\n<p><strong>C\u00d4NG TH\u1ee8C<\/strong><\/p>\n<p>Ivermectin: 1g<\/p>\n<p>Dung m\u00f4i v\u1eeba \u0111\u1ee7: 100ml<\/p>\n<p><strong>\u0110\u1eb6C T\u00cdNH D\u01af\u1ee2C L\u00dd S\u1ea2N PH\u1ea8M<\/strong><\/p>\n<p>Invermectin l\u00e0 thu\u1ed1c tr\u1ecb k\u00fd sinh tr\u00f9ng n\u1eb1m trong nh\u00f3m avermectin c\u00f3 c\u1ea5u tr\u00fac li\u00ean quan \u0111\u1ebfn v\u00f2ng macrolide.<\/p>\n<p>C\u01a1 ch\u1ebf t\u00e1c \u0111\u1ed9ng: phong b\u1ebf d\u1eabn truy\u1ec1n xung \u0111\u1ed9ng th\u1ea7n kinh do t\u0103ng ph\u00f3ng th\u00edch GABA (gama amino butyric acid). GABA l\u00e0 ch\u1ea5t d\u1eabn truy\u1ec1n th\u1ea7n kinh \u1ee9c ch\u1ebf n\u00ean ch\u1ea5t trung gian h\u00f3a h\u1ecdc n\u00e0y l\u00e0m t\u00ea li\u1ec7t k\u00ed sinh v\u1eadt v\u00e0 k\u00ed sinh tan ra.<\/p>\n<p>Ivermectin c\u00f3 ph\u1ed5 t\u00e1c \u0111\u1ed9ng r\u1ed9ng, t\u00e1c \u0111\u1ed9ng tr\u00ean c\u1ea3 giun tr\u01b0\u1edfng th\u00e0nh v\u00e0 giun ch\u01b0a tr\u01b0\u1edfng th\u00e0nh, t\u1ea5t c\u1ea3 giun tr\u00f2n \u0111\u01b0\u1eddng ti\u00eau h\u00f3a v\u00e0 \u1edf ph\u1ed5i, m\u1ed9t s\u1ed1 ngo\u1ea1i k\u00ed sinh \u1edf tr\u00e2u, b\u00f2, c\u1eebu, ng\u1ef1a, heo; giun tr\u00f2n \u0111\u01b0\u1eddng ru\u1ed9t, gh\u1ebb tai, gh\u1ebb Sarcoptes \u1edf ch\u00f3; m\u1ed9t s\u1ed1 giun tr\u00f2n \u0111\u01b0\u1eddng ti\u00eau h\u00f3a v\u00e0 ngo\u1ea1i k\u00ed sinh \u1edf g\u00e0 (m\u1ea1t, r\u1eadn, ch\u00ed&#8230;).<\/p>\n<p><strong>C\u00d4NG D\u1ee4NG S\u1ea2N PH\u1ea8M<\/strong><\/p>\n<p>\u0110i\u1ec1u tr\u1ecb c\u00e1c b\u1ec7nh n\u1ed9i k\u00fd sinh nh\u01b0 giun ph\u1ed5i, giun th\u1eadn, c\u00e1c lo\u1ea1i giun tr\u00f2n v\u00e0 d\u1eb9p k\u00fd sinh \u0111\u01b0\u1eddng ru\u1ed9t nh\u01b0: giun \u0111\u0169a, giun l\u01b0\u01a1n, giun t\u00f3c, giun k\u1ebft h\u1ea1t, giun kim,\u2026<\/p>\n<p>C\u00e1c lo\u1ea1i ngo\u1ea1i k\u00fd sinh nh\u01b0: gh\u1ebb, ch\u1ea5y, r\u1eadn, b\u1ecd, m\u1ea1t, gi\u00f2i da\u2026<\/p>\n<p><strong>CH\u1ed0NG CH\u1ec8 \u0110\u1ecaNH<\/strong><\/p>\n<p>Ch\u1ed1ng ch\u1ec9 \u0111\u1ecbnh cho b\u00f2 s\u1eefa.<\/p>\n<p>Th\u00fa m\u1eabn c\u1ea3m v\u1edbi th\u00e0nh ph\u1ea7n c\u1ee7a thu\u1ed1c.<\/p>\n<p><strong>S\u1eec D\u1ee4NG<\/strong><\/p>\n<p>Ti\u00eam b\u1eafp ho\u1eb7c ti\u00eam d\u01b0\u1edbi da.<\/p>\n<p>Tr\u00ean heo: 1ml\/ 33kg th\u1ec3 tr\u1ecdng.<\/p>\n<p>Heo h\u1eadu b\u1ecb: 1 tu\u1ea7n tr\u01b0\u1edbc khi ph\u1ed1i gi\u1ed1ng.<\/p>\n<p>Heo n\u00e1i mang thai: 2 tu\u1ea7n tr\u01b0\u1edbc khi sinh.<\/p>\n<p>Heo th\u1ecbt: 45 ng\u00e0y tu\u1ed5i.<\/p>\n<p>Heo n\u1ecdc: 6 th\u00e1ng 1 l\u1ea7n.<\/p>\n<p>Tr\u00ean b\u00f2: 1ml\/ 50kg th\u1ec3 tr\u1ecdng, 2 l\u1ea7n\/ n\u0103m.<\/p>\n<p><strong>Th\u1eddi gian ng\u01b0ng s\u1eed d\u1ee5ng thu\u1ed1c<\/strong><\/p>\n<p>Th\u00fa gi\u1ebft th\u1ecbt: 11 ng\u00e0y tr\u01b0\u1edbc khi gi\u1ebft th\u1ecbt.<\/p>\n<p>Th\u00fa l\u1ea5y s\u1eefa: 4 l\u1ea7n v\u1eaft s\u1eefa<\/p>\n<p><strong>B\u1ea2O QU\u1ea2N: <\/strong>N\u01a1i kh\u00f4 r\u00e1o, tho\u00e1ng m\u00e1t, nhi\u1ec7t \u0111\u1ed9 d\u01b0\u1edbi 30<sup>0<\/sup>C. Tr\u00e1nh \u00e1nh n\u1eafng tr\u1ef1c ti\u1ebfp, tr\u00e1nh xa t\u1ea7m tay tr\u1ebb em.<\/p>\n<p><strong>H\u1ea0N S\u1eec D\u1ee4NG S\u1ea2N PH\u1ea8M<\/strong><\/p>\n<p>24 th\u00e1ng k\u1ec3 t\u1eeb ng\u00e0y s\u1ea3n xu\u1ea5t.<\/p>\n<p><strong>\u0110\u00d3NG G\u00d3I<\/strong><\/p>\n<p>20ml, 50ml<\/p>\n<p><strong>S\u1ed1 \u0111\u0103ng k\u00fd: MBP-83<\/strong><\/p>\n","protected":false},"excerpt":{"rendered":"<p><strong>\u0110\u1eb6C TR\u1eca N\u1ed8I- NGO\u1ea0I K\u00dd SINH TR\u00d9NG TR\u00caN GIA S\u00daC<\/strong><\/p>\n<p><strong>Dung d\u1ecbch ti\u00eam v\u00f4 tr\u00f9ng<\/strong><\/p>\n<p><strong>C\u00d4NG TH\u1ee8C<\/strong><\/p>\n<p>Ivermectin: 1g<\/p>\n<p>Dung m\u00f4i v\u1eeba \u0111\u1ee7: 100ml<\/p>\n<p><strong>C\u00d4NG D\u1ee4NG S\u1ea2N PH\u1ea8M<\/strong><\/p>\n<p>\u0110i\u1ec1u tr\u1ecb c\u00e1c b\u1ec7nh n\u1ed9i k\u00fd sinh nh\u01b0 giun ph\u1ed5i, giun th\u1eadn, c\u00e1c lo\u1ea1i giun tr\u00f2n v\u00e0 d\u1eb9p k\u00fd sinh \u0111\u01b0\u1eddng ru\u1ed9t nh\u01b0: giun \u0111\u0169a, giun l\u01b0\u01a1n, giun t\u00f3c, giun k\u1ebft h\u1ea1t, giun kim,\u2026<\/p>\n<p>C\u00e1c lo\u1ea1i ngo\u1ea1i k\u00fd sinh nh\u01b0: gh\u1ebb, ch\u1ea5y, r\u1eadn, b\u1ecd, m\u1ea1t, gi\u00f2i da\u2026<\/p>\n","protected":false},"featured_media":10281,"comment_status":"closed","ping_status":"closed","template":"","meta":[],"product_brand":[],"product_cat":[62,121],"product_tag":[],"class_list":{"0":"post-8822","1":"product","2":"type-product","3":"status-publish","4":"has-post-thumbnail","6":"product_cat-thuoc-thu-y","7":"product_cat-dung-dich-tiem-hon-dich-tiem","9":"first","10":"instock","11":"shipping-taxable","12":"purchasable","13":"product-type-variable"},"_links":{"self":[{"href":"https:\/\/mebipha.com\/online\/wp-json\/wp\/v2\/product\/8822","targetHints":{"allow":["GET"]}}],"collection":[{"href":"https:\/\/mebipha.com\/online\/wp-json\/wp\/v2\/product"}],"about":[{"href":"https:\/\/mebipha.com\/online\/wp-json\/wp\/v2\/types\/product"}],"replies":[{"embeddable":true,"href":"https:\/\/mebipha.com\/online\/wp-json\/wp\/v2\/comments?post=8822"}],"wp:featuredmedia":[{"embeddable":true,"href":"https:\/\/mebipha.com\/online\/wp-json\/wp\/v2\/media\/10281"}],"wp:attachment":[{"href":"https:\/\/mebipha.com\/online\/wp-json\/wp\/v2\/media?parent=8822"}],"wp:term":[{"taxonomy":"product_brand","embeddable":true,"href":"https:\/\/mebipha.com\/online\/wp-json\/wp\/v2\/product_brand?post=8822"},{"taxonomy":"product_cat","embeddable":true,"href":"https:\/\/mebipha.com\/online\/wp-json\/wp\/v2\/product_cat?post=8822"},{"taxonomy":"product_tag","embeddable":true,"href":"https:\/\/mebipha.com\/online\/wp-json\/wp\/v2\/product_tag?post=8822"}],"curies":[{"name":"wp","href":"https:\/\/api.w.org\/{rel}","templated":true}]}}