{"id":8805,"date":"2023-04-12T11:24:41","date_gmt":"2023-04-12T04:24:41","guid":{"rendered":"https:\/\/mebipha.com\/online\/?post_type=product&#038;p=8805"},"modified":"2025-12-29T16:32:34","modified_gmt":"2025-12-29T09:32:34","slug":"tilva-ws","status":"publish","type":"product","link":"https:\/\/mebipha.com\/online\/tilva-ws\/","title":{"rendered":"TILVA WS"},"content":{"rendered":"<p><strong>\u0110\u1eb6C TR\u1eca B\u1ec6NH \u0110\u01af\u1edcNG H\u00d4 H\u1ea4P, TI\u00caU H\u00d3A TR\u00caN HEO V\u00c0 GIA C\u1ea6M<\/strong><\/p>\n<p><strong>Thu\u1ed1c b\u1ed9t tr\u1ed9n th\u1ee9c \u0103n ho\u1eb7c pha n\u01b0\u1edbc u\u1ed1ng<\/strong><\/p>\n<p><strong>C\u00d4NG TH\u1ee8C<\/strong><\/p>\n<p>Tylvalosin tartrate: 200g<\/p>\n<p>T\u00e1 d\u01b0\u1ee3c v\u1eeba \u0111\u1ee7: 1kg<\/p>\n<p><strong>\u0110\u1eb6C T\u00cdNH D\u01af\u1ee2C L\u00dd S\u1ea2N PH\u1ea8M<\/strong><\/p>\n<p>Tylvalosin kh\u00e1ng sinh th\u1ebf h\u1ec7 m\u1edbi thu\u1ed9c nh\u00f3m Macrolide. Kh\u00e1c v\u1edbi c\u00e1c kh\u00e1ng sinh kh\u00e1c trong nh\u00f3m Macrolide, Tylvalosin tartrate c\u00f3 kh\u1ea3 n\u0103ng k\u00ecm khu\u1ea9n, di\u1ec7t khu\u1ea9n v\u00e0 kh\u00e1ng khu\u1ea9n. N\u00f3 ch\u1ed1ng l\u1ea1i ph\u1ea7n l\u1edbn c\u00e1c vi khu\u1ea9n Gram (+), c\u00e1c vi khu\u1ea9n Gram (-) v\u00e0\u00a0<em>Mycoplasma<\/em>, ch\u1ed1ng l\u1ea1i c\u00e1c vi khu\u1ea9n kh\u00e1ng thu\u1ed1c, l\u00e0 gi\u1ea3i ph\u00e1p c\u1ef1c k\u00ec hi\u1ec7u qu\u1ea3 trong \u0111i\u1ec1u tr\u1ecb c\u00e1c b\u1ec7nh h\u00f4 h\u1ea5p v\u00e0 ti\u00eau h\u00f3a tr\u00ean gia s\u00fac, gia c\u1ea7m.<\/p>\n<p>Khi s\u1eed d\u1ee5ng \u0111\u01b0\u1eddng u\u1ed1ng, Tylvalosin h\u1ea5p thu nhanh v\u00e0 \u0111\u1ea1t n\u1ed3ng \u0111\u1ed9 cao trong t\u1ebf b\u00e0o ru\u1ed9t non v\u1edbi n\u1ed3ng \u0111\u1ed9 cao h\u01a1n h\u1eb3n so v\u1edbi Tilmicosin v\u00e0 Tylosin. N\u1ed3ng \u0111\u1ed9 \u0111\u01b0\u1ee3c t\u00ecm th\u1ea5y t\u1ea1i v\u1ecb tr\u00ed nhi\u1ec5m tr\u00f9ng cao h\u01a1n trong huy\u1ebft t\u01b0\u01a1ng, \u0111\u1eb7c bi\u1ec7t l\u00e0 \u1edf b\u1ea1ch c\u1ea7u trung t\u00ednh, \u0111\u1ea1i th\u1ef1c b\u00e0o ph\u1ebf nang v\u00e0 t\u1ebf b\u00e0o bi\u1ec3u m\u00f4 ph\u1ebf nang. 70% li\u1ec1u \u0111\u01b0\u1ee3c b\u00e0i ti\u1ebft qua ph\u00e2n,<\/p>\n<p>s\u1ef1 b\u00e0i ti\u1ebft n\u01b0\u1edbc ti\u1ec3u chi\u1ebfm 3 \u0111\u1ebfn 4% li\u1ec1u.<\/p>\n<p><strong>C\u00d4NG D\u1ee4NG S\u1ea2N PH\u1ea8M<\/strong><\/p>\n<p><strong>Tr\u00ean gia c\u1ea7m: <\/strong><\/p>\n<p>Tr\u1ecb ORT, CRD, CRD gh\u00e9p E.coli (CCRD), t\u1ee5 huy\u1ebft tr\u00f9ng, vi\u00eam ru\u1ed9t ho\u1ea1i t\u1eed, ti\u00eau ch\u1ea3y ph\u00e2n tr\u1eafng, ph\u00e2n xanh,\u2026<\/p>\n<p><strong>Tr\u00ean heo: <\/strong><\/p>\n<p>Tr\u1ecb vi\u00eam ph\u1ed5i \u0111\u1ecba ph\u01b0\u01a1ng (SEP), vi\u00eam ph\u1ed5i d\u00ednh s\u01b0\u1eddn (APP), t\u1ee5 huy\u1ebft tr\u00f9ng, vi\u00eam h\u1ed3i tr\u00e0ng, h\u1ed3ng l\u1ef5, vi\u00eam ru\u1ed9t,\u2026<\/p>\n<p><strong>CH\u1ed0NG CH\u1ec8 \u0110\u1ecaNH<\/strong><\/p>\n<p>Kh\u00f4ng d\u00f9ng cho th\u00fa m\u1eabn c\u1ea3m v\u1edbi thu\u1ed1c.<\/p>\n<p><strong>S\u1eec D\u1ee4NG<\/strong><\/p>\n<p>Pha v\u00e0o n\u01b0\u1edbc u\u1ed1ng ho\u1eb7c tr\u1ed9n \u0111\u1ec1u v\u00e0o th\u1ee9c \u0103n.<\/p>\n<p><strong>Tr\u00ean gia c\u1ea7m: <\/strong>1g\/15-25kg th\u1ec3 tr\u1ecdng, 1g\/4 l\u00edt n\u01b0\u1edbc u\u1ed1ng ho\u1eb7c 1kg\/1,5-2,5 t\u1ea5n th\u1ee9c \u0103n, d\u00f9ng li\u00ean t\u1ee5c 5-7 ng\u00e0y.<\/p>\n<p><strong>Tr\u00ean heo: <\/strong>1g\/30-40kg th\u1ec3 tr\u1ecdng ho\u1eb7c 1kg\/2,5-3,5 t\u1ea5n th\u1ee9c \u0103n, d\u00f9ng li\u00ean t\u1ee5c 7-10 ng\u00e0y.<\/p>\n<p><strong>B\u1ea2O QU\u1ea2N<\/strong><\/p>\n<p>B\u1ea3o qu\u1ea3n n\u01a1i kh\u00f4 r\u00e1o, tho\u00e1ng m\u00e1t. Nhi\u1ec7t \u0111\u1ed9 d\u01b0\u1edbi 30\u00baC, tr\u00e1nh \u00e1nh n\u1eafng tr\u1ef1c ti\u1ebfp. Tr\u00e1nh xa t\u1ea7m tay tr\u1ebb em.<\/p>\n<p><strong>H\u1ea0N D\u00d9NG<\/strong><\/p>\n<p>24 th\u00e1ng k\u1ec3 t\u1eeb ng\u00e0y s\u1ea3n xu\u1ea5t.<\/p>\n<p><strong>\u0110\u00d3NG G\u00d3I<\/strong><\/p>\n<p>100g\/g\u00f3i, 1kg\/lon (10 trong 1)<\/p>\n","protected":false},"excerpt":{"rendered":"<p><strong>\u0110\u1eb6C TR\u1eca B\u1ec6NH \u0110\u01af\u1edcNG H\u00d4 H\u1ea4P, TI\u00caU H\u00d3A TR\u00caN HEO V\u00c0 GIA C\u1ea6M<\/strong><\/p>\n<p><strong>Thu\u1ed1c b\u1ed9t tr\u1ed9n th\u1ee9c \u0103n ho\u1eb7c pha n\u01b0\u1edbc u\u1ed1ng<\/strong><\/p>\n<p><strong>C\u00d4NG TH\u1ee8C<\/strong><\/p>\n<p>Tylvalosin tartrate: 200g<\/p>\n<p>T\u00e1 d\u01b0\u1ee3c v\u1eeba \u0111\u1ee7: 1kg<\/p>\n<p><strong>C\u00d4NG D\u1ee4NG S\u1ea2N PH\u1ea8M<\/strong><\/p>\n<p><strong>Tr\u00ean gia c\u1ea7m: <\/strong><\/p>\n<p>Tr\u1ecb ORT, CRD, CRD gh\u00e9p E.coli (CCRD), t\u1ee5 huy\u1ebft tr\u00f9ng, vi\u00eam ru\u1ed9t ho\u1ea1i t\u1eed, ti\u00eau ch\u1ea3y ph\u00e2n tr\u1eafng, ph\u00e2n xanh,\u2026<\/p>\n<p><strong>Tr\u00ean heo: <\/strong><\/p>\n<p>Tr\u1ecb vi\u00eam ph\u1ed5i \u0111\u1ecba ph\u01b0\u01a1ng (SEP), vi\u00eam ph\u1ed5i d\u00ednh s\u01b0\u1eddn (APP), t\u1ee5 huy\u1ebft tr\u00f9ng, vi\u00eam h\u1ed3i tr\u00e0ng, h\u1ed3ng l\u1ef5, vi\u00eam ru\u1ed9t,\u2026<\/p>\n<p><strong>CH\u1ed0NG CH\u1ec8 \u0110\u1ecaNH<\/strong><\/p>\n<p>Kh\u00f4ng d\u00f9ng cho th\u00fa m\u1eabn c\u1ea3m v\u1edbi thu\u1ed1c.<\/p>\n<p><strong>S\u1eec D\u1ee4NG<\/strong><\/p>\n<p>Pha v\u00e0o n\u01b0\u1edbc u\u1ed1ng ho\u1eb7c tr\u1ed9n \u0111\u1ec1u v\u00e0o th\u1ee9c \u0103n.<\/p>\n<p><strong>Tr\u00ean gia c\u1ea7m: <\/strong>1g\/15-25kg th\u1ec3 tr\u1ecdng, 1g\/4 l\u00edt n\u01b0\u1edbc u\u1ed1ng ho\u1eb7c 1kg\/1,5-2,5 t\u1ea5n th\u1ee9c \u0103n, d\u00f9ng li\u00ean t\u1ee5c 5-7 ng\u00e0y.<\/p>\n<p><strong>Tr\u00ean heo: <\/strong>1g\/30-40kg th\u1ec3 tr\u1ecdng ho\u1eb7c 1kg\/2,5-3,5 t\u1ea5n th\u1ee9c \u0103n, d\u00f9ng li\u00ean t\u1ee5c 7-10 ng\u00e0y.<\/p>\n<p><strong>B\u1ea2O QU\u1ea2N<\/strong><\/p>\n<p>B\u1ea3o qu\u1ea3n n\u01a1i kh\u00f4 r\u00e1o, tho\u00e1ng m\u00e1t. Nhi\u1ec7t \u0111\u1ed9 d\u01b0\u1edbi 30\u00baC, tr\u00e1nh \u00e1nh n\u1eafng tr\u1ef1c ti\u1ebfp. Tr\u00e1nh xa t\u1ea7m tay tr\u1ebb em.<\/p>\n<p><strong>H\u1ea0N D\u00d9NG<\/strong><\/p>\n<p>24 th\u00e1ng k\u1ec3 t\u1eeb ng\u00e0y s\u1ea3n xu\u1ea5t.<\/p>\n<p><strong>\u0110\u00d3NG G\u00d3I<\/strong><\/p>\n<p>100g\/g\u00f3i, 1kg\/lon (10 trong 1)<\/p>\n","protected":false},"featured_media":8811,"comment_status":"closed","ping_status":"closed","template":"","meta":[],"product_brand":[],"product_cat":[62,120],"product_tag":[],"class_list":{"0":"post-8805","1":"product","2":"type-product","3":"status-publish","4":"has-post-thumbnail","6":"product_cat-thuoc-thu-y","7":"product_cat-dinh-duong-bot","9":"first","10":"instock","11":"shipping-taxable","12":"purchasable","13":"product-type-variable"},"_links":{"self":[{"href":"https:\/\/mebipha.com\/online\/wp-json\/wp\/v2\/product\/8805","targetHints":{"allow":["GET"]}}],"collection":[{"href":"https:\/\/mebipha.com\/online\/wp-json\/wp\/v2\/product"}],"about":[{"href":"https:\/\/mebipha.com\/online\/wp-json\/wp\/v2\/types\/product"}],"replies":[{"embeddable":true,"href":"https:\/\/mebipha.com\/online\/wp-json\/wp\/v2\/comments?post=8805"}],"wp:featuredmedia":[{"embeddable":true,"href":"https:\/\/mebipha.com\/online\/wp-json\/wp\/v2\/media\/8811"}],"wp:attachment":[{"href":"https:\/\/mebipha.com\/online\/wp-json\/wp\/v2\/media?parent=8805"}],"wp:term":[{"taxonomy":"product_brand","embeddable":true,"href":"https:\/\/mebipha.com\/online\/wp-json\/wp\/v2\/product_brand?post=8805"},{"taxonomy":"product_cat","embeddable":true,"href":"https:\/\/mebipha.com\/online\/wp-json\/wp\/v2\/product_cat?post=8805"},{"taxonomy":"product_tag","embeddable":true,"href":"https:\/\/mebipha.com\/online\/wp-json\/wp\/v2\/product_tag?post=8805"}],"curies":[{"name":"wp","href":"https:\/\/api.w.org\/{rel}","templated":true}]}}