{"id":8795,"date":"2023-04-12T10:44:29","date_gmt":"2023-04-12T03:44:29","guid":{"rendered":"https:\/\/mebipha.com\/online\/?post_type=product&#038;p=8795"},"modified":"2025-12-15T09:55:33","modified_gmt":"2025-12-15T02:55:33","slug":"mebimix-premix-cho-ga-de-2","status":"publish","type":"product","link":"https:\/\/mebipha.com\/online\/mebimix-premix-cho-ga-de-2\/","title":{"rendered":"MEBIMIX &#8211; PREMIX CHO G\u00c0 \u0110\u1eba"},"content":{"rendered":"<p><strong>TH\u1ee8C \u0102N B\u1ed4 SUNG VITAMIN, KHO\u00c1NG CHO G\u00c0 \u0110\u1eba\u00a0\u00a0\u00a0\u00a0\u00a0\u00a0\u00a0\u00a0\u00a0\u00a0\u00a0\u00a0\u00a0\u00a0\u00a0\u00a0\u00a0\u00a0\u00a0\u00a0\u00a0\u00a0\u00a0\u00a0\u00a0\u00a0\u00a0\u00a0\u00a0\u00a0\u00a0\u00a0\u00a0\u00a0\u00a0\u00a0\u00a0<\/strong><\/p>\n<p><strong>B\u1ed9t tr\u1ed9n th\u1ee9c \u0103n<\/strong><\/p>\n<p><strong>MEBIMIX-PREMIX CHO G\u00c0 \u0110\u1eba<\/strong> ch\u1ee9a c\u00e1c th\u00e0nh ph\u1ea7n dinh d\u01b0\u1ee1ng thi\u1ebft y\u1ebfu, \u0111\u00f3ng vai tr\u00f2 quan tr\u1ecdng \u0111\u1ed1i v\u1edbi gia c\u1ea7m \u0111\u1ebb tr\u1ee9ng. C\u00e1c vitamin k\u1ebft h\u1ee3p v\u1edbi Selen kh\u00f4ng ch\u1ec9 gi\u00fap gia c\u1ea7m t\u0103ng tr\u01b0\u1edfng v\u00e0 ph\u00e1t tri\u1ec3n t\u1ed1t, gi\u1ea3m b\u1ec7nh t\u1eadt m\u1ed9t c\u00e1ch \u0111\u00e1ng k\u1ec3, t\u0103ng t\u00ednh th\u00e8m \u0103n m\u00e0 c\u00f2n h\u1ed7 tr\u1ee3 s\u1ef1 ph\u00e1t tri\u1ec3n c\u1ee7a bu\u1ed3ng tr\u1ee9ng, t\u0103ng t\u1ec9 l\u1ec7 th\u1ee5 tinh, t\u1ec9 l\u1ec7 \u1ea5p n\u1edf, gi\u1ea3m ch\u1ebft ph\u00f4i, g\u00f3p ph\u1ea7n l\u00e0m t\u0103ng m\u00e0u c\u1ee7a l\u00f2ng \u0111\u1ecf tr\u1ee9ng, gi\u00fap v\u1ecf tr\u1ee9ng d\u00e0y v\u00e0 c\u1ee9ng h\u01a1n. S\u1ea3n ph\u1ea9m c\u00f2n gi\u00fap h\u1ea1n ch\u1ebf b\u1ec7nh b\u1ea1i li\u1ec7t tr\u00ean gia c\u1ea7m \u0111\u1ebb v\u00e0 h\u1ed7 tr\u1ee3 \u0111i\u1ec1u tr\u1ecb t\u1ed1t khi gia c\u1ea7m \u0111\u1ebb m\u1eafc b\u1ec7nh.<\/p>\n<p><strong>TH\u00c0NH PH\u1ea6N<\/strong><\/p>\n<p>Vitamin A*(min): 7.000.000UI<\/p>\n<p>Vitamin D<sub>3 <\/sub>(min): 1.750.000UI<\/p>\n<p>Vitamin E* (min): 2.500mg<\/p>\n<p>Vitamin K<sub>3 <\/sub>(min): 1.000mg<\/p>\n<p>Vitamin B<sub>1 <\/sub>(min): 1.000mg<\/p>\n<p>Vitamin B<sub>2 <\/sub>(min): 1.250mg<\/p>\n<p>Vitamin B<sub>6 <\/sub>(min): 1.100mg<\/p>\n<p>Vitamin B<sub>12 <\/sub>(min): 15mg<\/p>\n<p>Biotin (min): 20mg<\/p>\n<p>Axit Folic (min): 500mg<\/p>\n<p>Fe* (min-max): 16.200-18.000mg<\/p>\n<p>Cu (min-max): 3.150-3.500mg<\/p>\n<p>Mn* (min-max): 14.400-16.000mg<\/p>\n<p>Zn (min-max): .9.000-10.000mg<\/p>\n<p>I (min-max): 225 &#8211; 250mg<\/p>\n<p>Se (min-max): 135 &#8211; 150mg<\/p>\n<p>Ch\u1ea5t mang (CaCO<sub>3<\/sub>) v\u1eeba \u0111\u1ee7: 1kg<\/p>\n<p><strong>L\u1ee2I \u00cdCH C\u1ee6A VI\u1ec6C B\u1ed4 SUNG S\u1ea2N PH\u1ea8M<\/strong><\/p>\n<p>H\u1ea1n ch\u1ebf t\u00ecnh tr\u1ea1ng m\u1ecfng v\u1ecf, v\u1ecf s\u1ea7n s\u00f9i,..<\/p>\n<p>Gia t\u0103ng s\u1ea3n l\u01b0\u1ee3ng v\u00e0 ch\u1ea5t l\u01b0\u1ee3ng tr\u1ee9ng.<\/p>\n<p>T\u0103ng s\u1ee9c \u0111\u1ec1 kh\u00e1ng v\u1edbi b\u1ec7nh t\u1eadt.<\/p>\n<p>K\u00e9o d\u00e0i th\u1eddi gian \u0111\u1ebb tr\u1ee9ng, gi\u1ea3m ti\u00eau t\u1ed1n th\u1ee9c \u0103n.<\/p>\n<p>T\u0103ng t\u1ec9 l\u1ec7 \u1ea5p n\u1edf.<\/p>\n<p>H\u1ea1n ch\u1ebf nh\u1eefng b\u1ec7nh thi\u1ebfu dinh d\u01b0\u1ee1ng, t\u00ecnh tr\u1ea1ng c\u1eafn m\u1ed5, y\u1ebfu ch\u00e2n, b\u1ea1i li\u1ec7t.<\/p>\n<p><strong>H\u01af\u1edaNG D\u1eaaN S\u1eec D\u1ee4NG<\/strong><\/p>\n<p>200g <strong>MEBIMIX-PREMIX CHO G\u00c0 \u0110\u1eba<\/strong> tr\u1ed9n trong 100kg th\u1ee9c \u0103n ho\u1eb7c 2kg\/1 t\u1ea5n th\u1ee9c \u0103n.<\/p>\n<p><strong>B\u1ea2O QU\u1ea2N<\/strong><\/p>\n<p>N\u01a1i kh\u00f4 r\u00e1o, tho\u00e1ng m\u00e1t, nhi\u1ec7t \u0111\u1ed9 d\u01b0\u1edbi 30<sup>o<\/sup>C, tr\u00e1nh \u00e1nh n\u1eafng tr\u1ef1c ti\u1ebfp. Tr\u00e1nh xa t\u1ea7m tay tr\u1ebb em.<\/p>\n<p><strong>H\u1ea0N D\u00d9NG <\/strong><\/p>\n<p>24 th\u00e1ng k\u1ec3 t\u1eeb ng\u00e0y s\u1ea3n xu\u1ea5t.<\/p>\n<p><strong>\u0110\u00d3NG G\u00d3I<\/strong><\/p>\n<p>1kg\/g\u00f3i, 5kg\/g\u00f3i, 10kg\/g\u00f3i, 25kg\/bao<\/p>\n","protected":false},"excerpt":{"rendered":"<p><strong>TH\u1ee8C \u0102N B\u1ed4 SUNG VITAMIN, KHO\u00c1NG CHO G\u00c0 \u0110\u1eba\u00a0\u00a0\u00a0\u00a0\u00a0\u00a0\u00a0\u00a0\u00a0\u00a0\u00a0\u00a0\u00a0\u00a0\u00a0\u00a0\u00a0\u00a0\u00a0\u00a0\u00a0\u00a0\u00a0\u00a0\u00a0\u00a0\u00a0\u00a0\u00a0\u00a0\u00a0\u00a0\u00a0\u00a0\u00a0\u00a0\u00a0<\/strong><\/p>\n<p><strong>B\u1ed9t tr\u1ed9n th\u1ee9c \u0103n<\/strong><\/p>\n<p><strong>TH\u00c0NH PH\u1ea6N<\/strong><\/p>\n<p>Vitamin A*(min): 7.000.000UI<\/p>\n<p>Vitamin D<sub>3 <\/sub>(min): 1.750.000UI<\/p>\n<p>Vitamin E* (min): 2.500mg<\/p>\n<p>Vitamin K<sub>3 <\/sub>(min): 1.000mg<\/p>\n<p>Vitamin B<sub>1 <\/sub>(min): 1.000mg<\/p>\n<p>Vitamin B<sub>2 <\/sub>(min): 1.250mg<\/p>\n<p>Vitamin B<sub>6 <\/sub>(min): 1.100mg<\/p>\n<p>Vitamin B<sub>12 <\/sub>(min): 15mg<\/p>\n<p>Biotin (min): 20mg<\/p>\n<p>Axit Folic (min): 500mg<\/p>\n<p>Fe* (min-max): 16.200-18.000mg<\/p>\n<p>Cu (min-max): 3.150-3.500mg<\/p>\n<p>Mn* (min-max): 14.400-16.000mg<\/p>\n<p>Zn (min-max): .9.000-10.000mg<\/p>\n<p>I (min-max): 225 &#8211; 250mg<\/p>\n<p>Se (min-max): 135 &#8211; 150mg<\/p>\n<p>Ch\u1ea5t mang (CaCO<sub>3<\/sub>) v\u1eeba \u0111\u1ee7: 1kg<\/p>\n<p><strong>L\u1ee2I \u00cdCH C\u1ee6A VI\u1ec6C B\u1ed4 SUNG S\u1ea2N PH\u1ea8M<\/strong><\/p>\n<p>H\u1ea1n ch\u1ebf t\u00ecnh tr\u1ea1ng m\u1ecfng v\u1ecf, v\u1ecf s\u1ea7n s\u00f9i,..<\/p>\n<p>Gia t\u0103ng s\u1ea3n l\u01b0\u1ee3ng v\u00e0 ch\u1ea5t l\u01b0\u1ee3ng tr\u1ee9ng.<\/p>\n<p>T\u0103ng s\u1ee9c \u0111\u1ec1 kh\u00e1ng v\u1edbi b\u1ec7nh t\u1eadt.<\/p>\n<p>K\u00e9o d\u00e0i th\u1eddi gian \u0111\u1ebb tr\u1ee9ng, gi\u1ea3m ti\u00eau t\u1ed1n th\u1ee9c \u0103n.<\/p>\n<p>T\u0103ng t\u1ec9 l\u1ec7 \u1ea5p n\u1edf.<\/p>\n<p>H\u1ea1n ch\u1ebf nh\u1eefng b\u1ec7nh thi\u1ebfu dinh d\u01b0\u1ee1ng, t\u00ecnh tr\u1ea1ng c\u1eafn m\u1ed5, y\u1ebfu ch\u00e2n, b\u1ea1i li\u1ec7t.<\/p>\n<p><strong>H\u01af\u1edaNG D\u1eaaN S\u1eec D\u1ee4NG<\/strong><\/p>\n<p>200g <strong>MEBIMIX-PREMIX CHO G\u00c0 \u0110\u1eba<\/strong> tr\u1ed9n trong 100kg th\u1ee9c \u0103n ho\u1eb7c 2kg\/1 t\u1ea5n th\u1ee9c \u0103n.<\/p>\n<p><strong>B\u1ea2O QU\u1ea2N<\/strong><\/p>\n<p>N\u01a1i kh\u00f4 r\u00e1o, tho\u00e1ng m\u00e1t, nhi\u1ec7t \u0111\u1ed9 d\u01b0\u1edbi 30<sup>o<\/sup>C, tr\u00e1nh \u00e1nh n\u1eafng tr\u1ef1c ti\u1ebfp. Tr\u00e1nh xa t\u1ea7m tay tr\u1ebb em.<\/p>\n<p><strong>H\u1ea0N D\u00d9NG <\/strong><\/p>\n<p>24 th\u00e1ng k\u1ec3 t\u1eeb ng\u00e0y s\u1ea3n xu\u1ea5t.<\/p>\n<p><strong>\u0110\u00d3NG G\u00d3I<\/strong><\/p>\n<p>1kg\/g\u00f3i, 5kg\/g\u00f3i, 10kg\/g\u00f3i, 25kg\/bao<\/p>\n","protected":false},"featured_media":10682,"comment_status":"closed","ping_status":"closed","template":"","meta":[],"product_brand":[],"product_cat":[125,124,127],"product_tag":[],"class_list":{"0":"post-8795","1":"product","2":"type-product","3":"status-publish","4":"has-post-thumbnail","6":"product_cat-thuc-an-bo-sung","7":"product_cat-premix-hoan-chinh","8":"product_cat-thuc-an-bo-sung-cho-gia-cam","10":"first","11":"instock","12":"shipping-taxable","13":"purchasable","14":"product-type-variable"},"_links":{"self":[{"href":"https:\/\/mebipha.com\/online\/wp-json\/wp\/v2\/product\/8795","targetHints":{"allow":["GET"]}}],"collection":[{"href":"https:\/\/mebipha.com\/online\/wp-json\/wp\/v2\/product"}],"about":[{"href":"https:\/\/mebipha.com\/online\/wp-json\/wp\/v2\/types\/product"}],"replies":[{"embeddable":true,"href":"https:\/\/mebipha.com\/online\/wp-json\/wp\/v2\/comments?post=8795"}],"wp:featuredmedia":[{"embeddable":true,"href":"https:\/\/mebipha.com\/online\/wp-json\/wp\/v2\/media\/10682"}],"wp:attachment":[{"href":"https:\/\/mebipha.com\/online\/wp-json\/wp\/v2\/media?parent=8795"}],"wp:term":[{"taxonomy":"product_brand","embeddable":true,"href":"https:\/\/mebipha.com\/online\/wp-json\/wp\/v2\/product_brand?post=8795"},{"taxonomy":"product_cat","embeddable":true,"href":"https:\/\/mebipha.com\/online\/wp-json\/wp\/v2\/product_cat?post=8795"},{"taxonomy":"product_tag","embeddable":true,"href":"https:\/\/mebipha.com\/online\/wp-json\/wp\/v2\/product_tag?post=8795"}],"curies":[{"name":"wp","href":"https:\/\/api.w.org\/{rel}","templated":true}]}}