{"id":8789,"date":"2023-04-12T10:37:27","date_gmt":"2023-04-12T03:37:27","guid":{"rendered":"https:\/\/mebipha.com\/online\/?post_type=product&#038;p=8789"},"modified":"2025-12-15T09:53:14","modified_gmt":"2025-12-15T02:53:14","slug":"mebi-mix-broiler-2","status":"publish","type":"product","link":"https:\/\/mebipha.com\/online\/mebi-mix-broiler-2\/","title":{"rendered":"MEBI-MIX BROILER"},"content":{"rendered":"<p><strong>TH\u1ee8C \u0102N B\u1ed4 SUNG VITAMIN, KHO\u00c1NG CHO G\u00c0 TH\u1ecaT<\/strong><\/p>\n<p><strong>B\u1ed9t tr\u1ed9n th\u1ee9c \u0103n<\/strong><\/p>\n<p><strong>MEBI-MIX BROILER <\/strong>b\u1ed5 sung vitamin v\u00e0 kho\u00e1ng vi l\u01b0\u1ee3ng v\u00e0o th\u1ee9c \u0103n cho g\u00e0 th\u1ecbt gi\u00fap gia t\u0103ng t\u00ednh th\u00e8m \u0103n, t\u0103ng c\u01b0\u1eddng kh\u1ea3 n\u0103ng ti\u00eau h\u00f3a th\u1ee9c \u0103n v\u00e0 h\u1ea5p thu tri\u1ec7t \u0111\u1ec3 dinh d\u01b0\u1ee1ng, t\u0103ng c\u01b0\u1eddng kh\u1ea3 n\u0103ng mi\u1ec5n d\u1ecbch, gi\u1ea3m b\u1ec7nh t\u1eadt v\u00e0 t\u0103ng tr\u01b0\u1edfng nhanh. S\u1ea3n ph\u1ea9m c\u00f2n gi\u00fap t\u0103ng m\u00e0u cho th\u1ecbt, da, gi\u00fap g\u00e0 c\u00f3 ngo\u1ea1i h\u00ecnh \u0111\u1eb9p, g\u00f3p ph\u1ea7n gia t\u0103ng n\u0103ng su\u1ea5t v\u00e0 ch\u1ea5t l\u01b0\u1ee3ng th\u00e0nh ph\u1ea9m khi xu\u1ea5t chu\u1ed3ng.<\/p>\n<p><strong>TH\u00c0NH PH\u1ea6N<\/strong><\/p>\n<p>Vitamin A* (Retinyl acetate) (min): 5.000.000 UI<\/p>\n<p>Vitamin D3 (Cholecalciferol) (min): 1.250.000 UI<\/p>\n<p>Vitamin K3 (Menadion sodium bisulfite) (min): 1.000mg<\/p>\n<p>Vitamin E (DL-Alpha-tocopheryl acetate) (min): 500mg<\/p>\n<p>Vitamin B1 (Thiamine mononitrate) (min): 1.000 mg<\/p>\n<p>Vitamin B6 (Pyridoxine HCl) (min): 1.250 mg<\/p>\n<p>Vitamin B12 (Cyanocobalamin) (min): 15.000mcg<\/p>\n<p>Biotin (min): 20.000mcg<\/p>\n<p>Acid folic (min): 500mg<\/p>\n<p>Fe* (min-max): 16.200 \u2013 18.000mg<\/p>\n<p>Cu (min-max): 5.850 \u2013 6.500mg<\/p>\n<p>Mn* (min-max): 10.800 \u2013 12.000mg<\/p>\n<p>Zn* (min-max): 9.000 \u2013 10.000mg<\/p>\n<p>I (min-max): 270 \u2013 300mg<\/p>\n<p>Se (min-max): 90 \u2013 100mg<\/p>\n<p>Ch\u1ea5t mang (CaCO3) v\u1eeba \u0111\u1ee7: 1kg<\/p>\n<p><strong>L\u1ee2I \u00cdCH C\u1ee6A VI\u1ec6C B\u1ed4 SUNG S\u1ea2N PH\u1ea8M<\/strong><\/p>\n<p>Cung c\u1ea5p \u0111\u1ea7y \u0111\u1ee7 v\u00e0 c\u00e2n \u0111\u1ed1i c\u00e1c th\u00e0nh ph\u1ea7n dinh d\u01b0\u1ee1ng thi\u1ebft y\u1ebfu cho g\u00e0, v\u1ecbt, c\u00fat th\u1ecbt.<\/p>\n<p>T\u0103ng c\u01b0\u1eddng kh\u1ea3 n\u0103ng ti\u00eau h\u00f3a v\u00e0 h\u1ea5p th\u1ee5 c\u00e1c d\u01b0\u1ee1ng ch\u1ea5t trong th\u1ee9c \u0103n.<\/p>\n<p>Gi\u00fap t\u0103ng tr\u01b0\u1edfng nhanh, gi\u1ea3m ti\u00eau t\u1ed1n th\u1ee9c \u0103n.<\/p>\n<p>H\u1ea1n ch\u1ebf t\u00ecnh tr\u1ea1ng c\u1eafn m\u1ed5, y\u1ebfu ch\u00e2n, b\u1ea1i li\u1ec7t.<\/p>\n<p><strong>LI\u1ec0U D\u00d9NG<\/strong><\/p>\n<p>1kg <strong>MEBI \u2013 MIX<\/strong> <strong>BROILERS\u00a0 <\/strong>tr\u1ed9n \u0111\u1ec1u trong 500 kg th\u1ee9c \u0103n, d\u00f9ng li\u00ean t\u1ee5c trong th\u1eddi gian nu\u00f4i.<\/p>\n<p><strong>H\u1ea1n s\u1eed d\u1ee5ng s\u1ea3n ph\u1ea9m <\/strong><\/p>\n<p>24 th\u00e1ng k\u1ec3 t\u1eeb ng\u00e0y s\u1ea3n xu\u1ea5t.<\/p>\n<p><strong>B\u1ea2O QU\u1ea2N<\/strong><\/p>\n<p>N\u01a1i kh\u00f4 r\u00e1o, tho\u00e1ng m\u00e1t, nhi\u1ec7t \u0111\u1ed9 d\u01b0\u1edbi 30<sup>0<\/sup>C. Tr\u00e1nh \u00e1nh n\u1eafng tr\u1ef1c ti\u1ebfp, tr\u00e1nh xa t\u1ea7m tay tr\u1ebb em.<\/p>\n<p><strong>\u0110\u00d3NG G\u00d3I<\/strong><\/p>\n<p>1kg\/g\u00f3i, 5kg\/x\u00f4, 10kg\/x\u00f4<\/p>\n","protected":false},"excerpt":{"rendered":"<p><strong>TH\u1ee8C \u0102N B\u1ed4 SUNG VITAMIN, KHO\u00c1NG CHO G\u00c0 TH\u1ecaT\u00a0<\/strong><\/p>\n<p><strong>B\u1ed9t tr\u1ed9n th\u1ee9c \u0103n<\/strong><\/p>\n<p><strong>TH\u00c0NH PH\u1ea6N<\/strong><\/p>\n<p>Vitamin A* (Retinyl acetate) (min): 5.000.000 UI<\/p>\n<p>Vitamin D3 (Cholecalciferol) (min): 1.250.000 UI<\/p>\n<p>Vitamin K3 (Menadion sodium bisulfite) (min): 1.000mg<\/p>\n<p>Vitamin E (DL-Alpha-tocopheryl acetate) (min): 500mg<\/p>\n<p>Vitamin B1 (Thiamine mononitrate) (min): 1.000 mg<\/p>\n<p>Vitamin B6 (Pyridoxine HCl) (min): 1.250 mg<\/p>\n<p>Vitamin B12 (Cyanocobalamin) (min): 15.000mcg<\/p>\n<p>Biotin (min): 20.000mcg<\/p>\n<p>Acid folic (min): 500mg<\/p>\n<p>Fe* (min-max): 16.200 \u2013 18.000mg<\/p>\n<p>Cu (min-max): 5.850 \u2013 6.500mg<\/p>\n<p>Mn* (min-max): 10.800 \u2013 12.000mg<\/p>\n<p>Zn* (min-max): 9.000 \u2013 10.000mg<\/p>\n<p>I (min-max): 270 \u2013 300mg<\/p>\n<p>Se (min-max): 90 \u2013 100mg<\/p>\n<p>Ch\u1ea5t mang (CaCO3) v\u1eeba \u0111\u1ee7: 1kg<\/p>\n<p><strong>L\u1ee2I \u00cdCH C\u1ee6A VI\u1ec6C B\u1ed4 SUNG S\u1ea2N PH\u1ea8M<\/strong><\/p>\n<p>Cung c\u1ea5p \u0111\u1ea7y \u0111\u1ee7 v\u00e0 c\u00e2n \u0111\u1ed1i c\u00e1c th\u00e0nh ph\u1ea7n dinh d\u01b0\u1ee1ng thi\u1ebft y\u1ebfu cho g\u00e0, v\u1ecbt, c\u00fat th\u1ecbt.<\/p>\n<p>T\u0103ng c\u01b0\u1eddng kh\u1ea3 n\u0103ng ti\u00eau h\u00f3a v\u00e0 h\u1ea5p th\u1ee5 c\u00e1c d\u01b0\u1ee1ng ch\u1ea5t trong th\u1ee9c \u0103n.<\/p>\n<p>Gi\u00fap t\u0103ng tr\u01b0\u1edfng nhanh, gi\u1ea3m ti\u00eau t\u1ed1n th\u1ee9c \u0103n.<\/p>\n<p>H\u1ea1n ch\u1ebf t\u00ecnh tr\u1ea1ng c\u1eafn m\u1ed5, y\u1ebfu ch\u00e2n, b\u1ea1i li\u1ec7t.<\/p>\n<p><strong>LI\u1ec0U D\u00d9NG<\/strong><\/p>\n<p>1kg <strong>MEBI \u2013 MIX<\/strong> <strong>BROILERS\u00a0 <\/strong>tr\u1ed9n \u0111\u1ec1u trong 500 kg th\u1ee9c \u0103n, d\u00f9ng li\u00ean t\u1ee5c trong th\u1eddi gian nu\u00f4i.<\/p>\n<p><strong>H\u1ea1n s\u1eed d\u1ee5ng s\u1ea3n ph\u1ea9m <\/strong><\/p>\n<p>24 th\u00e1ng k\u1ec3 t\u1eeb ng\u00e0y s\u1ea3n xu\u1ea5t.<\/p>\n<p><strong>B\u1ea2O QU\u1ea2N<\/strong><\/p>\n<p>N\u01a1i kh\u00f4 r\u00e1o, tho\u00e1ng m\u00e1t, nhi\u1ec7t \u0111\u1ed9 d\u01b0\u1edbi 30<sup>0<\/sup>C. Tr\u00e1nh \u00e1nh n\u1eafng tr\u1ef1c ti\u1ebfp, tr\u00e1nh xa t\u1ea7m tay tr\u1ebb em.<\/p>\n<p><strong>\u0110\u00d3NG G\u00d3I<\/strong><\/p>\n<p>1kg\/g\u00f3i, 5kg\/x\u00f4, 10kg\/x\u00f4<\/p>\n","protected":false},"featured_media":10091,"comment_status":"closed","ping_status":"closed","template":"","meta":[],"product_brand":[],"product_cat":[127,142,125],"product_tag":[],"class_list":{"0":"post-8789","1":"product","2":"type-product","3":"status-publish","4":"has-post-thumbnail","6":"product_cat-thuc-an-bo-sung-cho-gia-cam","7":"product_cat-danh-muc-san-pham-gia-cam","8":"product_cat-thuc-an-bo-sung","10":"first","11":"instock","12":"shipping-taxable","13":"purchasable","14":"product-type-variable"},"_links":{"self":[{"href":"https:\/\/mebipha.com\/online\/wp-json\/wp\/v2\/product\/8789","targetHints":{"allow":["GET"]}}],"collection":[{"href":"https:\/\/mebipha.com\/online\/wp-json\/wp\/v2\/product"}],"about":[{"href":"https:\/\/mebipha.com\/online\/wp-json\/wp\/v2\/types\/product"}],"replies":[{"embeddable":true,"href":"https:\/\/mebipha.com\/online\/wp-json\/wp\/v2\/comments?post=8789"}],"wp:featuredmedia":[{"embeddable":true,"href":"https:\/\/mebipha.com\/online\/wp-json\/wp\/v2\/media\/10091"}],"wp:attachment":[{"href":"https:\/\/mebipha.com\/online\/wp-json\/wp\/v2\/media?parent=8789"}],"wp:term":[{"taxonomy":"product_brand","embeddable":true,"href":"https:\/\/mebipha.com\/online\/wp-json\/wp\/v2\/product_brand?post=8789"},{"taxonomy":"product_cat","embeddable":true,"href":"https:\/\/mebipha.com\/online\/wp-json\/wp\/v2\/product_cat?post=8789"},{"taxonomy":"product_tag","embeddable":true,"href":"https:\/\/mebipha.com\/online\/wp-json\/wp\/v2\/product_tag?post=8789"}],"curies":[{"name":"wp","href":"https:\/\/api.w.org\/{rel}","templated":true}]}}