{"id":8785,"date":"2023-04-12T10:27:13","date_gmt":"2023-04-12T03:27:13","guid":{"rendered":"https:\/\/mebipha.com\/online\/?post_type=product&#038;p=8785"},"modified":"2025-12-29T15:07:33","modified_gmt":"2025-12-29T08:07:33","slug":"sultrim-oral-ham-luong-thap","status":"publish","type":"product","link":"https:\/\/mebipha.com\/online\/sultrim-oral-ham-luong-thap\/","title":{"rendered":"SULTRIM ORAL &#8211; H\u00c0M L\u01af\u1ee2NG TH\u1ea4P"},"content":{"rendered":"<p><strong>T\u00c1C \u0110\u1ed8NG K\u00c9P<\/strong><\/p>\n<p><strong>\u0110\u1eb6C TR\u1eca TI\u00caU CH\u1ea2Y DO E.COLI, S\u01afNG PH\u00d9 \u0110\u1ea6U, B\u1ec6NH C\u1ea6U TR\u00d9NG, PH\u00c2N M\u00c1U T\u01af\u01a0I TR\u00caN GIA C\u1ea6M, G\u00c0 \u0110\u00c1, CHIM C\u1ea2NH<\/strong><\/p>\n<p><strong>Dung d\u1ecbch pha n\u01b0\u1edbc u\u1ed1ng<\/strong><\/p>\n<p><strong>C\u00f4ng th\u1ee9c<\/strong><\/p>\n<p>Trimethoprime: 20g<\/p>\n<p>Sulfamethoxazole: 200g<\/p>\n<p>Dung m\u00f4i v\u1eeba \u0111\u1ee7: 1 l\u00edt<\/p>\n<p><strong>\u0110\u1eb6C T\u00cdNH D\u01af\u1ee2C L\u00dd S\u1ea2N PH\u1ea8M<\/strong><\/p>\n<p>S\u1ef1 k\u1ebft h\u1ee3p c\u1ee7a Sulfamethoxazole v\u00e0 Trimethoprim c\u00f3 hi\u1ec7u qu\u1ea3 di\u1ec7t khu\u1ea9n v\u00e0 \u1ee9c ch\u1ebf vi khu\u1ea9n t\u1ed5ng h\u1ee3p thymidine. Ph\u1ed5 kh\u00e1ng khu\u1ea9n \u0111\u01b0\u1ee3c m\u1edf t\u01b0\u01a1ng \u0111\u1ed1i r\u1ed9ng khi k\u1ebft h\u1ee3p c\u00f9ng l\u00fac hai lo\u1ea1i kh\u00e1ng sinh n\u00e0y. Ph\u1ea7n l\u1edbn c\u00e1c vi khu\u1ea9n G(+) nh\u1ea1y c\u1ea3m bao g\u1ed3m <em>Streptococcus<\/em>, <em>Actimomyces <\/em>sp., <em>Corynebacterium<\/em> sp. v\u00e0 nhi\u1ec1u ch\u1ee7ng <em>Staphylococcus. <\/em>Nhi\u1ec1u vi khu\u1ea9n G(-) thu\u1ed9c h\u1ecd <em>Enterobacteriaceae,<\/em> <em>Actinobacillus <\/em>sp., <em>Bordetella<\/em> sp.,\u2026c\u0169ng nh\u1ea1y c\u1ea3m. M\u1ed9t s\u1ed1 lo\u00e0i protozoa (<em>Pneumocystis carinii<\/em>, <em>Coccidia <\/em>v\u00e0<em> Toxoplasma<\/em>) c\u0169ng b\u1ecb \u1ee9c ch\u1ebf b\u1edfi kh\u00e1ng sinh k\u1ebft h\u1ee3p.<\/p>\n<p>S\u1ef1 k\u1ebft h\u1ee3p n\u00e0y \u0111\u1ea1t hi\u1ec7u l\u1ef1c t\u1ed1i \u0111a v\u1edbi t\u1ec9 l\u1ec7 sulfa\/trime l\u00e0 5:1 v\u00e0 g\u1ea5p \u0111\u1ebfn 100 l\u1ea7n so v\u1edbi vi\u1ec7c d\u00f9ng m\u1ed7i kh\u00e1ng sinh \u0111\u01a1n \u0111\u1ed9c. \u0110\u1ed3ng th\u1eddi, c\u01a1 ch\u1ebf hi\u1ec7p \u0111\u1ed3ng n\u00e0y c\u0169ng ch\u1ed1ng l\u1ea1i s\u1ef1 ph\u00e1t tri\u1ec3n c\u1ee7a vi khu\u1ea9n kh\u00e1ng thu\u1ed1c.<\/p>\n<p><strong>C\u00f4ng d\u1ee5ng s\u1ea3n ph\u1ea9m<\/strong><\/p>\n<p>\u0110\u1eb7c tr\u1ecb k\u00fd sinh tr\u00f9ng \u0111\u01b0\u1eddng m\u00e1u, b\u1ec7nh c\u1ea7u tr\u00f9ng ru\u1ed9t non, b\u1ec7nh do E.coli, ph\u00e2n tr\u1eafng, ph\u00e2n v\u00e0ng, ph\u00e2n m\u00e1u t\u01b0\u01a1i, s\u01b0ng ph\u00f9 \u0111\u1ea7u \u1edf g\u00e0, v\u1ecbt, c\u00fat.<\/p>\n<p><strong>Ch\u1ed1ng ch\u1ec9 \u0111\u1ecbnh <\/strong><\/p>\n<p>Kh\u00f4ng d\u00f9ng cho v\u1eadt nu\u00f4i m\u1eabn c\u1ea3m v\u1edbi c\u00e1c th\u00e0nh ph\u1ea7n c\u1ee7a thu\u1ed1c.<\/p>\n<p><strong>s\u1eed d\u1ee5ng<\/strong><\/p>\n<p>Pha v\u00e0o n\u01b0\u1edbc u\u1ed1ng.<\/p>\n<p>Ph\u00f2ng b\u1ec7nh: 1ml\/ 20kg th\u1ec3 tr\u1ecdng ho\u1eb7c 1ml\/ 2 l\u00edt n\u01b0\u1edbc u\u1ed1ng, d\u00f9ng li\u00ean t\u1ee5c 3 &#8211; 4 ng\u00e0y\/\u0111\u1ee3t.<\/p>\n<p>Tr\u1ecb b\u1ec7nh: 1ml\/ 10-15kg th\u1ec3 tr\u1ecdng ho\u1eb7c 1ml\/ 1 l\u00edt n\u01b0\u1edbc u\u1ed1ng, d\u00f9ng li\u00ean t\u1ee5c 5 &#8211; 7 ng\u00e0y.<\/p>\n<p><strong>Th\u1eddi gian ng\u01b0ng s\u1eed d\u1ee5ng thu\u1ed1c<\/strong><\/p>\n<p>Th\u00fa l\u1ea5y th\u1ecbt: 7 ng\u00e0y tr\u01b0\u1edbc khi gi\u1ebft m\u1ed5.<\/p>\n<p><strong>h\u1ea1n d\u00f9ng<\/strong><\/p>\n<p>24 th\u00e1ng k\u1ec3 t\u1eeb ng\u00e0y s\u1ea3n xu\u1ea5t.<\/p>\n<p><strong>B\u1ea3o qu\u1ea3n<\/strong><\/p>\n<p>N\u01a1i kh\u00f4 r\u00e1o, tho\u00e1ng m\u00e1t, nhi\u1ec7t \u0111\u1ed9 d\u01b0\u1edbi 30<sup>0<\/sup>C, tr\u00e1nh \u00e1nh n\u1eafng tr\u1ef1c ti\u1ebfp, tr\u00e1nh xa t\u1ea7m tay tr\u1ebb em, kh\u00f4ng \u0111\u1ec3 g\u1ea7n th\u1ee9c \u0103n, n\u01b0\u1edbc u\u1ed1ng.<\/p>\n<p><strong>\u0110\u00d3NG G\u00d3I<\/strong><\/p>\n<p>250ml, 1 l\u00edt<\/p>\n","protected":false},"excerpt":{"rendered":"<p><strong>T\u00c1C \u0110\u1ed8NG K\u00c9P<\/strong><\/p>\n<p><strong>\u0110\u1eb6C TR\u1eca TI\u00caU CH\u1ea2Y DO E.COLI, S\u01afNG PH\u00d9 \u0110\u1ea6U, B\u1ec6NH C\u1ea6U TR\u00d9NG, PH\u00c2N M\u00c1U T\u01af\u01a0I TR\u00caN GIA C\u1ea6M, G\u00c0 \u0110\u00c1, CHIM C\u1ea2NH<\/strong><\/p>\n<p><strong>Dung d\u1ecbch pha n\u01b0\u1edbc u\u1ed1ng<\/strong><\/p>\n<p><strong>C\u00f4ng th\u1ee9c<\/strong><\/p>\n<p>Trimethoprime: 20g<\/p>\n<p><strong>C\u00f4ng d\u1ee5ng s\u1ea3n ph\u1ea9m<\/strong><\/p>\n<p>\u0110\u1eb7c tr\u1ecb k\u00fd sinh tr\u00f9ng \u0111\u01b0\u1eddng m\u00e1u, b\u1ec7nh c\u1ea7u tr\u00f9ng ru\u1ed9t non, b\u1ec7nh do E.coli, ph\u00e2n tr\u1eafng, ph\u00e2n v\u00e0ng, ph\u00e2n m\u00e1u t\u01b0\u01a1i, s\u01b0ng ph\u00f9 \u0111\u1ea7u \u1edf g\u00e0, v\u1ecbt, c\u00fat.<\/p>\n<p><strong>Ch\u1ed1ng ch\u1ec9 \u0111\u1ecbnh <\/strong><\/p>\n<p>Kh\u00f4ng d\u00f9ng cho v\u1eadt nu\u00f4i m\u1eabn c\u1ea3m v\u1edbi c\u00e1c th\u00e0nh ph\u1ea7n c\u1ee7a thu\u1ed1c.<\/p>\n<p><strong>s\u1eed d\u1ee5ng<\/strong><\/p>\n<p>Pha v\u00e0o n\u01b0\u1edbc u\u1ed1ng.<\/p>\n<p>Ph\u00f2ng b\u1ec7nh: 1ml\/ 20kg th\u1ec3 tr\u1ecdng ho\u1eb7c 1ml\/ 2 l\u00edt n\u01b0\u1edbc u\u1ed1ng, d\u00f9ng li\u00ean t\u1ee5c 3 &#8211; 4 ng\u00e0y\/\u0111\u1ee3t.<\/p>\n<p>Tr\u1ecb b\u1ec7nh: 1ml\/ 10-15kg th\u1ec3 tr\u1ecdng ho\u1eb7c 1ml\/ 1 l\u00edt n\u01b0\u1edbc u\u1ed1ng, d\u00f9ng li\u00ean t\u1ee5c 5 &#8211; 7 ng\u00e0y.<\/p>\n<p><strong>Th\u1eddi gian ng\u01b0ng s\u1eed d\u1ee5ng thu\u1ed1c<\/strong><\/p>\n<p>Th\u00fa l\u1ea5y th\u1ecbt: 7 ng\u00e0y tr\u01b0\u1edbc khi gi\u1ebft m\u1ed5.<\/p>\n<p><strong>h\u1ea1n d\u00f9ng<\/strong><\/p>\n<p>24 th\u00e1ng k\u1ec3 t\u1eeb ng\u00e0y s\u1ea3n xu\u1ea5t.<\/p>\n<p><strong>B\u1ea3o qu\u1ea3n<\/strong><\/p>\n<p>N\u01a1i kh\u00f4 r\u00e1o, tho\u00e1ng m\u00e1t, nhi\u1ec7t \u0111\u1ed9 d\u01b0\u1edbi 30<sup>0<\/sup>C, tr\u00e1nh \u00e1nh n\u1eafng tr\u1ef1c ti\u1ebfp, tr\u00e1nh xa t\u1ea7m tay tr\u1ebb em, kh\u00f4ng \u0111\u1ec3 g\u1ea7n th\u1ee9c \u0103n, n\u01b0\u1edbc u\u1ed1ng.<\/p>\n<p><strong>\u0110\u00d3NG G\u00d3I<\/strong><\/p>\n<p>250ml, 1 l\u00edt<\/p>\n<p>Sulfamethoxazole: 200g<\/p>\n<p>Dung m\u00f4i v\u1eeba \u0111\u1ee7: 1 l\u00edt<\/p>\n","protected":false},"featured_media":10093,"comment_status":"closed","ping_status":"closed","template":"","meta":[],"product_brand":[],"product_cat":[62,142,122],"product_tag":[],"class_list":{"0":"post-8785","1":"product","2":"type-product","3":"status-publish","4":"has-post-thumbnail","6":"product_cat-thuoc-thu-y","7":"product_cat-danh-muc-san-pham-gia-cam","8":"product_cat-dung-dich-siro-uong","10":"first","11":"instock","12":"shipping-taxable","13":"purchasable","14":"product-type-variable"},"_links":{"self":[{"href":"https:\/\/mebipha.com\/online\/wp-json\/wp\/v2\/product\/8785","targetHints":{"allow":["GET"]}}],"collection":[{"href":"https:\/\/mebipha.com\/online\/wp-json\/wp\/v2\/product"}],"about":[{"href":"https:\/\/mebipha.com\/online\/wp-json\/wp\/v2\/types\/product"}],"replies":[{"embeddable":true,"href":"https:\/\/mebipha.com\/online\/wp-json\/wp\/v2\/comments?post=8785"}],"wp:featuredmedia":[{"embeddable":true,"href":"https:\/\/mebipha.com\/online\/wp-json\/wp\/v2\/media\/10093"}],"wp:attachment":[{"href":"https:\/\/mebipha.com\/online\/wp-json\/wp\/v2\/media?parent=8785"}],"wp:term":[{"taxonomy":"product_brand","embeddable":true,"href":"https:\/\/mebipha.com\/online\/wp-json\/wp\/v2\/product_brand?post=8785"},{"taxonomy":"product_cat","embeddable":true,"href":"https:\/\/mebipha.com\/online\/wp-json\/wp\/v2\/product_cat?post=8785"},{"taxonomy":"product_tag","embeddable":true,"href":"https:\/\/mebipha.com\/online\/wp-json\/wp\/v2\/product_tag?post=8785"}],"curies":[{"name":"wp","href":"https:\/\/api.w.org\/{rel}","templated":true}]}}