{"id":8777,"date":"2023-04-12T10:20:29","date_gmt":"2023-04-12T03:20:29","guid":{"rendered":"https:\/\/mebipha.com\/online\/?post_type=product&#038;p=8777"},"modified":"2025-12-29T16:08:31","modified_gmt":"2025-12-29T09:08:31","slug":"mebi-cox-dsp3-2","status":"publish","type":"product","link":"https:\/\/mebipha.com\/online\/mebi-cox-dsp3-2\/","title":{"rendered":"MEBI-COX DSP3"},"content":{"rendered":"<p><strong>\u0110\u1eb6C TR\u1eca C\u1ea6U TR\u00d9NG<\/strong><\/p>\n<p><strong>Thu\u1ed1c b\u1ed9t tr\u1ed9n th\u1ee9c \u0103n ho\u1eb7c pha n\u01b0\u1edbc u\u1ed1ng <\/strong><\/p>\n<p><strong>C\u00d4NG TH\u1ee8C<\/strong><\/p>\n<p>Sulfachloropyridazine sodium: 300g<\/p>\n<p>T\u00e1 d\u01b0\u1ee3c v\u1eeba \u0111\u1ee7: 1kg<\/p>\n<p><strong>\u0110\u1eb6C T\u00cdNH D\u01af\u1ee2C L\u00dd S\u1ea2N PH\u1ea8M<\/strong><\/p>\n<p>Sulfachloropyridazine ng\u0103n ch\u1eb7n s\u1ef1 nh\u00e2n l\u00ean c\u1ee7a vi khu\u1ea9n b\u1eb1ng c\u00e1ch c\u1ea1nh tranh v\u1edbi axit para-aminobenzoic (PABA) trong sinh t\u1ed5ng h\u1ee3p axit tetrahydrofolic trong con \u0111\u01b0\u1eddng t\u1ea1o th\u00e0nh axit folic. C\u00e1c vi sinh v\u1eadt th\u01b0\u1eddng b\u1ecb \u1ea3nh h\u01b0\u1edfng b\u1edfi sulfonamid bao g\u1ed3m vi khu\u1ea9n Gr (+), trong \u0111\u00f3 c\u00f3 m\u1ed9t s\u1ed1 ch\u1ee7ng li\u00ean c\u1ea7u, t\u1ee5 c\u1ea7u, <em>Bacillus anthracis<\/em>, <em>Clostridium tetani<\/em>, <em>C.perfringens<\/em> v\u00e0 nhi\u1ec1u ch\u1ee7ng <em>Nocardia<\/em> v\u00e0 ch\u1ed1ng l\u1ea1i m\u1ed9t s\u1ed1 <em>Rickettsia<\/em>, <em>Toxoplasma<\/em>, <em>Coccidia<\/em>.<\/p>\n<p>Sulfachloropyridazine \u0111\u01b0\u1ee3c h\u1ea5p thu d\u1ec5 d\u00e0ng qua \u0111\u01b0\u1eddng ti\u00eau h\u00f3a. Ch\u00fang ph\u00e2n b\u1ed1 kh\u1eafp c\u01a1 th\u1ec3 v\u1eadt nu\u00f4i v\u00e0 \u0111\u1ea1t \u0111\u1ebfn m\u1ee9c \u0111\u00e1ng k\u1ec3 trong d\u1ecbch n\u00e3o t\u1ee7y, cao nh\u1ea5t \u1edf gan, th\u1eadn v\u00e0 ph\u1ed5i. C\u00e1c sulfonamide c\u00f3 th\u1ec3 li\u00ean k\u1ebft v\u1edbi protein huy\u1ebft thanh ph\u1ee5 thu\u1ed9c v\u00e0o t\u1eebng lo\u00e0i. Ch\u00fang \u0111\u01b0\u1ee3c b\u00e0i th\u1ea3i qua th\u1eadn. Th\u1eddi gian b\u00e1n th\u1ea3i trong huy\u1ebft thanh c\u1ee7a Sulfachloropyridazine kho\u1ea3ng 1,2 gi\u1edd \u1edf gia s\u00fac.<\/p>\n<p><strong>C\u00d4NG D\u1ee4NG S\u1ea2N PH\u1ea8M<\/strong><\/p>\n<p>\u0110\u1eb7c tr\u1ecb hi\u1ec7u qu\u1ea3 c\u00e1c lo\u1ea1i c\u1ea7u tr\u00f9ng \u1edf gia c\u1ea7m, heo, b\u00ea, ngh\u00e9.<\/p>\n<p>\u0110\u1eb7c bi\u1ec7t c\u00e1c tr\u01b0\u1eddng h\u1ee3p b\u1ecb b\u1ec7nh c\u1ea7u tr\u00f9ng c\u1ea5p t\u00ednh.<\/p>\n<p>Ph\u00f2ng v\u00e0 tr\u1ecb c\u00e1c b\u1ec7nh: ti\u00eau ch\u1ea3y, th\u01b0\u01a1ng h\u00e0n, vi\u00eam ru\u1ed9t, h\u1ed3ng l\u1ef5.<\/p>\n<p><strong>CH\u1ed0NG CH\u1ec8 \u0110\u1ecaNH<\/strong><\/p>\n<p>Th\u00fa qu\u00e1 m\u1eabn v\u1edbi th\u00e0nh ph\u1ea7n c\u1ee7a thu\u1ed1c.<\/p>\n<p>Th\u00fa suy th\u1eadn, suy gan n\u1eb7ng.<\/p>\n<p><strong>S\u1eec D\u1ee4NG<\/strong><\/p>\n<p><strong>Tr\u00ean g\u00e0, v\u1ecbt, c\u00fat:<\/strong><\/p>\n<p>Ph\u00f2ng b\u1ec7nh: 1g\/10kg th\u1ec3 tr\u1ecdng ho\u1eb7c 1g\/1 l\u00edt n\u01b0\u1edbc u\u1ed1ng, li\u00ean t\u1ee5c 2-3 ng\u00e0y v\u00e0o c\u00e1c \u0111\u1ee3t 8-10, 20-22 v\u00e0 33-35 ng\u00e0y tu\u1ed5i.<\/p>\n<p>Tr\u1ecb b\u1ec7nh: 1g\/5kg th\u1ec3 tr\u1ecdng ho\u1eb7c 2g\/1 l\u00edt n\u01b0\u1edbc u\u1ed1ng, d\u00f9ng li\u00ean t\u1ee5c 3 ng\u00e0y, ng\u01b0ng thu\u1ed1c 2 ng\u00e0y r\u1ed3i d\u00f9ng ti\u1ebfp 2 ng\u00e0y.<\/p>\n<p>Tr\u00ean heo con:<\/p>\n<p>Tr\u01b0\u1edbc cai s\u1eefa: 1g\/con\/ng\u00e0y 1 l\u1ea7n (1g\/5kg th\u1ec3 tr\u1ecdng)<\/p>\n<p>Sau cai s\u1eefa: 2g\/con\/ng\u00e0y 1 l\u1ea7n (1g\/7-10kg th\u1ec3 tr\u1ecdng)<\/p>\n<p>Heo l\u1edbn, b\u00ea, ngh\u00e9: 3-5g\/con\/ng\u00e0y 1 l\u1ea7n (1g\/10-15kg th\u1ec3 tr\u1ecdng)<\/p>\n<p><strong>Th\u1eddi gian ng\u01b0ng s\u1eed d\u1ee5ng thu\u1ed1c<\/strong><\/p>\n<p>7 ng\u00e0y tr\u01b0\u1edbc khi gi\u1ebft m\u1ed5.<\/p>\n<p><strong>B\u1ea2O QU\u1ea2N<\/strong><\/p>\n<p>N\u01a1i kh\u00f4 r\u00e1o, tho\u00e1ng m\u00e1t, nhi\u1ec7t \u0111\u1ed9 d\u01b0\u1edbi 30<sup>0<\/sup>C. Tr\u00e1nh \u00e1nh n\u1eafng tr\u1ef1c ti\u1ebfp, tr\u00e1nh xa t\u1ea7m tay tr\u1ebb em.<\/p>\n<p><strong>\u0110\u00d3NG G\u00d3I<\/strong><\/p>\n<p>10g\/g\u00f3i, 20g\/g\u00f3i, 50g\/g\u00f3i, 100g\/g\u00f3i, 1kg\/g\u00f3i, 1kg\/lon<\/p>\n<p><strong>H\u1ea0N <\/strong><strong>D\u00d9NG<\/strong><\/p>\n<p>36 th\u00e1ng k\u1ec3 t\u1eeb ng\u00e0y s\u1ea3n xu\u1ea5t.<\/p>\n","protected":false},"excerpt":{"rendered":"<p><strong>\u0110\u1eb6C TR\u1eca C\u1ea6U TR\u00d9NG<\/strong><\/p>\n<p><strong>Thu\u1ed1c b\u1ed9t tr\u1ed9n th\u1ee9c \u0103n ho\u1eb7c pha n\u01b0\u1edbc u\u1ed1ng <\/strong><\/p>\n<p><strong>C\u00d4NG TH\u1ee8C<\/strong><\/p>\n<p>Sulfachloropyridazine sodium: 300g<\/p>\n<p>T\u00e1 d\u01b0\u1ee3c v\u1eeba \u0111\u1ee7: 1kg<\/p>\n<p><strong>C\u00d4NG D\u1ee4NG S\u1ea2N PH\u1ea8M<\/strong><\/p>\n<p>\u0110\u1eb7c tr\u1ecb hi\u1ec7u qu\u1ea3 c\u00e1c lo\u1ea1i c\u1ea7u tr\u00f9ng \u1edf gia c\u1ea7m, heo, b\u00ea, ngh\u00e9.<\/p>\n<p>\u0110\u1eb7c bi\u1ec7t c\u00e1c tr\u01b0\u1eddng h\u1ee3p b\u1ecb b\u1ec7nh c\u1ea7u tr\u00f9ng c\u1ea5p t\u00ednh.<\/p>\n<p>Ph\u00f2ng v\u00e0 tr\u1ecb c\u00e1c b\u1ec7nh: ti\u00eau ch\u1ea3y, th\u01b0\u01a1ng h\u00e0n, vi\u00eam ru\u1ed9t, h\u1ed3ng l\u1ef5.<\/p>\n<p><strong>CH\u1ed0NG CH\u1ec8 \u0110\u1ecaNH<\/strong><\/p>\n<p>Th\u00fa qu\u00e1 m\u1eabn v\u1edbi th\u00e0nh ph\u1ea7n c\u1ee7a thu\u1ed1c.<\/p>\n<p>Th\u00fa suy th\u1eadn, suy gan n\u1eb7ng.<\/p>\n<p><strong>S\u1eec D\u1ee4NG<\/strong><\/p>\n<p><strong>Tr\u00ean g\u00e0, v\u1ecbt, c\u00fat:<\/strong><\/p>\n<p>Ph\u00f2ng b\u1ec7nh: 1g\/10kg th\u1ec3 tr\u1ecdng ho\u1eb7c 1g\/1 l\u00edt n\u01b0\u1edbc u\u1ed1ng, li\u00ean t\u1ee5c 2-3 ng\u00e0y v\u00e0o c\u00e1c \u0111\u1ee3t 8-10, 20-22 v\u00e0 33-35 ng\u00e0y tu\u1ed5i.<\/p>\n<p>Tr\u1ecb b\u1ec7nh: 1g\/5kg th\u1ec3 tr\u1ecdng ho\u1eb7c 2g\/1 l\u00edt n\u01b0\u1edbc u\u1ed1ng, d\u00f9ng li\u00ean t\u1ee5c 3 ng\u00e0y, ng\u01b0ng thu\u1ed1c 2 ng\u00e0y r\u1ed3i d\u00f9ng ti\u1ebfp 2 ng\u00e0y.<\/p>\n<p>Tr\u00ean heo con:<\/p>\n<p>Tr\u01b0\u1edbc cai s\u1eefa: 1g\/con\/ng\u00e0y 1 l\u1ea7n (1g\/5kg th\u1ec3 tr\u1ecdng)<\/p>\n<p>Sau cai s\u1eefa: 2g\/con\/ng\u00e0y 1 l\u1ea7n (1g\/7-10kg th\u1ec3 tr\u1ecdng)<\/p>\n<p>Heo l\u1edbn, b\u00ea, ngh\u00e9: 3-5g\/con\/ng\u00e0y 1 l\u1ea7n (1g\/10-15kg th\u1ec3 tr\u1ecdng)<\/p>\n<p><strong>Th\u1eddi gian ng\u01b0ng s\u1eed d\u1ee5ng thu\u1ed1c<\/strong><\/p>\n<p>7 ng\u00e0y tr\u01b0\u1edbc khi gi\u1ebft m\u1ed5.<\/p>\n<p><strong>B\u1ea2O QU\u1ea2N<\/strong><\/p>\n<p>N\u01a1i kh\u00f4 r\u00e1o, tho\u00e1ng m\u00e1t, nhi\u1ec7t \u0111\u1ed9 d\u01b0\u1edbi 30<sup>0<\/sup>C. Tr\u00e1nh \u00e1nh n\u1eafng tr\u1ef1c ti\u1ebfp, tr\u00e1nh xa t\u1ea7m tay tr\u1ebb em.<\/p>\n<p><strong>\u0110\u00d3NG G\u00d3I<\/strong><\/p>\n<p>10g\/g\u00f3i, 20g\/g\u00f3i, 50g\/g\u00f3i, 100g\/g\u00f3i, 1kg\/g\u00f3i, 1kg\/lon<\/p>\n<p><strong>H\u1ea0N <\/strong><strong>D\u00d9NG<\/strong><\/p>\n<p>36 th\u00e1ng k\u1ec3 t\u1eeb ng\u00e0y s\u1ea3n xu\u1ea5t.<\/p>\n","protected":false},"featured_media":10558,"comment_status":"closed","ping_status":"closed","template":"","meta":[],"product_brand":[],"product_cat":[62,120],"product_tag":[],"class_list":{"0":"post-8777","1":"product","2":"type-product","3":"status-publish","4":"has-post-thumbnail","6":"product_cat-thuoc-thu-y","7":"product_cat-dinh-duong-bot","9":"first","10":"instock","11":"shipping-taxable","12":"purchasable","13":"product-type-variable"},"_links":{"self":[{"href":"https:\/\/mebipha.com\/online\/wp-json\/wp\/v2\/product\/8777","targetHints":{"allow":["GET"]}}],"collection":[{"href":"https:\/\/mebipha.com\/online\/wp-json\/wp\/v2\/product"}],"about":[{"href":"https:\/\/mebipha.com\/online\/wp-json\/wp\/v2\/types\/product"}],"replies":[{"embeddable":true,"href":"https:\/\/mebipha.com\/online\/wp-json\/wp\/v2\/comments?post=8777"}],"wp:featuredmedia":[{"embeddable":true,"href":"https:\/\/mebipha.com\/online\/wp-json\/wp\/v2\/media\/10558"}],"wp:attachment":[{"href":"https:\/\/mebipha.com\/online\/wp-json\/wp\/v2\/media?parent=8777"}],"wp:term":[{"taxonomy":"product_brand","embeddable":true,"href":"https:\/\/mebipha.com\/online\/wp-json\/wp\/v2\/product_brand?post=8777"},{"taxonomy":"product_cat","embeddable":true,"href":"https:\/\/mebipha.com\/online\/wp-json\/wp\/v2\/product_cat?post=8777"},{"taxonomy":"product_tag","embeddable":true,"href":"https:\/\/mebipha.com\/online\/wp-json\/wp\/v2\/product_tag?post=8777"}],"curies":[{"name":"wp","href":"https:\/\/api.w.org\/{rel}","templated":true}]}}