{"id":8773,"date":"2023-04-12T10:12:16","date_gmt":"2023-04-12T03:12:16","guid":{"rendered":"https:\/\/mebipha.com\/online\/?post_type=product&#038;p=8773"},"modified":"2025-12-29T13:28:15","modified_gmt":"2025-12-29T06:28:15","slug":"linspec-100-ws-2","status":"publish","type":"product","link":"https:\/\/mebipha.com\/online\/linspec-100-ws-2\/","title":{"rendered":"LINSPEC 100 WS"},"content":{"rendered":"<p><strong>\u0110\u1eb6C TR\u1eca CRD, CCRD<\/strong><\/p>\n<p><strong>Thu\u1ed1c b\u1ed9t pha n\u01b0\u1edbc u\u1ed1ng<\/strong><\/p>\n<p><strong>C\u00d4NG TH\u1ee8C<\/strong><\/p>\n<p>Lincomycin HCl: 33,3g<\/p>\n<p>Spectinomycin HCl: 66,7g<\/p>\n<p>T\u00e1 d\u01b0\u1ee3c v\u1eeba \u0111\u1ee7: 150g<\/p>\n<p><strong>\u0110\u1eb6C T\u00cdNH D\u01af\u1ee2C L\u00dd S\u1ea2N PH\u1ea8M<\/strong><\/p>\n<p>S\u1ef1 k\u1ebft h\u1ee3p gi\u1eefa Lincomycin v\u00e0 Spectinomycin cho t\u00e1c d\u1ee5ng hi\u1ec7p \u0111\u1ed3ng b\u1eb1ng c\u01a1 ch\u1ebf ng\u0103n ch\u1eb7n s\u1ef1 t\u1ed5ng h\u1ee3p protein c\u1ee7a vi khu\u1ea9n.<\/p>\n<p>Lincomycin ho\u1ea1t \u0111\u1ed9ng ch\u1ee7 y\u1ebfu ch\u1ed1ng l\u1ea1i <em>Mycoplasma <\/em>spp., <em>Treponema<\/em> spp., <em>Campylobacter<\/em> spp. v\u00e0 vi khu\u1ea9n Gram d\u01b0\u01a1ng nh\u01b0 <em>Staphylococcus<\/em>, <em>Streptococcus<\/em>, <em>Corynebacterium<\/em> spp. v\u00e0 <em>Erysipelothrix rhusiopathiae.<\/em><\/p>\n<p>Spectinomycin ho\u1ea1t \u0111\u1ed9ng ch\u1ee7 y\u1ebfu ch\u1ed1ng l\u1ea1i <em>Mycoplasma <\/em>spp. v\u00e0 vi khu\u1ea9n Gram \u00e2m nh\u01b0 <em>E. coli<\/em> v\u00e0 <em>Pasteurella <\/em>v\u00e0 <em>Salmonella<\/em> spp.<\/p>\n<p><strong>C\u00d4NG D\u1ee4NG S\u1ea2N PH\u1ea8M<\/strong><\/p>\n<p>Tr\u1ecb b\u1ec7nh h\u00f4 h\u1ea5p m\u00e3n t\u00ednh (CRD) tr\u00ean gia c\u1ea7m v\u00e0 c\u00e1c bi\u1ebfn ch\u1ee9ng c\u1ee7a b\u1ec7nh (CCRD): kh\u00f3 th\u1edf, th\u1edf kh\u00f2 kh\u00e8, ch\u1ea3y n\u01b0\u1edbc m\u0169i, s\u01b0ng ph\u00f9 \u0111\u1ea7u\u2026<\/p>\n<p>Tr\u1ecb b\u1ec7nh vi\u00eam kh\u1edbp do Mycoplasma: s\u01b0ng kh\u1edbp, g\u00e0 \u0111i \u0111\u1ee9ng kh\u00f3 kh\u0103n ho\u1eb7c kh\u00f4ng \u0111i \u0111\u01b0\u1ee3c.<\/p>\n<p><strong>CH\u1ed0NG CH\u1ec8 \u0110\u1ecaNH<\/strong><\/p>\n<p>Th\u00fa m\u1eabn c\u1ea3m v\u1edbi c\u00e1c th\u00e0nh ph\u1ea7n c\u1ee7a thu\u1ed1c.<\/p>\n<p>Th\u00fa b\u1ecb suy gi\u1ea3m ch\u1ee9c n\u0103ng gan nghi\u00eam tr\u1ecdng.<\/p>\n<p>Kh\u00f4ng d\u00f9ng cho g\u00e0 \u0111\u1ebb tr\u1ee9ng l\u00e0m th\u1ee9c \u0103n cho ng\u01b0\u1eddi.<\/p>\n<p><strong>S\u1eec D\u1ee4NG<\/strong><\/p>\n<p>Ph\u00f2ng b\u1ec7nh: 1g\/40-50kg th\u1ec3 tr\u1ecdng ho\u1eb7c 1g\/4 l\u00edt n\u01b0\u1edbc u\u1ed1ng.<\/p>\n<p>Tr\u1ecb b\u1ec7nh: 1g\/25 \u2013 30kg th\u1ec3 tr\u1ecdng ho\u1eb7c 1g\/2 l\u00edt n\u01b0\u1edbc u\u1ed1ng.<\/p>\n<p>Th\u1eddi gian ng\u01b0ng s\u1eed d\u1ee5ng thu\u1ed1c: 5 ng\u00e0y tr\u01b0\u1edbc khi gi\u1ebft th\u1ecbt.<\/p>\n<p><strong>H\u1ea0N S\u1eec D\u1ee4NG S\u1ea2N PH\u1ea8M<\/strong><\/p>\n<p>24 th\u00e1ng k\u1ec3 t\u1eeb ng\u00e0y s\u1ea3n xu\u1ea5t.<\/p>\n<p><strong>B\u1ea2O QU\u1ea2N<\/strong><\/p>\n<p>N\u01a1i kh\u00f4 r\u00e1o, tho\u00e1ng m\u00e1t, nhi\u1ec7t \u0111\u1ed9 d\u01b0\u1edbi 30<sup>0<\/sup>C, tr\u00e1nh \u00e1nh n\u1eafng tr\u1ef1c ti\u1ebfp. Tr\u00e1nh xa t\u1ea7m tay tr\u1ebb em.<\/p>\n<p><strong>\u0110\u00d3NG G\u00d3I<\/strong><\/p>\n<p>150g\/g\u00f3i, 500g\/g\u00f3i<\/p>\n","protected":false},"excerpt":{"rendered":"<p><strong>\u0110\u1eb6C TR\u1eca CRD, CCRD<\/strong><\/p>\n<p><strong>Thu\u1ed1c b\u1ed9t pha n\u01b0\u1edbc u\u1ed1ng<\/strong><\/p>\n<p><strong>C\u00d4NG TH\u1ee8C<\/strong><\/p>\n<p>Lincomycin HCl: 33,3g<\/p>\n<p>Spectinomycin HCl: 66,7g<\/p>\n<p>T\u00e1 d\u01b0\u1ee3c v\u1eeba \u0111\u1ee7: 150g<\/p>\n<p><strong>C\u00d4NG D\u1ee4NG S\u1ea2N PH\u1ea8M<\/strong><\/p>\n<p>Tr\u1ecb b\u1ec7nh h\u00f4 h\u1ea5p m\u00e3n t\u00ednh (CRD) tr\u00ean gia c\u1ea7m v\u00e0 c\u00e1c bi\u1ebfn ch\u1ee9ng c\u1ee7a b\u1ec7nh (CCRD): kh\u00f3 th\u1edf, th\u1edf kh\u00f2 kh\u00e8, ch\u1ea3y n\u01b0\u1edbc m\u0169i, s\u01b0ng ph\u00f9 \u0111\u1ea7u\u2026<\/p>\n<p>Tr\u1ecb b\u1ec7nh vi\u00eam kh\u1edbp do Mycoplasma: s\u01b0ng kh\u1edbp, g\u00e0 \u0111i \u0111\u1ee9ng kh\u00f3 kh\u0103n ho\u1eb7c kh\u00f4ng \u0111i \u0111\u01b0\u1ee3c.<\/p>\n<p><strong>CH\u1ed0NG CH\u1ec8 \u0110\u1ecaNH<\/strong><\/p>\n<p>Th\u00fa m\u1eabn c\u1ea3m v\u1edbi c\u00e1c th\u00e0nh ph\u1ea7n c\u1ee7a thu\u1ed1c.<\/p>\n<p>Th\u00fa b\u1ecb suy gi\u1ea3m ch\u1ee9c n\u0103ng gan nghi\u00eam tr\u1ecdng.<\/p>\n<p>Kh\u00f4ng d\u00f9ng cho g\u00e0 \u0111\u1ebb tr\u1ee9ng l\u00e0m th\u1ee9c \u0103n cho ng\u01b0\u1eddi.<\/p>\n<p><strong>S\u1eec D\u1ee4NG<\/strong><\/p>\n<p>Ph\u00f2ng b\u1ec7nh: 1g\/40-50kg th\u1ec3 tr\u1ecdng ho\u1eb7c 1g\/4 l\u00edt n\u01b0\u1edbc u\u1ed1ng.<\/p>\n<p>Tr\u1ecb b\u1ec7nh: 1g\/25 \u2013 30kg th\u1ec3 tr\u1ecdng ho\u1eb7c 1g\/2 l\u00edt n\u01b0\u1edbc u\u1ed1ng.<\/p>\n<p>Th\u1eddi gian ng\u01b0ng s\u1eed d\u1ee5ng thu\u1ed1c: 5 ng\u00e0y tr\u01b0\u1edbc khi gi\u1ebft th\u1ecbt.<\/p>\n<p><strong>H\u1ea0N S\u1eec D\u1ee4NG S\u1ea2N PH\u1ea8M<\/strong><\/p>\n<p>24 th\u00e1ng k\u1ec3 t\u1eeb ng\u00e0y s\u1ea3n xu\u1ea5t.<\/p>\n<p><strong>B\u1ea2O QU\u1ea2N<\/strong><\/p>\n<p>N\u01a1i kh\u00f4 r\u00e1o, tho\u00e1ng m\u00e1t, nhi\u1ec7t \u0111\u1ed9 d\u01b0\u1edbi 30<sup>0<\/sup>C, tr\u00e1nh \u00e1nh n\u1eafng tr\u1ef1c ti\u1ebfp. Tr\u00e1nh xa t\u1ea7m tay tr\u1ebb em.<\/p>\n<p><strong>\u0110\u00d3NG G\u00d3I<\/strong><\/p>\n<p>150g\/g\u00f3i, 500g\/g\u00f3i<\/p>\n","protected":false},"featured_media":8816,"comment_status":"closed","ping_status":"closed","template":"","meta":[],"product_brand":[],"product_cat":[62,142,120],"product_tag":[],"class_list":{"0":"post-8773","1":"product","2":"type-product","3":"status-publish","4":"has-post-thumbnail","6":"product_cat-thuoc-thu-y","7":"product_cat-danh-muc-san-pham-gia-cam","8":"product_cat-dinh-duong-bot","10":"first","11":"instock","12":"shipping-taxable","13":"purchasable","14":"product-type-variable"},"_links":{"self":[{"href":"https:\/\/mebipha.com\/online\/wp-json\/wp\/v2\/product\/8773","targetHints":{"allow":["GET"]}}],"collection":[{"href":"https:\/\/mebipha.com\/online\/wp-json\/wp\/v2\/product"}],"about":[{"href":"https:\/\/mebipha.com\/online\/wp-json\/wp\/v2\/types\/product"}],"replies":[{"embeddable":true,"href":"https:\/\/mebipha.com\/online\/wp-json\/wp\/v2\/comments?post=8773"}],"wp:featuredmedia":[{"embeddable":true,"href":"https:\/\/mebipha.com\/online\/wp-json\/wp\/v2\/media\/8816"}],"wp:attachment":[{"href":"https:\/\/mebipha.com\/online\/wp-json\/wp\/v2\/media?parent=8773"}],"wp:term":[{"taxonomy":"product_brand","embeddable":true,"href":"https:\/\/mebipha.com\/online\/wp-json\/wp\/v2\/product_brand?post=8773"},{"taxonomy":"product_cat","embeddable":true,"href":"https:\/\/mebipha.com\/online\/wp-json\/wp\/v2\/product_cat?post=8773"},{"taxonomy":"product_tag","embeddable":true,"href":"https:\/\/mebipha.com\/online\/wp-json\/wp\/v2\/product_tag?post=8773"}],"curies":[{"name":"wp","href":"https:\/\/api.w.org\/{rel}","templated":true}]}}