{"id":8763,"date":"2023-04-11T15:56:30","date_gmt":"2023-04-11T08:56:30","guid":{"rendered":"https:\/\/mebipha.com\/online\/?post_type=product&#038;p=8763"},"modified":"2025-12-29T16:10:37","modified_gmt":"2025-12-29T09:10:37","slug":"tylan-powder","status":"publish","type":"product","link":"https:\/\/mebipha.com\/online\/tylan-powder\/","title":{"rendered":"TYLAN POWDER"},"content":{"rendered":"<p><strong>\u0110\u1eb6C TR\u1eca C\u00c1C B\u1ec6NH \u0110\u01af\u1edcNG H\u00d4 H\u1ea4P TR\u00caN HEO, GIA C\u1ea6M<\/strong><\/p>\n<p><strong>Thu\u1ed1c b\u1ed9t tr\u1ed9n th\u1ee9c \u0103n ho\u1eb7c pha n\u01b0\u1edbc u\u1ed1ng<\/strong><\/p>\n<p><strong>C\u00d4NG TH\u1ee8C<\/strong><\/p>\n<p>Tylosin phosphate: 200g<\/p>\n<p>T\u00e1 d\u01b0\u1ee3c v\u1eeba \u0111\u1ee7: 1kg<\/p>\n<p><strong>\u0110\u1eb6C T\u00cdNH D\u01af\u1ee2C L\u00dd S\u1ea2N PH\u1ea8M<\/strong><\/p>\n<p>Tylosin \u1ee9c ch\u1ebf t\u1ed5ng h\u1ee3p protein \u1edf vi khu\u1ea9n, g\u00e2y r\u1ed1i lo\u1ea1n qu\u00e1 tr\u00ecnh ph\u00e1t tri\u1ec3n c\u1ee7a vi khu\u1ea9n. Ph\u1ed5 kh\u00e1ng khu\u1ea9n h\u1eb9p t\u00e1c \u0111\u1ed9ng ch\u1ee7 y\u1ebfu tr\u00ean vi khu\u1ea9n Gr (-) v\u00e0 m\u1ed9t s\u1ed1 vi khu\u1ea9n Gr (+) nh\u01b0: <em>Mycobacterium tuberculosis<\/em>, <em>E.coli<\/em>, <em>Staphylococcus aureus<\/em>, <em>Haemophillus influenza<\/em>, <em>Corynebacterium spp<\/em>, <em>Proteus<\/em>, <em>Klebsiella<\/em>, <em>Bacillus anthracis<\/em>, <em>Leptospira<\/em>\u2026.<\/p>\n<p>Tylosin \u0111\u01b0\u1ee3c h\u1ea5p thu t\u1ed1t t\u1eeb \u0111\u01b0\u1eddng ti\u00eau h\u00f3a, ch\u1ee7 y\u1ebfu l\u00e0 t\u1eeb ru\u1ed9t, \u0111\u01b0\u1ee3c ph\u00e2n b\u1ed1 trong c\u01a1 th\u1ec3 sau khi h\u1ea5p thu to\u00e0n th\u00e2n,\u00a0 th\u00e2m nh\u1eadp v\u00e0o d\u1ecbch n\u00e3o t\u1ee7y. Tylosin \u0111\u01b0\u1ee3c \u0111\u00e0o th\u1ea3i trong n\u01b0\u1edbc ti\u1ec3u v\u00e0 m\u1eadt d\u01b0\u1eddng nh\u01b0 l\u00e0 kh\u00f4ng \u0111\u1ed5i. Th\u1eddi gian b\u00e1n th\u1ea3i c\u1ee7a tylosin l\u00e0\u00a0 54 ph\u00fat \u1edf \u0111\u1ed9ng v\u1eadt nh\u1ecf, 139 ph\u00fat trong b\u00ea s\u01a1 sinh v\u00e0 64 ph\u00fat trong b\u00ea t\u1eeb 2 th\u00e1ng tu\u1ed5i tr\u1edf l\u00ean.<\/p>\n<p><strong>C\u00d4NG D\u1ee4NG S\u1ea2N PH\u1ea8M<\/strong><\/p>\n<p><strong>Tr\u00ean heo<\/strong>: tr\u1ecb b\u1ec7nh vi\u00eam ph\u1ed5i \u0111\u1ecba ph\u01b0\u01a1ng (SEP).<\/p>\n<p><strong>Tr\u00ean g\u00e0<\/strong>: tr\u1ecb b\u1ec7nh h\u00f4 h\u1ea5p m\u00e3n t\u00ednh (CRD) do <em>Mycoplasma gallisepticum<\/em> g\u00e2y ra tr\u00ean g\u00e0 v\u1edbi c\u00e1c tri\u1ec7u ch\u1ee9ng nh\u01b0: ho, s\u1ed5 m\u0169i, ch\u1ea3y n\u01b0\u1edbc m\u1eaft, vi\u00eam kh\u1edbp, s\u01b0ng ph\u00f9 \u0111\u1ea7u.<\/p>\n<p><strong>CH\u1ed0NG CH\u1ec8 \u0110\u1ecaNH<\/strong><\/p>\n<p>Kh\u00f4ng d\u00f9ng cho th\u00fa m\u1eabn c\u1ea3m v\u1edbi thu\u1ed1c.<\/p>\n<p><strong>S\u1eec D\u1ee4NG<\/strong><\/p>\n<p>H\u00f2a tan v\u00e0o n\u01b0\u1edbc u\u1ed1ng ho\u1eb7c tr\u1ed9n \u0111\u1ec1u v\u00e0o th\u1ee9c \u0103n.<\/p>\n<p><strong>Heo: <\/strong><\/p>\n<p>Li\u1ec1u t\u1ed5ng qu\u00e1t: 1g\/15kg th\u1ec3 tr\u1ecdng.<\/p>\n<p>Tr\u1ecb b\u1ec7nh: 2kg\/1 t\u1ea5n th\u1ee9c \u0103n, d\u00f9ng li\u00ean t\u1ee5c 5-7 ng\u00e0y.<\/p>\n<p><strong>G\u00e0: <\/strong><\/p>\n<p>Li\u1ec1u t\u1ed5ng qu\u00e1t: 1g\/10kg th\u1ec3 tr\u1ecdng.<\/p>\n<p>G\u00e0 con, g\u00e0 \u0111\u1ebb, g\u00e0 gi\u1ed1ng: 1g\/2-3 l\u00edt n\u01b0\u1edbc u\u1ed1ng.<\/p>\n<p>G\u00e0 th\u1ecbt: 1g\/2 l\u00edt n\u01b0\u1edbc u\u1ed1ng.<\/p>\n<p>D\u00f9ng li\u00ean t\u1ee5c 5-7 ng\u00e0y.<\/p>\n<p><strong>Th\u1eddi gian ng\u01b0ng s\u1eed d\u1ee5ng thu\u1ed1c<\/strong><\/p>\n<p>G\u00e0: 7 ng\u00e0y tr\u01b0\u1edbc khi gi\u1ebft th\u1ecbt.<\/p>\n<p>Heo: 5 ng\u00e0y tr\u01b0\u1edbc khi gi\u1ebft th\u1ecbt<\/p>\n<p><strong>B\u1ea2O QU\u1ea2N<\/strong><\/p>\n<p>N\u01a1i kh\u00f4 r\u00e1o, tho\u00e1ng m\u00e1t, nhi\u1ec7t \u0111\u1ed9 d\u01b0\u1edbi 30<sup>0<\/sup>C, tr\u00e1nh \u00e1nh n\u1eafng tr\u1ef1c ti\u1ebfp. Tr\u00e1nh xa t\u1ea7m tay tr\u1ebb em.<\/p>\n<p><strong>H\u1ea0N D\u00d9NG <\/strong><\/p>\n<p>24 th\u00e1ng k\u1ec3 t\u1eeb ng\u00e0y s\u1ea3n xu\u1ea5t.<\/p>\n<p><strong>\u0110\u00d3NG G\u00d3I<\/strong><\/p>\n<p>100g\/g\u00f3i, 1kg\/g\u00f3i (10 trong 1)<\/p>\n","protected":false},"excerpt":{"rendered":"<p><strong>\u0110\u1eb6C TR\u1eca C\u00c1C B\u1ec6NH \u0110\u01af\u1edcNG H\u00d4 H\u1ea4P TR\u00caN HEO, GIA C\u1ea6M<\/strong><\/p>\n<p><strong>Thu\u1ed1c b\u1ed9t tr\u1ed9n th\u1ee9c \u0103n ho\u1eb7c pha n\u01b0\u1edbc u\u1ed1ng<\/strong><\/p>\n<p><strong>C\u00d4NG TH\u1ee8C<\/strong><\/p>\n<p>Tylosin phosphate: 200g<\/p>\n<p>T\u00e1 d\u01b0\u1ee3c v\u1eeba \u0111\u1ee7: 1kg<\/p>\n<p><strong>C\u00d4NG D\u1ee4NG S\u1ea2N PH\u1ea8M<\/strong><\/p>\n<p><strong>Tr\u00ean heo<\/strong>: tr\u1ecb b\u1ec7nh vi\u00eam ph\u1ed5i \u0111\u1ecba ph\u01b0\u01a1ng (SEP).<\/p>\n<p><strong>Tr\u00ean g\u00e0<\/strong>: tr\u1ecb b\u1ec7nh h\u00f4 h\u1ea5p m\u00e3n t\u00ednh (CRD) do <em>Mycoplasma gallisepticum<\/em> g\u00e2y ra tr\u00ean g\u00e0 v\u1edbi c\u00e1c tri\u1ec7u ch\u1ee9ng nh\u01b0: ho, s\u1ed5 m\u0169i, ch\u1ea3y n\u01b0\u1edbc m\u1eaft, vi\u00eam kh\u1edbp, s\u01b0ng ph\u00f9 \u0111\u1ea7u.<\/p>\n<p><strong>CH\u1ed0NG CH\u1ec8 \u0110\u1ecaNH<\/strong><\/p>\n<p>Kh\u00f4ng d\u00f9ng cho th\u00fa m\u1eabn c\u1ea3m v\u1edbi thu\u1ed1c.<\/p>\n<p><strong>S\u1eec D\u1ee4NG<\/strong><\/p>\n<p>H\u00f2a tan v\u00e0o n\u01b0\u1edbc u\u1ed1ng ho\u1eb7c tr\u1ed9n \u0111\u1ec1u v\u00e0o th\u1ee9c \u0103n.<\/p>\n<p><strong>Heo: <\/strong><\/p>\n<p>Li\u1ec1u t\u1ed5ng qu\u00e1t: 1g\/15kg th\u1ec3 tr\u1ecdng.<\/p>\n<p>Tr\u1ecb b\u1ec7nh: 2kg\/1 t\u1ea5n th\u1ee9c \u0103n, d\u00f9ng li\u00ean t\u1ee5c 5-7 ng\u00e0y.<\/p>\n<p><strong>G\u00e0: <\/strong><\/p>\n<p>Li\u1ec1u t\u1ed5ng qu\u00e1t: 1g\/10kg th\u1ec3 tr\u1ecdng.<\/p>\n<p>G\u00e0 con, g\u00e0 \u0111\u1ebb, g\u00e0 gi\u1ed1ng: 1g\/2-3 l\u00edt n\u01b0\u1edbc u\u1ed1ng.<\/p>\n<p>G\u00e0 th\u1ecbt: 1g\/2 l\u00edt n\u01b0\u1edbc u\u1ed1ng.<\/p>\n<p>D\u00f9ng li\u00ean t\u1ee5c 5-7 ng\u00e0y.<\/p>\n<p><strong>Th\u1eddi gian ng\u01b0ng s\u1eed d\u1ee5ng thu\u1ed1c<\/strong><\/p>\n<p>G\u00e0: 7 ng\u00e0y tr\u01b0\u1edbc khi gi\u1ebft th\u1ecbt.<\/p>\n<p>Heo: 5 ng\u00e0y tr\u01b0\u1edbc khi gi\u1ebft th\u1ecbt<\/p>\n<p><strong>B\u1ea2O QU\u1ea2N<\/strong><\/p>\n<p>N\u01a1i kh\u00f4 r\u00e1o, tho\u00e1ng m\u00e1t, nhi\u1ec7t \u0111\u1ed9 d\u01b0\u1edbi 30<sup>0<\/sup>C, tr\u00e1nh \u00e1nh n\u1eafng tr\u1ef1c ti\u1ebfp. Tr\u00e1nh xa t\u1ea7m tay tr\u1ebb em.<\/p>\n<p><strong>H\u1ea0N D\u00d9NG <\/strong><\/p>\n<p>24 th\u00e1ng k\u1ec3 t\u1eeb ng\u00e0y s\u1ea3n xu\u1ea5t.<\/p>\n<p><strong>\u0110\u00d3NG G\u00d3I<\/strong><\/p>\n<p>100g\/g\u00f3i, 1kg\/g\u00f3i (10 trong 1)<\/p>\n","protected":false},"featured_media":8817,"comment_status":"closed","ping_status":"closed","template":"","meta":[],"product_brand":[],"product_cat":[62,142,120],"product_tag":[],"class_list":{"0":"post-8763","1":"product","2":"type-product","3":"status-publish","4":"has-post-thumbnail","6":"product_cat-thuoc-thu-y","7":"product_cat-danh-muc-san-pham-gia-cam","8":"product_cat-dinh-duong-bot","10":"first","11":"instock","12":"shipping-taxable","13":"purchasable","14":"product-type-variable"},"_links":{"self":[{"href":"https:\/\/mebipha.com\/online\/wp-json\/wp\/v2\/product\/8763","targetHints":{"allow":["GET"]}}],"collection":[{"href":"https:\/\/mebipha.com\/online\/wp-json\/wp\/v2\/product"}],"about":[{"href":"https:\/\/mebipha.com\/online\/wp-json\/wp\/v2\/types\/product"}],"replies":[{"embeddable":true,"href":"https:\/\/mebipha.com\/online\/wp-json\/wp\/v2\/comments?post=8763"}],"wp:featuredmedia":[{"embeddable":true,"href":"https:\/\/mebipha.com\/online\/wp-json\/wp\/v2\/media\/8817"}],"wp:attachment":[{"href":"https:\/\/mebipha.com\/online\/wp-json\/wp\/v2\/media?parent=8763"}],"wp:term":[{"taxonomy":"product_brand","embeddable":true,"href":"https:\/\/mebipha.com\/online\/wp-json\/wp\/v2\/product_brand?post=8763"},{"taxonomy":"product_cat","embeddable":true,"href":"https:\/\/mebipha.com\/online\/wp-json\/wp\/v2\/product_cat?post=8763"},{"taxonomy":"product_tag","embeddable":true,"href":"https:\/\/mebipha.com\/online\/wp-json\/wp\/v2\/product_tag?post=8763"}],"curies":[{"name":"wp","href":"https:\/\/api.w.org\/{rel}","templated":true}]}}