{"id":8758,"date":"2023-04-11T15:45:23","date_gmt":"2023-04-11T08:45:23","guid":{"rendered":"https:\/\/mebipha.com\/online\/?post_type=product&#038;p=8758"},"modified":"2025-12-29T14:57:10","modified_gmt":"2025-12-29T07:57:10","slug":"kitasamycine-2","status":"publish","type":"product","link":"https:\/\/mebipha.com\/online\/kitasamycine-2\/","title":{"rendered":"KITASAMYCINE"},"content":{"rendered":"<p><strong>\u0110\u1eb6C TR\u1eca B\u1ec6NH \u0110\u01af\u1edcNG H\u00d4 H\u1ea4P, TI\u00caU H\u00d3A TR\u00caN HEO<\/strong><\/p>\n<p><strong>Thu\u1ed1c b\u1ed9t tr\u1ed9n th\u1ee9c \u0103n<\/strong><\/p>\n<p><strong>C\u00d4NG TH\u1ee8C<\/strong><\/p>\n<p>Kitasamycine base: 200.000.000 UI<\/p>\n<p>T\u00e1 d\u01b0\u1ee3c v\u1eeba \u0111\u1ee7: 1kg<\/p>\n<p><strong>\u0110\u1eb6C T\u00cdNH D\u01af\u1ee2C L\u00dd S\u1ea2N PH\u1ea8M<\/strong><\/p>\n<p>Kitasamycine l\u00e0 m\u1ed9t kh\u00e1ng sinh thu\u1ed9c nh\u00f3m Macrolide. C\u00e1c kh\u00e1ng sinh n\u00e0y \u1ee9c ch\u1ebf t\u1ed5ng h\u1ee3p protein b\u1eb1ng c\u00e1ch g\u1eafn k\u1ebft v\u1edbi ti\u1ec3u \u0111\u01a1n v\u1ecb ribosome 50S c\u1ee7a vi khu\u1ea9n v\u00e0 \u1ee9c ch\u1ebf ho\u1ea1t \u0111\u1ed9ng peptidyltransferase. <strong>Kitasamycin\u00a0<\/strong>ho\u1ea1t \u0111\u1ed9ng ch\u1ed1ng l\u1ea1i vi khu\u1ea9nG(+):\u00a0<em>Staphylococcus spp., Streptococcus spp.<\/em>,\u00a0<em>Clostridium spp., Bacillus anthrocis, Listeria monocytogenes<\/em>\u00a0v\u00e0 m\u1ed9t s\u1ed1 vi khu\u1ea9n G(-):\u00a0<em>Haemophilus spp., Brucella spp., <\/em><em>v\u00e0 Mycoplasma spp., Chlamydia spp., Rickettsia spp.<\/em>, vv\u2026Kitasamycine c\u00f3 \u0111\u1eb7c t\u00ednh k\u00edch th\u00edch mi\u1ec5n d\u1ecbch nh\u1edd v\u00e0o kh\u1ea3 n\u0103ng t\u1eadp trung cao trong \u0111\u1ea1i th\u1ef1c b\u00e0o.<\/p>\n<p><strong>C\u00d4NG D\u1ee4NG S\u1ea2N PH\u1ea8M<\/strong><\/p>\n<p>Tr\u1ecb vi\u00eam ph\u1ed5i do <em>Mycoplasma<\/em>, h\u1ed3ng l\u1ef5, vi\u00eam ru\u1ed9t ho\u1ea1i t\u1eed, vi\u00eam h\u1ed3i manh tr\u00e0ng, ti\u00eau ch\u1ea3y do <em>E.coli<\/em> tr\u00ean heo.<\/p>\n<p><strong>CH\u1ed0NG CH\u1ec8 \u0110\u1ecaNH<\/strong><\/p>\n<p>Kh\u00f4ng d\u00f9ng cho th\u00fa m\u1eabn c\u1ea3m v\u1edbi thu\u1ed1c.<\/p>\n<p><strong>S\u1eec D\u1ee4NG<\/strong><\/p>\n<p>Tr\u1ed9n \u0111\u1ec1u v\u00e0o th\u1ee9c \u0103n.<\/p>\n<p>Tr\u00ean heo:<\/p>\n<p>1g\/15kg th\u1ec3 tr\u1ecdng ho\u1eb7c 1kg\/500kg th\u1ee9c \u0103n, d\u00f9ng li\u00ean t\u1ee5c 5-7 ng\u00e0y.<\/p>\n<p><strong>Th\u1eddi gian ng\u01b0ng s\u1eed d\u1ee5ng thu\u1ed1c<\/strong><\/p>\n<p>10 ng\u00e0y tr\u01b0\u1edbc khi gi\u1ebft th\u1ecbt.<\/p>\n<p><strong>B\u1ea2O QU\u1ea2N<\/strong><\/p>\n<p>N\u01a1i kh\u00f4 r\u00e1o, tho\u00e1ng m\u00e1t, nhi\u1ec7t \u0111\u1ed9 d\u01b0\u1edbi 30<sup>0<\/sup>C, tr\u00e1nh \u00e1nh n\u1eafng tr\u1ef1c ti\u1ebfp. Tr\u00e1nh xa t\u1ea7m tay tr\u1ebb em.<\/p>\n<p><strong>H\u1ea0N D\u00d9NG <\/strong><\/p>\n<p>36 th\u00e1ng k\u1ec3 t\u1eeb ng\u00e0y s\u1ea3n xu\u1ea5t.<\/p>\n<p><strong>\u0110\u00d3NG G\u00d3I<\/strong><\/p>\n<p>100g\/g\u00f3i, 1kg\/g\u00f3i (10 trong 1)<\/p>\n<p><strong>S\u1ed1 \u0111\u0103ng k\u00fd: MBP-115<\/strong><\/p>\n","protected":false},"excerpt":{"rendered":"<p><strong>\u0110\u1eb6C TR\u1eca B\u1ec6NH \u0110\u01af\u1edcNG H\u00d4 H\u1ea4P, TI\u00caU H\u00d3A TR\u00caN HEO<\/strong><\/p>\n<p><strong>Thu\u1ed1c b\u1ed9t tr\u1ed9n th\u1ee9c \u0103n<\/strong><\/p>\n<p><strong>C\u00d4NG TH\u1ee8C<\/strong><\/p>\n<p>Kitasamycine base: 200.000.000 UI<\/p>\n<p>T\u00e1 d\u01b0\u1ee3c v\u1eeba \u0111\u1ee7: 1kg<\/p>\n<p><strong>C\u00d4NG D\u1ee4NG S\u1ea2N PH\u1ea8M<\/strong><\/p>\n<p>Tr\u1ecb vi\u00eam ph\u1ed5i do <em>Mycoplasma<\/em>, h\u1ed3ng l\u1ef5, vi\u00eam ru\u1ed9t ho\u1ea1i t\u1eed, vi\u00eam h\u1ed3i manh tr\u00e0ng, ti\u00eau ch\u1ea3y do <em>E.coli<\/em> tr\u00ean heo.<\/p>\n<p><strong>CH\u1ed0NG CH\u1ec8 \u0110\u1ecaNH<\/strong><\/p>\n<p>Kh\u00f4ng d\u00f9ng cho th\u00fa m\u1eabn c\u1ea3m v\u1edbi thu\u1ed1c.<\/p>\n<p><strong>S\u1eec D\u1ee4NG<\/strong><\/p>\n<p>Tr\u1ed9n \u0111\u1ec1u v\u00e0o th\u1ee9c \u0103n.<\/p>\n<p>Tr\u00ean heo:<\/p>\n<p>1g\/15kg th\u1ec3 tr\u1ecdng ho\u1eb7c 1kg\/500kg th\u1ee9c \u0103n, d\u00f9ng li\u00ean t\u1ee5c 5-7 ng\u00e0y.<\/p>\n<p><strong>Th\u1eddi gian ng\u01b0ng s\u1eed d\u1ee5ng thu\u1ed1c<\/strong><\/p>\n<p>10 ng\u00e0y tr\u01b0\u1edbc khi gi\u1ebft th\u1ecbt.<\/p>\n<p><strong>B\u1ea2O QU\u1ea2N<\/strong><\/p>\n<p>N\u01a1i kh\u00f4 r\u00e1o, tho\u00e1ng m\u00e1t, nhi\u1ec7t \u0111\u1ed9 d\u01b0\u1edbi 30<sup>0<\/sup>C, tr\u00e1nh \u00e1nh n\u1eafng tr\u1ef1c ti\u1ebfp. Tr\u00e1nh xa t\u1ea7m tay tr\u1ebb em.<\/p>\n<p><strong>H\u1ea0N D\u00d9NG <\/strong><\/p>\n<p>36 th\u00e1ng k\u1ec3 t\u1eeb ng\u00e0y s\u1ea3n xu\u1ea5t.<\/p>\n<p><strong>\u0110\u00d3NG G\u00d3I<\/strong><\/p>\n<p>100g\/g\u00f3i, 1kg\/g\u00f3i (10 trong 1)<\/p>\n","protected":false},"featured_media":8813,"comment_status":"closed","ping_status":"closed","template":"","meta":[],"product_brand":[],"product_cat":[62,120],"product_tag":[],"class_list":{"0":"post-8758","1":"product","2":"type-product","3":"status-publish","4":"has-post-thumbnail","6":"product_cat-thuoc-thu-y","7":"product_cat-dinh-duong-bot","9":"first","10":"instock","11":"shipping-taxable","12":"purchasable","13":"product-type-variable"},"_links":{"self":[{"href":"https:\/\/mebipha.com\/online\/wp-json\/wp\/v2\/product\/8758","targetHints":{"allow":["GET"]}}],"collection":[{"href":"https:\/\/mebipha.com\/online\/wp-json\/wp\/v2\/product"}],"about":[{"href":"https:\/\/mebipha.com\/online\/wp-json\/wp\/v2\/types\/product"}],"replies":[{"embeddable":true,"href":"https:\/\/mebipha.com\/online\/wp-json\/wp\/v2\/comments?post=8758"}],"wp:featuredmedia":[{"embeddable":true,"href":"https:\/\/mebipha.com\/online\/wp-json\/wp\/v2\/media\/8813"}],"wp:attachment":[{"href":"https:\/\/mebipha.com\/online\/wp-json\/wp\/v2\/media?parent=8758"}],"wp:term":[{"taxonomy":"product_brand","embeddable":true,"href":"https:\/\/mebipha.com\/online\/wp-json\/wp\/v2\/product_brand?post=8758"},{"taxonomy":"product_cat","embeddable":true,"href":"https:\/\/mebipha.com\/online\/wp-json\/wp\/v2\/product_cat?post=8758"},{"taxonomy":"product_tag","embeddable":true,"href":"https:\/\/mebipha.com\/online\/wp-json\/wp\/v2\/product_tag?post=8758"}],"curies":[{"name":"wp","href":"https:\/\/api.w.org\/{rel}","templated":true}]}}