{"id":8701,"date":"2023-02-21T13:39:43","date_gmt":"2023-02-21T06:39:43","guid":{"rendered":"https:\/\/mebipha.com\/online\/?post_type=product&#038;p=8701"},"modified":"2025-12-29T14:58:21","modified_gmt":"2025-12-29T07:58:21","slug":"mectin-oral-thu-y","status":"publish","type":"product","link":"https:\/\/mebipha.com\/online\/mectin-oral-thu-y\/","title":{"rendered":"MECTIN ORAL (Th\u00fa Y)"},"content":{"rendered":"<p><strong>C\u00d4NG TH\u1ee8C<\/strong><\/p>\n<p>Ivermectin\u20265.000mg<\/p>\n<p>Albendazole\u2026.50.000mg<\/p>\n<p>Dung m\u00f4i v\u1eeba \u0111\u1ee7\u2026\u2026..1 l\u00edt<\/p>\n<p><strong>CH\u1ec8 \u0110\u1ecaNH<\/strong><\/p>\n<p>C\u00e1c tr\u01b0\u1eddng h\u1ee3p nhi\u1ec5m ngo\u1ea1i k\u00ed sinh, nhi\u1ec5m giun tr\u00f2n v\u00e0 giun d\u1eb9p k\u00fd sinh trong d\u1ea1 d\u00e0y, ru\u1ed9t, \u0111\u01b0\u1eddng h\u00f4 h\u1ea5p v\u00e0 ti\u1ebft ni\u1ec7u c\u1ee7a gia c\u1ea7m.<\/p>\n<p><strong>CH\u1ed0NG CH\u1ec8 \u0110\u1ecaNH<\/strong><\/p>\n<p>Kh\u00f4ng d\u00f9ng cho th\u00fa m\u1eabn c\u1ea3m v\u1edbi th\u00e0nh ph\u1ea7n c\u1ee7a thu\u1ed1c.<\/p>\n<p><strong>LI\u1ec0U L\u01af\u1ee2NG &amp; H\u01af\u1edaNG D\u1eaaN S\u1eec D\u1ee4NG<\/strong><\/p>\n<p>Pha v\u00e0o n\u01b0\u1edbc u\u1ed1ng.<\/p>\n<p><strong>Gia c\u1ea7m: <\/strong>1ml\/5-10kg th\u1ec3 tr\u1ecdng.<\/p>\n<p><strong>X\u1ed5 l\u00e3i tr\u00ean gia c\u1ea7m th\u1ecbt: <\/strong>ch\u1ec9 x\u1ed5 1 li\u1ec1u.<\/p>\n<p><strong>G\u00e0 si\u00eau th\u1ecbt: <\/strong>x\u1ed5 v\u00e0o l\u00fac 3 tu\u1ea7n tu\u1ed5i.<\/p>\n<p><strong>G\u00e0 th\u1ecbt l\u00f4ng m\u00e0u: <\/strong>x\u1ed5 v\u00e0o l\u00fac 4 tu\u1ea7n tu\u1ed5i.<\/p>\n<p><strong>G\u00e0 \u0111\u1ebb h\u1eadu b\u1ecb: <\/strong>x\u1ed5 v\u00e0o l\u00fac 16 tu\u1ea7n tu\u1ed5i.<\/p>\n<p><strong>Th\u1eddi gian ng\u01b0ng s\u1eed d\u1ee5ng thu\u1ed1c:<\/strong><\/p>\n<p>Gia c\u1ea7m: 12 ng\u00e0y tr\u01b0\u1edbc khi gi\u1ebft th\u1ecbt.<\/p>\n<p><strong>CH\u1ec8 D\u00d9NG TRONG TH\u00da Y<\/strong><\/p>\n<p><strong>S\u0110K: MBP-116<\/strong><\/p>\n<p><strong>QUY C\u00c1CH:<\/strong> 50ml\/chai<\/p>\n<p><strong>S\u1ed1 l\u00f4, NSX &amp; HSD: Xem tr\u00ean bao b\u00ec<\/strong><\/p>\n","protected":false},"excerpt":{"rendered":"<p>D\u00f9ng trong c\u00e1c tr\u01b0\u1eddng h\u1ee3p nhi\u1ec5m ngo\u1ea1i k\u00ed sinh, nhi\u1ec5m giun tr\u00f2n v\u00e0 giun d\u1eb9p k\u00fd sinh trong d\u1ea1 d\u00e0y, ru\u1ed9t, \u0111\u01b0\u1eddng h\u00f4 h\u1ea5p v\u00e0 ti\u1ebft ni\u1ec7u c\u1ee7a gia c\u1ea7m.<\/p>\n<p><strong>CH\u1ed0NG CH\u1ec8 \u0110\u1ecaNH<\/strong><\/p>\n<p>Kh\u00f4ng d\u00f9ng cho th\u00fa m\u1eabn c\u1ea3m v\u1edbi th\u00e0nh ph\u1ea7n c\u1ee7a thu\u1ed1c.<\/p>\n","protected":false},"featured_media":9683,"comment_status":"closed","ping_status":"closed","template":"","meta":[],"product_brand":[],"product_cat":[62,122],"product_tag":[157,156,158],"class_list":{"0":"post-8701","1":"product","2":"type-product","3":"status-publish","4":"has-post-thumbnail","6":"product_cat-thuoc-thu-y","7":"product_cat-dung-dich-siro-uong","8":"product_tag-giun","9":"product_tag-ivermectin","10":"product_tag-san","12":"first","13":"instock","14":"shipping-taxable","15":"purchasable","16":"product-type-variable"},"_links":{"self":[{"href":"https:\/\/mebipha.com\/online\/wp-json\/wp\/v2\/product\/8701","targetHints":{"allow":["GET"]}}],"collection":[{"href":"https:\/\/mebipha.com\/online\/wp-json\/wp\/v2\/product"}],"about":[{"href":"https:\/\/mebipha.com\/online\/wp-json\/wp\/v2\/types\/product"}],"replies":[{"embeddable":true,"href":"https:\/\/mebipha.com\/online\/wp-json\/wp\/v2\/comments?post=8701"}],"wp:featuredmedia":[{"embeddable":true,"href":"https:\/\/mebipha.com\/online\/wp-json\/wp\/v2\/media\/9683"}],"wp:attachment":[{"href":"https:\/\/mebipha.com\/online\/wp-json\/wp\/v2\/media?parent=8701"}],"wp:term":[{"taxonomy":"product_brand","embeddable":true,"href":"https:\/\/mebipha.com\/online\/wp-json\/wp\/v2\/product_brand?post=8701"},{"taxonomy":"product_cat","embeddable":true,"href":"https:\/\/mebipha.com\/online\/wp-json\/wp\/v2\/product_cat?post=8701"},{"taxonomy":"product_tag","embeddable":true,"href":"https:\/\/mebipha.com\/online\/wp-json\/wp\/v2\/product_tag?post=8701"}],"curies":[{"name":"wp","href":"https:\/\/api.w.org\/{rel}","templated":true}]}}