{"id":8234,"date":"2022-10-12T09:25:18","date_gmt":"2022-10-12T02:25:18","guid":{"rendered":"https:\/\/mebipha.com\/online\/?post_type=product&#038;p=8234"},"modified":"2025-12-29T17:02:45","modified_gmt":"2025-12-29T10:02:45","slug":"clamox-wsp","status":"publish","type":"product","link":"https:\/\/mebipha.com\/online\/clamox-wsp\/","title":{"rendered":"CLAMOX WSP"},"content":{"rendered":"<p>\u0110\u1eb6C TR\u1eca NHI\u1ec4M TR\u00d9NG \u0110\u01af\u1edcNG H\u00d4 H\u1ea4P, \u0110\u01af\u1edcNG TI\u00caU H\u00d3A TR\u00caN GIA S\u00daC V\u00c0 GIA C\u1ea6M<\/p>\n<p><strong>C\u00d4NG TH\u1ee8C<\/strong><\/p>\n<p>Amoxicillin trihydrate\u2026\u2026\u2026\u2026\u2026\u2026\u2026\u2026\u2026\u2026\u2026\u2026\u2026500g<\/p>\n<p>Potassium clavulanate\u2026\u2026\u2026\u202662,5g<\/p>\n<p>(T\u01b0\u01a1ng \u0111\u01b0\u01a1ng Acid clavulanic\u2026\u2026.52,5g)<\/p>\n<p>T\u00e1 d\u01b0\u1ee3c \u0111\u1eb7c bi\u1ec7t v\u1eeba \u0111\u1ee7\u2026\u2026\u2026\u2026..1kg<\/p>\n<p><strong>CH\u1ec8 \u0110\u1ecaNH<\/strong><\/p>\n<p><strong>Tr\u00ean heo v\u00e0 gia s\u00fac:<\/strong><\/p>\n<p>\u0110\u1eb7c tr\u1ecb c\u00e1c b\u1ec7nh nhi\u1ec5m tr\u00f9ng \u0111\u01b0\u1eddng h\u00f4 h\u1ea5p v\u00e0 \u0111\u01b0\u1eddng ti\u00eau h\u00f3a nh\u01b0 vi\u00eam ph\u1ed5i, vi\u00eam ph\u1ebf qu\u1ea3n, t\u1ee5 huy\u1ebft tr\u00f9ng, ph\u00f3 th\u01b0\u01a1ng h\u00e0n, ti\u00eau ch\u1ea3y,&#8230; C\u00e1c tr\u01b0\u1eddng h\u1ee3p vi\u00eam nhi\u1ec5m \u0111\u01b0\u1eddng ti\u1ebft ni\u1ec7u, vi\u00eam bang quang; nhi\u1ec5m tr\u00f9ng da v\u00e0 m\u00f4 m\u1ec1m.<\/p>\n<p><strong>Tr\u00ean gia c\u1ea7m:<\/strong><\/p>\n<p>\u0110\u1eb7c tr\u1ecb b\u1ec7nh h\u00f4 h\u1ea5p m\u00e3n t\u00ednh (CRD), CCRD, t\u1ee5 huy\u1ebft tr\u00f9ng, th\u01b0\u01a1ng h\u00e0n, ORT, s\u01b0ng ph\u00f9 \u0111\u1ea7u, vi\u00eam ru\u1ed9t ti\u00eau ch\u1ea3y, ph\u00e2n tr\u1eafng, ph\u00e2n xanh,\u2026<\/p>\n<p><strong>LI\u1ec0U L\u01af\u1ee2NG &amp; H\u01af\u1edaNG D\u1eaaN S\u1eec D\u1ee4NG<\/strong><\/p>\n<p>Pha v\u00e0o n\u01b0\u1edbc u\u1ed1ng ho\u1eb7c tr\u1ed9n v\u00e0o th\u1ee9c \u0103n.<\/p>\n<p><strong>Heo v\u00e0 gia s\u00fac: <\/strong><\/p>\n<p><strong>Tr\u1ecb b\u1ec7nh:<\/strong> 1g\/40kg th\u1ec3 tr\u1ecdng ho\u1eb7c 1g\/4kg th\u1ee9c \u0103n, d\u00f9ng li\u00ean t\u1ee5c 5-7 ng\u00e0y.<\/p>\n<p><strong>Ph\u00f2ng b\u1ec7nh:<\/strong> b\u1eb1ng \u00bd li\u1ec1u tr\u1ecb b\u1ec7nh, d\u00f9ng li\u00ean t\u1ee5c 3-4 ng\u00e0y.<\/p>\n<p><strong>Gia c\u1ea7m:<\/strong><\/p>\n<p><strong>Tr\u1ecb b\u1ec7nh:<\/strong> 1g\/20kg th\u1ec3 tr\u1ecdng ho\u1eb7c 1g\/2 l\u00edt n\u01b0\u1edbc u\u1ed1ng, d\u00f9ng li\u00ean t\u1ee5c 5-7 ng\u00e0y.<\/p>\n<p><strong>Ph\u00f2ng b\u1ec7nh:<\/strong> b\u1eb1ng \u00bd li\u1ec1u tr\u1ecb b\u1ec7nh, d\u00f9ng li\u00ean t\u1ee5c 3-4 ng\u00e0y.<\/p>\n<p><strong>Th\u1eddi gian ng\u01b0ng s\u1eed d\u1ee5ng thu\u1ed1c: <\/strong><\/p>\n<p>7 ng\u00e0y tr\u01b0\u1edbc khi gi\u1ebft m\u1ed5.<\/p>\n<p>S\u0110K: MBP-212<\/p>\n<p>S\u1ed1 l\u00f4, NSX &amp; HSD: Xem tr\u00ean bao b\u00ec.<\/p>\n<p>B\u1ea2O QU\u1ea2N: N\u01a1i kh\u00f4 r\u00e1o, tho\u00e1ng m\u00e1t, nhi\u1ec7t \u0111\u1ed9 <strong>d\u01b0\u1edbi 24<sup>0<\/sup>C<\/strong>, tr\u00e1nh \u00e1nh n\u1eafng tr\u1ef1c ti\u1ebfp. Tr\u00e1nh xa t\u1ea7m tay tr\u1ebb em.<\/p>\n<p><strong>CH\u1ec8 D\u00d9NG TRONG TH\u00da Y<\/strong><\/p>\n","protected":false},"excerpt":{"rendered":"<p>\u0110\u1eb6C TR\u1eca NHI\u1ec4M TR\u00d9NG \u0110\u01af\u1edcNG H\u00d4 H\u1ea4P, \u0110\u01af\u1edcNG TI\u00caU H\u00d3A TR\u00caN GIA S\u00daC V\u00c0 GIA C\u1ea6M<\/p>\n<p><strong>C\u00d4NG TH\u1ee8C<\/strong><\/p>\n<p>Amoxicillin trihydrate\u2026\u2026\u2026\u2026\u2026\u2026\u2026\u2026\u2026\u2026\u2026\u2026\u2026500g<\/p>\n<p>Potassium clavulanate\u2026\u2026\u2026\u202662,5g<\/p>\n<p>(T\u01b0\u01a1ng \u0111\u01b0\u01a1ng Acid clavulanic\u2026\u2026.52,5g)<\/p>\n<p>T\u00e1 d\u01b0\u1ee3c \u0111\u1eb7c bi\u1ec7t v\u1eeba \u0111\u1ee7\u2026\u2026\u2026\u2026..1kg<\/p>\n<p><strong>CH\u1ec8 \u0110\u1ecaNH<\/strong><\/p>\n<p><strong>Tr\u00ean heo v\u00e0 gia s\u00fac:<\/strong><\/p>\n<p>\u0110\u1eb7c tr\u1ecb c\u00e1c b\u1ec7nh nhi\u1ec5m tr\u00f9ng \u0111\u01b0\u1eddng h\u00f4 h\u1ea5p v\u00e0 \u0111\u01b0\u1eddng ti\u00eau h\u00f3a nh\u01b0 vi\u00eam ph\u1ed5i, vi\u00eam ph\u1ebf qu\u1ea3n, t\u1ee5 huy\u1ebft tr\u00f9ng, ph\u00f3 th\u01b0\u01a1ng h\u00e0n, ti\u00eau ch\u1ea3y,&#8230; C\u00e1c tr\u01b0\u1eddng h\u1ee3p vi\u00eam nhi\u1ec5m \u0111\u01b0\u1eddng ti\u1ebft ni\u1ec7u, vi\u00eam bang quang; nhi\u1ec5m tr\u00f9ng da v\u00e0 m\u00f4 m\u1ec1m.<\/p>\n<p><strong>Tr\u00ean gia c\u1ea7m:<\/strong><\/p>\n<p>\u0110\u1eb7c tr\u1ecb b\u1ec7nh h\u00f4 h\u1ea5p m\u00e3n t\u00ednh (CRD), CCRD, t\u1ee5 huy\u1ebft tr\u00f9ng, th\u01b0\u01a1ng h\u00e0n, ORT, s\u01b0ng ph\u00f9 \u0111\u1ea7u, vi\u00eam ru\u1ed9t ti\u00eau ch\u1ea3y, ph\u00e2n tr\u1eafng, ph\u00e2n xanh,\u2026<\/p>\n<p><strong>LI\u1ec0U L\u01af\u1ee2NG &amp; H\u01af\u1edaNG D\u1eaaN S\u1eec D\u1ee4NG<\/strong><\/p>\n<p>Pha v\u00e0o n\u01b0\u1edbc u\u1ed1ng ho\u1eb7c tr\u1ed9n v\u00e0o th\u1ee9c \u0103n.<\/p>\n","protected":false},"featured_media":9618,"comment_status":"closed","ping_status":"closed","template":"","meta":[],"product_brand":[],"product_cat":[62],"product_tag":[],"class_list":{"0":"post-8234","1":"product","2":"type-product","3":"status-publish","4":"has-post-thumbnail","6":"product_cat-thuoc-thu-y","8":"first","9":"instock","10":"shipping-taxable","11":"purchasable","12":"product-type-variable"},"_links":{"self":[{"href":"https:\/\/mebipha.com\/online\/wp-json\/wp\/v2\/product\/8234","targetHints":{"allow":["GET"]}}],"collection":[{"href":"https:\/\/mebipha.com\/online\/wp-json\/wp\/v2\/product"}],"about":[{"href":"https:\/\/mebipha.com\/online\/wp-json\/wp\/v2\/types\/product"}],"replies":[{"embeddable":true,"href":"https:\/\/mebipha.com\/online\/wp-json\/wp\/v2\/comments?post=8234"}],"wp:featuredmedia":[{"embeddable":true,"href":"https:\/\/mebipha.com\/online\/wp-json\/wp\/v2\/media\/9618"}],"wp:attachment":[{"href":"https:\/\/mebipha.com\/online\/wp-json\/wp\/v2\/media?parent=8234"}],"wp:term":[{"taxonomy":"product_brand","embeddable":true,"href":"https:\/\/mebipha.com\/online\/wp-json\/wp\/v2\/product_brand?post=8234"},{"taxonomy":"product_cat","embeddable":true,"href":"https:\/\/mebipha.com\/online\/wp-json\/wp\/v2\/product_cat?post=8234"},{"taxonomy":"product_tag","embeddable":true,"href":"https:\/\/mebipha.com\/online\/wp-json\/wp\/v2\/product_tag?post=8234"}],"curies":[{"name":"wp","href":"https:\/\/api.w.org\/{rel}","templated":true}]}}