{"id":8120,"date":"2022-09-14T16:07:47","date_gmt":"2022-09-14T09:07:47","guid":{"rendered":"https:\/\/mebipha.com\/online\/?post_type=product&#038;p=8120"},"modified":"2025-12-11T14:50:39","modified_gmt":"2025-12-11T07:50:39","slug":"amox-wsp-20kg","status":"publish","type":"product","link":"https:\/\/mebipha.com\/online\/amox-wsp-20kg\/","title":{"rendered":"AMOX WSP"},"content":{"rendered":"<p><strong>\u0110\u1eb6C TR\u1eca C\u00c1C B\u1ec6NH \u0110\u01af\u1edcNG H\u00d4 H\u1ea4P, TI\u00caU H\u00d3A <\/strong><\/p>\n<p><strong>\u00a0<\/strong><strong>C\u00d4NG TH\u1ee8C<\/strong><\/p>\n<p>Amoxicillin trihydrate\u2026\u2026\u2026\u2026\u2026500g<\/p>\n<p>T\u00e1 d\u01b0\u1ee3c v\u1eeba \u0111\u1ee7\u2026\u2026\u2026\u2026\u2026\u2026\u2026\u2026..1kg<\/p>\n<p><strong>CH\u1ec8 \u0110\u1ecaNH<\/strong><\/p>\n<p><strong>Gia c\u1ea7m:<\/strong> Ph\u00f2ng tr\u1ecb b\u1ec7nh h\u00f4 h\u1ea5p m\u00e3n t\u00ednh (CRD) v\u00e0 c\u00e1c bi\u1ebfn ch\u1ee9ng c\u1ee7a b\u1ec7nh (CCRD) nh\u01b0 kh\u00f3 th\u1edf, th\u1edf kh\u00f2 kh\u00e8, ch\u1ea3y n\u01b0\u1edbc m\u0169i, s\u01b0ng ph\u00f9 \u0111\u1ea7u.<\/p>\n<p>Ph\u00f2ng tr\u1ecb b\u1ec7nh vi\u00eam kh\u1edbp do Mycoplasma: S\u01b0ng kh\u1edbp, g\u00e0 \u0111i \u0111\u1ee9ng kh\u00f3 kh\u0103n ho\u1eb7c kh\u00f4ng \u0111i \u0111\u01b0\u1ee3c.<\/p>\n<p>C\u00e1c b\u1ec7nh \u0111\u01b0\u1eddng ru\u1ed9t, ti\u00eau ch\u1ea3y ph\u00e2n s\u1ed1ng, ti\u00eau ch\u1ea3y ph\u00e2n xanh, ph\u00e2n tr\u1eafng, vi\u00eam ru\u1ed9t ho\u1ea1i t\u1eed.<\/p>\n<p><strong>Heo:<\/strong> Tr\u1ecb ti\u00eau ch\u1ea3y ph\u00e2n tr\u1eafng, ph\u00e2n v\u00e0ng, vi\u00eam ph\u1ed5i, t\u1ee5 huy\u1ebft tr\u00f9ng, ph\u00f3 th\u01b0\u01a1ng h\u00e0n.<\/p>\n<p><strong>LI\u1ec0U L\u01af\u1ee2NG &amp; H\u01af\u1edaNG D\u1eaaN S\u1eec D\u1ee4NG<\/strong><\/p>\n<p>Pha v\u00e0o n\u01b0\u1edbc u\u1ed1ng ho\u1eb7c tr\u1ed9n \u0111\u1ec1u v\u00e0o th\u1ee9c \u0103n.<\/p>\n<p><strong>Gia c\u1ea7m:<\/strong><\/p>\n<p>Li\u1ec1u t\u1ed5ng qu\u00e1t: 1g\/30-40kg th\u1ec3 tr\u1ecdng.<\/p>\n<p>Tr\u1ecb b\u1ec7nh: 1g\/2 l\u00edt n\u01b0\u1edbc u\u1ed1ng, d\u00f9ng li\u00ean t\u1ee5c 5-7 ng\u00e0y.<\/p>\n<p>Ph\u00f2ng b\u1ec7nh: b\u1eb1ng \u00bd li\u1ec1u tr\u1ecb b\u1ec7nh, d\u00f9ng li\u00ean t\u1ee5c 3-4 ng\u00e0y.<\/p>\n<p><strong>Heo: <\/strong><\/p>\n<p>Li\u1ec1u t\u1ed5ng qu\u00e1t: 1g\/40-50kg th\u1ec3 tr\u1ecdng.<\/p>\n<p>Tr\u1ecb b\u1ec7nh: 1kg\/30-40kg th\u1ec3 tr\u1ecdng ho\u1eb7c 1kg\/3-4 t\u1ea5n th\u1ee9c \u0103n, d\u00f9ng li\u00ean t\u1ee5c 5-7 ng\u00e0y.<\/p>\n<p>Ph\u00f2ng b\u1ec7nh: b\u1eb1ng \u00bd li\u1ec1u tr\u1ecb b\u1ec7nh, d\u00f9ng li\u00ean t\u1ee5c 3-4 ng\u00e0y.<\/p>\n<p><strong>B\u1ea2O QU\u1ea2N<\/strong><\/p>\n<p>N\u01a1i kh\u00f4 r\u00e1o, tho\u00e1ng m\u00e1t, nhi\u1ec7t \u0111\u1ed9 d\u01b0\u1edbi 30<sup>0<\/sup>C, tr\u00e1nh \u00e1nh s\u00e1ng tr\u1ef1c ti\u1ebfp. Tr\u00e1nh xa t\u1ea7m tay tr\u1ebb em.<\/p>\n<p>S\u0110K: MBP-249<\/p>\n<p>S\u1ed1 l\u00f4, NSX &amp; HSD: Xem tr\u00ean bao b\u00ec<\/p>\n<p><strong>CH\u1ec8 D\u00d9NG TRONG TH\u00da Y<\/strong><\/p>\n","protected":false},"excerpt":{"rendered":"<p><strong>\u0110\u1eb6C TR\u1eca C\u00c1C B\u1ec6NH \u0110\u01af\u1edcNG H\u00d4 H\u1ea4P, TI\u00caU H\u00d3A <\/strong><\/p>\n<p><strong>\u00a0<\/strong><strong>C\u00d4NG TH\u1ee8C<\/strong><\/p>\n<p>Amoxicillin trihydrate\u2026\u2026\u2026\u2026\u2026500g<\/p>\n<p>T\u00e1 d\u01b0\u1ee3c v\u1eeba \u0111\u1ee7\u2026\u2026\u2026\u2026\u2026\u2026\u2026\u2026..1kg<\/p>\n<p><strong>CH\u1ec8 \u0110\u1ecaNH<\/strong><\/p>\n<p><strong>Gia c\u1ea7m:<\/strong> Ph\u00f2ng tr\u1ecb b\u1ec7nh h\u00f4 h\u1ea5p m\u00e3n t\u00ednh (CRD) v\u00e0 c\u00e1c bi\u1ebfn ch\u1ee9ng c\u1ee7a b\u1ec7nh (CCRD) nh\u01b0 kh\u00f3 th\u1edf, th\u1edf kh\u00f2 kh\u00e8, ch\u1ea3y n\u01b0\u1edbc m\u0169i, s\u01b0ng ph\u00f9 \u0111\u1ea7u.<\/p>\n<p>Ph\u00f2ng tr\u1ecb b\u1ec7nh vi\u00eam kh\u1edbp do Mycoplasma: S\u01b0ng kh\u1edbp, g\u00e0 \u0111i \u0111\u1ee9ng kh\u00f3 kh\u0103n ho\u1eb7c kh\u00f4ng \u0111i \u0111\u01b0\u1ee3c.<\/p>\n<p>C\u00e1c b\u1ec7nh \u0111\u01b0\u1eddng ru\u1ed9t, ti\u00eau ch\u1ea3y ph\u00e2n s\u1ed1ng, ti\u00eau ch\u1ea3y ph\u00e2n xanh, ph\u00e2n tr\u1eafng, vi\u00eam ru\u1ed9t ho\u1ea1i t\u1eed.<\/p>\n<p><strong>Heo:<\/strong> Tr\u1ecb ti\u00eau ch\u1ea3y ph\u00e2n tr\u1eafng, ph\u00e2n v\u00e0ng, vi\u00eam ph\u1ed5i, t\u1ee5 huy\u1ebft tr\u00f9ng, ph\u00f3 th\u01b0\u01a1ng h\u00e0n.<\/p>\n<p><strong>LI\u1ec0U L\u01af\u1ee2NG &amp; H\u01af\u1edaNG D\u1eaaN S\u1eec D\u1ee4NG<\/strong><\/p>\n<p>Pha v\u00e0o n\u01b0\u1edbc u\u1ed1ng ho\u1eb7c tr\u1ed9n \u0111\u1ec1u v\u00e0o th\u1ee9c \u0103n.<\/p>\n<p><strong>Gia c\u1ea7m:<\/strong><\/p>\n<p>Li\u1ec1u t\u1ed5ng qu\u00e1t: 1g\/30-40kg th\u1ec3 tr\u1ecdng.<\/p>\n<p>Tr\u1ecb b\u1ec7nh: 1g\/2 l\u00edt n\u01b0\u1edbc u\u1ed1ng, d\u00f9ng li\u00ean t\u1ee5c 5-7 ng\u00e0y.<\/p>\n<p>Ph\u00f2ng b\u1ec7nh: b\u1eb1ng \u00bd li\u1ec1u tr\u1ecb b\u1ec7nh, d\u00f9ng li\u00ean t\u1ee5c 3-4 ng\u00e0y.<\/p>\n<p><strong>Heo: <\/strong><\/p>\n<p>Li\u1ec1u t\u1ed5ng qu\u00e1t: 1g\/40-50kg th\u1ec3 tr\u1ecdng.<\/p>\n<p>Tr\u1ecb b\u1ec7nh: 1kg\/30-40kg th\u1ec3 tr\u1ecdng ho\u1eb7c 1kg\/3-4 t\u1ea5n th\u1ee9c \u0103n, d\u00f9ng li\u00ean t\u1ee5c 5-7 ng\u00e0y.<\/p>\n<p>Ph\u00f2ng b\u1ec7nh: b\u1eb1ng \u00bd li\u1ec1u tr\u1ecb b\u1ec7nh, d\u00f9ng li\u00ean t\u1ee5c 3-4 ng\u00e0y.<\/p>\n","protected":false},"featured_media":9791,"comment_status":"closed","ping_status":"closed","template":"","meta":[],"product_brand":[],"product_cat":[62],"product_tag":[],"class_list":{"0":"post-8120","1":"product","2":"type-product","3":"status-publish","4":"has-post-thumbnail","6":"product_cat-thuoc-thu-y","8":"first","9":"instock","10":"shipping-taxable","11":"purchasable","12":"product-type-variable"},"_links":{"self":[{"href":"https:\/\/mebipha.com\/online\/wp-json\/wp\/v2\/product\/8120","targetHints":{"allow":["GET"]}}],"collection":[{"href":"https:\/\/mebipha.com\/online\/wp-json\/wp\/v2\/product"}],"about":[{"href":"https:\/\/mebipha.com\/online\/wp-json\/wp\/v2\/types\/product"}],"replies":[{"embeddable":true,"href":"https:\/\/mebipha.com\/online\/wp-json\/wp\/v2\/comments?post=8120"}],"wp:featuredmedia":[{"embeddable":true,"href":"https:\/\/mebipha.com\/online\/wp-json\/wp\/v2\/media\/9791"}],"wp:attachment":[{"href":"https:\/\/mebipha.com\/online\/wp-json\/wp\/v2\/media?parent=8120"}],"wp:term":[{"taxonomy":"product_brand","embeddable":true,"href":"https:\/\/mebipha.com\/online\/wp-json\/wp\/v2\/product_brand?post=8120"},{"taxonomy":"product_cat","embeddable":true,"href":"https:\/\/mebipha.com\/online\/wp-json\/wp\/v2\/product_cat?post=8120"},{"taxonomy":"product_tag","embeddable":true,"href":"https:\/\/mebipha.com\/online\/wp-json\/wp\/v2\/product_tag?post=8120"}],"curies":[{"name":"wp","href":"https:\/\/api.w.org\/{rel}","templated":true}]}}