{"id":8014,"date":"2022-03-04T14:32:18","date_gmt":"2022-03-04T07:32:18","guid":{"rendered":"https:\/\/mebipha.com\/online\/?post_type=product&#038;p=8014"},"modified":"2023-12-08T10:20:48","modified_gmt":"2023-12-08T03:20:48","slug":"ceftri-one-50-inj-new","status":"publish","type":"product","link":"https:\/\/mebipha.com\/online\/ceftri-one-50-inj-new\/","title":{"rendered":"CEFTRI ONE 50 INJ (NEW)"},"content":{"rendered":"<p>\u0110\u1eb6C TR\u1eca NHI\u1ec4M TR\u00d9NG H\u00d4 H\u1ea4P, T\u1ee4 HUY\u1ebeT TR\u00d9NG, E.COLI TR\u00caN GIA C\u1ea6M<\/p>\n<p><strong>C\u00d4NG TH\u1ee8C <\/strong><\/p>\n<p>Ceftriaxone sodium\u2026\u2026&#8230;5g<\/p>\n<p>Dung m\u00f4i v\u00e0 t\u00e1 d\u01b0\u1ee3c v\u1eeba \u0111\u1ee7\u2026\u2026\u2026.100ml<\/p>\n<p><strong>CH\u1ec8 \u0110\u1ecaNH<\/strong><\/p>\n<p>Tr\u00ean g\u00e0, v\u1ecbt:<\/p>\n<p>\u0110i\u1ec1u tr\u1ecb hi\u1ec7u qu\u1ea3 b\u1ec7nh CRD v\u00e0 c\u00e1c bi\u1ebfn ch\u1ee9ng c\u1ee7a b\u1ec7nh (CCRD), b\u1ec7nh t\u1ee5 huy\u1ebft tr\u00f9ng, th\u01b0\u01a1ng h\u00e0n, E.coli, vi\u00eam kh\u1edbp v\u00e0 b\u1ea1i huy\u1ebft \u1edf v\u1ecbt.<\/p>\n<p>L\u01b0u \u00fd: thu\u1ed1c sau khi pha c\u00f3 th\u1ec3 b\u1ea3o qu\u1ea3n trong ng\u0103n m\u00e1t t\u1ee7 l\u1ea1nh, s\u1eed d\u1ee5ng trong v\u00f2ng 5-7 ng\u00e0y.<\/p>\n<p><strong>LI\u1ec0U L\u01af\u1ee2NG &amp; H\u01af\u1edaNG D\u1eaaN S\u1eec D\u1ee4NG <\/strong><\/p>\n<p>Pha \u0111\u1ec1u tr\u01b0\u1edbc khi s\u1eed d\u1ee5ng.<\/p>\n<p>Ti\u00eam s\u00e2u v\u00e0o b\u1eafp th\u1ecbt.<\/p>\n<p><strong>Gia c\u1ea7m non:<\/strong> 1ml\/2kg th\u1ec3 tr\u1ecdng\/ng\u00e0y, d\u00f9ng li\u00ean t\u1ee5c 3-5 ng\u00e0y.<\/p>\n<p><strong>Gia c\u1ea7m l\u1edbn:<\/strong> 1ml\/4kg th\u1ec3 tr\u1ecdng\/ng\u00e0y, d\u00f9ng li\u00ean t\u1ee5c 3-5 ng\u00e0y.<\/p>\n<p><strong>Th\u1eddi gian ng\u01b0ng s\u1eed d\u1ee5ng thu\u1ed1c<\/strong>:<\/p>\n<p>Th\u00fa l\u1ea5y th\u1ecbt: 7 ng\u00e0y tr\u01b0\u1edbc khi gi\u1ebft th\u1ecbt.<\/p>\n<p><strong>B\u1ea2O QU\u1ea2N: <\/strong>N\u01a1i kh\u00f4 r\u00e1o, tho\u00e1ng m\u00e1t, nhi\u1ec7t \u0111\u1ed9 d\u01b0\u1edbi 30<sup>0<\/sup>C. Tr\u00e1nh \u00e1nh n\u1eafng tr\u1ef1c ti\u1ebfp, tr\u00e1nh xa t\u1ea7m tay tr\u1ebb em.<\/p>\n<p>S\u0110K: MBP-155<\/p>\n<p>S\u1ed1 l\u00f4, NSX &amp; HSD: Xem tr\u00ean bao b\u00ec<\/p>\n","protected":false},"excerpt":{"rendered":"<p>\u0110\u1eb6C TR\u1eca NHI\u1ec4M TR\u00d9NG H\u00d4 H\u1ea4P, T\u1ee4 HUY\u1ebeT TR\u00d9NG, E.COLI TR\u00caN GIA C\u1ea6M<\/p>\n<p><strong>C\u00d4NG TH\u1ee8C <\/strong><\/p>\n<p>Ceftriaxone sodium\u2026\u2026&#8230;5g<\/p>\n<p>Dung m\u00f4i v\u00e0 t\u00e1 d\u01b0\u1ee3c v\u1eeba \u0111\u1ee7\u2026\u2026\u2026.100ml<\/p>\n<p><strong>CH\u1ec8 \u0110\u1ecaNH<\/strong><\/p>\n<p>Tr\u00ean g\u00e0, v\u1ecbt:<\/p>\n<p>\u0110i\u1ec1u tr\u1ecb hi\u1ec7u qu\u1ea3 b\u1ec7nh CRD v\u00e0 c\u00e1c bi\u1ebfn ch\u1ee9ng c\u1ee7a b\u1ec7nh (CCRD), b\u1ec7nh t\u1ee5 huy\u1ebft tr\u00f9ng, th\u01b0\u01a1ng h\u00e0n, E.coli, vi\u00eam kh\u1edbp v\u00e0 b\u1ea1i huy\u1ebft \u1edf v\u1ecbt.<\/p>\n<p>L\u01b0u \u00fd: thu\u1ed1c sau khi pha c\u00f3 th\u1ec3 b\u1ea3o qu\u1ea3n trong ng\u0103n m\u00e1t t\u1ee7 l\u1ea1nh, s\u1eed d\u1ee5ng trong v\u00f2ng 5-7 ng\u00e0y.<\/p>\n<p><strong>LI\u1ec0U L\u01af\u1ee2NG &amp; H\u01af\u1edaNG D\u1eaaN S\u1eec D\u1ee4NG <\/strong><\/p>\n<p>Pha \u0111\u1ec1u tr\u01b0\u1edbc khi s\u1eed d\u1ee5ng.<\/p>\n<p>Ti\u00eam s\u00e2u v\u00e0o b\u1eafp th\u1ecbt.<\/p>\n<p><strong>Gia c\u1ea7m non:<\/strong> 1ml\/2kg th\u1ec3 tr\u1ecdng\/ng\u00e0y, d\u00f9ng li\u00ean t\u1ee5c 3-5 ng\u00e0y.<\/p>\n<p><strong>Gia c\u1ea7m l\u1edbn:<\/strong> 1ml\/4kg th\u1ec3 tr\u1ecdng\/ng\u00e0y, d\u00f9ng li\u00ean t\u1ee5c 3-5 ng\u00e0y.<\/p>\n","protected":false},"featured_media":9818,"comment_status":"closed","ping_status":"closed","template":"","meta":[],"product_brand":[],"product_cat":[142,106,62],"product_tag":[],"class_list":{"0":"post-8014","1":"product","2":"type-product","3":"status-publish","4":"has-post-thumbnail","6":"product_cat-danh-muc-san-pham-gia-cam","7":"product_cat-san-pham-tieu-bieu","8":"product_cat-thuoc-thu-y","10":"first","11":"instock","12":"shipping-taxable","13":"purchasable","14":"product-type-variable","15":"has-default-attributes"},"_links":{"self":[{"href":"https:\/\/mebipha.com\/online\/wp-json\/wp\/v2\/product\/8014","targetHints":{"allow":["GET"]}}],"collection":[{"href":"https:\/\/mebipha.com\/online\/wp-json\/wp\/v2\/product"}],"about":[{"href":"https:\/\/mebipha.com\/online\/wp-json\/wp\/v2\/types\/product"}],"replies":[{"embeddable":true,"href":"https:\/\/mebipha.com\/online\/wp-json\/wp\/v2\/comments?post=8014"}],"wp:featuredmedia":[{"embeddable":true,"href":"https:\/\/mebipha.com\/online\/wp-json\/wp\/v2\/media\/9818"}],"wp:attachment":[{"href":"https:\/\/mebipha.com\/online\/wp-json\/wp\/v2\/media?parent=8014"}],"wp:term":[{"taxonomy":"product_brand","embeddable":true,"href":"https:\/\/mebipha.com\/online\/wp-json\/wp\/v2\/product_brand?post=8014"},{"taxonomy":"product_cat","embeddable":true,"href":"https:\/\/mebipha.com\/online\/wp-json\/wp\/v2\/product_cat?post=8014"},{"taxonomy":"product_tag","embeddable":true,"href":"https:\/\/mebipha.com\/online\/wp-json\/wp\/v2\/product_tag?post=8014"}],"curies":[{"name":"wp","href":"https:\/\/api.w.org\/{rel}","templated":true}]}}