{"id":7540,"date":"2021-09-07T08:43:26","date_gmt":"2021-09-07T01:43:26","guid":{"rendered":"https:\/\/mebipha.com\/online\/?post_type=product&#038;p=7540"},"modified":"2025-12-15T09:42:22","modified_gmt":"2025-12-15T02:42:22","slug":"vitalac","status":"publish","type":"product","link":"https:\/\/mebipha.com\/online\/vitalac\/","title":{"rendered":"VITALAC"},"content":{"rendered":"","protected":false},"excerpt":{"rendered":"<p><strong>S\u1eeeA B\u1ed8T H\u00d2A TAN CAO C\u1ea4P <\/strong><\/p>\n<p><strong>CHUY\u00caN D\u00d9NG CHO B\u00ca<\/strong><\/p>\n<p><strong>TH\u00c0NH PH\u1ea6N<\/strong><\/p>\n<p>Protein (min)&#8230;.20%<\/p>\n<p>Ch\u1ea5t b\u00e9o (min)&#8230;.6%<\/p>\n<p>Lactose (min)&#8230;..25%<\/p>\n<p>Saccharomyces cerevisiae (min)&#8230;.1 x 10<sup>7<\/sup>CFU<\/p>\n<p>Protease (min)&#8230;10.000 UI<\/p>\n<p>Vitamin A (min)&#8230;.10.000 UI<\/p>\n<p>Vitamin D3 (min)&#8230;.6.600 UI<\/p>\n<p>Vitamin E, Vitamin B12, Selenium, Methionine, Sodium butyrate, b\u1ed9t s\u1eefa nguy\u00ean ch\u1ea5t v\u1eeba \u0111\u1ee7&#8230;.1kg<\/p>\n<p><strong>C\u00d4NG D\u1ee4NG<\/strong><\/p>\n<p>VITALAC l\u00e0 s\u1ea3n ph\u1ea9m \u0111\u1eb7c bi\u1ec7t d\u00f9ng thay th\u1ebf ho\u00e0n to\u00e0n s\u1eefa m\u1eb9, b\u1ed5 sung vitamin, kho\u00e1ng ch\u1ea5t, l\u1ee3i khu\u1ea9n, cung c\u1ea5p n\u0103ng l\u01b0\u1ee3ng \u0111\u1ea7y \u0111\u1ee7 cho b\u00ea ph\u00e1t tri\u1ec3n.<\/p>\n<p>T\u0103ng c\u01b0\u1eddng h\u1ec7 mi\u1ec5n d\u1ecbch cho b\u00ea.<\/p>\n<p>Gi\u00fap b\u00ea ti\u00eau h\u00f3a d\u1ec5 d\u00e0ng h\u01a1n trong giai \u0111o\u1ea1n \u0111\u1ea7u ph\u00e1t tri\u1ec3n.<\/p>\n<p><strong>LI\u1ec0U D\u00d9NG<\/strong><\/p>\n<p>Pha s\u1eefa c\u00f9ng v\u1edbi n\u01b0\u1edbc \u1edf nhi\u1ec7t \u0111\u1ed9 40-45<sup>0<\/sup>C, cho b\u00ea u\u1ed1ng s\u1eefa \u1edf nhi\u1ec7t \u0111\u1ed9 33-36<sup>0<\/sup>C.<\/p>\n<p><strong>B\u00ea 1-2 th\u00e1ng tu\u1ed5i<\/strong>: 200-300g\/3 l\u00edt n\u01b0\u1edbc \u1ea5m, cho u\u1ed1ng 2 l\u1ea7n\/ng\u00e0y.<\/p>\n<p><strong>B\u00ea 80-90 ng\u00e0y tu\u1ed5i<\/strong>: 250-400g\/4 l\u00edt n\u01b0\u1edbc u\u1ed1ng, cho u\u1ed1ng 1 l\u1ea7n\/ng\u00e0y.<\/p>\n","protected":false},"featured_media":9817,"comment_status":"closed","ping_status":"closed","template":"","meta":[],"product_brand":[],"product_cat":[62,120,125,126],"product_tag":[],"class_list":{"0":"post-7540","1":"product","2":"type-product","3":"status-publish","4":"has-post-thumbnail","6":"product_cat-thuoc-thu-y","7":"product_cat-dinh-duong-bot","8":"product_cat-thuc-an-bo-sung","9":"product_cat-thuc-an-bo-sung-cho-heo","11":"first","12":"instock","13":"shipping-taxable","14":"purchasable","15":"product-type-variable","16":"has-default-attributes"},"_links":{"self":[{"href":"https:\/\/mebipha.com\/online\/wp-json\/wp\/v2\/product\/7540","targetHints":{"allow":["GET"]}}],"collection":[{"href":"https:\/\/mebipha.com\/online\/wp-json\/wp\/v2\/product"}],"about":[{"href":"https:\/\/mebipha.com\/online\/wp-json\/wp\/v2\/types\/product"}],"replies":[{"embeddable":true,"href":"https:\/\/mebipha.com\/online\/wp-json\/wp\/v2\/comments?post=7540"}],"wp:featuredmedia":[{"embeddable":true,"href":"https:\/\/mebipha.com\/online\/wp-json\/wp\/v2\/media\/9817"}],"wp:attachment":[{"href":"https:\/\/mebipha.com\/online\/wp-json\/wp\/v2\/media?parent=7540"}],"wp:term":[{"taxonomy":"product_brand","embeddable":true,"href":"https:\/\/mebipha.com\/online\/wp-json\/wp\/v2\/product_brand?post=7540"},{"taxonomy":"product_cat","embeddable":true,"href":"https:\/\/mebipha.com\/online\/wp-json\/wp\/v2\/product_cat?post=7540"},{"taxonomy":"product_tag","embeddable":true,"href":"https:\/\/mebipha.com\/online\/wp-json\/wp\/v2\/product_tag?post=7540"}],"curies":[{"name":"wp","href":"https:\/\/api.w.org\/{rel}","templated":true}]}}