{"id":7482,"date":"2021-07-16T14:38:25","date_gmt":"2021-07-16T07:38:25","guid":{"rendered":"https:\/\/mebipha.com\/online\/?post_type=product&#038;p=7482"},"modified":"2024-09-13T15:54:57","modified_gmt":"2024-09-13T08:54:57","slug":"ceftri-one-tim","status":"publish","type":"product","link":"https:\/\/mebipha.com\/online\/ceftri-one-tim\/","title":{"rendered":"CEFTRI ONE LA (T\u00cdM)"},"content":{"rendered":"<p><strong>KH\u00c1NG SINH PH\u1ed4 R\u1ed8NG<\/strong><\/p>\n<p><strong>\u0110\u1eb6C TR\u1eca NHI\u1ec4M TR\u00d9NG H\u00d4 H\u1ea4P, VI\u00caM M\u00c0NG N\u00c3O<\/strong><\/p>\n<p><strong>H\u1ed7n d\u1ecbch kh\u00e1ng sinh ti\u00eam<\/strong><\/p>\n<p><strong>C\u00d4NG TH\u1ee8C<\/strong><\/p>\n<p>Ceftriaxone sodium: 10g<\/p>\n<p>Dung m\u00f4i v\u1eeba \u0111\u1ee7: 100ml<\/p>\n<p><strong>\u0110\u1eb6C T\u00cdNH S\u1ea2N PH\u1ea8M<\/strong><\/p>\n<p>Ceftriaxone l\u00e0 kh\u00e1ng sinh thu\u1ed9c nh\u00f3m Cephalosporin th\u1ebf h\u1ec7 III,<strong> CEFTRI ONE LA <\/strong>\u1ee9c ch\u1ebf s\u1ef1 t\u1ed5ng h\u1ee3p th\u00e0nh t\u1ebf b\u00e0o c\u1ee7a vi khu\u1ea9n, b\u1eb1ng c\u00e1ch \u1ea5y g\u00e2y \u0111\u1eb7c t\u00ednh di\u1ec7t vi khu\u1ea9n.\u00a0 Ceftriaxone kh\u00e1ng c\u00e1c vi khu\u1ea9n G-, G+ g\u00e2y b\u1ec7nh \u0111\u01b0\u1eddng ru\u1ed9t v\u00e0\u00a0 \u0111\u01b0\u1eddng h\u00f4 h\u1ea5p \u1edf heo nh\u01b0: <em>E.coli, Salmonella, Pasteurella, Pneumococcus, Streptococci, Staphylococci, Haemophilus, Actinobacillus, Enterobacter, Proteus, Klebsiella spp, Leptospira, Pseudomonas, Erysipelothrix.<\/em><\/p>\n<p><strong>CEFTRI ONE LA<\/strong> c\u00f3 t\u00e1c d\u1ee5ng\u00a0 t\u1ed1t b\u1eb1ng \u0111\u01b0\u1eddng ti\u00eam, c\u00f3 hi\u1ec7u qu\u1ea3 \u0111i\u1ec1u tr\u1ecb \u0111\u1ed1i v\u1edbi nhi\u1ec1u lo\u1ea1i vi khu\u1ea9n \u0111\u00e3 kh\u00e1ng\u00a0 penicillin v\u00e0 c\u00e1c kh\u00e1ng sinh cephalosporin kh\u00e1c.<\/p>\n<p><strong>C\u00d4NG D\u1ee4NG S\u1ea2N PH\u1ea8M<\/strong><\/p>\n<p>D\u00f9ng cho heo, tr\u00e2u, b\u00f2, d\u00ea, c\u1eebu trong c\u00e1c tr\u01b0\u1eddng h\u1ee3p: ti\u00eau ch\u1ea3y do <em>E.coli<\/em> v\u00e0 <em>Salmonella<\/em>, t\u1ee5 huy\u1ebft tr\u00f9ng, vi\u00eam kh\u1edbp, vi\u00eam m\u00e0ng n\u00e3o t\u1ee7y, vi\u00eam \u0111\u01b0\u1eddng ti\u1ebft ni\u1ec7u, \u0111au m\u00f3ng, s\u00f3t nhau, vi\u00eam v\u00fa, vi\u00eam t\u1eed cung, m\u1ea5t s\u1eefa (h\u1ed9i ch\u1ee9ng MMA), b\u1ec7nh \u0111\u00f3ng d\u1ea5u son, vi\u00eam da, m\u1ee5n nh\u1ecdt, \u1ed5 \u00e1p xe l\u00e0m m\u1ee7, nhi\u1ec5m tr\u00f9ng v\u1ebft th\u01b0\u01a1ng, s\u1ea9y thai truy\u1ec1n nhi\u1ec5m do vi tr\u00f9ng.<\/p>\n<p>\u0110\u1eb7c bi\u1ec7t, thu\u1ed1c r\u1ea5t hi\u1ec7u qu\u1ea3 trong vi\u1ec7c \u0111i\u1ec1u tr\u1ecb c\u00e1c b\u1ec7nh k\u1ebf ph\u00e1t c\u1ee7a nh\u1eefng b\u1ec7nh do virus nh\u01b0 heo tai xanh (PRRS), FMD, d\u1ecbch t\u1ea3 heo, <em>Circovirus<\/em> type 2, <em>Coronavirus<\/em>\u2026<\/p>\n<p><strong>CH\u1ed0NG CH\u1ec8 \u0110\u1ecaNH<\/strong><\/p>\n<p>Th\u00fa c\u00f3 ti\u1ec1n s\u1eed ph\u1ea3n \u1ee9ng ph\u1ea3n v\u1ec7 v\u1edbi penicillin.<\/p>\n<p><strong>\u00a0S\u1eec D\u1ee4NG<\/strong><\/p>\n<p>L\u1eafc \u0111\u1ec1u tr\u01b0\u1edbc khi s\u1eed d\u1ee5ng.<\/p>\n<p>Ti\u00eam s\u00e2u v\u00e0o b\u1eafp th\u1ecbt.<\/p>\n<p>Heo con: 1ml\/ 10 kg th\u1ec3 tr\u1ecdng.<\/p>\n<p>Heo tr\u00ean 50kg: 1ml\/ 15 \u2013 20 kg th\u1ec3 tr\u1ecdng.<\/p>\n<p>B\u00ea, d\u00ea, c\u1eebu: 1ml\/ 20 kg th\u1ec3 tr\u1ecdng.<\/p>\n<p>Tr\u00e2u, b\u00f2: 1ml\/ 30 kg th\u1ec3 tr\u1ecdng.<\/p>\n<p>1 m\u0169i ti\u00eam duy nh\u1ea5t cho 72 gi\u1edd.<\/p>\n<p>B\u1ec7nh n\u1eb7ng ti\u00eam nh\u1eafc l\u1ea1i sau 48 gi\u1edd t\u00f9y tr\u01b0\u1eddng h\u1ee3p.<\/p>\n<p>Ti\u00eam 1 m\u0169i duy nh\u1ea5t cho heo con theo m\u1eb9 kh\u1ecfe m\u1ea1nh \u1edf c\u00e1c th\u1eddi \u0111i\u1ec3m 3, 14 ng\u00e0y tu\u1ed5i v\u00e0 2 ng\u00e0y tr\u01b0\u1edbc khi cai s\u1eefa gi\u00fap ph\u00f2ng b\u1ec7nh hi\u1ec7u qu\u1ea3 \u0111\u1ed1i v\u1edbi c\u00e1c b\u1ec7nh vi\u00eam ph\u1ed5i do <em>Mycoplasma<\/em> v\u00e0 ti\u00eau ch\u1ea3y, ph\u00f9 \u0111\u1ea7u do <em>E.coli<\/em>.<\/p>\n<p>C\u00f3 th\u1ec3 ti\u00eam 1 m\u0169i cho heo n\u00e1i sau khi sinh xong s\u1ebd gi\u00fap ng\u1eeba vi\u00eam nhi\u1ec5m \u0111\u01b0\u1eddng sinh d\u1ee5c, s\u1ed1t v\u00e0 vi\u00eam v\u00fa m\u1ea5t s\u1eefa.<\/p>\n<p><strong>Th\u1eddi gian ng\u01b0ng s\u1eed d\u1ee5ng thu\u1ed1c<\/strong><\/p>\n<p>Th\u00fa gi\u1ebft th\u1ecbt: 7 ng\u00e0y tr\u01b0\u1edbc khi gi\u1ebft m\u1ed5.<\/p>\n<p><strong>B\u1ea2O QU\u1ea2N: <\/strong>N\u01a1i kh\u00f4 r\u00e1o, tho\u00e1ng m\u00e1t, nhi\u1ec7t \u0111\u1ed9 d\u01b0\u1edbi 30<sup>0<\/sup>C. Tr\u00e1nh \u00e1nh n\u1eafng tr\u1ef1c ti\u1ebfp, tr\u00e1nh xa t\u1ea7m tay tr\u1ebb em.<\/p>\n<p><strong>H\u1ea0N S\u1eec D\u1ee4NG S\u1ea2N PH\u1ea8M<\/strong><\/p>\n<p>36 th\u00e1ng k\u1ec3 t\u1eeb ng\u00e0y s\u1ea3n xu\u1ea5t.<\/p>\n<p><strong>\u0110\u00d3NG G\u00d3I<\/strong><\/p>\n<p>20ml, 100ml, 250ml<\/p>\n<p><strong>S\u1ed1 \u0111\u0103ng k\u00fd: MBP-94<\/strong><\/p>\n","protected":false},"excerpt":{"rendered":"<p>\u0110\u1eb6C TR\u1eca NHI\u1ec4M TR\u00d9NG H\u00d4 H\u1ea4P, VI\u00caM M\u00c0NG N\u00c3O<\/p>\n<p><strong>C\u00d4NG TH\u1ee8C<\/strong><\/p>\n<p>Ceftriaxone sodium&#8230;&#8230;&#8230;&#8230;&#8230;&#8230;&#8230;&#8230;&#8230;&#8230;&#8230;&#8230;&#8230;&#8230;&#8230;&#8230;&#8230;&#8230;&#8230;&#8230;&#8230;&#8230;&#8230;&#8230;&#8230;&#8230;&#8230;&#8230;&#8230;&#8230;&#8230;&#8230; 10g<\/p>\n<p>Dung m\u00f4i v\u1eeba \u0111\u1ee7&#8230;&#8230;&#8230;&#8230;&#8230;&#8230;&#8230;&#8230;&#8230;&#8230;&#8230;&#8230;&#8230;&#8230;&#8230;&#8230;&#8230;&#8230;&#8230;&#8230;&#8230;&#8230;&#8230;&#8230;&#8230;&#8230;&#8230;&#8230;&#8230;&#8230;&#8230;.. 100ml<\/p>\n<p><strong>CH\u1ec8 \u0110\u1ecaNH<\/strong><\/p>\n<p>Chuy\u00ean tr\u1ecb ho, vi\u00eam m\u00e0ng ph\u1ed5i, vi\u00eam ph\u1ed5i c\u1ea5p t\u00ednh, t\u1ee5 huy\u1ebft tr\u00f9ng, vi\u00eam m\u00e0ng n\u00e3o, vi\u00eam t\u1eed cung, vi\u00eam th\u1eadn, vi\u00eam kh\u1edbp, vi\u00eam da v\u00e0 \u0111i\u1ec1u tr\u1ecb b\u1ec7nh k\u1ebf ph\u00e1t c\u1ee7a nh\u1eefng b\u1ec7nh do virus nh\u01b0: Heo tai xanh (PRRS), FMD, d\u1ecbch t\u1ea3\u2026<\/p>\n","protected":false},"featured_media":9776,"comment_status":"closed","ping_status":"closed","template":"","meta":[],"product_brand":[],"product_cat":[62,121],"product_tag":[],"class_list":{"0":"post-7482","1":"product","2":"type-product","3":"status-publish","4":"has-post-thumbnail","6":"product_cat-thuoc-thu-y","7":"product_cat-dung-dich-tiem-hon-dich-tiem","9":"first","10":"instock","11":"shipping-taxable","12":"purchasable","13":"product-type-variable","14":"has-default-attributes"},"_links":{"self":[{"href":"https:\/\/mebipha.com\/online\/wp-json\/wp\/v2\/product\/7482","targetHints":{"allow":["GET"]}}],"collection":[{"href":"https:\/\/mebipha.com\/online\/wp-json\/wp\/v2\/product"}],"about":[{"href":"https:\/\/mebipha.com\/online\/wp-json\/wp\/v2\/types\/product"}],"replies":[{"embeddable":true,"href":"https:\/\/mebipha.com\/online\/wp-json\/wp\/v2\/comments?post=7482"}],"wp:featuredmedia":[{"embeddable":true,"href":"https:\/\/mebipha.com\/online\/wp-json\/wp\/v2\/media\/9776"}],"wp:attachment":[{"href":"https:\/\/mebipha.com\/online\/wp-json\/wp\/v2\/media?parent=7482"}],"wp:term":[{"taxonomy":"product_brand","embeddable":true,"href":"https:\/\/mebipha.com\/online\/wp-json\/wp\/v2\/product_brand?post=7482"},{"taxonomy":"product_cat","embeddable":true,"href":"https:\/\/mebipha.com\/online\/wp-json\/wp\/v2\/product_cat?post=7482"},{"taxonomy":"product_tag","embeddable":true,"href":"https:\/\/mebipha.com\/online\/wp-json\/wp\/v2\/product_tag?post=7482"}],"curies":[{"name":"wp","href":"https:\/\/api.w.org\/{rel}","templated":true}]}}