{"id":7454,"date":"2021-07-03T09:20:33","date_gmt":"2021-07-03T02:20:33","guid":{"rendered":"https:\/\/mebipha.com\/online\/?post_type=product&#038;p=7454"},"modified":"2025-12-11T15:36:01","modified_gmt":"2025-12-11T08:36:01","slug":"flophenicol-50","status":"publish","type":"product","link":"https:\/\/mebipha.com\/online\/flophenicol-50\/","title":{"rendered":"FLOPHENICOL 50%"},"content":{"rendered":"<p><strong>\u0110\u1eb6C TR\u1eca B\u1ec6NH DO MYCOPLASMA \u2013 VI\u00caM PH\u1ed4I \u2013 TI\u00caU CH\u1ea2Y TR\u00caN HEO V\u00c0 GIA C\u1ea6M<\/strong><\/p>\n<p><strong>Thu\u1ed1c b\u1ed9t tr\u1ed9n th\u1ee9c \u0103n.<\/strong><\/p>\n<p><strong>C\u00d4NG TH\u1ee8C<\/strong><\/p>\n<p>Florfenicol: 500g<\/p>\n<p>T\u00e1 d\u01b0\u1ee3c v\u1eeba \u0111\u1ee7: 1kg<\/p>\n<p><strong>\u0110\u1eb6C T\u00cdNH D\u01af\u1ee2C L\u00dd S\u1ea2N PH\u1ea8M<\/strong><\/p>\n<h4>Florfenicol l\u00e0 m\u1ed9t lo\u1ea1i kh\u00e1ng sinh k\u00ecm khu\u1ea9n t\u1ed5ng h\u1ee3p, ph\u1ed5 r\u1ed9ng. N\u00f3 ho\u1ea1t \u0111\u1ed9ng b\u1eb1ng c\u00e1ch \u1ee9c ch\u1ebf t\u1ed5ng h\u1ee3p protein vi khu\u1ea9n. C\u00e1c vi khu\u1ea9n nh\u1ea1y c\u1ea3m bao g\u1ed3m: Vi khu\u1ea9n Gram d\u01b0\u01a1ng (<em>Corynebacterium pyogenes, Streptococcus agalactiae, Streptococcus dysgalactiae, Streptococcus uberis, Streptococcus zooepidermicos, Streptococcus aureus.<\/em> v\u00e0 E<em>nterococcus <\/em>spp.,\u2026), vi khu\u1ea9n gram \u00e2m (<em>Pasteurella haemolytica, Haemophilus influenzae, Pasteurella multocida., Haemophilus sommus., Escherichia coli., Salmonella<\/em> spp., <em>Moraxella<\/em> spp., <em>Klebsiella<\/em>., <em>Shigella<\/em> spp., <em>Treponema hyodysentariae<\/em>, <em>Bordroides<\/em> spp., <em>Bordetella bronchiseptica, Proteus spp. <\/em>v\u00e0 <em>Neisseria spp.,\u2026<\/em>). Florfenicol c\u00f3 kh\u1ea3 n\u0103ng h\u1ea5p thu tuy\u1ec7t v\u1eddi \u1edf ru\u1ed9t, m\u1ee9c \u0111\u1ed9 an to\u00e0n r\u1ed9ng, kh\u1ea3 n\u0103ng ch\u1ed1ng l\u1ea1i s\u1ef1 ho\u1ea1t \u0111\u1ed9ng c\u1ee7a vi khu\u1ea9n v\u00e0 \u0111\u00e0o th\u1ea3i qua m\u00f4 nhanh ch\u00f3ng.<\/h4>\n<h4>S\u1ea3n ph\u1ea9m ch\u1ee9a h\u00e0m l\u01b0\u1ee3ng florfenicol cao, gi\u00fap t\u0103ng t\u1ed1i \u0111a hi\u1ec7u qu\u1ea3 \u0111i\u1ec1u tr\u1ecb.<\/h4>\n<p><strong>C\u00d4NG D\u1ee4NG S\u1ea2N PH\u1ea8M<\/strong><\/p>\n<p>Ph\u00f2ng v\u00e0 tr\u1ecb hi\u1ec7u qu\u1ea3 c\u00e1c b\u1ec7nh h\u00f4 h\u1ea5p, \u0111\u01b0\u1eddng ru\u1ed9t:<\/p>\n<p><strong>Heo:<\/strong><\/p>\n<p>Vi\u00eam ph\u1ed5i \u0111\u1ecba ph\u01b0\u01a1ng (SEP), vi\u00eam ph\u1ed5i d\u00ednh s\u01b0\u1eddn, vi\u00eam ph\u1ed5i \u0111a thanh d\u1ecbch, t\u1ee5 huy\u1ebft tr\u00f9ng.<\/p>\n<p>Ti\u00eau ch\u1ea3y ph\u00e2n v\u00e0ng, ph\u00e2n c\u00f3 m\u00e1u tr\u00ean heo con.<\/p>\n<p><strong>Gia c\u1ea7m:<\/strong><\/p>\n<p>CRD, CCRD, s\u1ed5 m\u0169i truy\u1ec1n nhi\u1ec5m, vi\u00eam kh\u1edbp.<\/p>\n<p>Vi\u00eam ru\u1ed9t, ti\u00eau ch\u1ea3y ph\u00e2n tr\u1eafng, ph\u00e2n v\u00e0ng.<\/p>\n<p><strong>CH\u1ed0NG CH\u1ec8 \u0110\u1ecaNH<\/strong><\/p>\n<p>Th\u00fa mang thai ho\u1eb7c cho con b\u00fa.<\/p>\n<p>Giai \u0111o\u1ea1n ch\u1ee7ng ng\u1eeba cho gia s\u00fac.<\/p>\n<p>Kh\u00f4ng d\u00f9ng cho g\u00e0 \u0111\u1ebb tr\u1ee9ng l\u00e0m th\u1ee9c \u0103n cho ng\u01b0\u1eddi.<\/p>\n<p><strong>S\u1eec D\u1ee4NG<\/strong><\/p>\n<p>Tr\u1ed9n \u0111\u1ec1u v\u00e0o th\u1ee9c \u0103n.<\/p>\n<p><strong>Tr\u00ean heo:<\/strong><\/p>\n<p>Li\u1ec1u t\u1ed5ng qu\u00e1t: 1g\/30kg th\u1ec3 tr\u1ecdng.<\/p>\n<p>Ph\u00f2ng b\u1ec7nh:<\/p>\n<p><strong>Heo n\u00e1i:<\/strong> 1kg\/ 4 \u2013 5 t\u1ea5n th\u1ee9c \u0103n. D\u00f9ng 10 ng\u00e0y tr\u01b0\u1edbc v\u00e0 sau khi sanh.<\/p>\n<p><strong>Heo cai s\u1eefa, heo th\u1ecbt<\/strong>: 1kg\/ 4 t\u1ea5n th\u1ee9c \u0103n. D\u00f9ng li\u00ean t\u1ee5c trong 3 &#8211; 5 ng\u00e0y.<\/p>\n<p><strong>Tr\u1ecb b\u1ec7nh<\/strong>: G\u1ea5p \u0111\u00f4i li\u1ec1u ph\u00f2ng. D\u00f9ng li\u00ean t\u1ee5c 5 &#8211; 7 ng\u00e0y.<\/p>\n<p><strong>Tr\u00ean gia c\u1ea7m:<\/strong><\/p>\n<p><strong>Li\u1ec1u t\u1ed5ng qu\u00e1t<\/strong>: 1g\/ 20kg th\u1ec3 tr\u1ecdng.<\/p>\n<p><strong>Ph\u00f2ng b\u1ec7nh<\/strong>: 1g\/ 20 &#8211; 25kg th\u1ec3 tr\u1ecdng ho\u1eb7c 1kg\/ 3 t\u1ea5n th\u1ee9c \u0103n, d\u00f9ng li\u00ean t\u1ee5c trong 3 &#8211; 5 ng\u00e0y.<\/p>\n<p><strong>Tr\u1ecb b\u1ec7nh<\/strong>: G\u1ea5p \u0111\u00f4i li\u1ec1u ph\u00f2ng, d\u00f9ng li\u00ean t\u1ee5c trong 5 &#8211; 7 ng\u00e0y.<\/p>\n<p><strong>Th\u1eddi gian ng\u01b0ng s\u1eed d\u1ee5ng thu\u1ed1c<\/strong><\/p>\n<p>7 ng\u00e0y tr\u01b0\u1edbc khi gi\u1ebft m\u1ed5<\/p>\n<p><strong>H\u1ea1n s\u1eed d\u1ee5ng s\u1ea3n ph\u1ea9m <\/strong><\/p>\n<p>24 th\u00e1ng k\u1ec3 t\u1eeb ng\u00e0y s\u1ea3n xu\u1ea5t.<\/p>\n<p><strong>B\u1ea2O QU\u1ea2N<\/strong><\/p>\n<p>N\u01a1i kh\u00f4 r\u00e1o, tho\u00e1ng m\u00e1t, nhi\u1ec7t \u0111\u1ed9 d\u01b0\u1edbi 30<sup>0<\/sup>C. Tr\u00e1nh \u00e1nh n\u1eafng tr\u1ef1c ti\u1ebfp, tr\u00e1nh xa t\u1ea7m tay tr\u1ebb em.<\/p>\n<p><strong>\u0110\u00d3NG G\u00d3I<\/strong><\/p>\n<p><strong>1kg\/g\u00f3i, 5kg\/x\u00f4 (5 trong 1)<\/strong><\/p>\n<p><strong>S\u1ed1 \u0111\u0103ng k\u00fd: MBP-39<\/strong><\/p>\n","protected":false},"excerpt":{"rendered":"<p>\u0110\u1eb6C TR\u1eca C\u00c1C B\u1ec6NH H\u00d4 H\u1ea4P TR\u00caN HEO V\u00c0 GIA S\u00daC<\/p>\n<p>Th\u00e0nh ph\u1ea7n:<\/p>\n<p>Florfenicol: 500g<br \/>\nT\u00e1 d\u01b0\u1ee3c v\u1eeba \u0111\u1ee7: 1kg<\/p>\n<p>S\u1eed d\u1ee5ng:<\/p>\n<p>Tr\u1ed9n \u0111\u1ec1u v\u00e0o th\u1ee9c \u0103n.<br \/>\nTr\u00ean heo:<br \/>\nLi\u1ec1u t\u1ed5ng qu\u00e1t: 1g\/30kg th\u1ec3 tr\u1ecdng.<br \/>\nPh\u00f2ng b\u1ec7nh:<br \/>\nHeo n\u00e1i: 1kg\/ 4 \u2013 5 t\u1ea5n th\u1ee9c \u0103n. D\u00f9ng 10 ng\u00e0y tr\u01b0\u1edbc v\u00e0 sau khi sanh.<br \/>\nHeo cai s\u1eefa, heo th\u1ecbt: 1kg\/ 4 t\u1ea5n th\u1ee9c \u0103n. D\u00f9ng li\u00ean t\u1ee5c trong 3 &#8211; 5 ng\u00e0y.<br \/>\nTr\u1ecb b\u1ec7nh: G\u1ea5p \u0111\u00f4i li\u1ec1u ph\u00f2ng. D\u00f9ng li\u00ean t\u1ee5c 5 &#8211; 7 ng\u00e0y.<br \/>\nTr\u00ean gia c\u1ea7m:<br \/>\nLi\u1ec1u t\u1ed5ng qu\u00e1t: 1g\/ 20kg th\u1ec3 tr\u1ecdng.<br \/>\nPh\u00f2ng b\u1ec7nh: 1g\/`20-25kg th\u1ec3 tr\u1ecdng ho\u1eb7c 1kg\/ 3 t\u1ea5n th\u1ee9c \u0103n, d\u00f9ng li\u00ean t\u1ee5c trong 3 &#8211; 5 ng\u00e0y.<br \/>\nTr\u1ecb b\u1ec7nh: G\u1ea5p \u0111\u00f4i li\u1ec1u ph\u00f2ng, d\u00f9ng li\u00ean t\u1ee5c trong 5 &#8211; 7 ng\u00e0y.<\/p>\n","protected":false},"featured_media":9925,"comment_status":"closed","ping_status":"closed","template":"","meta":[],"product_brand":[],"product_cat":[62],"product_tag":[],"class_list":{"0":"post-7454","1":"product","2":"type-product","3":"status-publish","4":"has-post-thumbnail","6":"product_cat-thuoc-thu-y","8":"first","9":"instock","10":"shipping-taxable","11":"purchasable","12":"product-type-variable","13":"has-default-attributes"},"_links":{"self":[{"href":"https:\/\/mebipha.com\/online\/wp-json\/wp\/v2\/product\/7454","targetHints":{"allow":["GET"]}}],"collection":[{"href":"https:\/\/mebipha.com\/online\/wp-json\/wp\/v2\/product"}],"about":[{"href":"https:\/\/mebipha.com\/online\/wp-json\/wp\/v2\/types\/product"}],"replies":[{"embeddable":true,"href":"https:\/\/mebipha.com\/online\/wp-json\/wp\/v2\/comments?post=7454"}],"wp:featuredmedia":[{"embeddable":true,"href":"https:\/\/mebipha.com\/online\/wp-json\/wp\/v2\/media\/9925"}],"wp:attachment":[{"href":"https:\/\/mebipha.com\/online\/wp-json\/wp\/v2\/media?parent=7454"}],"wp:term":[{"taxonomy":"product_brand","embeddable":true,"href":"https:\/\/mebipha.com\/online\/wp-json\/wp\/v2\/product_brand?post=7454"},{"taxonomy":"product_cat","embeddable":true,"href":"https:\/\/mebipha.com\/online\/wp-json\/wp\/v2\/product_cat?post=7454"},{"taxonomy":"product_tag","embeddable":true,"href":"https:\/\/mebipha.com\/online\/wp-json\/wp\/v2\/product_tag?post=7454"}],"curies":[{"name":"wp","href":"https:\/\/api.w.org\/{rel}","templated":true}]}}