{"id":7394,"date":"2021-06-26T09:01:57","date_gmt":"2021-06-26T02:01:57","guid":{"rendered":"https:\/\/mebipha.com\/online\/?post_type=product&#038;p=7394"},"modified":"2025-12-29T16:24:54","modified_gmt":"2025-12-29T09:24:54","slug":"acetyl-c","status":"publish","type":"product","link":"https:\/\/mebipha.com\/online\/acetyl-c\/","title":{"rendered":"ACETYL C"},"content":{"rendered":"<p><strong>ACETYL-C<\/strong><\/p>\n<p><strong>H\u1ea0 S\u1ed0T NHANH, GI\u1ea2M \u0110AU, KH\u00c1NG VI\u00caM CHO HEO V\u00c0 GIA C\u1ea6M<\/strong><\/p>\n<p><strong>Thu\u1ed1c b\u1ed9t u\u1ed1ng<\/strong><\/p>\n<p><strong>C\u00d4NG TH\u1ee8C<\/strong><\/p>\n<p>Acetylsalicylic acid (Aspirin Carbasalate calcium): 250g<\/p>\n<p>Ascorbic acid: 100g<\/p>\n<p>T\u00e1 d\u01b0\u1ee3c v\u1eeba \u0111\u1ee7: 1kg<\/p>\n<p><strong>\u0110\u1eb6C T\u00cdNH <\/strong><strong>D\u01af\u1ee2C L\u00dd <\/strong><strong>S\u1ea2N PH\u1ea8M<\/strong><\/p>\n<p><strong>Acid Acetylsalicylic (d\u1ea1ng Carbasalate calcium) (Aspirin)<\/strong> c\u00f3 t\u00e1c d\u1ee5ng gi\u1ea3m \u0111au, h\u1ea1 nhi\u1ec7t v\u00e0 ch\u1ed1ng vi\u00eam, \u0111\u01b0\u1ee3c h\u1ea5p thu nhanh v\u1edbi m\u1ee9c \u0111\u1ed9 cao. Aspirin l\u00e0m gi\u00e1n \u0111o\u1ea1n vi\u1ec7c s\u1ea3n xu\u1ea5t prostaglandin kh\u1eafp c\u01a1 th\u1ec3 b\u1eb1ng c\u00e1ch nh\u1eafm m\u1ee5c ti\u00eau v\u00e0o cyclooxygenase-1 (COX-1) v\u00e0 cyclooxygenase-2 (COX-2). Prostaglandin l\u00e0m t\u0103ng \u0111\u1ed9 nh\u1ea1y c\u1ea3m c\u1ee7a c\u00e1c th\u1ee5 th\u1ec3 \u0111au v\u00e0 c\u00e1c ch\u1ea5t nh\u01b0 histamin v\u00e0 bradykinin. Th\u00f4ng qua vi\u1ec7c gi\u00e1n \u0111o\u1ea1n s\u1ea3n xu\u1ea5t v\u00e0 ng\u0103n ch\u1eb7n gi\u1ea3i ph\u00f3ng c\u00e1c prostaglandin trong t\u00ecnh tr\u1ea1ng vi\u00eam, thu\u1ed1c n\u00e0y c\u00f3 th\u1ec3 ng\u1eebng ho\u1ea1t \u0111\u1ed9ng c\u1ee7a ch\u00fang t\u1ea1i c\u00e1c th\u1ee5 th\u1ec3 \u0111au, ng\u0103n ng\u1eeba c\u00e1c tri\u1ec7u ch\u1ee9ng \u0111au. Aspirin c\u00f3 t\u00e1c d\u1ee5ng h\u1ea1 s\u1ed1t v\u00ec kh\u1ea3 n\u0103ng can thi\u1ec7p v\u00e0o vi\u1ec7c s\u1ea3n xu\u1ea5t prostaglandin E1 c\u1ee7a n\u00e3o. Prostaglandin E1 \u0111\u01b0\u1ee3c bi\u1ebft \u0111\u1ebfn l\u00e0 m\u1ed9t ch\u1ea5t g\u00e2y s\u1ed1t c\u1ef1c m\u1ea1nh.<\/p>\n<p><strong>Vitamin C\u00a0<\/strong>gi\u00fap t\u0103ng c\u01b0\u1eddng kh\u1ea3 n\u0103ng h\u1ea5p th\u1ee5 ch\u1ea5t s\u1eaft cho c\u01a1 th\u1ec3. B\u1ea3o v\u1ec7 th\u00e0nh m\u1ea1ch, t\u0103ng mi\u1ec5n d\u1ecbch, gi\u1ea3i \u0111\u1ed9c, t\u0103ng h\u1ea5p thu canxi v\u00e0 \u0111i\u1ec1u h\u00f2a nh\u1ecbp tim. S\u1eed d\u1ee5ng vitamin C gi\u00fap ng\u0103n ng\u1eeba nhi\u1ec5m tr\u00f9ng \u0111\u01b0\u1eddng h\u00f4 h\u1ea5p v\u00e0 ch\u1ed1ng vi\u00eam r\u1ea5t hi\u1ec7u qu\u1ea3.<\/p>\n<p><strong>C\u00d4NG D\u1ee4NG S\u1ea2N PH\u1ea8M<\/strong><\/p>\n<p>H\u1ea1 s\u1ed1t nhanh, gi\u1ea3m \u0111au, kh\u00e1ng vi\u00eam, h\u1ed7 tr\u1ee3 \u0111i\u1ec1u tr\u1ecb c\u00e1c b\u1ec7nh c\u00f3 hi\u1ec7n t\u01b0\u1ee3ng s\u1ed1t cao g\u00e2y gi\u1ea3m \u0103n, \u0169 r\u0169 nh\u01b0 s\u1ed1t b\u1ecf \u0103n kh\u00f4ng r\u00f5 nguy\u00ean nh\u00e2n, Gumboro, tai xanh,\u2026<\/p>\n<p>Ch\u1ed1ng stress nhanh ch\u00f3ng v\u00e0 hi\u1ec7u qu\u1ea3, gi\u00fap th\u00fa ph\u00f2ng b\u1ec7nh v\u00e0 ph\u1ee5c h\u1ed3i s\u1ee9c kh\u1ecfe t\u1ed1t khi m\u00f4i tr\u01b0\u1eddng th\u1eddi ti\u1ebft thay \u0111\u1ed5i.<\/p>\n<p>T\u0103ng c\u01b0\u1eddng s\u1ee9c \u0111\u1ec1 kh\u00e1ng, b\u1ea3o v\u1ec7 v\u1eadt nu\u00f4i tr\u00e1nh c\u00e1c b\u1ec7nh do vi khu\u1ea9n, virus g\u00e2y ra.<\/p>\n<p>Gi\u1ea3m hi\u1ec7n t\u01b0\u1ee3ng h\u00ecnh th\u00e0nh m\u00e1u \u0111\u00f4ng, b\u00e3 \u0111\u1eadu, d\u1ecbch vi\u00eam trong c\u00e1c b\u1ec7nh g\u00e2y vi\u00eam nhi\u1ec5m nh\u01b0: vi\u00eam kh\u1edbp, vi\u00eam t\u1eed cung, vi\u00eam ph\u1ed5i, vi\u00eam thanh kh\u00ed qu\u1ea3n, vi\u00eam c\u01a1, s\u01b0ng ph\u00f9 \u0111\u1ea7u (Coryza), H\u1ed9i ch\u1ee9ng ORT,\u2026<\/p>\n<p><strong>CH\u1ed0NG CH\u1ec8 \u0110\u1ecaNH<\/strong><\/p>\n<p>Th\u00fa m\u1eabn c\u1ea3m v\u1edbi c\u00e1c th\u00e0nh ph\u1ea7n c\u1ee7a thu\u1ed1c<\/p>\n<p><strong>H\u01af\u1edaNG D\u1eaaN S\u1eec D\u1ee4NG<\/strong><\/p>\n<p>Pha v\u00e0o n\u01b0\u1edbc u\u1ed1ng ho\u1eb7c tr\u1ed9n v\u00e0o th\u1ee9c \u0103n v\u1edbi li\u1ec1u nh\u01b0 sau:<\/p>\n<p>Gia c\u1ea7m: 1g\/2 l\u00edt n\u01b0\u1edbc u\u1ed1ng ho\u1eb7c 1g\/15kg th\u1ec3 tr\u1ecdng.<\/p>\n<p>Heo: 1g\/25-30kg th\u1ec3 tr\u1ecdng.<\/p>\n<p>Tr\u00e2u, b\u00f2: 1g\/40-50kg th\u1ec3 tr\u1ecdng.<\/p>\n<p><strong>Th\u1eddi gian ng\u01b0ng s\u1eed d\u1ee5ng thu\u1ed1c:<\/strong><\/p>\n<p>L\u1ea5y th\u1ecbt: 5 ng\u00e0y tr\u01b0\u1edbc khi gi\u1ebft m\u1ed5.L\u1ea5y tr\u1ee9ng: 1 ng\u00e0y.<\/p>\n<p><strong>B\u1ea2O QU\u1ea2N<\/strong><\/p>\n<p>N\u01a1i kh\u00f4 r\u00e1o, tho\u00e1ng m\u00e1t, nhi\u1ec7t \u0111\u1ed9 d\u01b0\u1edbi 30<sup>0<\/sup>C. Tr\u00e1nh \u00e1nh n\u1eafng tr\u1ef1c ti\u1ebfp, tr\u00e1nh xa t\u1ea7m tay tr\u1ebb em.<\/p>\n<p><strong>H\u1ea0N D\u00d9NG<\/strong><\/p>\n<p>24 th\u00e1ng k\u1ec3 t\u1eeb ng\u00e0y s\u1ea3n xu\u1ea5t.<\/p>\n<p><strong>\u0110\u00d3NG G\u00d3I<\/strong><\/p>\n<p>100g, 500g\/g\u00f3i, 1kg\/g\u00f3i<\/p>\n<p><strong>S\u1ed1 \u0111\u0103ng k\u00fd: MBP-<\/strong><strong>195<\/strong><\/p>\n","protected":false},"excerpt":{"rendered":"<p><strong>H\u1ea0 S\u1ed0T NHANH, GI\u1ea2M \u0110AU, KH\u00c1NG VI\u00caM CHO HEO V\u00c0 GIA C\u1ea6M<\/strong><\/p>\n<p><strong>Thu\u1ed1c b\u1ed9t u\u1ed1ng<\/strong><\/p>\n<p><strong>C\u00d4NG TH\u1ee8C<\/strong><\/p>\n<p>Acetylsalicylic acid (Aspirin Carbasalate calcium): 250g<\/p>\n<p>Ascorbic acid: 100g<\/p>\n<p>T\u00e1 d\u01b0\u1ee3c v\u1eeba \u0111\u1ee7: 1kg<\/p>\n<p><strong>C\u00d4NG D\u1ee4NG S\u1ea2N PH\u1ea8M<\/strong><\/p>\n<p>H\u1ea1 s\u1ed1t nhanh, gi\u1ea3m \u0111au, kh\u00e1ng vi\u00eam, h\u1ed7 tr\u1ee3 \u0111i\u1ec1u tr\u1ecb c\u00e1c b\u1ec7nh c\u00f3 hi\u1ec7n t\u01b0\u1ee3ng s\u1ed1t cao g\u00e2y gi\u1ea3m \u0103n, \u0169 r\u0169 nh\u01b0 s\u1ed1t b\u1ecf \u0103n kh\u00f4ng r\u00f5 nguy\u00ean nh\u00e2n, Gumboro, tai xanh,\u2026<\/p>\n<p>Ch\u1ed1ng stress nhanh ch\u00f3ng v\u00e0 hi\u1ec7u qu\u1ea3, gi\u00fap th\u00fa ph\u00f2ng b\u1ec7nh v\u00e0 ph\u1ee5c h\u1ed3i s\u1ee9c kh\u1ecfe t\u1ed1t khi m\u00f4i tr\u01b0\u1eddng th\u1eddi ti\u1ebft thay \u0111\u1ed5i.<\/p>\n<p>T\u0103ng c\u01b0\u1eddng s\u1ee9c \u0111\u1ec1 kh\u00e1ng, b\u1ea3o v\u1ec7 v\u1eadt nu\u00f4i tr\u00e1nh c\u00e1c b\u1ec7nh do vi khu\u1ea9n, virus g\u00e2y ra.<\/p>\n<p>Gi\u1ea3m hi\u1ec7n t\u01b0\u1ee3ng h\u00ecnh th\u00e0nh m\u00e1u \u0111\u00f4ng, b\u00e3 \u0111\u1eadu, d\u1ecbch vi\u00eam trong c\u00e1c b\u1ec7nh g\u00e2y vi\u00eam nhi\u1ec5m nh\u01b0: vi\u00eam kh\u1edbp, vi\u00eam t\u1eed cung, vi\u00eam ph\u1ed5i, vi\u00eam thanh kh\u00ed qu\u1ea3n, vi\u00eam c\u01a1, s\u01b0ng ph\u00f9 \u0111\u1ea7u (Coryza), H\u1ed9i ch\u1ee9ng ORT,\u2026<\/p>\n","protected":false},"featured_media":10299,"comment_status":"closed","ping_status":"closed","template":"","meta":[],"product_brand":[],"product_cat":[62,142],"product_tag":[],"class_list":{"0":"post-7394","1":"product","2":"type-product","3":"status-publish","4":"has-post-thumbnail","6":"product_cat-thuoc-thu-y","7":"product_cat-danh-muc-san-pham-gia-cam","9":"first","10":"instock","11":"shipping-taxable","12":"purchasable","13":"product-type-variable"},"_links":{"self":[{"href":"https:\/\/mebipha.com\/online\/wp-json\/wp\/v2\/product\/7394","targetHints":{"allow":["GET"]}}],"collection":[{"href":"https:\/\/mebipha.com\/online\/wp-json\/wp\/v2\/product"}],"about":[{"href":"https:\/\/mebipha.com\/online\/wp-json\/wp\/v2\/types\/product"}],"replies":[{"embeddable":true,"href":"https:\/\/mebipha.com\/online\/wp-json\/wp\/v2\/comments?post=7394"}],"wp:featuredmedia":[{"embeddable":true,"href":"https:\/\/mebipha.com\/online\/wp-json\/wp\/v2\/media\/10299"}],"wp:attachment":[{"href":"https:\/\/mebipha.com\/online\/wp-json\/wp\/v2\/media?parent=7394"}],"wp:term":[{"taxonomy":"product_brand","embeddable":true,"href":"https:\/\/mebipha.com\/online\/wp-json\/wp\/v2\/product_brand?post=7394"},{"taxonomy":"product_cat","embeddable":true,"href":"https:\/\/mebipha.com\/online\/wp-json\/wp\/v2\/product_cat?post=7394"},{"taxonomy":"product_tag","embeddable":true,"href":"https:\/\/mebipha.com\/online\/wp-json\/wp\/v2\/product_tag?post=7394"}],"curies":[{"name":"wp","href":"https:\/\/api.w.org\/{rel}","templated":true}]}}