{"id":7388,"date":"2021-06-26T08:53:46","date_gmt":"2021-06-26T01:53:46","guid":{"rendered":"https:\/\/mebipha.com\/online\/?post_type=product&#038;p=7388"},"modified":"2024-04-12T15:26:12","modified_gmt":"2024-04-12T08:26:12","slug":"para-c-hlc","status":"publish","type":"product","link":"https:\/\/mebipha.com\/online\/para-c-hlc\/","title":{"rendered":"PARA C (HLC)"},"content":{"rendered":"<p><strong>H\u00c0M L\u01af\u1ee2NG CAO<\/strong><\/p>\n<p><strong>H\u1ea0 S\u1ed0T NHANH, GI\u1ea2M \u0110AU, KH\u00c1NG VI\u00caM<\/strong><\/p>\n<p><strong>Thu\u1ed1c b\u1ed9t u\u1ed1ng<\/strong><\/p>\n<p><strong>TH\u00c0NH PH\u1ea6N<\/strong><\/p>\n<p>Paracetamol: 300g<\/p>\n<p>Vitamin C: 50g<\/p>\n<p>T\u00e1 d\u01b0\u1ee3c v\u1eeba \u0111\u1ee7: 1kg<\/p>\n<p><strong>\u0110\u1eb6C T\u00cdNH <\/strong><strong>D\u01af\u1ee2C L\u00dd <\/strong><strong>S\u1ea2N PH\u1ea8M<\/strong><\/p>\n<p><strong>Paracetamol <\/strong>l\u00e0 thu\u1ed1c gi\u1ea3m \u0111au &#8211; h\u1ea1 s\u1ed1t<em>\u00a0<\/em>h\u1eefu hi\u1ec7u. Thu\u1ed1c t\u00e1c \u0111\u1ed9ng l\u00ean v\u00f9ng d\u01b0\u1edbi \u0111\u1ed3i g\u00e2y h\u1ea1 nhi\u1ec7t, t\u0103ng t\u1ecfa nhi\u1ec7t do gi\u00e3n m\u1ea1ch v\u00e0 t\u0103ng l\u01b0u l\u01b0\u1ee3ng m\u00e1u ngo\u1ea1i bi\u00ean.<\/p>\n<p><strong>Vitamin C\u00a0<\/strong>gi\u00fap t\u0103ng c\u01b0\u1eddng kh\u1ea3 n\u0103ng h\u1ea5p th\u1ee5 ch\u1ea5t s\u1eaft cho c\u01a1 th\u1ec3. B\u1ea3o v\u1ec7 th\u00e0nh m\u1ea1ch, t\u0103ng mi\u1ec5n d\u1ecbch, gi\u1ea3i \u0111\u1ed9c, t\u0103ng h\u1ea5p thu canxi v\u00e0 \u0111i\u1ec1u h\u00f2a nh\u1ecbp tim. S\u1eed d\u1ee5ng vitamin C gi\u00fap ng\u0103n ng\u1eeba nhi\u1ec5m tr\u00f9ng \u0111\u01b0\u1eddng h\u00f4 h\u1ea5p v\u00e0 ch\u1ed1ng vi\u00eam r\u1ea5t hi\u1ec7u qu\u1ea3.<\/p>\n<p>C\u00f4ng th\u1ee9c c\u1ea3i ti\u1ebfn v\u1edbi h\u00e0m l\u01b0\u1ee3ng cao cho t\u00e1c d\u1ee5ng gi\u1ea3m \u0111au, h\u1ea1 s\u1ed1t nhanh, h\u1ed7 tr\u1ee3 t\u1ed1t qu\u00e1 tr\u00ecnh \u0111i\u1ec1u tr\u1ecb b\u1ec7nh nhi\u1ec5m tr\u00f9ng.<\/p>\n<p><strong>C\u00d4NG D\u1ee4NG S\u1ea2N PH\u1ea8M<\/strong><\/p>\n<p>S\u1ea3n ph\u1ea9m \u0111\u1eb7c bi\u1ec7t d\u00f9ng cho heo v\u00e0 gia c\u1ea7m trong c\u00e1c tr\u01b0\u1eddng h\u1ee3p sau:<\/p>\n<p>H\u1ea1 s\u1ed1t nhanh, gi\u1ea3m \u0111au, kh\u00e1ng vi\u00eam.<\/p>\n<p>Ng\u0103n ng\u1eeba stress do nhi\u1ec7t \u0111\u1ed9 cao, thay \u0111\u1ed5i th\u1eddi ti\u1ebft, m\u1eadt \u0111\u1ed9 nu\u00f4i cao.<\/p>\n<p>T\u0103ng c\u01b0\u1eddng s\u1ee9c \u0111\u1ec1 kh\u00e1ng, h\u1ed7 tr\u1ee3 trong \u0111i\u1ec1u tr\u1ecb c\u00e1c b\u1ec7nh nhi\u1ec5m tr\u00f9ng \u0111\u01b0\u1eddng ti\u00eau h\u00f3a v\u00e0 h\u00f4 h\u1ea5p.<\/p>\n<p>K\u00edch th\u00edch th\u00e8m \u0103n, t\u0103ng tr\u01b0\u1edfng nhanh.<\/p>\n<p><strong>CH\u1ed0NG CH\u1ec8 \u0110\u1ecaNH<\/strong><\/p>\n<p>Kh\u00f4ng s\u1eed d\u1ee5ng cho th\u00fa m\u1eabn c\u1ea3m v\u1edbi c\u00e1c th\u00e0nh ph\u1ea7n c\u1ee7a thu\u1ed1c.<\/p>\n<p>Kh\u00f4ng s\u1eed d\u1ee5ng cho m\u00e8o.<\/p>\n<p><strong>H\u01af\u1edaNG D\u1eaaN S\u1eec D\u1ee4NG<\/strong><\/p>\n<p>Pha v\u00e0o n\u01b0\u1edbc u\u1ed1ng ho\u1eb7c tr\u1ed9n v\u00e0o th\u1ee9c \u0103n.<\/p>\n<p>Ph\u00f2ng b\u1ec7nh: 1g\/5 l\u00edt n\u01b0\u1edbc u\u1ed1ng ho\u1eb7c 1g\/3kg th\u1ee9c \u0103n, d\u00f9ng li\u00ean t\u1ee5c t\u1eeb 3-4 ng\u00e0y.<\/p>\n<p>Tr\u1ecb b\u1ec7nh: g\u1ea5p \u0111\u00f4i li\u1ec1u ph\u00f2ng, d\u00f9ng li\u00ean t\u1ee5c 5-7 ng\u00e0y.<\/p>\n<p><strong>Th\u1eddi gian ng\u01b0ng s\u1eed d\u1ee5ng thu\u1ed1c:<\/strong><\/p>\n<p>1 ng\u00e0y tr\u01b0\u1edbc khi gi\u1ebft m\u1ed5<\/p>\n<p><strong>B\u1ea2O QU\u1ea2N<\/strong><\/p>\n<p>N\u01a1i kh\u00f4 r\u00e1o, tho\u00e1ng m\u00e1t, nhi\u1ec7t \u0111\u1ed9 d\u01b0\u1edbi 30<sup>0<\/sup>C. Tr\u00e1nh \u00e1nh n\u1eafng tr\u1ef1c ti\u1ebfp, tr\u00e1nh xa t\u1ea7m tay tr\u1ebb em.<\/p>\n<p><strong>H\u1ea0N D\u00d9NG<\/strong><\/p>\n<p>24 th\u00e1ng k\u1ec3 t\u1eeb ng\u00e0y s\u1ea3n xu\u1ea5t.<\/p>\n<p><strong>\u0110\u00d3NG G\u00d3I<\/strong><\/p>\n<p>100g, 1kg\/g\u00f3i (10 trong 1)<\/p>\n<p><strong>S\u1ed1 \u0111\u0103ng k\u00fd: MBP-<\/strong><strong>119<\/strong><\/p>\n","protected":false},"excerpt":{"rendered":"<p><strong>H\u00c0M L\u01af\u1ee2NG CAO<\/strong><\/p>\n<p><strong>H\u1ea0 S\u1ed0T NHANH, GI\u1ea2M \u0110AU, KH\u00c1NG VI\u00caM<\/strong><\/p>\n<p><strong>Thu\u1ed1c b\u1ed9t u\u1ed1ng<\/strong><\/p>\n<p><strong>TH\u00c0NH PH\u1ea6N<\/strong><\/p>\n<p>Paracetamol: 300g<\/p>\n<p>Vitamin C: 50g<\/p>\n<p>T\u00e1 d\u01b0\u1ee3c v\u1eeba \u0111\u1ee7: 1kg<\/p>\n<p><strong>C\u00d4NG D\u1ee4NG S\u1ea2N PH\u1ea8M<\/strong><\/p>\n<p>S\u1ea3n ph\u1ea9m \u0111\u1eb7c bi\u1ec7t d\u00f9ng cho heo v\u00e0 gia c\u1ea7m trong c\u00e1c tr\u01b0\u1eddng h\u1ee3p sau:<\/p>\n<p>H\u1ea1 s\u1ed1t nhanh, gi\u1ea3m \u0111au, kh\u00e1ng vi\u00eam.<\/p>\n<p>Ng\u0103n ng\u1eeba stress do nhi\u1ec7t \u0111\u1ed9 cao, thay \u0111\u1ed5i th\u1eddi ti\u1ebft, m\u1eadt \u0111\u1ed9 nu\u00f4i cao.<\/p>\n<p>T\u0103ng c\u01b0\u1eddng s\u1ee9c \u0111\u1ec1 kh\u00e1ng, h\u1ed7 tr\u1ee3 trong \u0111i\u1ec1u tr\u1ecb c\u00e1c b\u1ec7nh nhi\u1ec5m tr\u00f9ng \u0111\u01b0\u1eddng ti\u00eau h\u00f3a v\u00e0 h\u00f4 h\u1ea5p.<\/p>\n<p>K\u00edch th\u00edch th\u00e8m \u0103n, t\u0103ng tr\u01b0\u1edfng nhanh.<\/p>\n<p><strong>CH\u1ed0NG CH\u1ec8 \u0110\u1ecaNH<\/strong><\/p>\n<p>Kh\u00f4ng s\u1eed d\u1ee5ng cho th\u00fa m\u1eabn c\u1ea3m v\u1edbi c\u00e1c th\u00e0nh ph\u1ea7n c\u1ee7a thu\u1ed1c.<\/p>\n<p>Kh\u00f4ng s\u1eed d\u1ee5ng cho m\u00e8o.<\/p>\n<p><strong>H\u01af\u1edaNG D\u1eaaN S\u1eec D\u1ee4NG<\/strong><\/p>\n<p>Pha v\u00e0o n\u01b0\u1edbc u\u1ed1ng ho\u1eb7c tr\u1ed9n v\u00e0o th\u1ee9c \u0103n.<\/p>\n<p>Ph\u00f2ng b\u1ec7nh: 1g\/5 l\u00edt n\u01b0\u1edbc u\u1ed1ng ho\u1eb7c 1g\/3kg th\u1ee9c \u0103n, d\u00f9ng li\u00ean t\u1ee5c t\u1eeb 3-4 ng\u00e0y.<\/p>\n<p>Tr\u1ecb b\u1ec7nh: g\u1ea5p \u0111\u00f4i li\u1ec1u ph\u00f2ng, d\u00f9ng li\u00ean t\u1ee5c 5-7 ng\u00e0y.<\/p>\n<p>&nbsp;<\/p>\n","protected":false},"featured_media":10270,"comment_status":"closed","ping_status":"closed","template":"","meta":[],"product_brand":[],"product_cat":[62,142],"product_tag":[],"class_list":{"0":"post-7388","1":"product","2":"type-product","3":"status-publish","4":"has-post-thumbnail","6":"product_cat-thuoc-thu-y","7":"product_cat-danh-muc-san-pham-gia-cam","9":"first","10":"instock","11":"shipping-taxable","12":"purchasable","13":"product-type-variable"},"_links":{"self":[{"href":"https:\/\/mebipha.com\/online\/wp-json\/wp\/v2\/product\/7388","targetHints":{"allow":["GET"]}}],"collection":[{"href":"https:\/\/mebipha.com\/online\/wp-json\/wp\/v2\/product"}],"about":[{"href":"https:\/\/mebipha.com\/online\/wp-json\/wp\/v2\/types\/product"}],"replies":[{"embeddable":true,"href":"https:\/\/mebipha.com\/online\/wp-json\/wp\/v2\/comments?post=7388"}],"wp:featuredmedia":[{"embeddable":true,"href":"https:\/\/mebipha.com\/online\/wp-json\/wp\/v2\/media\/10270"}],"wp:attachment":[{"href":"https:\/\/mebipha.com\/online\/wp-json\/wp\/v2\/media?parent=7388"}],"wp:term":[{"taxonomy":"product_brand","embeddable":true,"href":"https:\/\/mebipha.com\/online\/wp-json\/wp\/v2\/product_brand?post=7388"},{"taxonomy":"product_cat","embeddable":true,"href":"https:\/\/mebipha.com\/online\/wp-json\/wp\/v2\/product_cat?post=7388"},{"taxonomy":"product_tag","embeddable":true,"href":"https:\/\/mebipha.com\/online\/wp-json\/wp\/v2\/product_tag?post=7388"}],"curies":[{"name":"wp","href":"https:\/\/api.w.org\/{rel}","templated":true}]}}