{"id":7382,"date":"2021-06-26T08:42:25","date_gmt":"2021-06-26T01:42:25","guid":{"rendered":"https:\/\/mebipha.com\/online\/?post_type=product&#038;p=7382"},"modified":"2024-05-03T16:50:57","modified_gmt":"2024-05-03T09:50:57","slug":"butyrex-one","status":"publish","type":"product","link":"https:\/\/mebipha.com\/online\/butyrex-one\/","title":{"rendered":"BUTYREX ONE"},"content":{"rendered":"<p><strong>T\u0102NG KH\u1ea2 N\u0102NG TI\u00caU H\u00d3A TH\u1ee8C \u0102N \u2013 K\u00cdCH TH\u00cdCH T\u0102NG TR\u01af\u1edeNG<\/strong><\/p>\n<p><strong>B\u1ed9t h\u00f2a tan<\/strong><\/p>\n<p><strong>Sodium butyrate<\/strong> c\u00f3 t\u00e1c d\u1ee5ng t\u1ed1t trong vi\u1ec7c k\u00edch th\u00edch s\u1ef1 ph\u00e1t tri\u1ec3n nhung mao ru\u1ed9t, t\u0103ng b\u00e0i ti\u1ebft c\u00e1c enzyme ti\u00eau h\u00f3a, gi\u00fap v\u1eadt nu\u00f4i h\u1ea5p thu hi\u1ec7u qu\u1ea3 c\u00e1c d\u01b0\u1ee1ng ch\u1ea5t trong th\u1ee9c \u0103n. Sodium butyrate c\u00f2n c\u00f3 t\u00e1c d\u1ee5ng di\u1ec7t khu\u1ea9n t\u1ed1t \u1edf ru\u1ed9t, b\u1ea3o v\u1ec7 c\u01a1 th\u1ec3 v\u1eadt nu\u00f4i kh\u1ecfi s\u1ef1 t\u1ea5n c\u00f4ng c\u1ee7a vi khu\u1ea9n g\u00e2y b\u1ec7nh (E.coli, Salmonella, Clostridium spp.), t\u0103ng c\u01b0\u1eddng h\u1ec7 mi\u1ec5n d\u1ecbch \u0111\u01b0\u1eddng ru\u1ed9t v\u00e0 gi\u00fap v\u1eadt nu\u00f4i t\u0103ng s\u1ee9c \u0111\u1ec1 kh\u00e1ng.<\/p>\n<p><strong>BUTYREX ONE<\/strong> l\u00e0 s\u1ea3n ph\u1ea9m k\u00edch th\u00edch sinh tr\u01b0\u1edfng t\u1ef1 nhi\u00ean, an to\u00e0n, c\u00f3 t\u00ednh \u1ed5n \u0111\u1ecbnh v\u00e0 t\u00e1c d\u1ee5ng k\u00e9o d\u00e0i trong \u0111\u01b0\u1eddng ti\u00eau h\u00f3a c\u1ee7a v\u1eadt nu\u00f4i.<\/p>\n<p><strong>TH\u00c0NH PH\u1ea6N<\/strong><\/p>\n<p>Sodium butyrate* (min): 30%<\/p>\n<p>Ch\u1ea5t mang (Glucose) v\u1eeba \u0111\u1ee7: 1kg<\/p>\n<p><strong>L\u1ee2I \u00cdCH <\/strong><strong>C\u1ee6A VI\u1ec6C B\u1ed4 SUNG S\u1ea2N PH\u1ea8M<\/strong><\/p>\n<p>K\u00edch th\u00edch s\u1ef1 ph\u00e1t tri\u1ec3n c\u1ee7a vi sinh v\u1eadt c\u00f3 l\u1ee3i, \u1ee9c ch\u1ebf vi sinh v\u1eadt g\u00e2y b\u1ec7nh \u0111\u01b0\u1eddng ru\u1ed9t (E.coli, Clostridium spp.).<\/p>\n<p>T\u0103ng kh\u1ea3 n\u0103ng b\u00e0i ti\u1ebft c\u1ee7a tuy\u1ebfn t\u1ee5y, ch\u1ee7 y\u1ebfu l\u00e0 c\u00e1c enzyme ti\u00eau h\u00f3a, t\u0103ng c\u01b0\u1eddng kh\u1ea3 n\u0103ng ti\u00eau h\u00f3a v\u00e0 h\u1ea5p thu d\u01b0\u1ee1ng ch\u1ea5t trong th\u1ee9c \u0103n.<\/p>\n<p>B\u1ea3o v\u1ec7 ni\u00eam m\u1ea1c ru\u1ed9t.<\/p>\n<p>T\u0103ng c\u01b0\u1eddng kh\u1ea3 n\u0103ng mi\u1ec5n d\u1ecbch.<\/p>\n<p><strong>H\u01af\u1edaNG D\u1eaaN S\u1eec D\u1ee4NG<\/strong><\/p>\n<p>H\u00f2a tan v\u00e0o n\u01b0\u1edbc u\u1ed1ng ho\u1eb7c tr\u1ed9n \u0111\u1ec1u v\u1edbi th\u1ee9c \u0103n.<\/p>\n<p><strong>Gia c\u1ea7m:\u00a0 <\/strong><\/p>\n<p><strong>Li\u1ec1u t\u1ed5ng qu\u00e1t:<\/strong> 1g\/10kg th\u1ec3 tr\u1ecdng.<\/p>\n<p>1g\/1-2 l\u00edt n\u01b0\u1edbc u\u1ed1ng ho\u1eb7c 1-1,5kg\/1 t\u1ea5n th\u1ee9c \u0103n, d\u00f9ng li\u00ean t\u1ee5c.<\/p>\n<p><strong>Heo v\u00e0 gia s\u00fac: <\/strong><\/p>\n<p><strong>Li\u1ec1u t\u1ed5ng qu\u00e1t:<\/strong> 1g\/15-20kg th\u1ec3 tr\u1ecdng.<\/p>\n<p>0,5-1kg\/1 t\u1ea5n th\u1ee9c \u0103n, d\u00f9ng li\u00ean t\u1ee5c.<\/p>\n<p><strong>H\u1ed7 tr\u1ee3 \u0111i\u1ec1u tr\u1ecb b\u1ec7nh \u0111\u01b0\u1eddng ti\u00eau h\u00f3a:<\/strong> d\u00f9ng li\u1ec1u cao g\u1ea5p \u0111\u00f4i, li\u00ean t\u1ee5c 5-7 ng\u00e0y.<\/p>\n<p><strong>B\u1ea2O QU\u1ea2N<\/strong>: N\u01a1i kh\u00f4 r\u00e1o, tho\u00e1ng m\u00e1t, nhi\u1ec7t \u0111\u1ed9 d\u01b0\u1edbi 30<sup>0<\/sup>C, tr\u00e1nh \u00e1nh n\u1eafng tr\u1ef1c ti\u1ebfp. Tr\u00e1nh xa t\u1ea7m tay tr\u1ebb em.<\/p>\n<p><strong>H\u1ea0N D\u00d9NG<\/strong><strong>: <\/strong>24 th\u00e1ng k\u1ec3 t\u1eeb ng\u00e0y s\u1ea3n xu\u1ea5t.<\/p>\n<p><strong>\u0110\u00d3NG G\u00d3I<\/strong><\/p>\n<p>500g\/g\u00f3i, 1kg\/g\u00f3i<\/p>\n","protected":false},"excerpt":{"rendered":"<p><strong>T\u0102NG KH\u1ea2 N\u0102NG TI\u00caU H\u00d3A TH\u1ee8C \u0102N \u2013 K\u00cdCH TH\u00cdCH T\u0102NG TR\u01af\u1edeNG<\/strong><\/p>\n<p><strong>BUTYREX ONE<\/strong> l\u00e0 s\u1ea3n ph\u1ea9m k\u00edch th\u00edch sinh tr\u01b0\u1edfng t\u1ef1 nhi\u00ean, an to\u00e0n, c\u00f3 t\u00ednh \u1ed5n \u0111\u1ecbnh v\u00e0 t\u00e1c d\u1ee5ng k\u00e9o d\u00e0i trong \u0111\u01b0\u1eddng ti\u00eau h\u00f3a c\u1ee7a v\u1eadt nu\u00f4i.<\/p>\n<p><strong>TH\u00c0NH PH\u1ea6N<\/strong><\/p>\n<p>Sodium butyrate* (min): 30%<\/p>\n<p>Ch\u1ea5t mang (Glucose) v\u1eeba \u0111\u1ee7: 1kg<\/p>\n<p><strong>L\u1ee2I \u00cdCH <\/strong><strong>C\u1ee6A VI\u1ec6C B\u1ed4 SUNG S\u1ea2N PH\u1ea8M<\/strong><\/p>\n<p>K\u00edch th\u00edch s\u1ef1 ph\u00e1t tri\u1ec3n c\u1ee7a vi sinh v\u1eadt c\u00f3 l\u1ee3i, \u1ee9c ch\u1ebf vi sinh v\u1eadt g\u00e2y b\u1ec7nh \u0111\u01b0\u1eddng ru\u1ed9t (E.coli, Clostridium spp.).<\/p>\n<p>T\u0103ng kh\u1ea3 n\u0103ng b\u00e0i ti\u1ebft c\u1ee7a tuy\u1ebfn t\u1ee5y, ch\u1ee7 y\u1ebfu l\u00e0 c\u00e1c enzyme ti\u00eau h\u00f3a, t\u0103ng c\u01b0\u1eddng kh\u1ea3 n\u0103ng ti\u00eau h\u00f3a v\u00e0 h\u1ea5p thu d\u01b0\u1ee1ng ch\u1ea5t trong th\u1ee9c \u0103n.<\/p>\n<p>B\u1ea3o v\u1ec7 ni\u00eam m\u1ea1c ru\u1ed9t.<\/p>\n<p>T\u0103ng c\u01b0\u1eddng kh\u1ea3 n\u0103ng mi\u1ec5n d\u1ecbch.<\/p>\n<p><strong>H\u01af\u1edaNG D\u1eaaN S\u1eec D\u1ee4NG<\/strong><\/p>\n<p>H\u00f2a tan v\u00e0o n\u01b0\u1edbc u\u1ed1ng ho\u1eb7c tr\u1ed9n \u0111\u1ec1u v\u1edbi th\u1ee9c \u0103n.<\/p>\n","protected":false},"featured_media":10305,"comment_status":"closed","ping_status":"closed","template":"","meta":[],"product_brand":[],"product_cat":[62],"product_tag":[],"class_list":{"0":"post-7382","1":"product","2":"type-product","3":"status-publish","4":"has-post-thumbnail","6":"product_cat-thuoc-thu-y","8":"first","9":"instock","10":"shipping-taxable","11":"purchasable","12":"product-type-variable"},"_links":{"self":[{"href":"https:\/\/mebipha.com\/online\/wp-json\/wp\/v2\/product\/7382","targetHints":{"allow":["GET"]}}],"collection":[{"href":"https:\/\/mebipha.com\/online\/wp-json\/wp\/v2\/product"}],"about":[{"href":"https:\/\/mebipha.com\/online\/wp-json\/wp\/v2\/types\/product"}],"replies":[{"embeddable":true,"href":"https:\/\/mebipha.com\/online\/wp-json\/wp\/v2\/comments?post=7382"}],"wp:featuredmedia":[{"embeddable":true,"href":"https:\/\/mebipha.com\/online\/wp-json\/wp\/v2\/media\/10305"}],"wp:attachment":[{"href":"https:\/\/mebipha.com\/online\/wp-json\/wp\/v2\/media?parent=7382"}],"wp:term":[{"taxonomy":"product_brand","embeddable":true,"href":"https:\/\/mebipha.com\/online\/wp-json\/wp\/v2\/product_brand?post=7382"},{"taxonomy":"product_cat","embeddable":true,"href":"https:\/\/mebipha.com\/online\/wp-json\/wp\/v2\/product_cat?post=7382"},{"taxonomy":"product_tag","embeddable":true,"href":"https:\/\/mebipha.com\/online\/wp-json\/wp\/v2\/product_tag?post=7382"}],"curies":[{"name":"wp","href":"https:\/\/api.w.org\/{rel}","templated":true}]}}