{"id":7362,"date":"2021-06-25T16:52:49","date_gmt":"2021-06-25T09:52:49","guid":{"rendered":"https:\/\/mebipha.com\/online\/?post_type=product&#038;p=7362"},"modified":"2024-10-01T10:34:19","modified_gmt":"2024-10-01T03:34:19","slug":"halquinol-60","status":"publish","type":"product","link":"https:\/\/mebipha.com\/online\/halquinol-60\/","title":{"rendered":"HALQUINOL 60%"},"content":{"rendered":"<p><strong>GI\u1ea2I PH\u00c1P THAY TH\u1ebe KH\u00c1NG SINH<\/strong><\/p>\n<p><strong>PH\u00d2NG V\u00c0 TR\u1eca C\u00c1C B\u1ec6NH TI\u00caU CH\u1ea2Y TR\u00caN HEO V\u00c0 GIA C\u1ea6M<\/strong><\/p>\n<p><strong>Thu\u1ed1c b\u1ed9t tr\u1ed9n th\u1ee9c \u0103n<\/strong><\/p>\n<p><strong>C\u00d4NG TH\u1ee8C<\/strong><\/p>\n<p>Halquinol: 600g<\/p>\n<p>T\u00e1 d\u01b0\u1ee3c v\u1eeba \u0111\u1ee7: 1kg<\/p>\n<p><strong>\u0110\u1eb6C T\u00cdNH D\u01af\u1ee2C L\u00dd S\u1ea2N PH\u1ea8M<\/strong><\/p>\n<p>Halquinol l\u00e0 m\u1ed9t kh\u00e1ng sinh t\u1ed5ng h\u1ee3p c\u00f3 ph\u1ed5 r\u1ed9ng thu\u1ed9c nh\u00f3m fluoroquinolon, c\u00f3 t\u00e1c d\u1ee5ng di\u1ec7t khu\u1ea9n do \u1ee9c ch\u1ebf s\u1ef1 t\u1ed5ng h\u1ee3p ADN c\u1ee7a vi khu\u1ea9n. Halquinol c\u00f3 t\u00e1c d\u1ee5ng tr\u00ean nhi\u1ec1u ch\u1ee7ng vi khu\u1ea9n Gram \u00e2m v\u00e0 Gram d\u01b0\u01a1ng nh\u01b0 t\u1ee5 c\u1ea7u khu\u1ea9n, li\u00ean c\u1ea7u khu\u1ea9n v\u00e0 c\u1ea3 ph\u1ebf c\u1ea7u khu\u1ea9n, vi khu\u1ea9n \u0111\u01b0\u1eddng ru\u1ed9t, Haemophilus influenzae, \u0111\u1eb7c bi\u1ec7t t\u00e1c d\u1ee5ng tr\u00ean vi khu\u1ea9n Gram d\u01b0\u01a1ng v\u00e0 k\u1ef5 kh\u00ed t\u1ed1t h\u01a1n so v\u1edbi c\u00e1c fluoroquinolon kh\u00e1c. Th\u01b0\u1eddng kh\u00f4ng c\u00f3 \u0111\u1ec1 kh\u00e1ng ch\u00e9o gi\u1eefa Halquinol v\u00e0 c\u00e1c h\u1ecd kh\u00e1ng sinh kh\u00e1c.<\/p>\n<p><strong>C\u00d4NG D\u1ee4NG S\u1ea2N PH\u1ea8M<\/strong><\/p>\n<p><strong>Tr\u00ean heo v\u00e0 gia c\u1ea7m:<\/strong><\/p>\n<p>\u0110\u1eb7c tr\u1ecb b\u1ec7nh ti\u00eau ch\u1ea3y do <em>E. coli <\/em>v\u00e0 <em>Salmonella spp. <\/em>g\u00e2y ra.<\/p>\n<p>Vi\u00eam ru\u1ed9t ho\u1ea1i t\u1eed do <em>Clostridium perfringen, <\/em>ti\u00eau ch\u1ea3y ph\u00e2n tr\u1eafng, ph\u00e2n xanh, ph\u00e2n s\u00e1p,\u2026<\/p>\n<p>H\u1ed7 tr\u1ee3 c\u00e1c vi sinh v\u1eadt c\u00f3 l\u1ee3i trong \u0111\u01b0\u1eddng ru\u1ed9t gi\u00fap c\u1ea3i thi\u1ec7n kh\u1ea3 n\u0103ng h\u1ea5p th\u1ee5 th\u1ee9c \u0103n, v\u1eadt nu\u00f4i t\u0103ng tr\u01b0\u1edfng nhanh.<\/p>\n<p>S\u1ea3n ph\u1ea9m c\u00f3 th\u1ec3 k\u1ebft h\u1ee3p l\u00e0m t\u0103ng hi\u1ec7u qu\u1ea3 c\u1ee7a c\u00e1c lo\u1ea1i thu\u1ed1c tr\u1ecb c\u1ea7u tr\u00f9ng.<\/p>\n<p>Ngo\u00e0i ra, Halquinol c\u00f3 hi\u1ec7u qu\u1ea3 v\u1edbi c\u00e1c b\u1ec7nh ho, vi\u00eam ph\u1ed5i kh\u00f4ng r\u00f5 nguy\u00ean nh\u00e2n, b\u1ec7nh h\u00f4 h\u1ea5p m\u00e3n t\u00ednh,\u2026<\/p>\n<p><strong>CH\u1ed0NG CH\u1ec8 \u0110\u1ecaNH<\/strong><\/p>\n<p>Th\u00fa m\u1eabn c\u1ea3m v\u1edbi th\u00e0nh ph\u1ea7n c\u1ee7a thu\u1ed1c.<\/p>\n<p><strong>S\u1eec D\u1ee4NG<\/strong><\/p>\n<p>Tr\u1ed9n v\u00e0o th\u1ee9c \u0103n v\u1edbi li\u1ec1u nh\u01b0 sau:<\/p>\n<p><strong>Tr\u1ecb b\u1ec7nh<\/strong>: d\u00f9ng li\u00ean t\u1ee5c 5-7 ng\u00e0y.<\/p>\n<p>Heo con: 150g\/1 t\u1ea5n th\u1ee9c \u0103n t\u01b0\u01a1ng \u0111\u01b0\u01a1ng 1kg\/6-7 t\u1ea5n th\u1ee9c \u0103n.<\/p>\n<p>Heo l\u1edbn: 200-250g\/1 t\u1ea5n th\u1ee9c \u0103n t\u01b0\u01a1ng \u0111\u01b0\u01a1ng 1kg\/4-5 t\u1ea5n th\u1ee9c \u0103n.<\/p>\n<p>G\u00e0 con: 100g\/1 t\u1ea5n th\u1ee9c \u0103n t\u01b0\u01a1ng \u0111\u01b0\u01a1ng 1kg\/10 t\u1ea5n th\u1ee9c \u0103n.<\/p>\n<p>G\u00e0 l\u1edbn, g\u00e0 \u0111\u1ebb: 150-200g\/1 t\u1ea5n th\u1ee9c \u0103n t\u01b0\u01a1ng \u0111\u01b0\u01a1ng 1kg\/5-7 t\u1ea5n th\u1ee9c \u0103n.<\/p>\n<p><strong>Ph\u00f2ng b\u1ec7nh<\/strong>: b\u1eb1ng 1\/2 li\u1ec1u tr\u1ecb b\u1ec7nh, d\u00f9ng li\u00ean t\u1ee5c 3-4 ng\u00e0y. \u0110\u1ecbnh k\u1ef3 2-3 tu\u1ea7n d\u00f9ng 1 \u0111\u1ee3t.<\/p>\n<p><strong>Li\u1ec1u t\u0103ng tr\u1ecdng:<\/strong><\/p>\n<p>Heo: 200g\/1 t\u1ea5n th\u1ee9c \u0103n t\u01b0\u01a1ng \u0111\u01b0\u01a1ng 1kg\/5 t\u1ea5n th\u1ee9c \u0103n.<\/p>\n<p>G\u00e0: 100-125g\/1 t\u1ea5n th\u1ee9c \u0103n t\u01b0\u01a1ng \u0111\u01b0\u01a1ng 1kg\/8-10 t\u1ea5n th\u1ee9c \u0103n.<\/p>\n<p><strong>Th\u1eddi gian ng\u01b0ng s\u1eed d\u1ee5ng thu\u1ed1c<\/strong>: 2-3 ng\u00e0y tr\u01b0\u1edbc khi gi\u1ebft m\u1ed5.<\/p>\n<p><strong>B\u1ea2O QU\u1ea2N<\/strong><\/p>\n<p>N\u01a1i kh\u00f4 r\u00e1o, tho\u00e1ng m\u00e1t, nhi\u1ec7t \u0111\u1ed9 d\u01b0\u1edbi 30<sup>0<\/sup>C, tr\u00e1nh \u00e1nh n\u1eafng tr\u1ef1c ti\u1ebfp. Tr\u00e1nh xa t\u1ea7m tay tr\u1ebb em.<\/p>\n<p><strong>H\u1ea0N D\u00d9NG <\/strong><\/p>\n<p>24 th\u00e1ng k\u1ec3 t\u1eeb ng\u00e0y s\u1ea3n xu\u1ea5t.<\/p>\n<p><strong>\u0110\u00d3NG G\u00d3I<\/strong><\/p>\n<p>100g\/g\u00f3i, 1kg\/g\u00f3i (10 trong 1)<\/p>\n<p><strong>S\u1ed1 \u0111\u0103ng k\u00fd: MBP-179<\/strong><\/p>\n","protected":false},"excerpt":{"rendered":"<p>H\u00c0M L\u01af\u1ee2NG CAO PH\u00d2NG V\u00c0 TR\u1eca C\u00c1C B\u1ec6NH TI\u00caU CH\u1ea2Y<\/p>\n<p>Th\u00e0nh ph\u1ea7n:<\/p>\n<p>Halquinol: 600g<br \/>\nT\u00e1 d\u01b0\u1ee3c v\u1eeba \u0111\u1ee7: 1kg<\/p>\n<p>S\u1eed d\u1ee5ng:<\/p>\n<p>Tr\u1ed9n v\u00e0o th\u1ee9c \u0103n v\u1edbi li\u1ec1u nh\u01b0 sau:<br \/>\nTr\u1ecb b\u1ec7nh: d\u00f9ng li\u00ean t\u1ee5c 5-7 ng\u00e0y.<br \/>\nHeo con: 150g\/1 t\u1ea5n th\u1ee9c \u0103n t\u01b0\u01a1ng \u0111\u01b0\u01a1ng 1kg\/6-7 t\u1ea5n th\u1ee9c \u0103n.<br \/>\nHeo l\u1edbn: 200-250g\/1 t\u1ea5n th\u1ee9c \u0103n t\u01b0\u01a1ng \u0111\u01b0\u01a1ng 1kg\/4-5 t\u1ea5n th\u1ee9c \u0103n.<br \/>\nG\u00e0 con: 100g\/1 t\u1ea5n th\u1ee9c \u0103n t\u01b0\u01a1ng \u0111\u01b0\u01a1ng 1kg\/10 t\u1ea5n th\u1ee9c \u0103n.<br \/>\nG\u00e0 l\u1edbn, g\u00e0 \u0111\u1ebb: 150-200g\/1 t\u1ea5n th\u1ee9c \u0103n t\u01b0\u01a1ng \u0111\u01b0\u01a1ng 1kg\/5-7 t\u1ea5n th\u1ee9c \u0103n.<br \/>\nPh\u00f2ng b\u1ec7nh: b\u1eb1ng \u00bd li\u1ec1u tr\u1ecb b\u1ec7nh, d\u00f9ng li\u00ean t\u1ee5c 3-4 ng\u00e0y. \u0110\u1ecbnh k\u1ef3 2-3 tu\u1ea7n d\u00f9ng 1 \u0111\u1ee3t.<br \/>\nLi\u1ec1u t\u0103ng tr\u1ecdng:<br \/>\nHeo: 200g\/1 t\u1ea5n th\u1ee9c \u0103n t\u01b0\u01a1ng \u0111\u01b0\u01a1ng 1kg\/5 n th\u1ee9c \u0103n.<br \/>\nG\u00e0: 100-125g\/1 t\u1ea5n th\u1ee9c \u0103n t\u01b0\u01a1ng \u0111\u01b0\u01a1ng 1kg\/8-10 t\u1ea5n th\u1ee9c \u0103n.<\/p>\n","protected":false},"featured_media":10626,"comment_status":"closed","ping_status":"closed","template":"","meta":[],"product_brand":[],"product_cat":[62],"product_tag":[],"class_list":{"0":"post-7362","1":"product","2":"type-product","3":"status-publish","4":"has-post-thumbnail","6":"product_cat-thuoc-thu-y","8":"first","9":"instock","10":"shipping-taxable","11":"purchasable","12":"product-type-variable","13":"has-default-attributes"},"_links":{"self":[{"href":"https:\/\/mebipha.com\/online\/wp-json\/wp\/v2\/product\/7362","targetHints":{"allow":["GET"]}}],"collection":[{"href":"https:\/\/mebipha.com\/online\/wp-json\/wp\/v2\/product"}],"about":[{"href":"https:\/\/mebipha.com\/online\/wp-json\/wp\/v2\/types\/product"}],"replies":[{"embeddable":true,"href":"https:\/\/mebipha.com\/online\/wp-json\/wp\/v2\/comments?post=7362"}],"wp:featuredmedia":[{"embeddable":true,"href":"https:\/\/mebipha.com\/online\/wp-json\/wp\/v2\/media\/10626"}],"wp:attachment":[{"href":"https:\/\/mebipha.com\/online\/wp-json\/wp\/v2\/media?parent=7362"}],"wp:term":[{"taxonomy":"product_brand","embeddable":true,"href":"https:\/\/mebipha.com\/online\/wp-json\/wp\/v2\/product_brand?post=7362"},{"taxonomy":"product_cat","embeddable":true,"href":"https:\/\/mebipha.com\/online\/wp-json\/wp\/v2\/product_cat?post=7362"},{"taxonomy":"product_tag","embeddable":true,"href":"https:\/\/mebipha.com\/online\/wp-json\/wp\/v2\/product_tag?post=7362"}],"curies":[{"name":"wp","href":"https:\/\/api.w.org\/{rel}","templated":true}]}}