{"id":7357,"date":"2021-06-25T16:43:29","date_gmt":"2021-06-25T09:43:29","guid":{"rendered":"https:\/\/mebipha.com\/online\/?post_type=product&#038;p=7357"},"modified":"2025-12-11T15:40:45","modified_gmt":"2025-12-11T08:40:45","slug":"otc-wsp-50","status":"publish","type":"product","link":"https:\/\/mebipha.com\/online\/otc-wsp-50\/","title":{"rendered":"OTC WSP 50%"},"content":{"rendered":"<p><strong>\u0110\u1eb6C TR\u1eca NHI\u1ec4M TR\u00d9NG H\u00d4 H\u1ea4P, TI\u00caU H\u00d3A, NHI\u1ec4M TR\u00d9NG M\u00c1U TR\u00caN GIA S\u00daC, GIA C\u1ea6M<\/strong><\/p>\n<p><strong>Thu\u1ed1c b\u1ed9t tr\u1ed9n th\u1ee9c \u0103n ho\u1eb7c pha n\u01b0\u1edbc u\u1ed1ng<\/strong><\/p>\n<p>&nbsp;<\/p>\n<p><strong>C\u00d4NG TH\u1ee8C<\/strong><\/p>\n<p>Oxytetracycline HCl: 500g<\/p>\n<p>T\u00e1 d\u01b0\u1ee3c v\u1eeba \u0111\u1ee7: 1kg<\/p>\n<p><strong>\u0110\u1eb6C T\u00cdNH D\u01af\u1ee2C L\u00dd S\u1ea2N PH\u1ea8M<\/strong><\/p>\n<p>Oxytetracycline l\u00e0 m\u1ed9t kh\u00e1ng sinh k\u00ecm khu\u1ea9n nh\u00f3m Tetracycline, \u1ee9c ch\u1ebf s\u1ef1 t\u1ed5ng h\u1ee3p protein c\u1ee7a t\u1ebf b\u00e0o vi khu\u1ea9n. Thu\u1ed1c c\u00f3 ph\u1ed5 kh\u00e1ng khu\u1ea9n r\u1ed9ng, t\u00e1c d\u1ee5ng v\u1edbi h\u1ea7u h\u1ebft c\u00e1c lo\u00e0i vi khu\u1ea9n Gram (+), Gram (-) nh\u01b0: <em>Actinomyces<\/em> spp., <em>Bacillus anthracis, Clostridium perfringens<\/em>, <em>Clostridium tetani<\/em>, <em>Listeria monocytogenes<\/em>, <em>Nocardia<\/em><em>,<\/em> <em>Corynebacterium<\/em>, <em>Campylobacter<\/em>, <em>E. coli<\/em>, <em>Salmonella<\/em>, <em>Staphylococcus<\/em>, <em>Streptococcus <\/em>spp.<em> Bordetella<\/em> spp., <em>Brucella, Bartonella, Haemophilus<\/em> spp., <em>Pasturella multocida, Shigella<\/em>, <em>Yersinia pestis<\/em>; <em>Mycoplasma<\/em><em>, <\/em><em>Rickettsia<\/em> v\u00e0 <em>Chlamydia<\/em> spp.<\/p>\n<p><strong>C\u00d4NG D\u1ee4NG S\u1ea2N PH\u1ea8M<\/strong><\/p>\n<p><strong>Tr\u00ean heo, tr\u00e2u, b\u00f2, d\u00ea, c\u1eebu v\u00e0 gia c\u1ea7m:<\/strong><\/p>\n<p>Ph\u00f2ng v\u00e0 tr\u1ecb b\u1ec7nh vi\u00eam ph\u1ed5i, vi\u00eam m\u00e0ng ph\u1ed5i, nhi\u1ec5m tr\u00f9ng m\u00e1u, b\u1ec7nh t\u1ee5 huy\u1ebft tr\u00f9ng, vi\u00eam ru\u1ed9t, ti\u00eau ch\u1ea3y ph\u00e2n tr\u1eafng, th\u01b0\u01a1ng h\u00e0n, h\u1ed9i ch\u1ee9ng MMA, vi\u00eam \u0111\u01b0\u1eddng ti\u1ebft ni\u1ec7u, vi\u00eam kh\u1edbp&#8230;<\/p>\n<p><strong>CH\u1ed0NG CH\u1ec8 \u0110\u1ecaNH<\/strong><\/p>\n<p>Th\u00fa m\u1eabn c\u1ea3m v\u1edbi thu\u1ed1c.<\/p>\n<p>Th\u00fa b\u1ecb suy gi\u1ea3m ch\u1ee9c n\u0103ng gan nghi\u00eam tr\u1ecdng.<\/p>\n<p>Kh\u00f4ng d\u00f9ng \u0111\u1ed3ng th\u1eddi v\u1edbi c\u00e1c kh\u00e1ng sinh Penicillins, Cephalosporins ho\u1eb7c Quinolones.<\/p>\n<p><strong>H\u01af\u1edaNG D\u1eaaN S\u1eec D\u1ee4NG<\/strong><\/p>\n<p>Pha v\u00e0o n\u01b0\u1edbc u\u1ed1ng ho\u1eb7c tr\u1ed9n v\u00e0o th\u1ee9c \u0103n.<\/p>\n<p>Tr\u00ean heo v\u00e0 gia s\u00fac: li\u1ec1u t\u1ed5ng qu\u00e1t 1g\/40-50kg th\u1ec3 tr\u1ecdng.<\/p>\n<p>Tr\u1ecb b\u1ec7nh: d\u00f9ng li\u00ean t\u1ee5c 5-7 ng\u00e0y.<\/p>\n<p>Heo con: 1kg\/2 t\u1ea5n th\u1ee9c \u0103n.<\/p>\n<p>Heo l\u1edbn, b\u00ea, c\u1eebu, d\u00ea: 1kg\/3-4 t\u1ea5n th\u1ee9c \u0103n.<\/p>\n<p>Tr\u00e2u, b\u00f2: 1kg\/5 t\u1ea5n th\u1ee9c \u0103n,<\/p>\n<p>Ph\u00f2ng b\u1ec7nh: d\u00f9ng \u00bd li\u1ec1u tr\u1ecb, d\u00f9ng li\u00ean t\u1ee5c 3-4 ng\u00e0y.<\/p>\n<p>Tr\u00ean gia c\u1ea7m:<\/p>\n<p>Li\u1ec1u t\u1ed5ng qu\u00e1t: 1g\/20-25kg th\u1ec3 tr\u1ecdng.<\/p>\n<p>Tr\u1ecb b\u1ec7nh: 1g\/20-25kg th\u1ec3 tr\u1ecdng ho\u1eb7c 1g\/2-3 l\u00edt n\u01b0\u1edbc u\u1ed1ng, d\u00f9ng li\u00ean t\u1ee5c 5-7 ng\u00e0y.<\/p>\n<p>Ph\u00f2ng b\u1ec7nh: 1g\/25-30kg th\u1ec3 tr\u1ecdng ho\u1eb7c 1g\/3-4 l\u00edt n\u01b0\u1edbc u\u1ed1ng, d\u00f9ng li\u00ean t\u1ee5c 3-4<\/p>\n<p>Th\u1eddi gian ng\u01b0ng s\u1eed d\u1ee5ng thu\u1ed1c: 7 ng\u00e0y tr\u01b0\u1edbc khi gi\u1ebft m\u1ed5.<\/p>\n<p><strong>H\u1ea0N S\u1eec D\u1ee4NG S\u1ea2N PH\u1ea8M<\/strong><\/p>\n<p>24 th\u00e1ng k\u1ec3 t\u1eeb ng\u00e0y s\u1ea3n xu\u1ea5t.<\/p>\n<p><strong>B\u1ea2O QU\u1ea2N<\/strong><\/p>\n<p>N\u01a1i kh\u00f4 r\u00e1o, tho\u00e1ng m\u00e1t, nhi\u1ec7t \u0111\u1ed9 d\u01b0\u1edbi 30<sup>0<\/sup>C, tr\u00e1nh \u00e1nh n\u1eafng tr\u1ef1c ti\u1ebfp. Tr\u00e1nh xa t\u1ea7m tay tr\u1ebb em.<\/p>\n<p><strong>\u0110\u00d3NG G\u00d3I<\/strong><\/p>\n<p><strong>1kg\/g\u00f3i<\/strong><\/p>\n<p><strong><em>\u00a0<\/em><\/strong><\/p>\n<p><strong>S\u1ed1 \u0111\u0103ng k\u00fd: MBP-245<\/strong><\/p>\n","protected":false},"excerpt":{"rendered":"<p><strong>\u0110\u1eb6C TR\u1eca NHI\u1ec4M TR\u00d9NG H\u00d4 H\u1ea4P, TI\u00caU H\u00d3A, NHI\u1ec4M TR\u00d9NG M\u00c1U TR\u00caN GIA S\u00daC, GIA C\u1ea6M<\/strong><\/p>\n<p><strong>Thu\u1ed1c b\u1ed9t tr\u1ed9n th\u1ee9c \u0103n ho\u1eb7c pha n\u01b0\u1edbc u\u1ed1ng<\/strong><\/p>\n<p><strong>C\u00d4NG TH\u1ee8C<\/strong><\/p>\n<p>Oxytetracycline HCl: 500g<\/p>\n<p>T\u00e1 d\u01b0\u1ee3c v\u1eeba \u0111\u1ee7: 1kg<\/p>\n<p><strong>C\u00d4NG D\u1ee4NG S\u1ea2N PH\u1ea8M<\/strong><\/p>\n<p><strong>Tr\u00ean heo, tr\u00e2u, b\u00f2, d\u00ea, c\u1eebu v\u00e0 gia c\u1ea7m:<\/strong><\/p>\n<p>Ph\u00f2ng v\u00e0 tr\u1ecb b\u1ec7nh vi\u00eam ph\u1ed5i, vi\u00eam m\u00e0ng ph\u1ed5i, nhi\u1ec5m tr\u00f9ng m\u00e1u, b\u1ec7nh t\u1ee5 huy\u1ebft tr\u00f9ng, vi\u00eam ru\u1ed9t, ti\u00eau ch\u1ea3y ph\u00e2n tr\u1eafng, th\u01b0\u01a1ng h\u00e0n, h\u1ed9i ch\u1ee9ng MMA, vi\u00eam \u0111\u01b0\u1eddng ti\u1ebft ni\u1ec7u, vi\u00eam kh\u1edbp&#8230;<\/p>\n<p><strong>CH\u1ed0NG CH\u1ec8 \u0110\u1ecaNH<\/strong><\/p>\n<p>Th\u00fa m\u1eabn c\u1ea3m v\u1edbi thu\u1ed1c.<\/p>\n<p>Th\u00fa b\u1ecb suy gi\u1ea3m ch\u1ee9c n\u0103ng gan nghi\u00eam tr\u1ecdng.<\/p>\n<p>Kh\u00f4ng d\u00f9ng \u0111\u1ed3ng th\u1eddi v\u1edbi c\u00e1c kh\u00e1ng sinh Penicillins, Cephalosporins ho\u1eb7c Quinolones.<\/p>\n<p><strong>H\u01af\u1edaNG D\u1eaaN S\u1eec D\u1ee4NG<\/strong><\/p>\n<p>Pha v\u00e0o n\u01b0\u1edbc u\u1ed1ng ho\u1eb7c tr\u1ed9n v\u00e0o th\u1ee9c \u0103n.<\/p>\n<p>Tr\u00ean heo v\u00e0 gia s\u00fac: li\u1ec1u t\u1ed5ng qu\u00e1t 1g\/40-50kg th\u1ec3 tr\u1ecdng.<\/p>\n<p>Tr\u1ecb b\u1ec7nh: d\u00f9ng li\u00ean t\u1ee5c 5-7 ng\u00e0y.<\/p>\n<p>Heo con: 1kg\/2 t\u1ea5n th\u1ee9c \u0103n.<\/p>\n<p>Heo l\u1edbn, b\u00ea, c\u1eebu, d\u00ea: 1kg\/3-4 t\u1ea5n th\u1ee9c \u0103n.<\/p>\n<p>Tr\u00e2u, b\u00f2: 1kg\/5 t\u1ea5n th\u1ee9c \u0103n,<\/p>\n<p>Ph\u00f2ng b\u1ec7nh: d\u00f9ng \u00bd li\u1ec1u tr\u1ecb, d\u00f9ng li\u00ean t\u1ee5c 3-4 ng\u00e0y.<\/p>\n<p>Tr\u00ean gia c\u1ea7m:<\/p>\n<p>Li\u1ec1u t\u1ed5ng qu\u00e1t: 1g\/20-25kg th\u1ec3 tr\u1ecdng.<\/p>\n<p>Tr\u1ecb b\u1ec7nh: 1g\/20-25kg th\u1ec3 tr\u1ecdng ho\u1eb7c 1g\/2-3 l\u00edt n\u01b0\u1edbc u\u1ed1ng, d\u00f9ng li\u00ean t\u1ee5c 5-7 ng\u00e0y.<\/p>\n<p>Ph\u00f2ng b\u1ec7nh: 1g\/25-30kg th\u1ec3 tr\u1ecdng ho\u1eb7c 1g\/3-4 l\u00edt n\u01b0\u1edbc u\u1ed1ng, d\u00f9ng li\u00ean t\u1ee5c 3-4<\/p>\n<p>Th\u1eddi gian ng\u01b0ng s\u1eed d\u1ee5ng thu\u1ed1c: 7 ng\u00e0y tr\u01b0\u1edbc khi gi\u1ebft m\u1ed5.<\/p>\n<p>&nbsp;<\/p>\n","protected":false},"featured_media":10587,"comment_status":"closed","ping_status":"closed","template":"","meta":[],"product_brand":[],"product_cat":[62,142],"product_tag":[],"class_list":{"0":"post-7357","1":"product","2":"type-product","3":"status-publish","4":"has-post-thumbnail","6":"product_cat-thuoc-thu-y","7":"product_cat-danh-muc-san-pham-gia-cam","9":"first","10":"instock","11":"shipping-taxable","12":"purchasable","13":"product-type-variable","14":"has-default-attributes"},"_links":{"self":[{"href":"https:\/\/mebipha.com\/online\/wp-json\/wp\/v2\/product\/7357","targetHints":{"allow":["GET"]}}],"collection":[{"href":"https:\/\/mebipha.com\/online\/wp-json\/wp\/v2\/product"}],"about":[{"href":"https:\/\/mebipha.com\/online\/wp-json\/wp\/v2\/types\/product"}],"replies":[{"embeddable":true,"href":"https:\/\/mebipha.com\/online\/wp-json\/wp\/v2\/comments?post=7357"}],"wp:featuredmedia":[{"embeddable":true,"href":"https:\/\/mebipha.com\/online\/wp-json\/wp\/v2\/media\/10587"}],"wp:attachment":[{"href":"https:\/\/mebipha.com\/online\/wp-json\/wp\/v2\/media?parent=7357"}],"wp:term":[{"taxonomy":"product_brand","embeddable":true,"href":"https:\/\/mebipha.com\/online\/wp-json\/wp\/v2\/product_brand?post=7357"},{"taxonomy":"product_cat","embeddable":true,"href":"https:\/\/mebipha.com\/online\/wp-json\/wp\/v2\/product_cat?post=7357"},{"taxonomy":"product_tag","embeddable":true,"href":"https:\/\/mebipha.com\/online\/wp-json\/wp\/v2\/product_tag?post=7357"}],"curies":[{"name":"wp","href":"https:\/\/api.w.org\/{rel}","templated":true}]}}