{"id":7292,"date":"2021-06-24T17:14:03","date_gmt":"2021-06-24T10:14:03","guid":{"rendered":"https:\/\/mebipha.com\/online\/?post_type=product&#038;p=7292"},"modified":"2024-05-03T16:52:02","modified_gmt":"2024-05-03T09:52:02","slug":"axanthin-red","status":"publish","type":"product","link":"https:\/\/mebipha.com\/online\/axanthin-red\/","title":{"rendered":"AXANTHIN RED"},"content":{"rendered":"<p><strong>AXANTHIN RED<\/strong><\/p>\n<p><strong>S\u1ea2N PH\u1ea8M D\u1ea0NG B\u1ed8T<\/strong><\/p>\n<p>S\u1eaeC T\u1ed0 \u0110\u1ece &#8211; T\u0102NG M\u00c0U TH\u00c2N T\u00d4M<\/p>\n<p><strong>TH\u00c0NH PH\u1ea6N<\/strong><\/p>\n<p>Canthaxanthin*(min)&#8230;&#8230;&#8230;&#8230;&#8230;&#8230;.. 2.000mg<\/p>\n<p>Vitamin A (min)&#8230;&#8230;&#8230;&#8230;&#8230;&#8230;&#8230;&#8230;&#8230;..2.000.000UI<\/p>\n<p>Vitamin D3 (min)&#8230;&#8230;&#8230;&#8230;&#8230;&#8230;&#8230;&#8230;..625.000UI<\/p>\n<p>Vitamin E (min)&#8230;&#8230;&#8230;&#8230;&#8230;&#8230;&#8230;&#8230;&#8230;.2.500mg<\/p>\n<p>Vitamin B12 (min)&#8230;&#8230;&#8230;&#8230;&#8230;&#8230;&#8230;..25mg<\/p>\n<p>Calcium gluconate (min-max)&#8230;.40.000 \u2013 60.000mg<\/p>\n<p>Kh\u00e1ng sinh, ch\u1ea5t c\u1ea5m&#8230;&#8230;&#8230;&#8230;&#8230; Kh\u00f4ng c\u00f3<\/p>\n<p>Ethoxyquin&#8230;&#8230;&#8230;&#8230;&#8230;&#8230;&#8230;&#8230;&#8230;&#8230;&#8230;kh\u00f4ng c\u00f3<\/p>\n<p>Ph\u1ee5 gia c\u00f3 ch\u1ee9a Adenosine triphosphate (ATP), Buta-phosphan, Selenium v\u00e0 Glucose v\u1eeba \u0111\u1ee7\u00a0\u00a0\u00a0 1kg<\/p>\n<p><strong>NGUY\u00caN LI\u1ec6U<\/strong>: Canthaxanthin, Retinyl acetate, Cholecalciferol, DL-alpha-tocopheryl acetate, Cyanocobalamin, Calcium gluconate, Adenosine triphosphate (ATP), Buta-phosphan, Sodium selenite, Dextrose monohydrate.<\/p>\n<p><strong>C\u00d4NG D\u1ee4NG<\/strong><\/p>\n<p>K\u00edch ho\u1ea1t t\u0103ng sinh t\u1ebf b\u00e0o s\u1eafc t\u1ed1 trong c\u01a1 th\u1ec3 t\u00f4m, gi\u00fap t\u0103ng m\u00e0u s\u1eafc cho t\u00f4m th\u1ecbt, t\u00f4m c\u00f3 m\u00e0u \u0111\u1ecf t\u1ef1 nhi\u00ean sau khi lu\u1ed9c.<\/p>\n<p>Gi\u1ea3m stress, ch\u1ed1ng oxy h\u00f3a, k\u00edch th\u00edch t\u0103ng tr\u01b0\u1edfng v\u00e0 ph\u00e1t tri\u1ec3n, t\u00f4m \u0111\u1ea1t t\u1ec9 l\u1ec7 s\u1ed1ng cao.<\/p>\n<p>Gi\u00fap t\u00f4m mau c\u1ee9ng v\u1ecf, h\u1ea1n ch\u1ebf t\u00ecnh tr\u1ea1ng \u1ed1p v\u1ecf v\u00e0 d\u1ec5 l\u1ed9t.<\/p>\n<p><strong>LI\u1ec0U D\u00d9NG<\/strong><\/p>\n<p>Tr\u1ed9n v\u00e0o th\u1ee9c \u0103n.<\/p>\n<p>2-3g\/1kg th\u1ee9c \u0103n t\u01b0\u01a1ng \u0111\u01b0\u01a1ng 1kg\/500kg th\u1ee9c \u0103n, d\u00f9ng li\u00ean t\u1ee5c trong su\u1ed1t th\u1eddi gian nu\u00f4i.<\/p>\n<p>T\u00f4m 1 th\u00e1ng cu\u1ed1i tr\u01b0\u1edbc khi thu ho\u1ea1ch: tr\u1ed9n 3-5g\/1kg th\u1ee9c \u0103n t\u01b0\u01a1ng \u0111\u01b0\u01a1ng 1kg\/250-350kg th\u1ee9c \u0103n.<\/p>\n<p><strong><em>Tr\u01b0\u1eddng h\u1ee3p t\u00f4m con gi\u1ea3m \u0103n, c\u00f3 th\u1ec3 d\u00f9ng AXANTHIN RED\u00a0 t\u1ea1t tr\u1ef1c ti\u1ebfp v\u00e0o ao nu\u00f4i v\u1edbi li\u1ec1u: 1kg\/3.000 &#8211; 5.000m<sup>3 <\/sup>n\u01b0\u1edbc, d\u00f9ng li\u00ean t\u1ee5c 2-3 ng\u00e0y.<\/em><\/strong><\/p>\n<p>Kh\u00f4ng c\u1ea7n s\u1eed d\u1ee5ng th\u00eam b\u1ea5t k\u1ef3 s\u1ea3n ph\u1ea9m dinh d\u01b0\u1ee1ng v\u00e0 Canxi n\u00e0o kh\u00e1c.<\/p>\n<p><strong>B\u1ea2O QU\u1ea2N<\/strong>: N\u01a1i kh\u00f4 r\u00e1o, tho\u00e1ng m\u00e1t, nhi\u1ec7t \u0111\u1ed9 d\u01b0\u1edbi 30<sup>0<\/sup>C, tr\u00e1nh \u00e1nh n\u1eafng tr\u1ef1c ti\u1ebfp. Tr\u00e1nh xa t\u1ea7m tay tr\u1ebb em.<\/p>\n<p><strong>CH\u1ec8 D\u00d9NG TRONG NU\u00d4I TR\u1ed2NG TH\u1ee6Y S\u1ea2N<\/strong><\/p>\n","protected":false},"excerpt":{"rendered":"<p><strong>TH\u00c0NH PH\u1ea6N<\/strong><\/p>\n<p>Canthaxanthin*(min)&#8230;&#8230;&#8230;&#8230;&#8230;&#8230;.. 2.000mg<\/p>\n<p>Vitamin A (min)&#8230;&#8230;&#8230;&#8230;&#8230;&#8230;&#8230;&#8230;&#8230;..2.000.000UI<\/p>\n<p>Vitamin D3 (min)&#8230;&#8230;&#8230;&#8230;&#8230;&#8230;&#8230;&#8230;..625.000UI<\/p>\n<p>Vitamin E (min)&#8230;&#8230;&#8230;&#8230;&#8230;&#8230;&#8230;&#8230;&#8230;.2.500mg<\/p>\n<p>Vitamin B12 (min)&#8230;&#8230;&#8230;&#8230;&#8230;&#8230;&#8230;..25mg<\/p>\n<p>Calcium gluconate (min-max)&#8230;.40.000 \u2013 60.000mg<\/p>\n<p>Kh\u00e1ng sinh, ch\u1ea5t c\u1ea5m&#8230;&#8230;&#8230;&#8230;&#8230; Kh\u00f4ng c\u00f3<\/p>\n<p>Ethoxyquin&#8230;&#8230;&#8230;&#8230;&#8230;&#8230;&#8230;&#8230;&#8230;&#8230;&#8230;kh\u00f4ng c\u00f3<\/p>\n<p>Ph\u1ee5 gia c\u00f3 ch\u1ee9a Adenosine triphosphate (ATP), Buta-phosphan, Selenium v\u00e0 Glucose v\u1eeba \u0111\u1ee7\u00a0\u00a0\u00a0 1kg<\/p>\n<p><strong>LI\u1ec0U D\u00d9NG<\/strong><\/p>\n<p>Tr\u1ed9n v\u00e0o th\u1ee9c \u0103n.<\/p>\n<p>2-3g\/1kg th\u1ee9c \u0103n t\u01b0\u01a1ng \u0111\u01b0\u01a1ng 1kg\/500kg th\u1ee9c \u0103n, d\u00f9ng li\u00ean t\u1ee5c trong su\u1ed1t th\u1eddi gian nu\u00f4i.<\/p>\n<p>T\u00f4m 1 th\u00e1ng cu\u1ed1i tr\u01b0\u1edbc khi thu ho\u1ea1ch: tr\u1ed9n 3-5g\/1kg th\u1ee9c \u0103n t\u01b0\u01a1ng \u0111\u01b0\u01a1ng 1kg\/250-350kg th\u1ee9c \u0103n.<\/p>\n","protected":false},"featured_media":10306,"comment_status":"closed","ping_status":"closed","template":"","meta":[],"product_brand":[],"product_cat":[71,134],"product_tag":[],"class_list":{"0":"post-7292","1":"product","2":"type-product","3":"status-publish","4":"has-post-thumbnail","6":"product_cat-thuoc-thuy-san","7":"product_cat-thuoc-thuy-san-thuoc-thuy-san","9":"first","10":"instock","11":"shipping-taxable","12":"purchasable","13":"product-type-variable","14":"has-default-attributes"},"_links":{"self":[{"href":"https:\/\/mebipha.com\/online\/wp-json\/wp\/v2\/product\/7292","targetHints":{"allow":["GET"]}}],"collection":[{"href":"https:\/\/mebipha.com\/online\/wp-json\/wp\/v2\/product"}],"about":[{"href":"https:\/\/mebipha.com\/online\/wp-json\/wp\/v2\/types\/product"}],"replies":[{"embeddable":true,"href":"https:\/\/mebipha.com\/online\/wp-json\/wp\/v2\/comments?post=7292"}],"wp:featuredmedia":[{"embeddable":true,"href":"https:\/\/mebipha.com\/online\/wp-json\/wp\/v2\/media\/10306"}],"wp:attachment":[{"href":"https:\/\/mebipha.com\/online\/wp-json\/wp\/v2\/media?parent=7292"}],"wp:term":[{"taxonomy":"product_brand","embeddable":true,"href":"https:\/\/mebipha.com\/online\/wp-json\/wp\/v2\/product_brand?post=7292"},{"taxonomy":"product_cat","embeddable":true,"href":"https:\/\/mebipha.com\/online\/wp-json\/wp\/v2\/product_cat?post=7292"},{"taxonomy":"product_tag","embeddable":true,"href":"https:\/\/mebipha.com\/online\/wp-json\/wp\/v2\/product_tag?post=7292"}],"curies":[{"name":"wp","href":"https:\/\/api.w.org\/{rel}","templated":true}]}}