{"id":7225,"date":"2021-06-10T08:22:23","date_gmt":"2021-06-10T01:22:23","guid":{"rendered":"https:\/\/mebipha.com\/online\/?post_type=product&#038;p=7225"},"modified":"2024-09-13T15:50:42","modified_gmt":"2024-09-13T08:50:42","slug":"tiamulin-10","status":"publish","type":"product","link":"https:\/\/mebipha.com\/online\/tiamulin-10\/","title":{"rendered":"TIAMULIN 10%"},"content":{"rendered":"<p><strong>\u0110\u1eb6C TR\u1eca NHI\u1ec4M TR\u00d9NG H\u00d4 H\u1ea4P, B\u1ec6NH L\u1ef4 TR\u00caN HEO<\/strong><\/p>\n<p><strong>Thu\u1ed1c b\u1ed9t tr\u1ed9n th\u1ee9c \u0103n<\/strong><\/p>\n<p><strong>C\u00d4NG TH\u1ee8C<\/strong><\/p>\n<p>Tiamulin hydrogen fumarate: 100g<\/p>\n<p>T\u00e1 d\u01b0\u1ee3c v\u1eeba \u0111\u1ee7: 1kg<\/p>\n<p><strong>\u0110\u1eb6C T\u00cdNH D\u01af\u1ee2C L\u00dd S\u1ea2N PH\u1ea8M<\/strong><\/p>\n<p>Tiamulin l\u00e0 kh\u00e1ng sinh b\u00e1n t\u1ed5ng h\u1ee3p thu \u0111\u01b0\u1ee3c t\u1eeb kh\u00e1ng sinh t\u1ef1 nhi\u00ean, hi\u1ec7u qu\u1ea3 cao v\u00e0 kh\u00f4ng g\u00e2y nh\u1eddn thu\u1ed1c. Trong th\u00fa y d\u00f9ng nhi\u1ec1u d\u01b0\u1edbi d\u1ea1ng thu\u1ed1c b\u1ed9t. Kh\u00f4ng g\u00e2y hi\u1ec7n t\u01b0\u1ee3ng kh\u00e1ng thu\u1ed1c nh\u01b0 c\u00e1c ch\u1ebf ph\u1ea9m kh\u00e1c.<\/p>\n<p>Tiamulin c\u00f3 c\u00e1c t\u00e1c d\u1ee5ng nhanh, m\u1ea1nh, hi\u1ec7u qu\u1ea3 cao. Tiamulin t\u00e1c d\u1ee5ng m\u1ea1nh nh\u1ea5t\u00a0 \u0111\u1ed1i v\u1edbi ch\u1ee7ng <em>Mycoplasma <\/em>v\u00e0 <em>Spyrochetta<\/em> c\u0169ng nh\u01b0 c\u00e1c vi khu\u1ea9n\u00a0 gram (+) nh\u01b0 <em>Streptococcus, Staphylococcus, Hemophilus<\/em> v\u00e0 vi khu\u1ea9n gram (-) nh\u01b0 <em>E.coli<\/em>, <em>Klebsiella<\/em>.<\/p>\n<p>T\u00e1c d\u1ee5ng \u0111\u1eb7c bi\u1ec7t c\u1ee7a Tiamulin l\u00e0 v\u1edbi <em>Mycoplasma gallisepticum<\/em>, <em>Mycoplasma synoviae<\/em>, <em>Mycoplasma hyopneumoniae<\/em>, <em>Mycoplasma hyorhinis<\/em>, <em>Mycoplasma meleagridis<\/em>, <em>Haemophilus influenza<\/em>, <em>Treponema hyodysentenriae<\/em> v\u00e0 <em>Leptospira<\/em>.<\/p>\n<p><strong>C\u00d4NG D\u1ee4NG S\u1ea2N PH\u1ea8M<\/strong><\/p>\n<p>TIAMULIN \u0111\u01b0\u1ee3c ch\u1ec9 \u0111\u1ecbnh \u0111\u1ec3 \u0111i\u1ec1u tr\u1ecb b\u1ec7nh h\u00f4 h\u1ea5p, ti\u00eau h\u00f3a tr\u00ean heo:<\/p>\n<p>Vi\u00eam ph\u1ed5i \u0111\u1ecba ph\u01b0\u01a1ng (SEP) do Mycoplasma g\u00e2y ra.<\/p>\n<p>H\u1ed3ng l\u1ef5: ti\u00eau ch\u1ea3y ph\u00e2n x\u00e1m, ph\u00e2n v\u00e0ng, ph\u00e2n c\u00f3 m\u00e1u.<\/p>\n<p><strong>CH\u1ed0NG CH\u1ec8 \u0110\u1ecaNH<\/strong><\/p>\n<p>Kh\u00f4ng d\u00f9ng cho heo tr\u00ean 112kg.<\/p>\n<p>Kh\u00f4ng s\u1eed d\u1ee5ng chung v\u1edbi thu\u1ed1c kh\u00e1ng c\u1ea7u tr\u00f9ng nh\u01b0 monensin, salinomycin v\u00e0 narasin.<\/p>\n<p><strong>S\u1eec D\u1ee4NG<\/strong><\/p>\n<p><strong>Li\u1ec1u t\u1ed5ng qu\u00e1t:<\/strong> 1g\/10kg th\u1ec3 tr\u1ecdng.<\/p>\n<p><strong>Ph\u00f2ng b\u1ec7nh:<\/strong> 1kg\/500kg th\u1ee9c \u0103n, d\u00f9ng li\u00ean t\u1ee5c 3-4 ng\u00e0y.<\/p>\n<p><strong>Tr\u1ecb b\u1ec7nh:<\/strong> 1kg\/250kg th\u1ee9c \u0103n, d\u00f9ng li\u00ean t\u1ee5c 5-7 ng\u00e0y.<\/p>\n<p>Th\u1eddi gian ng\u01b0ng s\u1eed d\u1ee5ng thu\u1ed1c<\/p>\n<p>7 ng\u00e0y tr\u01b0\u1edbc khi gi\u1ebft th\u1ecbt.<\/p>\n<p><strong>B\u1ea2O QU\u1ea2N: <\/strong>N\u01a1i kh\u00f4 r\u00e1o, tho\u00e1ng m\u00e1t, nhi\u1ec7t \u0111\u1ed9 d\u01b0\u1edbi 30<sup>0<\/sup>C. Tr\u00e1nh \u00e1nh n\u1eafng tr\u1ef1c ti\u1ebfp, tr\u00e1nh xa t\u1ea7m tay tr\u1ebb em.<\/p>\n<p><strong>H\u1ea0N S\u1eec D\u1ee4NG S\u1ea2N PH\u1ea8M<\/strong><\/p>\n<p>24 th\u00e1ng k\u1ec3 t\u1eeb ng\u00e0y s\u1ea3n xu\u1ea5t.<\/p>\n<p><strong>\u0110\u00d3NG G\u00d3I<\/strong><\/p>\n<p>100g\/g\u00f3i, 1kg\/g\u00f3i, 1kg\/g\u00f3i (10 trong 1)<\/p>\n<p><strong>S\u1ed1 \u0111\u0103ng k\u00fd: MBP-159<\/strong><\/p>\n","protected":false},"excerpt":{"rendered":"<p>\u0110\u1eb6C TR\u1eca C\u00c1C B\u1ec6NH \u0110\u01af\u1edcNG H\u00d4 H\u1ea4P V\u00c0 TI\u00caU H\u00d3A TR\u00caN HEO<\/p>\n<p>Th\u00e0nh ph\u1ea7n:<\/p>\n<p>Tiamulin hydrogen fumarate: 100g<br \/>\nT\u00e1 d\u01b0\u1ee3c v\u1eeba \u0111\u1ee7: 1kg<\/p>\n<p>S\u1eed d\u1ee5ng:<\/p>\n<p>Li\u1ec1u t\u1ed5ng qu\u00e1t: 1g\/10kg th\u1ec3 tr\u1ecdng.<br \/>\nPh\u00f2ng b\u1ec7nh: 1kg\/500 kg th\u1ee9c \u0103n, d\u00f9ng li\u00ean t\u1ee5c 3 \u2013 4 ng\u00e0y.<br \/>\nTr\u1ecb b\u1ec7nh: 1g\/250 kg th\u1ee9c \u0103n, d\u00f9ng li\u00ean t\u1ee5c 5 \u2013 7 ng\u00e0y.<\/p>\n","protected":false},"featured_media":9928,"comment_status":"closed","ping_status":"closed","template":"","meta":[],"product_brand":[],"product_cat":[62],"product_tag":[],"class_list":{"0":"post-7225","1":"product","2":"type-product","3":"status-publish","4":"has-post-thumbnail","6":"product_cat-thuoc-thu-y","8":"first","9":"instock","10":"shipping-taxable","11":"purchasable","12":"product-type-variable","13":"has-default-attributes"},"_links":{"self":[{"href":"https:\/\/mebipha.com\/online\/wp-json\/wp\/v2\/product\/7225","targetHints":{"allow":["GET"]}}],"collection":[{"href":"https:\/\/mebipha.com\/online\/wp-json\/wp\/v2\/product"}],"about":[{"href":"https:\/\/mebipha.com\/online\/wp-json\/wp\/v2\/types\/product"}],"replies":[{"embeddable":true,"href":"https:\/\/mebipha.com\/online\/wp-json\/wp\/v2\/comments?post=7225"}],"wp:featuredmedia":[{"embeddable":true,"href":"https:\/\/mebipha.com\/online\/wp-json\/wp\/v2\/media\/9928"}],"wp:attachment":[{"href":"https:\/\/mebipha.com\/online\/wp-json\/wp\/v2\/media?parent=7225"}],"wp:term":[{"taxonomy":"product_brand","embeddable":true,"href":"https:\/\/mebipha.com\/online\/wp-json\/wp\/v2\/product_brand?post=7225"},{"taxonomy":"product_cat","embeddable":true,"href":"https:\/\/mebipha.com\/online\/wp-json\/wp\/v2\/product_cat?post=7225"},{"taxonomy":"product_tag","embeddable":true,"href":"https:\/\/mebipha.com\/online\/wp-json\/wp\/v2\/product_tag?post=7225"}],"curies":[{"name":"wp","href":"https:\/\/api.w.org\/{rel}","templated":true}]}}