{"id":7215,"date":"2021-06-09T19:57:26","date_gmt":"2021-06-09T12:57:26","guid":{"rendered":"https:\/\/mebipha.com\/online\/?post_type=product&#038;p=7215"},"modified":"2024-02-21T11:27:00","modified_gmt":"2024-02-21T04:27:00","slug":"oresol","status":"publish","type":"product","link":"https:\/\/mebipha.com\/online\/oresol\/","title":{"rendered":"Oresol"},"content":{"rendered":"<p><strong>B\u00d9 N\u01af\u1edaC V\u00c0 CH\u1ea4T \u0110I\u1ec6N GI\u1ea2I<\/strong><\/p>\n<p><strong>\u00a0GI\u1ea2I NHI\u1ec6T CHO GIA S\u00daC, GIA C\u1ea6M<\/strong><\/p>\n<p><strong>B\u1ed9t h\u00f2a tan<\/strong><\/p>\n<p><strong>ORESOL<\/strong> l\u00e0 s\u1ef1 k\u1ebft h\u1ee3p gi\u1eefa glucose khan v\u00e0 c\u00e1c ch\u1ea5t \u0111i\u1ec7n gi\u1ea3i gi\u00fap b\u1ed5 sung \u0111i\u1ec7n gi\u1ea3i, b\u00f9 n\u01b0\u1edbc v\u00e0 cung c\u1ea5p n\u0103ng l\u01b0\u1ee3ng cho gia s\u00fac, gia c\u1ea7m trong c\u00e1c tr\u01b0\u1eddng h\u1ee3p ti\u00eau ch\u1ea3y, n\u00f4n m\u1eeda, s\u1ed1t cao. <strong>ORESOL<\/strong> c\u0169ng c\u00f3 hi\u1ec7u qu\u1ea3 trong vi\u1ec7c gi\u1ea3m c\u00e1c tri\u1ec7u ch\u1ee9ng do stress nhi\u1ec7t nh\u01b0 \u1ee7 r\u0169, ch\u00e1n \u0103n, gi\u1ea3m t\u1ec9 l\u1ec7 \u0111\u1eadu thai, gi\u1ea3m s\u1ea3n xu\u1ea5t tr\u1ee9ng,\u2026<\/p>\n<p><strong>TH\u00c0NH PH\u1ea6N<\/strong><\/p>\n<p>Sodium (min-max): 95-130g<\/p>\n<p>Potassium (min-max): 48-65g<\/p>\n<p>Ch\u1ea5t mang (Glucose khan) v\u1eeba \u0111\u1ee7: 1kg<\/p>\n<p><strong>L\u1ee2I \u00cdCH C\u1ee6A VI\u1ec6C B\u1ed4 SUNG ORESOL<\/strong><\/p>\n<p>Gi\u00fap b\u00f9 l\u1ea1i n\u01b0\u1edbc, ch\u1ea5t \u0111i\u1ec7n gi\u1ea3i v\u00e0 b\u1ed5 sung n\u0103ng l\u01b0\u1ee3ng cho c\u01a1 th\u1ec3 khi v\u1eadt nu\u00f4i b\u1ecb ti\u00eau ch\u1ea3y, n\u00f4n m\u1eeda ho\u1eb7c s\u1ed1t cao.<\/p>\n<p>Gi\u1ea3m stress khi nhi\u1ec7t \u0111\u1ed9 m\u00f4i tr\u01b0\u1eddng thay \u0111\u1ed5i, gi\u1ea3m t\u1ec9 l\u1ec7 ch\u1ebft, c\u1ea3i thi\u1ec7n n\u0103ng su\u1ea5t ch\u0103n nu\u00f4i.<\/p>\n<p><strong>H\u01af\u1edaNG D\u1eaaN S\u1eec D\u1ee4NG<\/strong><\/p>\n<p>H\u00f2a tan v\u00e0o n\u01b0\u1edbc cho u\u1ed1ng<\/p>\n<p>H\u1ed7 tr\u1ee3 \u0111i\u1ec1u tr\u1ecb c\u00e1c tr\u01b0\u1eddng h\u1ee3p ti\u00eau ch\u1ea3y m\u1ea5t n\u01b0\u1edbc v\u00e0 c\u00e1c ch\u1ea5t \u0111i\u1ec7n gi\u1ea3i t\u1eeb nh\u1eb9 t\u1edbi v\u1eeba:<\/p>\n<p><strong>Tr\u00ean gia c\u1ea7m:<\/strong> 1g\/3-4kg th\u1ec3 tr\u1ecdng t\u01b0\u01a1ng \u0111\u01b0\u01a1ng 1kg\/3-4 t\u1ea5n th\u1ec3 tr\u1ecdng\/ng\u00e0y ho\u1eb7c 3-4g\/1 l\u00edt n\u01b0\u1edbc u\u1ed1ng. D\u00f9ng li\u00ean t\u1ee5c 3-4 ng\u00e0y.<\/p>\n<p><strong>Tr\u00ean heo v\u00e0 gia s\u00fac: <\/strong>1g\/5-7kg th\u1ec3 tr\u1ecdng\/ng\u00e0y.<\/p>\n<p>D\u00f9ng ph\u00f2ng trong tr\u01b0\u1eddng h\u1ee3p stress, n\u1eafng n\u00f3ng, gi\u1ea3i nhi\u1ec7t: d\u00f9ng \u00bd li\u1ec1u nh\u01b0 tr\u00ean, li\u00ean t\u1ee5c 2-3 ng\u00e0y. \u0110\u1ecbnh k\u1ef3 10-15 ng\u00e0y d\u00f9ng 1 \u0111\u1ee3t.<\/p>\n<p><strong>B\u1ea2O QU\u1ea2N:<\/strong> N\u01a1i kh\u00f4 r\u00e1o, tho\u00e1ng m\u00e1t, nhi\u1ec7t \u0111\u1ed9 d\u01b0\u1edbi 30<sup>0<\/sup>C. Tr\u00e1nh \u00e1nh n\u1eafng tr\u1ef1c ti\u1ebfp, tr\u00e1nh xa t\u1ea7m tay tr\u1ebb em.<\/p>\n<p><strong>H\u1ea0N D\u00d9NG <\/strong><strong>: <\/strong>24 th\u00e1ng k\u1ec3 t\u1eeb ng\u00e0y s\u1ea3n xu\u1ea5t.<\/p>\n<p><strong>\u0110\u00d3NG G\u00d3I<\/strong><\/p>\n<p>50g\/g\u00f3i, 500g\/g\u00f3i, 1kg\/g\u00f3i<\/p>\n<p><strong>S\u1ed1 \u0111\u0103ng k\u00fd: TCCS 004:2020\/MBP <\/strong><\/p>\n","protected":false},"excerpt":{"rendered":"<p><strong>B\u00d9 N\u01af\u1edaC V\u00c0 CH\u1ea4T \u0110I\u1ec6N GI\u1ea2I<\/strong><\/p>\n<p><strong>\u00a0GI\u1ea2I NHI\u1ec6T CHO GIA S\u00daC, GIA C\u1ea6M<\/strong><\/p>\n<p><strong>B\u1ed9t h\u00f2a tan<\/strong><\/p>\n<p><strong>TH\u00c0NH PH\u1ea6N<\/strong><\/p>\n<p>Sodium (min-max): 95-130g<\/p>\n<p>Potassium (min-max): 48-65g<\/p>\n<p>Ch\u1ea5t mang (Glucose khan) v\u1eeba \u0111\u1ee7: 1kg<\/p>\n<p><strong>L\u1ee2I \u00cdCH C\u1ee6A VI\u1ec6C B\u1ed4 SUNG ORESOL<\/strong><\/p>\n<p>Gi\u00fap b\u00f9 l\u1ea1i n\u01b0\u1edbc, ch\u1ea5t \u0111i\u1ec7n gi\u1ea3i v\u00e0 b\u1ed5 sung n\u0103ng l\u01b0\u1ee3ng cho c\u01a1 th\u1ec3 khi v\u1eadt nu\u00f4i b\u1ecb ti\u00eau ch\u1ea3y, n\u00f4n m\u1eeda ho\u1eb7c s\u1ed1t cao.<\/p>\n<p>Gi\u1ea3m stress khi nhi\u1ec7t \u0111\u1ed9 m\u00f4i tr\u01b0\u1eddng thay \u0111\u1ed5i, gi\u1ea3m t\u1ec9 l\u1ec7 ch\u1ebft, c\u1ea3i thi\u1ec7n n\u0103ng su\u1ea5t ch\u0103n nu\u00f4i.<\/p>\n<p><strong>H\u01af\u1edaNG D\u1eaaN S\u1eec D\u1ee4NG<\/strong><\/p>\n<p>H\u00f2a tan v\u00e0o n\u01b0\u1edbc cho u\u1ed1ng<\/p>\n<p>H\u1ed7 tr\u1ee3 \u0111i\u1ec1u tr\u1ecb c\u00e1c tr\u01b0\u1eddng h\u1ee3p ti\u00eau ch\u1ea3y m\u1ea5t n\u01b0\u1edbc v\u00e0 c\u00e1c ch\u1ea5t \u0111i\u1ec7n gi\u1ea3i t\u1eeb nh\u1eb9 t\u1edbi v\u1eeba:<\/p>\n<p><strong>Tr\u00ean gia c\u1ea7m:<\/strong> 1g\/3-4kg th\u1ec3 tr\u1ecdng t\u01b0\u01a1ng \u0111\u01b0\u01a1ng 1kg\/3-4 t\u1ea5n th\u1ec3 tr\u1ecdng\/ng\u00e0y ho\u1eb7c 3-4g\/1 l\u00edt n\u01b0\u1edbc u\u1ed1ng. D\u00f9ng li\u00ean t\u1ee5c 3-4 ng\u00e0y.<\/p>\n<p><strong>Tr\u00ean heo v\u00e0 gia s\u00fac: <\/strong>1g\/5-7kg th\u1ec3 tr\u1ecdng\/ng\u00e0y.<\/p>\n<p>&nbsp;<\/p>\n","protected":false},"featured_media":10080,"comment_status":"closed","ping_status":"closed","template":"","meta":[],"product_brand":[],"product_cat":[62,142],"product_tag":[],"class_list":{"0":"post-7215","1":"product","2":"type-product","3":"status-publish","4":"has-post-thumbnail","6":"product_cat-thuoc-thu-y","7":"product_cat-danh-muc-san-pham-gia-cam","9":"first","10":"instock","11":"shipping-taxable","12":"purchasable","13":"product-type-variable","14":"has-default-attributes"},"_links":{"self":[{"href":"https:\/\/mebipha.com\/online\/wp-json\/wp\/v2\/product\/7215","targetHints":{"allow":["GET"]}}],"collection":[{"href":"https:\/\/mebipha.com\/online\/wp-json\/wp\/v2\/product"}],"about":[{"href":"https:\/\/mebipha.com\/online\/wp-json\/wp\/v2\/types\/product"}],"replies":[{"embeddable":true,"href":"https:\/\/mebipha.com\/online\/wp-json\/wp\/v2\/comments?post=7215"}],"wp:featuredmedia":[{"embeddable":true,"href":"https:\/\/mebipha.com\/online\/wp-json\/wp\/v2\/media\/10080"}],"wp:attachment":[{"href":"https:\/\/mebipha.com\/online\/wp-json\/wp\/v2\/media?parent=7215"}],"wp:term":[{"taxonomy":"product_brand","embeddable":true,"href":"https:\/\/mebipha.com\/online\/wp-json\/wp\/v2\/product_brand?post=7215"},{"taxonomy":"product_cat","embeddable":true,"href":"https:\/\/mebipha.com\/online\/wp-json\/wp\/v2\/product_cat?post=7215"},{"taxonomy":"product_tag","embeddable":true,"href":"https:\/\/mebipha.com\/online\/wp-json\/wp\/v2\/product_tag?post=7215"}],"curies":[{"name":"wp","href":"https:\/\/api.w.org\/{rel}","templated":true}]}}