{"id":7211,"date":"2021-06-09T19:53:15","date_gmt":"2021-06-09T12:53:15","guid":{"rendered":"https:\/\/mebipha.com\/online\/?post_type=product&#038;p=7211"},"modified":"2024-09-25T15:33:30","modified_gmt":"2024-09-25T08:33:30","slug":"multi-vita-vip-2","status":"publish","type":"product","link":"https:\/\/mebipha.com\/online\/multi-vita-vip-2\/","title":{"rendered":"MULTI-VITA VIP"},"content":{"rendered":"<p><strong>T\u0102NG N\u0102NG SU\u1ea4T V\u00c0 CH\u1ea4T L\u01af\u1ee2NG TH\u1ecaT<\/strong><\/p>\n<p><strong>K\u00cdCH TH\u00cdCH M\u1eccC L\u00d4NG TR\u00caN GIA C\u1ea6M CON, G\u00c0 \u0110\u00c1<\/strong><\/p>\n<p><strong>TH\u00c0NH PH\u1ea6N<\/strong><\/p>\n<p>Vitamin A (min): 20.000.000UI<\/p>\n<p>Vitamin D3 (min): 13.000.000UI<\/p>\n<p>Vitamin E (min): 15.000mg<\/p>\n<p>Vitamin K3 (min): 10.000mg<\/p>\n<p>Vitamin C (min): 150.000mg<\/p>\n<p>Vitamin B1 (min): 10.000mg<\/p>\n<p>Vitamin B2 (min): 8.000mg<\/p>\n<p>Vitamin B3 (min): 30.000mg<\/p>\n<p>Vitamin B5* (min): 18.000mg<\/p>\n<p>Vitamin B6 (min): 12.000mg<\/p>\n<p>Vitamin B12 (min): 80.000mcg<\/p>\n<p>Axit Folic* (min): 3.500mg<\/p>\n<p>Biotin (min): 1.000mg<\/p>\n<p>Ph\u1ee5 gia c\u00f3 ch\u1ee9a Adenosine triphosphate (ATP), Selenium, Lysine, L-cystein v\u00e0 glucose v\u1eeba \u0111\u1ee7: 1kg<\/p>\n<p><strong>L\u1ee2I \u00cdCH C\u1ee6A VI\u1ec6C B\u1ed4 SUNG S\u1ea2N PH\u1ea8M<\/strong><\/p>\n<p>H\u1ea1n ch\u1ebf t\u00ecnh tr\u1ea1ng thi\u1ebfu h\u1ee5t vitamin.<\/p>\n<p>Gi\u1ea3m stress, k\u00edch th\u00edch bi\u1ebfn d\u01b0\u1ee1ng, gi\u00fap v\u1eadt nu\u00f4i mau h\u1ed3i ph\u1ee5c sau b\u1ec7nh.<\/p>\n<p>T\u0103ng s\u1ea3n l\u01b0\u1ee3ng v\u00e0 ch\u1ea5t l\u01b0\u1ee3ng tr\u1ee9ng tr\u00ean g\u00e0 \u0111\u1ebb.<\/p>\n<p>T\u0103ng tr\u01b0\u1edfng nhanh tr\u00ean g\u00e0 th\u1ecbt, v\u1ecbt th\u1ecbt.<\/p>\n<p>K\u00edch th\u00edch ra l\u00f4ng nhanh tr\u00ean gia c\u1ea7m \u1edf giai \u0111o\u1ea1n t\u0103ng tr\u01b0\u1edfng.<\/p>\n<p><strong>H\u01af\u1edaNG D\u1eaaN S\u1eec D\u1ee4NG<\/strong><\/p>\n<p>Tr\u00ean gia c\u1ea7m:<\/p>\n<p>Li\u1ec1u trung b\u00ecnh gi\u00fap gi\u1ea3m stress, h\u1ea1n ch\u1ebf b\u1ec7nh, b\u1ed5 sung li\u00ean t\u1ee5c trong su\u1ed1t qu\u00e1 tr\u00ecnh nu\u00f4i \u0111\u1ec3 t\u0103ng n\u0103ng su\u1ea5t: 1g\/100-120kg th\u1ec3 tr\u1ecdng t\u01b0\u01a1ng \u0111\u01b0\u01a1ng 100g\/10-12 t\u1ea5n th\u1ec3 tr\u1ecdng ho\u1eb7c 1g\/3-4 l\u00edt n\u01b0\u1edbc u\u1ed1ng.<\/p>\n<p>Li\u1ec1u t\u0103ng c\u01b0\u1eddng gi\u00fap t\u0103ng t\u1ec9 l\u1ec7 \u0111\u1ebb, t\u0103ng tr\u1ecdng l\u01b0\u1ee3ng tr\u1ee9ng-ch\u1ea5t l\u01b0\u1ee3ng tr\u1ee9ng, k\u00edch th\u00edch t\u0103ng tr\u01b0\u1edfng nhanh, d\u00f9ng k\u1ebft h\u1ee3p v\u1edbi kh\u00e1ng sinh h\u1ed7 tr\u1ee3 \u0111i\u1ec1u tr\u1ecb b\u1ec7nh: 1g\/60-80kg th\u1ec3 tr\u1ecdng t\u01b0\u01a1ng \u0111\u01b0\u01a1ng 100g\/6-8 t\u1ea5n th\u1ec3 tr\u1ecdng ho\u1eb7c 1g\/2-3 l\u00edt n\u01b0\u1edbc u\u1ed1ng, d\u00f9ng li\u00ean t\u1ee5c 5-7 ng\u00e0y\/\u0111\u1ee3t. \u0110\u1ecbnh k\u1ef3 1 th\u00e1ng d\u00f9ng 2 \u0111\u1ee3t.<\/p>\n<p><strong>B\u1ea2O QU\u1ea2N<\/strong><\/p>\n<p>N\u01a1i kh\u00f4 r\u00e1o, tho\u00e1ng m\u00e1t, nhi\u1ec7t \u0111\u1ed9 d\u01b0\u1edbi 30<sup>0<\/sup>C, tr\u00e1nh \u00e1nh n\u1eafng tr\u1ef1c ti\u1ebfp. Tr\u00e1nh xa t\u1ea7m tay tr\u1ebb em.<\/p>\n<p><strong>H\u1ea0N D\u00d9NG<\/strong><\/p>\n<p>24 th\u00e1ng k\u1ec3 t\u1eeb ng\u00e0y s\u1ea3n xu\u1ea5t.<\/p>\n<p><strong>\u0110\u00d3NG G\u00d3I<\/strong><\/p>\n<p>50g\/lon, 100g\/lon (5 trong 1), 500g\/lon (10 trong 1)<\/p>\n<p><strong>S\u1ed1 \u0111\u0103ng k\u00fd: TCCS 080:2013\/MBP<\/strong><\/p>\n","protected":false},"excerpt":{"rendered":"<p><strong>T\u0102NG N\u0102NG SU\u1ea4T V\u00c0 CH\u1ea4T L\u01af\u1ee2NG TH\u1ecaT<\/strong><\/p>\n<p><strong>K\u00cdCH TH\u00cdCH M\u1eccC L\u00d4NG TR\u00caN GIA C\u1ea6M CON, G\u00c0 \u0110\u00c1<\/strong><\/p>\n<p><strong>B\u1ed9t h\u00f2a tan<\/strong><\/p>\n<p>S\u1ea3n ph\u1ea9m ch\u1ee9a h\u1ed7n h\u1ee3p vitamin cao c\u1ea5p, c\u1ea7n thi\u1ebft cho s\u1ee9c kh\u1ecfe v\u00e0 n\u0103ng su\u1ea5t c\u1ee7a gia c\u1ea7m. B\u1ed5 sung s\u1ea3n ph\u1ea9m v\u00e0o ch\u1ebf \u0111\u1ed9 dinh d\u01b0\u1ee1ng c\u1ee7a gia c\u1ea7m s\u1ebd gi\u00fap t\u0103ng c\u01b0\u1eddng kh\u1ea3 n\u0103ng mi\u1ec5n d\u1ecbch, h\u1ea1n ch\u1ebf suy dinh d\u01b0\u1ee1ng, t\u0103ng tr\u01b0\u1edfng nhanh, \u1ed5n \u0111\u1ecbnh th\u1ea7n kinh v\u00e0 c\u00f3 s\u1ee9c l\u1ef1c ch\u1ed1ng ch\u1ecdi v\u1edbi b\u1ec7nh t\u1eadt. C\u00f4ng th\u1ee9c c\u1ea3i ti\u1ebfn c\u00f3 ch\u1ee9a selen v\u00e0 c\u00e1c axit amin gi\u00fap h\u1ed7 tr\u1ee3 mi\u1ec5n d\u1ecbch, t\u0103ng kh\u1ea3 n\u0103ng \u0111\u1ebb tr\u1ee9ng, t\u0103ng t\u1ec9 l\u1ec7 \u1ea5p n\u1edf, c\u1ea3i thi\u1ec7n ch\u1ea5t l\u01b0\u1ee3ng tr\u1ee9ng v\u00e0 k\u00edch th\u00edch ra l\u00f4ng, gi\u00fap gia c\u1ea7m c\u00f3 ngo\u1ea1i h\u00ecnh \u0111\u1eb9p.<\/p>\n<p><strong>TH\u00c0NH PH\u1ea6N<\/strong><\/p>\n<p>Vitamin A (min): 20.000.000UI<\/p>\n<p>Vitamin D3 (min): 13.000.000UI<\/p>\n<p>Vitamin E (min): 15.000mg<\/p>\n<p>Vitamin K3 (min): 10.000mg<\/p>\n<p>Vitamin C (min): 150.000mg<\/p>\n<p>Vitamin B1 (min): 10.000mg<\/p>\n<p>Vitamin B2 (min): 8.000mg<\/p>\n<p>Vitamin B3 (min): 30.000mg<\/p>\n<p>Vitamin B5* (min): 18.000mg<\/p>\n<p>Vitamin B6 (min): 12.000mg<\/p>\n<p>Vitamin B12 (min): 80.000mcg<\/p>\n<p>Axit Folic* (min): 3.500mg<\/p>\n<p>Biotin (min): 1.000mg<\/p>\n<p>Ph\u1ee5 gia c\u00f3 ch\u1ee9a Adenosine triphosphate (ATP), Selenium, Lysine, L-cystein v\u00e0 glucose v\u1eeba \u0111\u1ee7: 1kg<\/p>\n<p><strong>L\u1ee2I \u00cdCH C\u1ee6A VI\u1ec6C B\u1ed4 SUNG S\u1ea2N PH\u1ea8M<\/strong><\/p>\n<p>H\u1ea1n ch\u1ebf t\u00ecnh tr\u1ea1ng thi\u1ebfu h\u1ee5t vitamin.<\/p>\n<p>Gi\u1ea3m stress, k\u00edch th\u00edch bi\u1ebfn d\u01b0\u1ee1ng, gi\u00fap v\u1eadt nu\u00f4i mau h\u1ed3i ph\u1ee5c sau b\u1ec7nh.<\/p>\n<p>T\u0103ng s\u1ea3n l\u01b0\u1ee3ng v\u00e0 ch\u1ea5t l\u01b0\u1ee3ng tr\u1ee9ng tr\u00ean g\u00e0 \u0111\u1ebb.<\/p>\n<p>T\u0103ng tr\u01b0\u1edfng nhanh tr\u00ean g\u00e0 th\u1ecbt, v\u1ecbt th\u1ecbt.<\/p>\n<p>K\u00edch th\u00edch ra l\u00f4ng nhanh tr\u00ean gia c\u1ea7m \u1edf giai \u0111o\u1ea1n t\u0103ng tr\u01b0\u1edfng.<\/p>\n<p><strong>H\u01af\u1edaNG D\u1eaaN S\u1eec D\u1ee4NG<\/strong><\/p>\n<p>Tr\u00ean gia c\u1ea7m:<\/p>\n<p>Li\u1ec1u trung b\u00ecnh gi\u00fap gi\u1ea3m stress, h\u1ea1n ch\u1ebf b\u1ec7nh, b\u1ed5 sung li\u00ean t\u1ee5c trong su\u1ed1t qu\u00e1 tr\u00ecnh nu\u00f4i \u0111\u1ec3 t\u0103ng n\u0103ng su\u1ea5t: 1g\/100-120kg th\u1ec3 tr\u1ecdng t\u01b0\u01a1ng \u0111\u01b0\u01a1ng 100g\/10-12 t\u1ea5n th\u1ec3 tr\u1ecdng ho\u1eb7c 1g\/3-4 l\u00edt n\u01b0\u1edbc u\u1ed1ng.<\/p>\n<p>Li\u1ec1u t\u0103ng c\u01b0\u1eddng gi\u00fap t\u0103ng t\u1ec9 l\u1ec7 \u0111\u1ebb, t\u0103ng tr\u1ecdng l\u01b0\u1ee3ng tr\u1ee9ng-ch\u1ea5t l\u01b0\u1ee3ng tr\u1ee9ng, k\u00edch th\u00edch t\u0103ng tr\u01b0\u1edfng nhanh, d\u00f9ng k\u1ebft h\u1ee3p v\u1edbi kh\u00e1ng sinh h\u1ed7 tr\u1ee3 \u0111i\u1ec1u tr\u1ecb b\u1ec7nh: 1g\/60-80kg th\u1ec3 tr\u1ecdng t\u01b0\u01a1ng \u0111\u01b0\u01a1ng 100g\/6-8 t\u1ea5n th\u1ec3 tr\u1ecdng ho\u1eb7c 1g\/2-3 l\u00edt n\u01b0\u1edbc u\u1ed1ng, d\u00f9ng li\u00ean t\u1ee5c 5-7 ng\u00e0y\/\u0111\u1ee3t. \u0110\u1ecbnh k\u1ef3 1 th\u00e1ng d\u00f9ng 2 \u0111\u1ee3t.<\/p>\n<p>&nbsp;<\/p>\n","protected":false},"featured_media":10583,"comment_status":"closed","ping_status":"closed","template":"","meta":[],"product_brand":[],"product_cat":[62,142],"product_tag":[],"class_list":{"0":"post-7211","1":"product","2":"type-product","3":"status-publish","4":"has-post-thumbnail","6":"product_cat-thuoc-thu-y","7":"product_cat-danh-muc-san-pham-gia-cam","9":"first","10":"instock","11":"shipping-taxable","12":"purchasable","13":"product-type-variable","14":"has-default-attributes"},"_links":{"self":[{"href":"https:\/\/mebipha.com\/online\/wp-json\/wp\/v2\/product\/7211","targetHints":{"allow":["GET"]}}],"collection":[{"href":"https:\/\/mebipha.com\/online\/wp-json\/wp\/v2\/product"}],"about":[{"href":"https:\/\/mebipha.com\/online\/wp-json\/wp\/v2\/types\/product"}],"replies":[{"embeddable":true,"href":"https:\/\/mebipha.com\/online\/wp-json\/wp\/v2\/comments?post=7211"}],"wp:featuredmedia":[{"embeddable":true,"href":"https:\/\/mebipha.com\/online\/wp-json\/wp\/v2\/media\/10583"}],"wp:attachment":[{"href":"https:\/\/mebipha.com\/online\/wp-json\/wp\/v2\/media?parent=7211"}],"wp:term":[{"taxonomy":"product_brand","embeddable":true,"href":"https:\/\/mebipha.com\/online\/wp-json\/wp\/v2\/product_brand?post=7211"},{"taxonomy":"product_cat","embeddable":true,"href":"https:\/\/mebipha.com\/online\/wp-json\/wp\/v2\/product_cat?post=7211"},{"taxonomy":"product_tag","embeddable":true,"href":"https:\/\/mebipha.com\/online\/wp-json\/wp\/v2\/product_tag?post=7211"}],"curies":[{"name":"wp","href":"https:\/\/api.w.org\/{rel}","templated":true}]}}