{"id":7201,"date":"2021-06-09T19:41:52","date_gmt":"2021-06-09T12:41:52","guid":{"rendered":"https:\/\/mebipha.com\/online\/?post_type=product&#038;p=7201"},"modified":"2025-12-29T16:13:54","modified_gmt":"2025-12-29T09:13:54","slug":"penstrep-inj","status":"publish","type":"product","link":"https:\/\/mebipha.com\/online\/penstrep-inj\/","title":{"rendered":"PenStrep INJ"},"content":{"rendered":"<p><strong>\u0110\u1eb6C TR\u1eca C\u00c1C B\u1ec6NH NHI\u1ec4M TR\u00d9NG TR\u00caN GIA S\u00daC, GIA C\u1ea6M<\/strong><\/p>\n<p><strong>Thu\u1ed1c b\u1ed9t pha ti\u00eam<\/strong><\/p>\n<p><strong>C\u00d4NG TH\u1ee8C<\/strong><\/p>\n<p>Streptomycin sulfate: 10g<\/p>\n<p>Penicillin G Kali: 5.000.000 UI<\/p>\n<p>Dung m\u00f4i v\u00e0 t\u00e1 d\u01b0\u1ee3c v\u1eeba \u0111\u1ee7: 100ml<\/p>\n<p><strong>\u0110\u1eb6C T\u00cdNH D\u01af\u1ee2C L\u00dd S\u1ea2N PH\u1ea8M<\/strong><\/p>\n<p><strong>Penicillin <\/strong>c\u00f3 t\u00e1c d\u1ee5ng di\u1ec7t khu\u1ea9n b\u1eb1ng c\u00e1ch \u1ee9c ch\u1ebf t\u1ed5ng h\u1ee3p th\u00e0nh t\u1ebf b\u00e0o vi khu\u1ea9n v\u00e0 <strong>Streptomycin<\/strong> di\u1ec7t khu\u1ea9n b\u1eb1ng c\u00e1ch \u1ee9c ch\u1ebf t\u1ed5ng h\u1ee3p protein c\u1ee7a vi khu\u1ea9n. <strong>Penicillin<\/strong> gi\u00fap gia t\u0103ng t\u00ednh th\u1ea5m th\u00e0nh t\u1ebf b\u00e0o n\u00ean t\u1ea1o \u0111i\u1ec1u ki\u1ec7n thu\u1eadn l\u1ee3i \u0111\u1ec3 <strong>Streptomycin<\/strong> d\u1ec5 d\u00e0ng x\u00e2m nh\u1eadp v\u00e0o b\u00ean trong t\u1ebf b\u00e0o, l\u00e0m t\u0103ng t\u00e1c d\u1ee5ng di\u1ec7t khu\u1ea9n. <strong>Penicillin <\/strong>th\u01b0\u1eddng \u0111\u01b0\u1ee3c d\u00f9ng ph\u1ed1i h\u1ee3p v\u1edbi c\u00e1c kh\u00e1ng sinh nh\u00f3m aminoglycoside nh\u01b0 <strong>Streptomycin<\/strong> gi\u00fap m\u1edf r\u1ed9ng ph\u1ed5 t\u00e1c d\u1ee5ng v\u00e0 l\u00e0m t\u0103ng hi\u1ec7u l\u1ef1c \u0111i\u1ec1u tr\u1ecb c\u00e1c b\u1ec7nh nhi\u1ec5m khu\u1ea9n to\u00e0n th\u00e2n g\u00e2y ra b\u1edfi c\u00e1c vi sinh v\u1eadt nh\u1ea1y c\u1ea3m v\u1edbi Penicillin v\u00e0 Streptomycin, bao g\u1ed3m:<\/p>\n<p><em>Streptococci, Staphylococci, Corynebacteria<\/em> spp., <em>Erysipelothrix rhusiopathiae<\/em>, <em>Clostridia<\/em> spp., <em>Bacillus anthracis<\/em>, <em>Leptospira canicola<\/em>, Campylobacter foetus, <em>Actinomyces bovis<\/em>, <em>E.coli<\/em>, <em>Proteus vulgaris<\/em>, <em>Brucella<\/em> spp., <em>Salmonella<\/em> spp., <em>Shighella <\/em>spp., <em>Klebsiella<\/em> spp., <em>Pasteurella<\/em> spp.,\u2026 v\u00e0 m\u1ed9t v\u00e0i <em>Mycoplasma<\/em>.<\/p>\n<p><strong>C\u00d4NG D\u1ee4NG S\u1ea2N PH\u1ea8M<\/strong><\/p>\n<p>\u0110\u1eb7c tr\u1ecb c\u00e1c b\u1ec7nh nhi\u1ec5m tr\u00f9ng tr\u00ean heo, tr\u00e2u, b\u00f2, d\u00ea, c\u1eebu v\u00e0 gia c\u1ea7m:<\/p>\n<p>T\u1ee5 huy\u1ebft tr\u00f9ng, vi\u00eam ph\u1ebf qu\u1ea3n\u00a0 &#8211;\u00a0 ph\u1ed5i, vi\u00eam ru\u1ed9t, ti\u00eau ch\u1ea3y ph\u00e2n tr\u1eafng, ph\u00e2n v\u00e0ng, ph\u00e2n xanh, th\u01b0\u01a1ng h\u00e0n, ph\u00f3 th\u01b0\u01a1ng h\u00e0n, nhi\u1ec7t th\u00e1n, \u0111\u00f3ng d\u1ea5u, vi\u00eam v\u00fa, vi\u00eam t\u1eed cung, nhi\u1ec5m tr\u00f9ng v\u1ebft th\u01b0\u01a1ng.<\/p>\n<p><strong>CH\u1ed0NG CH\u1ec8 \u0110\u1ecaNH<\/strong><\/p>\n<p>Th\u00fa qu\u00e1 m\u1eabn v\u1edbi c\u00e1c th\u00e0nh ph\u1ea7n c\u1ee7a thu\u1ed1c.<\/p>\n<p><strong>S\u1eec D\u1ee4NG<\/strong><\/p>\n<p>L\u1ea5y 40% th\u1ec3 t\u00edch dung d\u1ecbch pha ti\u00eam b\u01a1m v\u00e0o l\u1ecd thu\u1ed1c b\u1ed9t, l\u1eafc cho h\u00f2a tan \u0111\u1ec1u. Sau \u0111\u00f3 pha ti\u1ebfp 60% th\u1ec3 t\u00edch dung d\u1ecbch pha ti\u00eam c\u00f2n l\u1ea1i v\u00e0 l\u1eafc \u0111\u1ec1u tr\u01b0\u1edbc khi s\u1eed d\u1ee5ng.<\/p>\n<p>Ti\u00eam s\u00e2u v\u00e0o b\u1eafp th\u1ecbt.<\/p>\n<p>Tr\u00e2u, b\u00f2: 1ml\/ 10 &#8211; 15kg th\u1ec3 tr\u1ecdng\/ ng\u00e0y.<\/p>\n<p>B\u00ea, ngh\u00e9, d\u00ea, c\u1eebu, heo: 1ml\/ 8kg th\u1ec3 tr\u1ecdng\/ ng\u00e0y.<\/p>\n<p>G\u00e0, v\u1ecbt, c\u00fat: 1ml\/ 4kg th\u1ec3 tr\u1ecdng\/ ng\u00e0y.<\/p>\n<p>Ng\u00e0y ti\u00eam 1 l\u1ea7n, d\u00f9ng li\u00ean t\u1ee5c trong\u00a0 3 &#8211; 5 ng\u00e0y.<\/p>\n<p><strong>Th\u1eddi gian ng\u01b0ng s\u1eed d\u1ee5ng thu\u1ed1c<\/strong><\/p>\n<p>Th\u00fa gi\u1ebft th\u1ecbt: 15 ng\u00e0y tr\u01b0\u1edbc khi gi\u1ebft m\u1ed5.<\/p>\n<p>Th\u00fa l\u1ea5y s\u1eefa: 8 l\u1ea7n v\u1eaft s\u1eefa.<\/p>\n<p><strong>H\u1ea1n s\u1eed d\u1ee5ng s\u1ea3n ph\u1ea9m <\/strong><\/p>\n<p>24 th\u00e1ng k\u1ec3 t\u1eeb ng\u00e0y s\u1ea3n xu\u1ea5t.<\/p>\n<p><strong>B\u1ea2O QU\u1ea2N<\/strong><\/p>\n<p>N\u01a1i kh\u00f4 r\u00e1o, tho\u00e1ng m\u00e1t, nhi\u1ec7t \u0111\u1ed9 d\u01b0\u1edbi 30<sup>0<\/sup>C. Tr\u00e1nh \u00e1nh n\u1eafng tr\u1ef1c ti\u1ebfp, tr\u00e1nh xa t\u1ea7m tay tr\u1ebb em.<\/p>\n<p><strong>\u0110\u00d3NG G\u00d3I<\/strong><\/p>\n<p>C\u1eb7p 100ml, c\u1eb7p 250ml, c\u1eb7p 500ml<\/p>\n<p><strong>S\u1ed1 \u0111\u0103ng k\u00fd: MBP-176<\/strong><\/p>\n","protected":false},"excerpt":{"rendered":"<p><strong>\u0110\u1eb6C TR\u1eca C\u00c1C B\u1ec6NH NHI\u1ec4M TR\u00d9NG TR\u00caN GIA S\u00daC, GIA C\u1ea6M<\/strong><\/p>\n<p><strong>Thu\u1ed1c b\u1ed9t pha ti\u00eam<\/strong><\/p>\n<p><strong>C\u00d4NG TH\u1ee8C<\/strong><\/p>\n<p>Streptomycin sulfate: 10g<\/p>\n<p>Penicillin G Kali: 5.000.000 UI<\/p>\n<p>Dung m\u00f4i v\u00e0 t\u00e1 d\u01b0\u1ee3c v\u1eeba \u0111\u1ee7: 100ml<\/p>\n<p><strong>C\u00d4NG D\u1ee4NG S\u1ea2N PH\u1ea8M<\/strong><\/p>\n<p>\u0110\u1eb7c tr\u1ecb c\u00e1c b\u1ec7nh nhi\u1ec5m tr\u00f9ng tr\u00ean heo, tr\u00e2u, b\u00f2, d\u00ea, c\u1eebu v\u00e0 gia c\u1ea7m:<\/p>\n<p>T\u1ee5 huy\u1ebft tr\u00f9ng, vi\u00eam ph\u1ebf qu\u1ea3n\u00a0 &#8211;\u00a0 ph\u1ed5i, vi\u00eam ru\u1ed9t, ti\u00eau ch\u1ea3y ph\u00e2n tr\u1eafng, ph\u00e2n v\u00e0ng, ph\u00e2n xanh, th\u01b0\u01a1ng h\u00e0n, ph\u00f3 th\u01b0\u01a1ng h\u00e0n, nhi\u1ec7t th\u00e1n, \u0111\u00f3ng d\u1ea5u, vi\u00eam v\u00fa, vi\u00eam t\u1eed cung, nhi\u1ec5m tr\u00f9ng v\u1ebft th\u01b0\u01a1ng.<\/p>\n<p><strong>CH\u1ed0NG CH\u1ec8 \u0110\u1ecaNH<\/strong><\/p>\n<p>Th\u00fa qu\u00e1 m\u1eabn v\u1edbi c\u00e1c th\u00e0nh ph\u1ea7n c\u1ee7a thu\u1ed1c.<\/p>\n<p><strong>S\u1eec D\u1ee4NG<\/strong><\/p>\n<p>L\u1ea5y 40% th\u1ec3 t\u00edch dung d\u1ecbch pha ti\u00eam b\u01a1m v\u00e0o l\u1ecd thu\u1ed1c b\u1ed9t, l\u1eafc cho h\u00f2a tan \u0111\u1ec1u. Sau \u0111\u00f3 pha ti\u1ebfp 60% th\u1ec3 t\u00edch dung d\u1ecbch pha ti\u00eam c\u00f2n l\u1ea1i v\u00e0 l\u1eafc \u0111\u1ec1u tr\u01b0\u1edbc khi s\u1eed d\u1ee5ng.<\/p>\n<p>Ti\u00eam s\u00e2u v\u00e0o b\u1eafp th\u1ecbt.<\/p>\n<p>Tr\u00e2u, b\u00f2: 1ml\/ 10 &#8211; 15kg th\u1ec3 tr\u1ecdng\/ ng\u00e0y.<\/p>\n<p>B\u00ea, ngh\u00e9, d\u00ea, c\u1eebu, heo: 1ml\/ 8kg th\u1ec3 tr\u1ecdng\/ ng\u00e0y.<\/p>\n<p>G\u00e0, v\u1ecbt, c\u00fat: 1ml\/ 4kg th\u1ec3 tr\u1ecdng\/ ng\u00e0y.<\/p>\n<p>Ng\u00e0y ti\u00eam 1 l\u1ea7n, d\u00f9ng li\u00ean t\u1ee5c trong\u00a0 3 &#8211; 5 ng\u00e0y.<\/p>\n<p><strong>Th\u1eddi gian ng\u01b0ng s\u1eed d\u1ee5ng thu\u1ed1c<\/strong><\/p>\n<p>Th\u00fa gi\u1ebft th\u1ecbt: 15 ng\u00e0y tr\u01b0\u1edbc khi gi\u1ebft m\u1ed5.<\/p>\n<p>Th\u00fa l\u1ea5y s\u1eefa: 8 l\u1ea7n v\u1eaft s\u1eefa.<\/p>\n<p>&nbsp;<\/p>\n","protected":false},"featured_media":10335,"comment_status":"closed","ping_status":"closed","template":"","meta":[],"product_brand":[],"product_cat":[62,142],"product_tag":[],"class_list":{"0":"post-7201","1":"product","2":"type-product","3":"status-publish","4":"has-post-thumbnail","6":"product_cat-thuoc-thu-y","7":"product_cat-danh-muc-san-pham-gia-cam","9":"first","10":"instock","11":"shipping-taxable","12":"purchasable","13":"product-type-variable","14":"has-default-attributes"},"_links":{"self":[{"href":"https:\/\/mebipha.com\/online\/wp-json\/wp\/v2\/product\/7201","targetHints":{"allow":["GET"]}}],"collection":[{"href":"https:\/\/mebipha.com\/online\/wp-json\/wp\/v2\/product"}],"about":[{"href":"https:\/\/mebipha.com\/online\/wp-json\/wp\/v2\/types\/product"}],"replies":[{"embeddable":true,"href":"https:\/\/mebipha.com\/online\/wp-json\/wp\/v2\/comments?post=7201"}],"wp:featuredmedia":[{"embeddable":true,"href":"https:\/\/mebipha.com\/online\/wp-json\/wp\/v2\/media\/10335"}],"wp:attachment":[{"href":"https:\/\/mebipha.com\/online\/wp-json\/wp\/v2\/media?parent=7201"}],"wp:term":[{"taxonomy":"product_brand","embeddable":true,"href":"https:\/\/mebipha.com\/online\/wp-json\/wp\/v2\/product_brand?post=7201"},{"taxonomy":"product_cat","embeddable":true,"href":"https:\/\/mebipha.com\/online\/wp-json\/wp\/v2\/product_cat?post=7201"},{"taxonomy":"product_tag","embeddable":true,"href":"https:\/\/mebipha.com\/online\/wp-json\/wp\/v2\/product_tag?post=7201"}],"curies":[{"name":"wp","href":"https:\/\/api.w.org\/{rel}","templated":true}]}}