{"id":7176,"date":"2021-06-09T14:14:12","date_gmt":"2021-06-09T07:14:12","guid":{"rendered":"https:\/\/mebipha.com\/online\/?post_type=product&#038;p=7176"},"modified":"2025-12-29T15:58:37","modified_gmt":"2025-12-29T08:58:37","slug":"gentadox","status":"publish","type":"product","link":"https:\/\/mebipha.com\/online\/gentadox\/","title":{"rendered":"GENTADOX"},"content":{"rendered":"<p><strong>\u0110\u1eb6C TR\u1eca CRD, CCRD, H\u1ed8I CH\u1ee8NG ORT, B\u1ea0I HUY\u1ebeT, TI\u00caU CH\u1ea2Y N\u1eb6NG<\/strong><\/p>\n<p><strong>Thu\u1ed1c b\u1ed9t tr\u1ed9n th\u1ee9c \u0103n ho\u1eb7c pha n\u01b0\u1edbc u\u1ed1ng<\/strong><\/p>\n<p>&nbsp;<\/p>\n<p><strong>C\u00d4NG TH\u1ee8C<\/strong><\/p>\n<p>Gentamycin sulfate: 100g<\/p>\n<p>Doxycycline hyclate: 200g<\/p>\n<p>T\u00e1 d\u01b0\u1ee3c v\u1eeba \u0111\u1ee7: 1kg<\/p>\n<p><strong>\u0110\u1eb6C T\u00cdNH D\u01af\u1ee2C L\u00dd S\u1ea2N PH\u1ea8M<\/strong><\/p>\n<p>C\u00f4ng th\u1ee9c c\u1ea3i ti\u1ebfn m\u1edbi v\u1edbi s\u1ef1 k\u1ebft h\u1ee3p 2 kh\u00e1ng sinh m\u1ea1nh &#8211; Gentamycine v\u00e0 Doxycycline \u1edf h\u00e0m l\u01b0\u1ee3ng cao gi\u00fap hi\u1ec7p l\u1ef1c, t\u0103ng t\u00e1c d\u1ee5ng, t\u0103ng hi\u1ec7u qu\u1ea3 \u0111i\u1ec1u tr\u1ecb v\u01b0\u1ee3t tr\u1ed9i cho s\u1ea3n ph\u1ea9m <strong>GENTADOX<\/strong>, ch\u1ed1ng l\u1ea1i h\u1ea7u h\u1ebft c\u00e1c lo\u1ea1i vi khu\u1ea9n nh\u1ea1y c\u1ea3m nh\u01b0: <em>Bordetella, Campylobacter, Chlamydia, E. coli, Klebsiella, Haemophilus, Mycoplasma, Pasteurella, Rickettsia, Salmonella, Staphylococcus<\/em>\u00a0v\u00e0 <em>Streptococcus<\/em>\u00a0spp&#8230; Do c\u01a1 ch\u1ebf t\u00e1c \u0111\u1ed9ng c\u00f9ng \u1ee9c ch\u1ebf qu\u00e1 tr\u00ecnh t\u1ed5ng h\u1ee3p protein c\u1ee7a vi khu\u1ea9n, s\u1ef1 ph\u1ed1i h\u1ee3p 2 kh\u00e1ng sinh n\u00e0y r\u00fat ng\u1eafn th\u1eddi gian \u0111i\u1ec1u tr\u1ecb xu\u1ed1ng t\u1eeb 2 \u2013 4 ng\u00e0y so v\u1edbi d\u00f9ng \u0111\u01a1n l\u1ebb.<\/p>\n<p><strong>C\u00d4NG D\u1ee4NG S\u1ea2N PH\u1ea8M<\/strong><\/p>\n<p><strong>Tr\u00ean g\u00e0, v\u1ecbt, c\u00fat:<\/strong><\/p>\n<p>Tr\u1ecb CRD, CCRD, H\u1ed9i ch\u1ee9ng ORT, t\u1ee5 huy\u1ebft tr\u00f9ng, b\u1ea1i huy\u1ebft tr\u00ean v\u1ecbt.<\/p>\n<p>Ti\u00eau ch\u1ea3y ph\u00e2n xanh, ph\u00e2n tr\u1eafng, ph\u00e2n nh\u1edbt v\u00e0ng.<\/p>\n<p><strong>Tr\u00ean heo, tr\u00e2u, b\u00f2, d\u00ea, c\u1eebu:<\/strong><\/p>\n<p>Tr\u1ecb b\u1ec7nh vi\u00eam ph\u1ed5i \u0111\u1ecba ph\u01b0\u01a1ng (SEP), vi\u00eam teo m\u0169i truy\u1ec1n nhi\u1ec5m, vi\u00eam \u0111a xoang, t\u1ee5 huy\u1ebft tr\u00f9ng, b\u1ec7nh do <em>Mycoplasma, Streptococcus, Staphylococcus<\/em>\u2026<\/p>\n<p>Vi\u00eam d\u1ea1 d\u00e0y-ru\u1ed9t, ti\u00eau ch\u1ea3y, ph\u00f3 th\u01b0\u01a1ng h\u00e0n.<\/p>\n<p><strong>CH\u1ed0NG CH\u1ec8 \u0110\u1ecaNH<\/strong><\/p>\n<p>Th\u00fa m\u1eabn c\u1ea3m v\u1edbi c\u00e1c th\u00e0nh ph\u1ea7n c\u1ee7a thu\u1ed1c.<\/p>\n<p>Th\u00fa b\u1ecb suy gi\u1ea3m ch\u1ee9c n\u0103ng gan th\u1eadn nghi\u00eam tr\u1ecdng.<\/p>\n<p>Th\u00fa s\u1ea3n xu\u1ea5t s\u1eefa ho\u1eb7c tr\u1ee9ng l\u00e0m th\u1ee9c \u0103n cho ng\u01b0\u1eddi.<\/p>\n<p><strong>S\u1eec D\u1ee4NG<\/strong><\/p>\n<p><strong>G\u00e0, v\u1ecbt, c\u00fat: <\/strong>Li\u1ec1u t\u1ed5ng qu\u00e1t 1g\/15-20kg th\u1ec3 tr\u1ecdng.<\/p>\n<p>Ph\u00f2ng b\u1ec7nh: 1g\/ 4 l\u00edt n\u01b0\u1edbc u\u1ed1ng, d\u00f9ng li\u00ean t\u1ee5c 3 &#8211; 4 ng\u00e0y. \u0110\u1ecbnh k\u1ef3 2-3 tu\u1ea7n d\u00f9ng 1 \u0111\u1ee3t.<\/p>\n<p>Tr\u1ecb b\u1ec7nh: G\u1ea5p \u0111\u00f4i li\u1ec1u ph\u00f2ng, d\u00f9ng li\u00ean t\u1ee5c 5 &#8211; 7 ng\u00e0y<strong>.<\/strong><\/p>\n<p><strong>Heo, tr\u00e2u, b\u00f2, d\u00ea, c\u1eebu<\/strong> Li\u1ec1u t\u1ed5ng qu\u00e1t: 1g\/25-30kg th\u1ec3 tr\u1ecdng.<\/p>\n<p>Ph\u00f2ng b\u1ec7nh: 1kg\/2 t\u1ea5n th\u1ee9c \u0103n, d\u00f9ng li\u00ean t\u1ee5c 3-4 ng\u00e0y. \u0110\u1ecbnh k\u1ef3 2-3 tu\u1ea7n d\u00f9ng 1 \u0111\u1ee3t.<\/p>\n<p>Tr\u1ecb b\u1ec7nh: 1kg\/1 t\u1ea5n th\u1ee9c \u0103n, d\u00f9ng li\u00ean t\u1ee5c 5 &#8211; 7 ng\u00e0y.<\/p>\n<p>Th\u1eddi gian ng\u01b0ng s\u1eed d\u1ee5ng thu\u1ed1c<\/p>\n<p>14 ng\u00e0y tr\u01b0\u1edbc khi gi\u1ebft m\u1ed5.<\/p>\n<p><strong>H\u1ea0N S\u1eec D\u1ee4NG S\u1ea2N PH\u1ea8M<\/strong><\/p>\n<p>24 th\u00e1ng k\u1ec3 t\u1eeb ng\u00e0y s\u1ea3n xu\u1ea5t.<\/p>\n<p><strong>B\u1ea2O QU\u1ea2N<\/strong><\/p>\n<p>N\u01a1i kh\u00f4 r\u00e1o, tho\u00e1ng m\u00e1t, nhi\u1ec7t \u0111\u1ed9 d\u01b0\u1edbi 30<sup>0<\/sup>C, tr\u00e1nh \u00e1nh n\u1eafng tr\u1ef1c ti\u1ebfp. Tr\u00e1nh xa t\u1ea7m tay tr\u1ebb em.<\/p>\n<p><strong>\u0110\u00d3NG G\u00d3I<\/strong><\/p>\n<p>10g\/g\u00f3i, 50g\/g\u00f3i, 1kg\/lon (10 trong 1)<\/p>\n<p><strong><em>\u00a0<\/em><\/strong><\/p>\n<p><strong>S\u1ed1 \u0111\u0103ng k\u00fd: MBP-133<\/strong><\/p>\n","protected":false},"excerpt":{"rendered":"<p>\u0110\u1eb6C TR\u1eca C\u00c1C B\u1ec6NH \u0110\u01af\u1edcNG H\u00d4 H\u1ea4P V\u00c0 TI\u00caU H\u00d3A TR\u00caN GIA C\u1ea6M &#8211; GIA S\u00daC<\/p>\n<p>Th\u00e0nh ph\u1ea7n:<\/p>\n<p>Gentamycine Sulfate: 100g<br \/>\nDoxycyline Hyclate: 200g<br \/>\nT\u00e1 d\u01b0\u1ee3c v\u1eeba \u0111\u1ee7: 1kg<\/p>\n<p>S\u1eed d\u1ee5ng:<\/p>\n<p>G\u00e0, v\u1ecbt, c\u00fat:<br \/>\nLi\u1ec1u t\u1ed5ng qu\u00e1t: 1g\/ 15-20kg th\u1ec3 tr\u1ecdng.<br \/>\nPh\u00f2ng b\u1ec7nh:<br \/>\n1g\/ 4 l\u00edt n\u01b0\u1edbc u\u1ed1ng, d\u00f9ng li\u00ean t\u1ee5c 3 &#8211; 4 ng\u00e0y. \u0110\u1ecbnh k\u1ef3 2-3 tu\u1ea7n d\u00f9ng 1 \u0111\u1ee3t.<br \/>\nTr\u1ecb b\u1ec7nh: G\u1ea5p \u0111\u00f4i li\u1ec1u ph\u00f2ng, d\u00f9ng li\u00ean t\u1ee5c 5 &#8211; 7 ng\u00e0y.<br \/>\nHeo, tr\u00e2u, b\u00f2, d\u00ea, c\u1eebu:<br \/>\nLi\u1ec1u t\u1ed5ng qu\u00e1t: 1g\/ 25-30kg th\u1ec3 tr\u1ecdng.<br \/>\nPh\u00f2ng b\u1ec7nh: 1kg\/ 2 t\u1ea5n th\u1ee9c \u0103n, d\u00f9ng li\u00ean t\u1ee5c 3-4 ng\u00e0y. \u0110\u1ecbnh k\u1ef3 2-3 tu\u1ea7n d\u00f9ng 1 \u0111\u1ee3t.<br \/>\nTr\u1ecb b\u1ec7nh: 1kg\/ 1 t\u1ea5n th\u1ee9c \u0103n, d\u00f9ng li\u00ean t\u1ee5c 5 &#8211; 7 ng\u00e0y.<\/p>\n","protected":false},"featured_media":10622,"comment_status":"closed","ping_status":"closed","template":"","meta":[],"product_brand":[],"product_cat":[62,142],"product_tag":[],"class_list":{"0":"post-7176","1":"product","2":"type-product","3":"status-publish","4":"has-post-thumbnail","6":"product_cat-thuoc-thu-y","7":"product_cat-danh-muc-san-pham-gia-cam","9":"first","10":"instock","11":"shipping-taxable","12":"purchasable","13":"product-type-variable","14":"has-default-attributes"},"_links":{"self":[{"href":"https:\/\/mebipha.com\/online\/wp-json\/wp\/v2\/product\/7176","targetHints":{"allow":["GET"]}}],"collection":[{"href":"https:\/\/mebipha.com\/online\/wp-json\/wp\/v2\/product"}],"about":[{"href":"https:\/\/mebipha.com\/online\/wp-json\/wp\/v2\/types\/product"}],"replies":[{"embeddable":true,"href":"https:\/\/mebipha.com\/online\/wp-json\/wp\/v2\/comments?post=7176"}],"wp:featuredmedia":[{"embeddable":true,"href":"https:\/\/mebipha.com\/online\/wp-json\/wp\/v2\/media\/10622"}],"wp:attachment":[{"href":"https:\/\/mebipha.com\/online\/wp-json\/wp\/v2\/media?parent=7176"}],"wp:term":[{"taxonomy":"product_brand","embeddable":true,"href":"https:\/\/mebipha.com\/online\/wp-json\/wp\/v2\/product_brand?post=7176"},{"taxonomy":"product_cat","embeddable":true,"href":"https:\/\/mebipha.com\/online\/wp-json\/wp\/v2\/product_cat?post=7176"},{"taxonomy":"product_tag","embeddable":true,"href":"https:\/\/mebipha.com\/online\/wp-json\/wp\/v2\/product_tag?post=7176"}],"curies":[{"name":"wp","href":"https:\/\/api.w.org\/{rel}","templated":true}]}}