{"id":7171,"date":"2021-06-09T14:09:06","date_gmt":"2021-06-09T07:09:06","guid":{"rendered":"https:\/\/mebipha.com\/online\/?post_type=product&#038;p=7171"},"modified":"2025-12-29T16:31:42","modified_gmt":"2025-12-29T09:31:42","slug":"atp-selenvit-oral-sao-chep","status":"publish","type":"product","link":"https:\/\/mebipha.com\/online\/atp-selenvit-oral-sao-chep\/","title":{"rendered":"FLORDOX S"},"content":{"rendered":"<p><strong>\u0110\u1eb6C TR\u1eca VI\u00caM PH\u1ed4I &#8211; TH\u01af\u01a0NG H\u00c0N <\/strong><\/p>\n<p><strong>\u0110\u1eb6C BI\u1ec6T D\u00d9NG CHO GIA C\u1ea6M, G\u00c0 \u0110\u00c1, CHIM C\u1ea2NH<\/strong><\/p>\n<p><strong>Dung d\u1ecbch u\u1ed1ng<\/strong><\/p>\n<p><strong>C\u00d4NG TH\u1ee8C<\/strong><\/p>\n<p>Florfenicol: 150g<\/p>\n<p>Doxycycline hyclate: 100g<\/p>\n<p>Dung m\u00f4i v\u1eeba \u0111\u1ee7: 1 l\u00edt<\/p>\n<p><strong>\u0110\u1eb6C T\u00cdNH D\u01af\u1ee2C L\u00dd S\u1ea2N PH\u1ea8M<\/strong><\/p>\n<p><strong>Doxycycline<\/strong> thu\u1ed9c nh\u00f3m tetracycline, c\u00f3 t\u00e1c d\u1ee5ng k\u00ecm khu\u1ea9n ch\u1ed1ng l\u1ea1i nhi\u1ec1u vi khu\u1ea9n Gram d\u01b0\u01a1ng v\u00e0 Gram \u00e2m b\u1eb1ng c\u00e1ch \u1ee9c ch\u1ebf s\u1ef1 t\u1ed5ng h\u1ee3p protein c\u1ee7a vi khu\u1ea9n nh\u01b0 <em>E. coli, Bordetella, Campylobacter, Haemophilus, Pasteurella, Salmonella, Staphylococcus, Streptococcus <\/em>spp., <em>Chlamydia, Mycoplasma <\/em>v\u00e0 <em>Rickettsia <\/em>spp. Doxycycline c\u00f3 \u00e1i l\u1ef1c l\u1edbn v\u1edbi ph\u1ed5i v\u00e0 do \u0111\u00f3 \u0111\u1eb7c bi\u1ec7t h\u1eefu \u00edch \u0111\u1ec3 \u0111i\u1ec1u tr\u1ecb nhi\u1ec5m tr\u00f9ng \u0111\u01b0\u1eddng h\u00f4 h\u1ea5p do vi khu\u1ea9n.<\/p>\n<h4>Florfenicol l\u00e0 m\u1ed9t lo\u1ea1i kh\u00e1ng sinh k\u00ecm khu\u1ea9n t\u1ed5ng h\u1ee3p, ph\u1ed5 r\u1ed9ng. N\u00f3 ho\u1ea1t \u0111\u1ed9ng b\u1eb1ng c\u00e1ch \u1ee9c ch\u1ebf t\u1ed5ng h\u1ee3p protein vi khu\u1ea9n. C\u00e1c vi khu\u1ea9n nh\u1ea1y c\u1ea3m bao g\u1ed3m: Vi khu\u1ea9n Gram d\u01b0\u01a1ng (<em>Corynebacterium pyogenes, Streptococcus agalactiae, Streptococcus dysgalactiae, Streptococcus uberis, Streptococcus zooepidermicos, Streptococcus aureus.<\/em> v\u00e0 E<em>nterococcus <\/em>spp.,\u2026), vi khu\u1ea9n gram \u00e2m (<em>Pasteurella haemolytica, Haemophilus influenzae, Pasteurella multocida., Haemophilus sommus., Escherichia coli., Salmonella<\/em> spp., <em>Moraxella<\/em> spp., <em>Klebsiella<\/em>., <em>Shigella<\/em> spp., <em>Treponema hyodysentariae<\/em>, <em>Bordroides<\/em> spp., <em>Bordetella bronchiseptica, Proteus spp. <\/em>v\u00e0 <em>Neisseria spp.,\u2026<\/em>). Florfenicol c\u00f3 kh\u1ea3 n\u0103ng h\u1ea5p thu tuy\u1ec7t v\u1eddi \u1edf ru\u1ed9t, m\u1ee9c \u0111\u1ed9 an to\u00e0n r\u1ed9ng, kh\u1ea3 n\u0103ng ch\u1ed1ng l\u1ea1i s\u1ef1 ho\u1ea1t \u0111\u1ed9ng c\u1ee7a vi khu\u1ea9n v\u00e0 \u0111\u00e0o th\u1ea3i qua m\u00f4 nhanh ch\u00f3ng.<\/h4>\n<h4>C\u00d4NG D\u1ee4NG S\u1ea2N PH\u1ea8M<\/h4>\n<h4>\u0110\u1eb7c tr\u1ecb CRD, CRD gh\u00e9p E.coli v\u1edbi c\u00e1c tri\u1ec7u ch\u1ee9ng: kh\u00f3 th\u1edf, th\u1edf kh\u00f2 kh\u00e8, ch\u1ea3y n\u01b0\u1edbc m\u1eaft \u2013 n\u01b0\u1edbc m\u0169i, s\u01b0ng ph\u00f9 \u0111\u1ea7u,\u2026<\/h4>\n<h4>H\u1ed9i ch\u1ee9ng ORT, vi\u00eam ph\u1ed5i, t\u1ee5 huy\u1ebft tr\u00f9ng, vi\u00eam xoang m\u0169i, vi\u00eam kh\u1edbp.<\/h4>\n<h4>C\u00e1c b\u1ec7nh \u0111\u01b0\u1eddng ti\u00eau h\u00f3a: th\u01b0\u01a1ng h\u00e0n, vi\u00eam ru\u1ed9t, ti\u00eau ch\u1ea3y, b\u1ea1ch l\u1ef5.<\/h4>\n<p><strong>CH\u1ed0NG CH\u1ec8 \u0110\u1ecaNH<\/strong><\/p>\n<p>Th\u00fa m\u1eabn c\u1ea3m v\u1edbi c\u00e1c th\u00e0nh ph\u1ea7n c\u1ee7a thu\u1ed1c.<\/p>\n<p>Th\u00fa suy gan n\u1eb7ng.<\/p>\n<p>Kh\u00f4ng d\u00f9ng cho g\u00e0 \u0111\u1ebb tr\u1ee9ng th\u01b0\u01a1ng ph\u1ea9m.<\/p>\n<p><strong>S\u1eec D\u1ee4NG<\/strong><\/p>\n<p>Pha v\u00e0o n\u01b0\u1edbc u\u1ed1ng.<\/p>\n<p>G\u00e0, v\u1ecbt, c\u00fat:<\/p>\n<p>Li\u1ec1u t\u1ed5ng qu\u00e1t: 1ml\/20kg th\u1ec3 tr\u1ecdng.<\/p>\n<p><strong>Tr\u1ecb b\u1ec7nh:<\/strong><\/p>\n<p>1ml\/10 &#8211; 15kg th\u1ec3 tr\u1ecdng ho\u1eb7c 1ml\/2 &#8211; 3 l\u00edt n\u01b0\u1edbc u\u1ed1ng, d\u00f9ng li\u00ean t\u1ee5c trong 4 \u2013 6 ng\u00e0y.<\/p>\n<p><strong>Ph\u00f2ng b\u1ec7nh<\/strong>:<\/p>\n<p>1ml\/20kg th\u1ec3 tr\u1ecdng ho\u1eb7c 1ml\/4 l\u00edt n\u01b0\u1edbc u\u1ed1ng, d\u00f9ng li\u00ean t\u1ee5c 2 \u2013 3 ng\u00e0y. \u0110\u1ecbnh k\u1ef3 3 \u2013 4 tu\u1ea7n d\u00f9ng 1 \u0111\u1ee3t.<\/p>\n<p><strong>Th\u1eddi gian ng\u01b0ng s\u1eed d\u1ee5ng thu\u1ed1c<\/strong><\/p>\n<p>Th\u00fa l\u1ea5y th\u1ecbt: 30 ng\u00e0y tr\u01b0\u1edbc khi gi\u1ebft m\u1ed5.<\/p>\n<p><strong>H\u1ea0N S\u1eec D\u1ee4NG S\u1ea2N PH\u1ea8M<\/strong><\/p>\n<p>24 th\u00e1ng k\u1ec3 t\u1eeb ng\u00e0y s\u1ea3n xu\u1ea5t.<\/p>\n<p><strong>B\u1ea2O QU\u1ea2N<\/strong><\/p>\n<p>N\u01a1i kh\u00f4 r\u00e1o, tho\u00e1ng m\u00e1t, nhi\u1ec7t \u0111\u1ed9 d\u01b0\u1edbi 30<sup>0<\/sup>C, tr\u00e1nh \u00e1nh n\u1eafng tr\u1ef1c ti\u1ebfp. Tr\u00e1nh xa t\u1ea7m tay tr\u1ebb em.<\/p>\n<p><strong>\u0110\u00d3NG G\u00d3I<\/strong><\/p>\n<p>10ml, 100ml, 500ml, 1 l\u00edt<\/p>\n<p><strong><em>\u00a0<\/em><\/strong><\/p>\n<p><strong>S\u1ed1 \u0111\u0103ng k\u00fd: MBP-204<\/strong><\/p>\n","protected":false},"excerpt":{"rendered":"<p><strong>\u0110\u1eb6C TR\u1eca VI\u00caM PH\u1ed4I &#8211; TH\u01af\u01a0NG H\u00c0N <\/strong><\/p>\n<p><strong>\u0110\u1eb6C BI\u1ec6T D\u00d9NG CHO GIA C\u1ea6M, G\u00c0 \u0110\u00c1, CHIM C\u1ea2NH<\/strong><\/p>\n<p><strong>C\u00d4NG TH\u1ee8C<\/strong><\/p>\n<p>Florfenicol: 150g<\/p>\n<p>Doxycycline hyclate: 100g<\/p>\n<p>Dung m\u00f4i v\u1eeba \u0111\u1ee7: 1 l\u00edt<\/p>\n<h4>C\u00d4NG D\u1ee4NG S\u1ea2N PH\u1ea8M<\/h4>\n<h4>\u0110\u1eb7c tr\u1ecb CRD, CRD gh\u00e9p E.coli v\u1edbi c\u00e1c tri\u1ec7u ch\u1ee9ng: kh\u00f3 th\u1edf, th\u1edf kh\u00f2 kh\u00e8, ch\u1ea3y n\u01b0\u1edbc m\u1eaft \u2013 n\u01b0\u1edbc m\u0169i, s\u01b0ng ph\u00f9 \u0111\u1ea7u,\u2026<\/h4>\n<h4>H\u1ed9i ch\u1ee9ng ORT, vi\u00eam ph\u1ed5i, t\u1ee5 huy\u1ebft tr\u00f9ng, vi\u00eam xoang m\u0169i, vi\u00eam kh\u1edbp.<\/h4>\n<h4>C\u00e1c b\u1ec7nh \u0111\u01b0\u1eddng ti\u00eau h\u00f3a: th\u01b0\u01a1ng h\u00e0n, vi\u00eam ru\u1ed9t, ti\u00eau ch\u1ea3y, b\u1ea1ch l\u1ef5.<\/h4>\n<p><strong>S\u1eec D\u1ee4NG<\/strong><\/p>\n<p>Pha v\u00e0o n\u01b0\u1edbc u\u1ed1ng.<\/p>\n<p>G\u00e0, v\u1ecbt, c\u00fat:<\/p>\n<p>Li\u1ec1u t\u1ed5ng qu\u00e1t: 1ml\/20kg th\u1ec3 tr\u1ecdng.<\/p>\n<p><strong>Tr\u1ecb b\u1ec7nh:<\/strong><\/p>\n<p>1ml\/10 &#8211; 15kg th\u1ec3 tr\u1ecdng ho\u1eb7c 1ml\/2 &#8211; 3 l\u00edt n\u01b0\u1edbc u\u1ed1ng, d\u00f9ng li\u00ean t\u1ee5c trong 4 \u2013 6 ng\u00e0y.<\/p>\n<p><strong>Ph\u00f2ng b\u1ec7nh<\/strong>:<\/p>\n<p>1ml\/20kg th\u1ec3 tr\u1ecdng ho\u1eb7c 1ml\/4 l\u00edt n\u01b0\u1edbc u\u1ed1ng, d\u00f9ng li\u00ean t\u1ee5c 2 \u2013 3 ng\u00e0y. \u0110\u1ecbnh k\u1ef3 3 \u2013 4 tu\u1ea7n d\u00f9ng 1 \u0111\u1ee3t.<\/p>\n","protected":false},"featured_media":10322,"comment_status":"closed","ping_status":"closed","template":"","meta":[],"product_brand":[],"product_cat":[62],"product_tag":[],"class_list":{"0":"post-7171","1":"product","2":"type-product","3":"status-publish","4":"has-post-thumbnail","6":"product_cat-thuoc-thu-y","8":"first","9":"instock","10":"shipping-taxable","11":"purchasable","12":"product-type-variable","13":"has-default-attributes"},"_links":{"self":[{"href":"https:\/\/mebipha.com\/online\/wp-json\/wp\/v2\/product\/7171","targetHints":{"allow":["GET"]}}],"collection":[{"href":"https:\/\/mebipha.com\/online\/wp-json\/wp\/v2\/product"}],"about":[{"href":"https:\/\/mebipha.com\/online\/wp-json\/wp\/v2\/types\/product"}],"replies":[{"embeddable":true,"href":"https:\/\/mebipha.com\/online\/wp-json\/wp\/v2\/comments?post=7171"}],"wp:featuredmedia":[{"embeddable":true,"href":"https:\/\/mebipha.com\/online\/wp-json\/wp\/v2\/media\/10322"}],"wp:attachment":[{"href":"https:\/\/mebipha.com\/online\/wp-json\/wp\/v2\/media?parent=7171"}],"wp:term":[{"taxonomy":"product_brand","embeddable":true,"href":"https:\/\/mebipha.com\/online\/wp-json\/wp\/v2\/product_brand?post=7171"},{"taxonomy":"product_cat","embeddable":true,"href":"https:\/\/mebipha.com\/online\/wp-json\/wp\/v2\/product_cat?post=7171"},{"taxonomy":"product_tag","embeddable":true,"href":"https:\/\/mebipha.com\/online\/wp-json\/wp\/v2\/product_tag?post=7171"}],"curies":[{"name":"wp","href":"https:\/\/api.w.org\/{rel}","templated":true}]}}