{"id":7167,"date":"2021-06-09T14:06:22","date_gmt":"2021-06-09T07:06:22","guid":{"rendered":"https:\/\/mebipha.com\/online\/?post_type=product&#038;p=7167"},"modified":"2024-09-23T15:55:11","modified_gmt":"2024-09-23T08:55:11","slug":"atp-selenvit-oral","status":"publish","type":"product","link":"https:\/\/mebipha.com\/online\/atp-selenvit-oral\/","title":{"rendered":"ATP &#8211; SELENVIT ORAL"},"content":{"rendered":"<p><strong>VITAMIN V\u00c0 KHO\u00c1NG CH\u1ea4T \u0110\u1eb6C BI\u1ec6T D\u00c0NH CHO GIA C\u1ea6M, G\u00c0 \u0110\u00c1, CHIM C\u1ea2NH<\/strong><\/p>\n<p><strong>T\u0102NG L\u1ef0C, T\u0102NG S\u1ee8C KH\u00c1NG B\u1ec6NH, T\u0102NG N\u0102NG SU\u1ea4T<\/strong><\/p>\n<p><strong>Dung d\u1ecbch pha n\u01b0\u1edbc u\u1ed1ng<\/strong><\/p>\n<p><strong>ATP \u2013 SELENVIT ORAL <\/strong>b\u1ed5 sung c\u00e1c vitamin, acid amin v\u00e0 kho\u00e1ng ch\u1ea5t c\u1ea7n thi\u1ebft cho qu\u00e1 tr\u00ecnh trao \u0111\u1ed5i ch\u1ea5t, cung c\u1ea5p n\u0103ng l\u01b0\u1ee3ng, gi\u00fap gia c\u1ea7m kh\u1ecfe m\u1ea1nh, gi\u1ea3m b\u1ec7nh t\u1eadt<strong>. <\/strong>S\u1ea3n ph\u1ea9m gi\u00fap h\u1ea1n ch\u1ebf hi\u1ec7u qu\u1ea3 t\u1ed5n th\u01b0\u01a1ng c\u1ee7a t\u1ebf b\u00e0o c\u01a1 b\u1eafp, h\u1ea1n ch\u1ebf c\u00e1c b\u1ec7nh teo c\u01a1, tr\u1eafng c\u01a1, lo\u1ea1n d\u01b0\u1ee1ng c\u01a1 tr\u00ean gia c\u1ea7m.<\/p>\n<p><strong>TH\u00c0NH PH\u1ea6N<\/strong><\/p>\n<p>Selenium* (min-max): 180-220mg<br \/>\nVitamin E (min): 5 tri\u1ec7u UI<br \/>\nVitamin B12 (min): 50mg<br \/>\nFolic Acid (min): 1.500mg<br \/>\nMethionine (min): 20.000mg<br \/>\nDung m\u00f4i c\u00f3 ch\u1ee9a Adenosin Triphosphate (ATP), Buta-phosphan, Propylene glycol v\u00e0 n\u01b0\u1edbc c\u1ea5t v\u1eeba \u0111\u1ee7: 1 l\u00edt<\/p>\n<p><strong>L\u1ee2I \u00cdCH C\u1ee6A VI\u1ec6C B\u1ed4 SUNG S\u1ea2N PH\u1ea8M<\/strong><\/p>\n<p>Gi\u1ea3m stress, t\u0103ng s\u1ef1 ho\u1ea1t \u0111\u1ed9ng c\u1ee7a c\u01a1 b\u1eafp, h\u1ea1n ch\u1ebf t\u00ecnh tr\u1ea1ng r\u1ed1i lo\u1ea1n ch\u1ee9c n\u0103ng c\u01a1, y\u1ebfu c\u01a1.<\/p>\n<p>T\u0103ng l\u1ef1c, t\u0103ng s\u1ee9c kh\u00e1ng b\u1ec7nh, t\u0103ng c\u01b0\u1eddng bi\u1ebfn d\u01b0\u1ee1ng, gia c\u1ea7m l\u1edbn nhanh, ph\u00e1t tri\u1ec3n t\u1ed1t.<\/p>\n<p>N\u00e2ng s\u1ee9c, gia c\u1ea7m ph\u1ee5c h\u1ed3i nhanh sau khi b\u1ec7nh.<\/p>\n<p>&nbsp;<\/p>\n<p>Gia t\u0103ng t\u1ec9 l\u1ec7 tr\u1ee9ng c\u00f3 ph\u00f4i, t\u1ec9 l\u1ec7 \u1ea5p n\u1edf, c\u1ea3i thi\u1ec7n tr\u1ecdng l\u01b0\u1ee3ng v\u00e0 ch\u1ea5t l\u01b0\u1ee3ng tr\u1ee9ng.<\/p>\n<p>B\u1ed3i b\u1ed5, t\u0103ng th\u1ec3 l\u1ef1c cho g\u00e0 \u0111\u00e1.<\/p>\n<p><strong>H\u01af\u1edaNG D\u1eaaN S\u1eec D\u1ee4NG<\/strong><\/p>\n<p>Pha v\u00e0o n\u01b0\u1edbc u\u1ed1ng:<\/p>\n<p>Li\u1ec1u t\u1ed5ng qu\u00e1t: 1ml\/15kg th\u1ec3 tr\u1ecdng.<\/p>\n<p>D\u00f9ng \u0111\u1ecbnh k\u1ef3: 1ml\/2-3 l\u00edt n\u01b0\u1edbc u\u1ed1ng, d\u00f9ng li\u00ean t\u1ee5c 3 \u2013 4 ng\u00e0y. \u0110\u1ecbnh k\u1ef3 2 \u2013 3 tu\u1ea7n d\u00f9ng 1 \u0111\u1ee3t.<\/p>\n<p>D\u00f9ng k\u1ebft h\u1ee3p v\u1edbi kh\u00e1ng sinh h\u1ed7 tr\u1ee3 \u0111i\u1ec1u tr\u1ecb b\u1ec7nh: 1ml\/1-2 l\u00edt n\u01b0\u1edbc u\u1ed1ng, d\u00f9ng li\u00ean t\u1ee5c 5 \u2013 7 ng\u00e0y.<\/p>\n<p><strong>B\u1ea2O QU\u1ea2N<\/strong><\/p>\n<p>N\u01a1i kh\u00f4 r\u00e1o, tho\u00e1ng m\u00e1t, nhi\u1ec7t \u0111\u1ed9 d\u01b0\u1edbi 30<sup>0<\/sup>C, tr\u00e1nh \u00e1nh n\u1eafng tr\u1ef1c ti\u1ebfp. Tr\u00e1nh xa t\u1ea7m tay tr\u1ebb em.<\/p>\n<p><strong>H\u1ea0N D\u00d9NG <\/strong><\/p>\n<p>24 th\u00e1ng k\u1ec3 t\u1eeb ng\u00e0y s\u1ea3n xu\u1ea5t.<\/p>\n<p><strong>\u0110\u00d3NG G\u00d3I<\/strong><\/p>\n<p>10ml, 100ml, 250ml<\/p>\n<p><strong>S\u1ed1 \u0111\u0103ng k\u00fd: <\/strong>TCCS 009:2020\/MBP<\/p>\n","protected":false},"excerpt":{"rendered":"<p>B\u1ed4 SUNG VITAMIN, KHO\u00c1NG CHO GIA C\u1ea6M<\/p>\n<p><strong>TH\u00c0NH PH\u1ea6N:<\/strong><\/p>\n<p>Selenium: 180-220mg<br \/>\nVitamin E: 5 tri\u1ec7u UI<br \/>\nVitamin B12: 50mg<br \/>\nFolic Acid: 1,500mg<br \/>\nMethionine: 20,000mg<br \/>\nDung m\u00f4i c\u00f3 ch\u1ee9a ATP, Buta-phosphan, Propylene glycol v\u00e0 n\u01b0\u1edbc c\u1ea5t v\u1eeba \u0111\u1ee7: 1 l\u00edt<\/p>\n<p><strong>S\u1eec D\u1ee4NG:<\/strong><\/p>\n<p>Pha v\u00e0o n\u01b0\u1edbc u\u1ed1ng:<br \/>\nLi\u1ec1u t\u1ed5ng qu\u00e1t: 1ml\/15kg th\u1ec3 tr\u1ecdng.<br \/>\nD\u00f9ng \u0111\u1ecbnh k\u1ef3: 1ml\/2-3 l\u00edt n\u01b0\u1edbc u\u1ed1ng, d\u00f9ng li\u00ean t\u1ee5c 3 \u2013 4 ng\u00e0y. \u0110\u1ecbnh k\u1ef3 2 \u2013 3 tu\u1ea7n d\u00f9ng 1 \u0111\u1ee3t.<br \/>\nD\u00f9ng k\u1ebft h\u1ee3p v\u1edbi kh\u00e1ng sinh h\u1ed7 tr\u1ee3 \u0111i\u1ec1u tr\u1ecb b\u1ec7nh: 1ml\/1-2 l\u00edt n\u01b0\u1edbc u\u1ed1ng, d\u00f9ng li\u00ean t\u1ee5c 5 \u2013 7 ng\u00e0y.<\/p>\n","protected":false},"featured_media":10535,"comment_status":"closed","ping_status":"closed","template":"","meta":[],"product_brand":[],"product_cat":[62,142],"product_tag":[],"class_list":{"0":"post-7167","1":"product","2":"type-product","3":"status-publish","4":"has-post-thumbnail","6":"product_cat-thuoc-thu-y","7":"product_cat-danh-muc-san-pham-gia-cam","9":"first","10":"instock","11":"shipping-taxable","12":"purchasable","13":"product-type-variable","14":"has-default-attributes"},"_links":{"self":[{"href":"https:\/\/mebipha.com\/online\/wp-json\/wp\/v2\/product\/7167","targetHints":{"allow":["GET"]}}],"collection":[{"href":"https:\/\/mebipha.com\/online\/wp-json\/wp\/v2\/product"}],"about":[{"href":"https:\/\/mebipha.com\/online\/wp-json\/wp\/v2\/types\/product"}],"replies":[{"embeddable":true,"href":"https:\/\/mebipha.com\/online\/wp-json\/wp\/v2\/comments?post=7167"}],"wp:featuredmedia":[{"embeddable":true,"href":"https:\/\/mebipha.com\/online\/wp-json\/wp\/v2\/media\/10535"}],"wp:attachment":[{"href":"https:\/\/mebipha.com\/online\/wp-json\/wp\/v2\/media?parent=7167"}],"wp:term":[{"taxonomy":"product_brand","embeddable":true,"href":"https:\/\/mebipha.com\/online\/wp-json\/wp\/v2\/product_brand?post=7167"},{"taxonomy":"product_cat","embeddable":true,"href":"https:\/\/mebipha.com\/online\/wp-json\/wp\/v2\/product_cat?post=7167"},{"taxonomy":"product_tag","embeddable":true,"href":"https:\/\/mebipha.com\/online\/wp-json\/wp\/v2\/product_tag?post=7167"}],"curies":[{"name":"wp","href":"https:\/\/api.w.org\/{rel}","templated":true}]}}