{"id":7111,"date":"2021-06-09T13:12:46","date_gmt":"2021-06-09T06:12:46","guid":{"rendered":"https:\/\/mebipha.com\/online\/?post_type=product&#038;p=7111"},"modified":"2024-11-09T11:05:38","modified_gmt":"2024-11-09T04:05:38","slug":"alpha-trypsin","status":"publish","type":"product","link":"https:\/\/mebipha.com\/online\/alpha-trypsin\/","title":{"rendered":"ALPHA TRYPSIN (TI\u00caM)"},"content":{"rendered":"<p><strong>\u0110I\u1ec0U TR\u1eca VI\u00caM \u2013 GI\u1ea2M XU\u1ea4T HUY\u1ebeT &#8211; CH\u1ed0NG PH\u00d9 N\u1ec0<\/strong><\/p>\n<p><strong>H\u1ed6 TR\u1ee2 \u0110I\u1ec0U TR\u1eca C\u00c1C B\u1ec6NH H\u00d4 H\u1ea4P<\/strong><\/p>\n<p><strong>Dung d\u1ecbch ti\u00eam<\/strong><\/p>\n<p><strong>C\u00d4NG TH\u1ee8C<\/strong><\/p>\n<p>Alpha-chymotrypsin: 400.000 UI<\/p>\n<p>Trypsin: 250.000 UI<\/p>\n<p>Dung m\u00f4i v\u1eeba \u0111\u1ee7: 100 ml<\/p>\n<p><strong>\u0110\u1eb6C T\u00cdNH D\u01af\u1ee2C L\u00dd S\u1ea2N PH\u1ea8M<\/strong><\/p>\n<p>Alpha-trypsin l\u00e0 thu\u1ed1c kh\u00e1ng vi\u00eam, long \u0111\u1eddm d\u1ea1ng enzyme an to\u00e0n, hi\u1ec7u qu\u1ea3, kh\u00f4ng g\u00e2y gi\u1eef n\u01b0\u1edbc, ph\u00f9 n\u1ec1, t\u1ed5n th\u01b0\u01a1ng gan th\u1eadn, kh\u00f4ng g\u00e2y suy gi\u1ea3m mi\u1ec5n d\u1ecbch. Alpha-trypsin ti\u00eau h\u1ee7y t\u1ea1i ch\u1ed7 c\u1ea5u t\u1ea1o fibrine do vi\u00eam, gi\u1ea3m vi\u00eam v\u00e0 ph\u00f9 m\u00f4 m\u1ec1m do \u00e1p-xe, lo\u00e9t ho\u1eb7c do ch\u1ea5n th\u01b0\u01a1ng v\u00e0 gi\u00fap l\u00e0m gi\u1ea3m c\u00e1c d\u1ecbch ti\u1ebft \u0111\u01b0\u1eddng h\u00f4 h\u1ea5p tr\u00ean.<\/p>\n<p>Alpha-trypsin tr\u1ecb nhi\u1ec5m tr\u00f9ng v\u00e0 ho\u1ea1i t\u1eed m\u00f4 c\u1ee5c b\u1ed9, ph\u00f2ng tr\u01b0\u1eddng h\u1ee3p ch\u1eadm l\u00e0nh v\u1ebft th\u01b0\u01a1ng sau ph\u1eabu thu\u1eadt, h\u1ea5p thu kh\u1ed1i m\u00e1u t\u1ee5 trong c\u01a1 th\u1ec3, gi\u1ea3m ph\u00f9 do ch\u1ea5n th\u01b0\u01a1ng, h\u1ed7 tr\u1ee3 \u0111i\u1ec1u tr\u1ecb b\u1ec7nh truy\u1ec1n nhi\u1ec5m khi k\u1ebft h\u1ee3p kh\u00e1ng sinh.<\/p>\n<p><strong>C\u00d4NG D\u1ee4NG S\u1ea2N PH\u1ea8M<\/strong><\/p>\n<p>\u0110i\u1ec1u tr\u1ecb vi\u00eam, gi\u1ea3m xu\u1ea5t huy\u1ebft, ch\u1ed1ng ph\u00f9 n\u1ec1 sau ph\u1eabu thu\u1eadt, tan m\u00e1u b\u1ea7m do ch\u1ea5n th\u01b0\u01a1ng, \u00e1p xe.<\/p>\n<p>D\u00f9ng k\u1ebft h\u1ee3p kh\u00e1ng sinh l\u00e0m t\u0103ng hi\u1ec7u qu\u1ea3 \u0111i\u1ec1u tr\u1ecb c\u00e1c b\u1ec7nh \u0111\u01b0\u1eddng h\u00f4 h\u1ea5p nh\u01b0 vi\u00eam ph\u1ed5i, vi\u00eam ph\u1ebf qu\u1ea3n, vi\u00eam xoang m\u0169i, H\u1ed9i ch\u1ee9ng ORT, b\u1ea1i huy\u1ebft tr\u00ean v\u1ecbt,&#8230;<\/p>\n<p>S\u1ea3n ph\u1ea9m ch\u1ec9 h\u1ed7 tr\u1ee3 \u0111i\u1ec1u tr\u1ecb, kh\u00f4ng thay th\u1ebf kh\u00e1ng sinh.<\/p>\n<p><strong>CH\u1ed0NG CH\u1ec8 \u0110\u1ecaNH<\/strong><\/p>\n<p>Th\u00fa qu\u00e1 m\u1eabn v\u1edbi c\u00e1c th\u00e0nh ph\u1ea7n c\u1ee7a thu\u1ed1c.<\/p>\n<p><strong>S\u1eec D\u1ee4NG<\/strong><\/p>\n<p>Ti\u00eam s\u00e2u v\u00e0o b\u1eafp th\u1ecbt ho\u1eb7c ti\u00eam t\u1ea1i v\u1ecb tr\u00ed b\u1ecb vi\u00eam, s\u01b0ng.<\/p>\n<p>Heo: 1ml\/15-20kg th\u1ec3 tr\u1ecdng.<\/p>\n<p>Tr\u00e2u, b\u00f2, ng\u1ef1a: 1ml\/30kg th\u1ec3 tr\u1ecdng.<\/p>\n<p>Gia c\u1ea7m: 1ml\/8-10kg th\u1ec3 tr\u1ecdng.<\/p>\n<p>Th\u1eddi gian \u0111i\u1ec1u tr\u1ecb: theo ch\u1ec9 \u0111\u1ecbnh c\u1ee7a b\u00e1c s\u0129 th\u00fa y.<\/p>\n<p><strong>Kh\u00f4ng c\u1ea7n th\u1eddi gian ng\u01b0ng thu\u1ed1c.<\/strong><\/p>\n<p><strong>B\u1ea2O QU\u1ea2N<\/strong><\/p>\n<p>N\u01a1i kh\u00f4 r\u00e1o, tho\u00e1ng m\u00e1t, nhi\u1ec7t \u0111\u1ed9 d\u01b0\u1edbi 30<sup>0<\/sup>C, tr\u00e1nh \u00e1nh n\u1eafng tr\u1ef1c ti\u1ebfp. Tr\u00e1nh xa t\u1ea7m tay tr\u1ebb em.<\/p>\n<p><strong>H\u1ea0N D\u00d9NG <\/strong><\/p>\n<p>24 th\u00e1ng k\u1ec3 t\u1eeb ng\u00e0y s\u1ea3n xu\u1ea5t.<\/p>\n<p><strong>\u0110\u00d3NG G\u00d3I<\/strong><\/p>\n<p>20ml, 100ml, 250ml<\/p>\n<p><strong>S\u1ed1 \u0111\u0103ng k\u00fd: MBP-206<\/strong><\/p>\n","protected":false},"excerpt":{"rendered":"<p>\u0110I\u1ec0U TR\u1eca VI\u00caM \u2013 CH\u1ed0NG PH\u00d9 N\u1ec0<\/p>\n<p><strong>TH\u00c0NH PH\u1ea6N:<\/strong><\/p>\n<p>Alpha-chymotrypsin: 400.000 UI<br \/>\nTrypsin: 250.000 UI<br \/>\nDung m\u00f4i v\u1eeba \u0111\u1ee7: 100 ml<\/p>\n<p><strong>S\u1eec D\u1ee4NG:<\/strong><\/p>\n<p>Ti\u00eam s\u00e2u v\u00e0o b\u1eafp th\u1ecbt ho\u1eb7c ti\u00eam t\u1ea1i v\u1ecb tr\u00ed b\u1ecb vi\u00eam, s\u01b0ng.<br \/>\nHeo: 1ml\/15-20kg th\u1ec3 tr\u1ecdng.<br \/>\nTr\u00e2u, b\u00f2, ng\u1ef1a: 1ml\/30kg th\u1ec3 tr\u1ecdng.<br \/>\nGia c\u1ea7m: 1ml\/8-10kg th\u1ec3 tr\u1ecdng.<br \/>\nTh\u1eddi gian \u0111i\u1ec1u tr\u1ecb: theo ch\u1ec9 \u0111\u1ecbnh c\u1ee7a b\u00e1c s\u0129 th\u00fa y.<\/p>\n","protected":false},"featured_media":10413,"comment_status":"closed","ping_status":"closed","template":"","meta":[],"product_brand":[],"product_cat":[62,142],"product_tag":[],"class_list":{"0":"post-7111","1":"product","2":"type-product","3":"status-publish","4":"has-post-thumbnail","6":"product_cat-thuoc-thu-y","7":"product_cat-danh-muc-san-pham-gia-cam","9":"first","10":"instock","11":"shipping-taxable","12":"purchasable","13":"product-type-variable","14":"has-default-attributes"},"_links":{"self":[{"href":"https:\/\/mebipha.com\/online\/wp-json\/wp\/v2\/product\/7111","targetHints":{"allow":["GET"]}}],"collection":[{"href":"https:\/\/mebipha.com\/online\/wp-json\/wp\/v2\/product"}],"about":[{"href":"https:\/\/mebipha.com\/online\/wp-json\/wp\/v2\/types\/product"}],"replies":[{"embeddable":true,"href":"https:\/\/mebipha.com\/online\/wp-json\/wp\/v2\/comments?post=7111"}],"wp:featuredmedia":[{"embeddable":true,"href":"https:\/\/mebipha.com\/online\/wp-json\/wp\/v2\/media\/10413"}],"wp:attachment":[{"href":"https:\/\/mebipha.com\/online\/wp-json\/wp\/v2\/media?parent=7111"}],"wp:term":[{"taxonomy":"product_brand","embeddable":true,"href":"https:\/\/mebipha.com\/online\/wp-json\/wp\/v2\/product_brand?post=7111"},{"taxonomy":"product_cat","embeddable":true,"href":"https:\/\/mebipha.com\/online\/wp-json\/wp\/v2\/product_cat?post=7111"},{"taxonomy":"product_tag","embeddable":true,"href":"https:\/\/mebipha.com\/online\/wp-json\/wp\/v2\/product_tag?post=7111"}],"curies":[{"name":"wp","href":"https:\/\/api.w.org\/{rel}","templated":true}]}}