{"id":7062,"date":"2021-06-03T19:20:59","date_gmt":"2021-06-03T12:20:59","guid":{"rendered":"https:\/\/mebipha.com\/online\/?post_type=product&#038;p=7062"},"modified":"2024-04-10T16:16:11","modified_gmt":"2024-04-10T09:16:11","slug":"mebi-new-1","status":"publish","type":"product","link":"https:\/\/mebipha.com\/online\/mebi-new-1\/","title":{"rendered":"Mebi New 1 &#8211; H\u00e0m l\u01b0\u1ee3ng th\u1ea5p 4%"},"content":{"rendered":"<p><strong>\u0110\u1eb6C TR\u1eca C\u00c1C B\u1ec6NH H\u00d4 H\u1ea4P TR\u00caN HEO<\/strong><\/p>\n<p><strong>Dung d\u1ecbch kh\u00e1ng sinh ti\u00eam<\/strong><\/p>\n<p><strong>C\u00d4NG TH\u1ee8C<\/strong><\/p>\n<p>Tildipirosin: 40mg<\/p>\n<p>Dung m\u00f4i v\u1eeba \u0111\u1ee7: 1ml<\/p>\n<p><strong>\u0110\u1eb6C T\u00cdNH D\u01af\u1ee2C L\u00dd S\u1ea2N PH\u1ea8M<\/strong><\/p>\n<p>Tildispirosin l\u00e0 kh\u00e1ng sinh b\u00e1n t\u1ed5ng h\u1ee3p th\u1ebf h\u1ec7 m\u1edbi thu\u1ed9c nh\u00f3m Macrolide, ho\u1ea1t \u0111\u1ed9ng b\u1eb1ng c\u00e1ch \u1ee9c ch\u1ebf s\u1ef1 t\u1ed5ng h\u1ee3p protein c\u1ee7a vi khu\u1ea9n. Tildipirosin l\u00e0 kh\u00e1ng sinh k\u00ecm khu\u1ea9n nh\u01b0ng c\u00f3 th\u1ec3 di\u1ec7t khu\u1ea9n \u0111\u1ed1i v\u1edbi m\u1ed9t s\u1ed1 vi khu\u1ea9n.<\/p>\n<p>Ph\u1ed5 ho\u1ea1t \u0111\u1ed9ng c\u1ee7a tildipirosin bao g\u1ed3m: <em>Actinobacillus pleuropneumoniae<\/em>, <em>Pasteurella multocida,<\/em> <em>Bordetella pneumoniaseptica <\/em>v\u00e0 <em>Haemophilus parasuis<\/em>\u00a0 (c\u00e1c vi khu\u1ea9n n\u00e0y g\u00e2y b\u1ec7nh h\u00f4 h\u1ea5p ph\u1ed5 bi\u1ebfn nh\u1ea5t tr\u00ean heo).<\/p>\n<p>Trong \u1ed1ng nghi\u1ec7m, t\u00e1c d\u1ee5ng c\u1ee7a tildipirosin l\u00e0 k\u00ecm khu\u1ea9n ch\u1ed1ng l\u1ea1i <em>Pasteurella multocida<\/em>, <em>Bordetella pneumoniaseptica<\/em> v\u00e0 di\u1ec7t khu\u1ea9n \u0111\u1ed1i v\u1edbi <em>Actinobacillus pleuropneumoniae<\/em> v\u00e0 <em>Haemophilus parasuis<\/em>.<\/p>\n<p>Tildipirosin \u0111\u01b0\u1ee3c h\u1ea5p thu nhanh t\u1eeb v\u1ecb tr\u00ed ti\u00eam, n\u1ed3ng \u0111\u1ed9 trong huy\u1ebft t\u01b0\u01a1ng cao v\u00e0 b\u1ec1n v\u1eefng, ph\u00e2n b\u1ed1 r\u1ed9ng r\u00e3i v\u00e0o c\u00e1c m\u00f4, t\u1eadp trung ch\u1ee7 y\u1ebfu v\u00e0 t\u1ed3n t\u1ea1i l\u00e2u trong m\u00f4 ph\u1ed5i, cho hi\u1ec7u qu\u1ea3 \u0111i\u1ec1u tr\u1ecb c\u00e1c b\u1ec7nh h\u00f4 h\u1ea5p nhanh v\u00e0 k\u00e9o d\u00e0i, an to\u00e0n cho v\u1eadt nu\u00f4i, ti\u1ebft ki\u1ec7m t\u1ed1i \u0111a chi ph\u00ed \u0111i\u1ec1u tr\u1ecb.<\/p>\n<p><strong>C\u00d4NG D\u1ee4NG S\u1ea2N PH\u1ea8M<\/strong><\/p>\n<p>\u0110\u1eb7c tr\u1ecb v\u00e0 ph\u00f2ng ng\u1eeba c\u00e1c b\u1ec7nh v\u1ec1 \u0111\u01b0\u1eddng h\u00f4 h\u1ea5p tr\u00ean heo: Vi\u00eam ph\u1ed5i m\u00e0ng ph\u1ed5i, vi\u00eam ph\u1ed5i d\u00ednh s\u01b0\u1eddn, t\u1ee5 huy\u1ebft tr\u00f9ng, vi\u00eam teo m\u0169i truy\u1ec1n nhi\u1ec5m, vi\u00eam \u0111a xoang do c\u00e1c vi khu\u1ea9n nh\u1ea1y c\u1ea3m v\u1edbi tildipirosin g\u00e2y ra.<\/p>\n<p>S\u1ea3n ph\u1ea9m c\u00f2n c\u00f3 hi\u1ec7u qu\u1ea3 trong c\u00e1c b\u1ec7nh h\u00f4 h\u1ea5p do k\u1ebf ph\u00e1t b\u1ec7nh Tai xanh tr\u00ean heo.<\/p>\n<p><strong>CH\u1ed0NG CH\u1ec8 \u0110\u1ecaNH<\/strong><\/p>\n<p>Th\u00fa c\u00f3 ti\u1ec1n s\u1eed d\u1ecb \u1ee9ng v\u1edbi kh\u00e1ng sinh nh\u00f3m Macrolide.<\/p>\n<p><strong>S\u1eec D\u1ee4NG<\/strong><\/p>\n<p>Ti\u00eam s\u00e2u v\u00e0o b\u1eafp th\u1ecbt. S\u1eed d\u1ee5ng 1 li\u1ec1u duy nh\u1ea5t.<\/p>\n<p>Heo con: 1ml\/5-7kg th\u1ec3 tr\u1ecdng.<\/p>\n<p>Heo tr\u00ean 50kg: 1ml\/10kg th\u1ec3 tr\u1ecdng.<\/p>\n<p>Thu\u1ed1c c\u00f3 t\u00e1c d\u1ee5ng k\u00e9o d\u00e0i 14 ng\u00e0y.<\/p>\n<p><strong>Th\u1eddi gian ng\u1eebng s\u1eed d\u1ee5ng thu\u1ed1c: <\/strong>21 ng\u00e0y tr\u01b0\u1edbc khi gi\u1ebft th\u1ecbt.<\/p>\n<p><strong>B\u1ea2O QU\u1ea2N: <\/strong>N\u01a1i kh\u00f4 r\u00e1o, tho\u00e1ng m\u00e1t, nhi\u1ec7t \u0111\u1ed9 d\u01b0\u1edbi 30<sup>0<\/sup>C. Tr\u00e1nh \u00e1nh n\u1eafng tr\u1ef1c ti\u1ebfp, tr\u00e1nh xa t\u1ea7m tay tr\u1ebb em.<\/p>\n<p><strong>H\u1ea0N D\u00d9NG <\/strong><\/p>\n<p>24 th\u00e1ng k\u1ec3 t\u1eeb ng\u00e0y s\u1ea3n xu\u1ea5t.<\/p>\n<p><strong>\u0110\u00d3NG G\u00d3I<\/strong><\/p>\n<p>20ml, 100ml<\/p>\n","protected":false},"excerpt":{"rendered":"<p><strong>\u0110\u1eb6C TR\u1eca C\u00c1C B\u1ec6NH H\u00d4 H\u1ea4P TR\u00caN HEO<\/strong><\/p>\n<p><strong>THA\u0300NH PH\u00c2\u0300N<\/strong><\/p>\n<p>Tildipirosin: 4g<br \/>\nDung m\u00f4i v\u1eeba \u0111\u1ee7: 100ml<\/p>\n<p><strong>H\u01af\u01a0\u0301NG D\u00c2\u0303N S\u01af\u0309 DU\u0323NG:<\/strong><\/p>\n<p>Ti\u00eam s\u00e2u v\u00e0o b\u1eafp th\u1ecbt.<br \/>\nThu\u1ed1c c\u00f3 t\u00e1c d\u1ee5ng k\u00e9o d\u00e0i 14 ng\u00e0y.<br \/>\nS\u1eed d\u1ee5ng 1 li\u1ec1u duy nh\u1ea5t.<br \/>\nHeo con: 1ml \/ 5-7kg th\u1ec3 tr\u1ecdng.<br \/>\nHeo tr\u00ean 50kg: 1ml\/10kg th\u1ec3 tr\u1ecdng (t\u01b0\u01a1ng \u0111\u01b0\u01a1ng 4mg tildipirosin\/1kg th\u1ec3 tr\u1ecdng).<br \/>\nNg\u01b0ng s\u1eed d\u1ee5ng thu\u1ed1c 21 ng\u00e0y tr\u01b0\u1edbc khi gi\u1ebft th\u1ecbt<\/p>\n","protected":false},"featured_media":10153,"comment_status":"closed","ping_status":"closed","template":"","meta":[],"product_brand":[],"product_cat":[62],"product_tag":[],"class_list":{"0":"post-7062","1":"product","2":"type-product","3":"status-publish","4":"has-post-thumbnail","6":"product_cat-thuoc-thu-y","8":"first","9":"instock","10":"shipping-taxable","11":"purchasable","12":"product-type-variable"},"_links":{"self":[{"href":"https:\/\/mebipha.com\/online\/wp-json\/wp\/v2\/product\/7062","targetHints":{"allow":["GET"]}}],"collection":[{"href":"https:\/\/mebipha.com\/online\/wp-json\/wp\/v2\/product"}],"about":[{"href":"https:\/\/mebipha.com\/online\/wp-json\/wp\/v2\/types\/product"}],"replies":[{"embeddable":true,"href":"https:\/\/mebipha.com\/online\/wp-json\/wp\/v2\/comments?post=7062"}],"wp:featuredmedia":[{"embeddable":true,"href":"https:\/\/mebipha.com\/online\/wp-json\/wp\/v2\/media\/10153"}],"wp:attachment":[{"href":"https:\/\/mebipha.com\/online\/wp-json\/wp\/v2\/media?parent=7062"}],"wp:term":[{"taxonomy":"product_brand","embeddable":true,"href":"https:\/\/mebipha.com\/online\/wp-json\/wp\/v2\/product_brand?post=7062"},{"taxonomy":"product_cat","embeddable":true,"href":"https:\/\/mebipha.com\/online\/wp-json\/wp\/v2\/product_cat?post=7062"},{"taxonomy":"product_tag","embeddable":true,"href":"https:\/\/mebipha.com\/online\/wp-json\/wp\/v2\/product_tag?post=7062"}],"curies":[{"name":"wp","href":"https:\/\/api.w.org\/{rel}","templated":true}]}}