{"id":7027,"date":"2021-06-03T13:32:46","date_gmt":"2021-06-03T06:32:46","guid":{"rendered":"https:\/\/mebipha.com\/online\/?post_type=product&#038;p=7027"},"modified":"2024-10-01T10:37:02","modified_gmt":"2024-10-01T03:37:02","slug":"ketocef-la-2","status":"publish","type":"product","link":"https:\/\/mebipha.com\/online\/ketocef-la-2\/","title":{"rendered":"KETOCEF LA (B\u00d2)"},"content":{"rendered":"","protected":false},"excerpt":{"rendered":"<p><strong>CHUY\u00caN D\u00d9NG CHO B\u00d2 S\u1eeeA<\/strong><br \/>\n\u0110\u1eb6C TR\u1eca VI\u00caM V\u00da-VI\u00caM T\u1eec CUNG-VI\u00caM PH\u1ed4I<\/p>\n<p><strong>TH\u00c0NH PH\u1ea6N CH\u00cdNH:<\/strong><br \/>\nCeftiofur HCl Sterile: 7.5g<br \/>\nKetoprofen: 5g<br \/>\nDung m\u00f4i v\u1eeba \u0111\u1ee7 : 100ml<\/p>\n<p><strong>H\u01af\u1edaNG D\u1eaaN S\u1eec D\u1ee4NG:<\/strong><\/p>\n<p>L\u1eafc \u0111\u1ec1u tr\u01b0\u1edbc khi s\u1eed d\u1ee5ng.<br \/>\nTi\u00eam s\u00e2u v\u00e0o b\u1eafp th\u1ecbt.<br \/>\nB\u00f2 s\u1eefa: 1ml\/30-40kg th\u1ec3 tr\u1ecdng.<br \/>\n1 m\u0169i ti\u00eam duy nh\u1ea5t trong 72 gi\u1edd, b\u1ec7nh n\u1eb7ng ti\u00eam nh\u1eafc l\u1ea1i sau 48 gi\u1edd t\u00f9y tr\u01b0\u1eddng h\u1ee3p.<\/p>\n","protected":false},"featured_media":10629,"comment_status":"closed","ping_status":"closed","template":"","meta":[],"product_brand":[],"product_cat":[121,62],"product_tag":[],"class_list":{"0":"post-7027","1":"product","2":"type-product","3":"status-publish","4":"has-post-thumbnail","6":"product_cat-dung-dich-tiem-hon-dich-tiem","7":"product_cat-thuoc-thu-y","9":"first","10":"instock","11":"shipping-taxable","12":"purchasable","13":"product-type-simple"},"_links":{"self":[{"href":"https:\/\/mebipha.com\/online\/wp-json\/wp\/v2\/product\/7027","targetHints":{"allow":["GET"]}}],"collection":[{"href":"https:\/\/mebipha.com\/online\/wp-json\/wp\/v2\/product"}],"about":[{"href":"https:\/\/mebipha.com\/online\/wp-json\/wp\/v2\/types\/product"}],"replies":[{"embeddable":true,"href":"https:\/\/mebipha.com\/online\/wp-json\/wp\/v2\/comments?post=7027"}],"wp:featuredmedia":[{"embeddable":true,"href":"https:\/\/mebipha.com\/online\/wp-json\/wp\/v2\/media\/10629"}],"wp:attachment":[{"href":"https:\/\/mebipha.com\/online\/wp-json\/wp\/v2\/media?parent=7027"}],"wp:term":[{"taxonomy":"product_brand","embeddable":true,"href":"https:\/\/mebipha.com\/online\/wp-json\/wp\/v2\/product_brand?post=7027"},{"taxonomy":"product_cat","embeddable":true,"href":"https:\/\/mebipha.com\/online\/wp-json\/wp\/v2\/product_cat?post=7027"},{"taxonomy":"product_tag","embeddable":true,"href":"https:\/\/mebipha.com\/online\/wp-json\/wp\/v2\/product_tag?post=7027"}],"curies":[{"name":"wp","href":"https:\/\/api.w.org\/{rel}","templated":true}]}}