{"id":6880,"date":"2021-01-22T17:01:36","date_gmt":"2021-01-22T10:01:36","guid":{"rendered":"https:\/\/mebipha.com\/online\/?post_type=product&#038;p=6880"},"modified":"2025-12-29T15:18:53","modified_gmt":"2025-12-29T08:18:53","slug":"ivermectin-2","status":"publish","type":"product","link":"https:\/\/mebipha.com\/online\/ivermectin-2\/","title":{"rendered":"IVERMECTIN"},"content":{"rendered":"<p><strong>\u0110\u1eb6C TR\u1eca N\u1ed8I V\u00c0 NGO\u1ea0I K\u00dd SINH TR\u00d9NG TR\u00caN HEO V\u00c0 GIA C\u1ea6M<\/strong><\/p>\n<p><strong>Thu\u1ed1c b\u1ed9t tr\u1ed9n th\u1ee9c \u0103n<\/strong><\/p>\n<p><strong>C\u00d4NG TH\u1ee8C<\/strong><\/p>\n<p>Ivermectin: 4g<\/p>\n<p>T\u00e1 d\u01b0\u1ee3c v\u1eeba \u0111\u1ee7: 1kg<\/p>\n<p><strong>\u0110\u1eb6C T\u00cdNH D\u01af\u1ee2C L\u00dd S\u1ea2N PH\u1ea8M<\/strong><\/p>\n<p>Invermectin l\u00e0 thu\u1ed1c tr\u1ecb k\u00fd sinh tr\u00f9ng n\u1eb1m trong nh\u00f3m avermectin c\u00f3 c\u1ea5u tr\u00fac li\u00ean quan \u0111\u1ebfn v\u00f2ng macrolide.<\/p>\n<p>C\u01a1 ch\u1ebf t\u00e1c \u0111\u1ed9ng: phong b\u1ebf d\u1eabn truy\u1ec1n xung \u0111\u1ed9ng th\u1ea7n kinh do t\u0103ng ph\u00f3ng th\u00edch GABA (gama amino butyric acid) &#8211; ch\u1ea5t d\u1eabn truy\u1ec1n th\u1ea7n kinh \u1ee9c ch\u1ebf n\u00ean ch\u1ea5t trung gian h\u00f3a h\u1ecdc n\u00e0y l\u00e0m t\u00ea li\u1ec7t k\u00fd sinh v\u1eadt v\u00e0 k\u00fd sinh tan ra.<\/p>\n<p>Ivermectin c\u00f3 ph\u1ed5 t\u00e1c \u0111\u1ed9ng r\u1ed9ng, t\u00e1c \u0111\u1ed9ng tr\u00ean c\u1ea3 giun tr\u01b0\u1edfng th\u00e0nh v\u00e0 giun ch\u01b0a tr\u01b0\u1edfng th\u00e0nh, t\u1ea5t c\u1ea3 giun tr\u00f2n \u0111\u01b0\u1eddng ti\u00eau h\u00f3a v\u00e0 \u1edf ph\u1ed5i, m\u1ed9t s\u1ed1 ngo\u1ea1i k\u00fd sinh \u1edf tr\u00e2u, b\u00f2, c\u1eebu, ng\u1ef1a, heo; giun tr\u00f2n \u0111\u01b0\u1eddng ru\u1ed9t, gh\u1ebb tai, gh\u1ebb Sarcoptes \u1edf ch\u00f3; m\u1ed9t s\u1ed1 giun tr\u00f2n \u0111\u01b0\u1eddng ti\u00eau h\u00f3a v\u00e0 ngo\u1ea1i k\u00fd sinh \u1edf g\u00e0 (m\u1ea1t, r\u1eadn, ch\u00ed&#8230;).<\/p>\n<p><strong>C\u00d4NG D\u1ee4NG S\u1ea2N PH\u1ea8M<\/strong><\/p>\n<p>Ph\u00f2ng v\u00e0 tr\u1ecb c\u00e1c b\u1ec7nh n\u1ed9i &#8211; ngo\u1ea1i k\u00fd sinh tr\u00f9ng tr\u00ean heo v\u00e0 gia c\u1ea7m:<\/p>\n<p>N\u1ed9i k\u00fd sinh: c\u00e1c lo\u1ea1i giun tr\u00f2n, d\u1eb9p k\u00fd sinh trong d\u1ea1 d\u00e0y, ru\u1ed9t, \u0111\u01b0\u1eddng h\u00f4 h\u1ea5p, ti\u1ebft ni\u1ec7u. \u0110\u1eb7c bi\u1ec7t <em>Ascaris suum<\/em>, <em>Oesophagostomum<\/em> sp, <em>Strongyloides<\/em> sp, <em>Hyostrongylus rubidus<\/em>,&#8230;<\/p>\n<p>Ngo\u1ea1i k\u00fd sinh tr\u00f9ng: c\u00e1c lo\u1ea1i gh\u1ebb, <em>Demodex<\/em>, <em>Sarcoptes<\/em>, r\u1eadn,&#8230;<\/p>\n<p><strong>CH\u1ed0NG CH\u1ec8 \u0110\u1ecaNH<\/strong><\/p>\n<p>Th\u00fa m\u1eabn c\u1ea3m v\u1edbi Ivermectin.<\/p>\n<p><strong>S\u1eec D\u1ee4NG<\/strong><\/p>\n<p>Tr\u1ed9n \u0111\u1ec1u v\u00e0o th\u1ee9c \u0103n v\u1edbi li\u1ec1u nh\u01b0 sau<\/p>\n<p><strong>Gia c\u1ea7m:<\/strong> 1g\/10-15kg th\u1ec3 tr\u1ecdng.<\/p>\n<p><strong>Heo th\u1ecbt, heo cai s\u1eefa:<\/strong> 1g\/15kg th\u1ec3 tr\u1ecdng.<\/p>\n<p>Cho \u0103n li\u00ean t\u1ee5c 7 ng\u00e0y, l\u00fac heo 36-42 ng\u00e0y tu\u1ed5i v\u00e0 l\u00fac heo 91-97 ng\u00e0y tu\u1ed5i.<\/p>\n<p><strong>N\u00e1i mang thai:<\/strong> 3,5g\/kg th\u1ee9c \u0103n; 1g\/20kg th\u1ec3 tr\u1ecdng. Cho \u0103n li\u00ean t\u1ee5c 7 ng\u00e0y, l\u00fac 2 tu\u1ea7n tr\u01b0\u1edbc khi \u0111\u1ebb.<\/p>\n<p><strong>Heo n\u1ecdc:<\/strong> 3,5g\/kg th\u1ee9c \u0103n; 1g\/20kg th\u1ec3 tr\u1ecdng. Cho \u0103n li\u00ean t\u1ee5c 7 ng\u00e0y, m\u1ed7i 6 th\u00e1ng 1 l\u1ea7n.<\/p>\n<p><strong>Th\u1eddi gian ng\u01b0ng s\u1eed d\u1ee5ng thu\u1ed1c<\/strong><\/p>\n<p>7 ng\u00e0y tr\u01b0\u1edbc khi gi\u1ebft th\u1ecbt.<\/p>\n<p><strong>H\u1ea0N S\u1eec D\u1ee4NG S\u1ea2N PH\u1ea8M<\/strong><\/p>\n<p>24 th\u00e1ng k\u1ec3 t\u1eeb ng\u00e0y s\u1ea3n xu\u1ea5t.<\/p>\n<p><strong>B\u1ea2O QU\u1ea2N<\/strong><\/p>\n<p>N\u01a1i kh\u00f4 r\u00e1o, tho\u00e1ng m\u00e1t, nhi\u1ec7t \u0111\u1ed9 d\u01b0\u1edbi 30<sup>0<\/sup>C, tr\u00e1nh \u00e1nh n\u1eafng tr\u1ef1c ti\u1ebfp. Tr\u00e1nh xa t\u1ea7m tay tr\u1ebb em.<\/p>\n<p><strong>\u0110\u00d3NG G\u00d3I<\/strong><\/p>\n<p><strong>100g\/g\u00f3i, 1kg\/lon<\/strong><\/p>\n<p><strong>S\u1ed1 \u0111\u0103ng k\u00fd: MBP-113<\/strong><\/p>\n","protected":false},"excerpt":{"rendered":"<p><span style=\"font-size: 120%;\">THU\u1ed0C THU \u00dd INVERMECTIN \u0110\u1eb6C TR\u1eca N\u1ed8I V\u00c0 NGO\u1ea0I K\u00dd SINH TR\u00d9NG<\/span><\/p>\n","protected":false},"featured_media":10627,"comment_status":"closed","ping_status":"closed","template":"","meta":[],"product_brand":[],"product_cat":[62],"product_tag":[],"class_list":{"0":"post-6880","1":"product","2":"type-product","3":"status-publish","4":"has-post-thumbnail","6":"product_cat-thuoc-thu-y","8":"first","9":"instock","10":"shipping-taxable","11":"purchasable","12":"product-type-variable","13":"has-default-attributes"},"_links":{"self":[{"href":"https:\/\/mebipha.com\/online\/wp-json\/wp\/v2\/product\/6880","targetHints":{"allow":["GET"]}}],"collection":[{"href":"https:\/\/mebipha.com\/online\/wp-json\/wp\/v2\/product"}],"about":[{"href":"https:\/\/mebipha.com\/online\/wp-json\/wp\/v2\/types\/product"}],"replies":[{"embeddable":true,"href":"https:\/\/mebipha.com\/online\/wp-json\/wp\/v2\/comments?post=6880"}],"wp:featuredmedia":[{"embeddable":true,"href":"https:\/\/mebipha.com\/online\/wp-json\/wp\/v2\/media\/10627"}],"wp:attachment":[{"href":"https:\/\/mebipha.com\/online\/wp-json\/wp\/v2\/media?parent=6880"}],"wp:term":[{"taxonomy":"product_brand","embeddable":true,"href":"https:\/\/mebipha.com\/online\/wp-json\/wp\/v2\/product_brand?post=6880"},{"taxonomy":"product_cat","embeddable":true,"href":"https:\/\/mebipha.com\/online\/wp-json\/wp\/v2\/product_cat?post=6880"},{"taxonomy":"product_tag","embeddable":true,"href":"https:\/\/mebipha.com\/online\/wp-json\/wp\/v2\/product_tag?post=6880"}],"curies":[{"name":"wp","href":"https:\/\/api.w.org\/{rel}","templated":true}]}}