{"id":6377,"date":"2019-11-25T15:36:45","date_gmt":"2019-11-25T08:36:45","guid":{"rendered":"https:\/\/mebipha.com\/?post_type=product&#038;p=6377"},"modified":"2025-12-29T16:17:51","modified_gmt":"2025-12-29T09:17:51","slug":"ampro-ws","status":"publish","type":"product","link":"https:\/\/mebipha.com\/online\/ampro-ws\/","title":{"rendered":"AMPRO WS"},"content":{"rendered":"<h2>THU\u1ed0C TH\u00da Y <strong>AMPRO WS <\/strong>\u0110\u1eb6C TR\u1eca C\u1ea6U TR\u00d9NG<\/h2>\n<p><a href=\"https:\/\/mebipha.com\/online\/ampro-ws\"><strong>Thu\u1ed1c Th\u00fa Y AMPRO WS<\/strong> <\/a>c\u00f3 ch\u1ee9a Amprolium, di\u1ec7t c\u1ea7u tr\u00f9ng b\u1eb1ng c\u00e1ch \u1ee9c ch\u1ebf h\u1ea5p thu Thiamine, l\u00e0m c\u1ea7u tr\u00f9ng ch\u1ebft do thi\u1ebfu dinh d\u01b0\u1ee1ng. \u0110\u1eb7c tr\u1ecb c\u1ea7u tr\u00f9ng ru\u1ed9t non, c\u1ea7u tr\u00f9ng manh tr\u00e0ng, c\u1ea7u tr\u00f9ng ru\u1ed9t gi\u1eefa.<\/p>\n<p>\u0110\u1eb7c tr\u1ecb b\u1ec7nh c\u1ea7u tr\u00f9ng g\u00e2y ra b\u1edfi <em>Eimeria tenella, E. necatrix, E. acervulina, E. maxima, E. brunetti, E. adenoides, E. meleagridis, E. dispersa<\/em> tr\u00ean gia c\u1ea7m.<\/p>\n<p><a href=\"https:\/\/mebipha.com\/online\/ampro-ws\"><strong>Thu\u1ed1c Th\u00fa Y AMPRO WS<\/strong><\/a> \u0110\u1eb7c tr\u1ecb b\u1ec7nh c\u1ea7u tr\u00f9ng do <em>Eimeria bovis<\/em> v\u00e0 <em>E.zuernii<\/em> tr\u00ean b\u00ea, ngh\u00e9, c\u1eebu, d\u00ea.<\/p>\n<p>&nbsp;<\/p>\n<h2><strong>Gi\u00e1 b\u00e1n\u00a0<\/strong><strong>thu\u1ed1c Th\u00fa Y <\/strong><strong>AMPRO WS<\/strong><\/h2>\n<div class=\"price-wrapper\">\n<p class=\"price product-page-price \"><span class=\"woocommerce-Price-amount amount\">17.000<span class=\"woocommerce-Price-currencySymbol\">\u20ab<\/span><\/span>\u00a0\u2013\u00a0<span class=\"woocommerce-Price-amount amount\">810.000<span class=\"woocommerce-Price-currencySymbol\">\u20ab<\/span><\/span><\/p>\n<\/div>\n<div class=\"product-short-description\">\n<h2><strong>Th\u00e0nh ph\u1ea7n <\/strong><strong>thu\u1ed1c Th\u00fa Y <\/strong><strong>AMPRO WS<\/strong><\/h2>\n<p>Amprolium hydrochloride\u00a0 \u00a0 \u00a0 \u00a0 \u00a0300g<\/p>\n<p>T\u00e1 d\u01b0\u1ee3c v\u1eeba \u0111\u1ee7\u00a0 \u00a0 \u00a0 \u00a0 \u00a0 \u00a0 \u00a0 \u00a0 \u00a0 \u00a0 \u00a0 \u00a01000g<\/p>\n<h2><strong>C\u00e1ch s\u1eed d\u1ee5ng <\/strong><strong>thu\u1ed1c Th\u00fa Y <\/strong><strong>AMPRO WS<\/strong><\/h2>\n<p>D\u00f9ng u\u1ed1ng:<\/p>\n<p><strong>B\u00ea, ngh\u00e9, c\u1eebu v\u00e0 d\u00ea:<\/strong><\/p>\n<p>Li\u1ec1u t\u1ed5ng qu\u00e1t: 1g\/ 30kg th\u1ec3 tr\u1ecdng\/ ng\u00e0y.<\/p>\n<p>Ph\u00f2ng b\u1ec7nh: 1g\/ 35 &#8211; 40kg th\u1ec3 tr\u1ecdng\/ ng\u00e0y, d\u00f9ng li\u00ean t\u1ee5c trong\u00a0 3 &#8211; 4 ng\u00e0y.<\/p>\n<p>Tr\u1ecb b\u1ec7nh: 1g\/ 20kg th\u1ec3 tr\u1ecdng\/ ng\u00e0y, d\u00f9ng li\u00ean t\u1ee5c trong 5 &#8211; 7 ng\u00e0y.<\/p>\n<p><strong>Gia c\u1ea7m:<\/strong><\/p>\n<p>Li\u1ec1u t\u1ed5ng qu\u00e1t: 1g\/ 20kg th\u1ec3 tr\u1ecdng\/ ng\u00e0y.<\/p>\n<p>Ph\u00f2ng b\u1ec7nh: 1g\/ 20 &#8211; 25kg th\u1ec3 tr\u1ecdng\/ ng\u00e0y ho\u1eb7c 1g\/ 3 l\u00edt n\u01b0\u1edbc u\u1ed1ng, d\u00f9ng li\u00ean t\u1ee5c trong 3 &#8211; 4 ng\u00e0y.<\/p>\n<p>Tr\u1ecb b\u1ec7nh: 1g\/ 10 &#8211; 15kg th\u1ec3 tr\u1ecdng\/ ng\u00e0y ho\u1eb7c 1g\/ 1,5 l\u00edt n\u01b0\u1edbc u\u1ed1ng, d\u00f9ng li\u00ean t\u1ee5c trong 5 \u2013 7 ng\u00e0y.<\/p>\n<h2><strong>Th\u1eddi gian ng\u01b0ng s\u1eed d\u1ee5ng thu\u1ed1c Th\u00fa Y <\/strong><strong>AMPRO WS<\/strong><\/h2>\n<p>Th\u00fa l\u1ea5y th\u1ecbt:<\/p>\n<p>B\u00ea, ngh\u00e9, d\u00ea, c\u1eebu: 3 ng\u00e0y tr\u01b0\u1edbc khi gi\u1ebft m\u1ed5<\/p>\n<p>Gia c\u1ea7m: 3 ng\u00e0y tr\u01b0\u1edbc khi gi\u1ebft m\u1ed5<\/p>\n<h2><strong>B\u1ea3o Qu\u1ea3n <\/strong><strong>thu\u1ed1c Th\u00fa Y <\/strong><strong>AMPRO WS<\/strong><\/h2>\n<p>N\u01a1i kh\u00f4 r\u00e1o, tho\u00e1ng m\u00e1t, nhi\u1ec7t \u0111\u1ed9 d\u01b0\u1edbi 30<sup>0<\/sup>C, tr\u00e1nh \u00e1nh n\u1eafng tr\u1ef1c ti\u1ebfp. Tr\u00e1nh xa t\u1ea7m tay tr\u1ebb em.<\/p>\n<p>S\u1ed1 l\u00f4, NSX, HSD: xem tr\u00ean bao b\u00ec<\/p>\n<p>&nbsp;<\/p>\n<\/div>\n<div style=\"border: 7px solid #ffeb3b; position: fixed; top: 318495px;\"><\/div>\n","protected":false},"excerpt":{"rendered":"<p><a href=\"https:\/\/mebipha.com\/online\/ampro-ws\"><strong>Thu\u1ed1c Th\u00fa Y AMPRO WS<\/strong><\/a> \u0110\u1eb7c tr\u1ecb b\u1ec7nh c\u1ea7u tr\u00f9ng do <em>Eimeria bovis<\/em> v\u00e0 <em>E.zuernii<\/em> tr\u00ean b\u00ea, ngh\u00e9, c\u1eebu, d\u00ea.<\/p>\n","protected":false},"featured_media":10532,"comment_status":"closed","ping_status":"closed","template":"","meta":[],"product_brand":[],"product_cat":[62,142],"product_tag":[],"class_list":{"0":"post-6377","1":"product","2":"type-product","3":"status-publish","4":"has-post-thumbnail","6":"product_cat-thuoc-thu-y","7":"product_cat-danh-muc-san-pham-gia-cam","9":"first","10":"instock","11":"shipping-taxable","12":"purchasable","13":"product-type-variable","14":"has-default-attributes"},"_links":{"self":[{"href":"https:\/\/mebipha.com\/online\/wp-json\/wp\/v2\/product\/6377","targetHints":{"allow":["GET"]}}],"collection":[{"href":"https:\/\/mebipha.com\/online\/wp-json\/wp\/v2\/product"}],"about":[{"href":"https:\/\/mebipha.com\/online\/wp-json\/wp\/v2\/types\/product"}],"replies":[{"embeddable":true,"href":"https:\/\/mebipha.com\/online\/wp-json\/wp\/v2\/comments?post=6377"}],"wp:featuredmedia":[{"embeddable":true,"href":"https:\/\/mebipha.com\/online\/wp-json\/wp\/v2\/media\/10532"}],"wp:attachment":[{"href":"https:\/\/mebipha.com\/online\/wp-json\/wp\/v2\/media?parent=6377"}],"wp:term":[{"taxonomy":"product_brand","embeddable":true,"href":"https:\/\/mebipha.com\/online\/wp-json\/wp\/v2\/product_brand?post=6377"},{"taxonomy":"product_cat","embeddable":true,"href":"https:\/\/mebipha.com\/online\/wp-json\/wp\/v2\/product_cat?post=6377"},{"taxonomy":"product_tag","embeddable":true,"href":"https:\/\/mebipha.com\/online\/wp-json\/wp\/v2\/product_tag?post=6377"}],"curies":[{"name":"wp","href":"https:\/\/api.w.org\/{rel}","templated":true}]}}