{"id":5810,"date":"2019-05-08T10:10:32","date_gmt":"2019-05-08T03:10:32","guid":{"rendered":"https:\/\/mebipha.com\/?post_type=product&#038;p=5810"},"modified":"2024-10-05T08:58:02","modified_gmt":"2024-10-05T01:58:02","slug":"mebimix-tao-nac","status":"publish","type":"product","link":"https:\/\/mebipha.com\/online\/mebimix-tao-nac\/","title":{"rendered":"MEBIMIX T\u1ea0O N\u1ea0C"},"content":{"rendered":"<p><strong>CHUY\u00caN D\u00d9NG CHO HEO T\u1eea 60KG \u0110\u1ebeN XU\u1ea4T CHU\u1ed2NG<\/strong><\/p>\n<p><strong>HEO L\u1edaN NHANH, BUNG \u0110\u00d9I, N\u1ede M\u00d4NG, N\u1ede VAI<\/strong><\/p>\n<p><strong>B\u1ed9t tr\u1ed9n th\u1ee9c \u0103n<\/strong><\/p>\n<p><strong>MEBIMIX T\u1ea0O N\u1ea0C <\/strong>b\u1ed5 sung \u0111\u1ea7y \u0111\u1ee7 c\u00e1c vitamin, acid amin v\u00e0 ch\u1ea5t kho\u00e1ng cho heo th\u1ecbt trong giai \u0111o\u1ea1n t\u1eeb 60kg \u0111\u1ebfn xu\u1ea5t chu\u1ed3ng. S\u1ea3n ph\u1ea9m th\u00edch h\u1ee3p cho heo k\u00e9m \u0103n, c\u00f2i c\u1ecdc, gi\u00fap t\u0103ng tr\u01b0\u1edfng nhanh, kh\u1ecfe m\u1ea1nh, t\u0103ng c\u01b0\u1eddng kh\u1ea3 n\u0103ng ti\u00eau h\u00f3a th\u1ee9c \u0103n v\u00e0 h\u1ea5p thu dinh d\u01b0\u1ee1ng, t\u1ea1o n\u1ea1c, t\u0103ng ch\u1ea5t l\u01b0\u1ee3ng th\u1ecbt, cho ngo\u1ea1i h\u00ecnh \u0111\u1eb9p khi xu\u1ea5t chu\u1ed3ng.<\/p>\n<p><strong>TH\u00c0NH PH\u1ea6N\u00a0\u00a0\u00a0\u00a0\u00a0\u00a0\u00a0 <\/strong><\/p>\n<p>Vitamin A (Retinyl acetate) (min): 4.000.000UI<\/p>\n<p>Vitamin D3 (Cholecalciferol) (min): 1.000.000UI<\/p>\n<p>Vitamin E (DL-Alpha-Tocopheryl acetate) (min): 2.500mg<\/p>\n<p>Vitamin K3* (Menadion sodium bisulfite) (min): 500mg<\/p>\n<p>Vitamin B12 (Cyanocobalamin) (min): 15.000mcg<\/p>\n<p>Biotin (min): 14.000mcg<\/p>\n<p>Selenium (min \u2013 max): 45 \u2013 50mg<\/p>\n<p>Lysine* (Lysine HCl) (min): 40.000mg<\/p>\n<p>Methionine (min): 12.000mg<\/p>\n<p>Chromium* (min &#8211; max): 72 &#8211; 80mg<\/p>\n<p>Ch\u1ea5t mang (glucose) v\u1eeba \u0111\u1ee7: 1kg<\/p>\n<p><strong>L\u1ee2I \u00cdCH C\u1ee6A VI\u1ec6C B\u1ed4 SUNG S\u1ea2N PH\u1ea8M<\/strong><\/p>\n<p>K\u00edch th\u00edch l\u1edbn nhanh.<\/p>\n<p>T\u0103ng t\u1ea1o n\u1ea1c, gi\u1ea3m m\u1ee1.<\/p>\n<p>Bung \u0111\u00f9i, n\u1edf m\u00f4ng, n\u1edf vai.<\/p>\n<p>T\u0103ng s\u1ee9c kh\u00e1ng b\u1ec7nh.<\/p>\n<p>Gi\u1ea3m ti\u00eau t\u1ed1n th\u1ee9c \u0103n.<\/p>\n<p>H\u1ea1n ch\u1ebf ti\u00eau ch\u1ea3y.<\/p>\n<p><strong>H\u01af\u1edaNG D\u1eaaN s\u1eed d\u1ee5ng<\/strong><\/p>\n<p>Tr\u1ed9n \u0111\u1ec1u v\u00e0o th\u1ee9c \u0103n: 1kg\/200kg th\u1ee9c \u0103n.<\/p>\n<p><strong>H\u1ea1n s\u1eed d\u1ee5ng s\u1ea3n ph\u1ea9m <\/strong><\/p>\n<p>24 th\u00e1ng k\u1ec3 t\u1eeb ng\u00e0y s\u1ea3n xu\u1ea5t.<\/p>\n<p><strong>B\u1ea2O QU\u1ea2N<\/strong><\/p>\n<p>N\u01a1i kh\u00f4 r\u00e1o, tho\u00e1ng m\u00e1t, nhi\u1ec7t \u0111\u1ed9 d\u01b0\u1edbi 30<sup>0<\/sup>C. Tr\u00e1nh \u00e1nh n\u1eafng tr\u1ef1c ti\u1ebfp, tr\u00e1nh xa t\u1ea7m tay tr\u1ebb em.<\/p>\n<p><strong>\u0110\u00d3NG G\u00d3I<\/strong><\/p>\n<p><strong>500g\/g\u00f3i, 1kg\/g\u00f3i, 3kg\/x\u00f4, 5kg\/x\u00f4, 10kg\/x\u00f4<\/strong><\/p>\n<p><strong>S\u1ed1 \u0111\u0103ng k\u00fd: TCCS 059:2013\/MBP<\/strong><\/p>\n","protected":false},"excerpt":{"rendered":"<p><strong>CHUY\u00caN D\u00d9NG CHO HEO T\u1eea 60KG \u0110\u1ebeN XU\u1ea4T CHU\u1ed2NG<\/strong><\/p>\n<p><strong>HEO L\u1edaN NHANH, BUNG \u0110\u00d9I, N\u1ede M\u00d4NG, N\u1ede VAI<\/strong><\/p>\n<p><strong>B\u1ed9t tr\u1ed9n th\u1ee9c \u0103n<\/strong><\/p>\n<p><strong>TH\u00c0NH PH\u1ea6N\u00a0\u00a0\u00a0\u00a0\u00a0\u00a0\u00a0 <\/strong><\/p>\n<p>Vitamin A (Retinyl acetate) (min): 4.000.000UI<\/p>\n<p>Vitamin D3 (Cholecalciferol) (min): 1.000.000UI<\/p>\n<p>Vitamin E (DL-Alpha-Tocopheryl acetate) (min): 2.500mg<\/p>\n<p>Vitamin K3* (Menadion sodium bisulfite) (min): 500mg<\/p>\n<p>Vitamin B12 (Cyanocobalamin) (min): 15.000mcg<\/p>\n<p>Biotin (min): 14.000mcg<\/p>\n<p>Selenium (min \u2013 max): 45 \u2013 50mg<\/p>\n<p>Lysine* (Lysine HCl) (min): 40.000mg<\/p>\n<p>Methionine (min): 12.000mg<\/p>\n<p>Chromium* (min &#8211; max): 72 &#8211; 80mg<\/p>\n<p>Ch\u1ea5t mang (glucose) v\u1eeba \u0111\u1ee7: 1kg<\/p>\n<p><strong>L\u1ee2I \u00cdCH C\u1ee6A VI\u1ec6C B\u1ed4 SUNG S\u1ea2N PH\u1ea8M<\/strong><\/p>\n<p>K\u00edch th\u00edch l\u1edbn nhanh.<\/p>\n<p>T\u0103ng t\u1ea1o n\u1ea1c, gi\u1ea3m m\u1ee1.<\/p>\n<p>Bung \u0111\u00f9i, n\u1edf m\u00f4ng, n\u1edf vai.<\/p>\n<p>T\u0103ng s\u1ee9c kh\u00e1ng b\u1ec7nh.<\/p>\n<p>Gi\u1ea3m ti\u00eau t\u1ed1n th\u1ee9c \u0103n.<\/p>\n<p>H\u1ea1n ch\u1ebf ti\u00eau ch\u1ea3y.<\/p>\n<p><strong>H\u01af\u1edaNG D\u1eaaN s\u1eed d\u1ee5ng<\/strong><\/p>\n<p>Tr\u1ed9n \u0111\u1ec1u v\u00e0o th\u1ee9c \u0103n: 1kg\/200kg th\u1ee9c \u0103n.<\/p>\n<p>&nbsp;<\/p>\n","protected":false},"featured_media":10683,"comment_status":"closed","ping_status":"closed","template":"","meta":[],"product_brand":[],"product_cat":[62],"product_tag":[],"class_list":{"0":"post-5810","1":"product","2":"type-product","3":"status-publish","4":"has-post-thumbnail","6":"product_cat-thuoc-thu-y","8":"first","9":"instock","10":"shipping-taxable","11":"purchasable","12":"product-type-variable"},"_links":{"self":[{"href":"https:\/\/mebipha.com\/online\/wp-json\/wp\/v2\/product\/5810","targetHints":{"allow":["GET"]}}],"collection":[{"href":"https:\/\/mebipha.com\/online\/wp-json\/wp\/v2\/product"}],"about":[{"href":"https:\/\/mebipha.com\/online\/wp-json\/wp\/v2\/types\/product"}],"replies":[{"embeddable":true,"href":"https:\/\/mebipha.com\/online\/wp-json\/wp\/v2\/comments?post=5810"}],"wp:featuredmedia":[{"embeddable":true,"href":"https:\/\/mebipha.com\/online\/wp-json\/wp\/v2\/media\/10683"}],"wp:attachment":[{"href":"https:\/\/mebipha.com\/online\/wp-json\/wp\/v2\/media?parent=5810"}],"wp:term":[{"taxonomy":"product_brand","embeddable":true,"href":"https:\/\/mebipha.com\/online\/wp-json\/wp\/v2\/product_brand?post=5810"},{"taxonomy":"product_cat","embeddable":true,"href":"https:\/\/mebipha.com\/online\/wp-json\/wp\/v2\/product_cat?post=5810"},{"taxonomy":"product_tag","embeddable":true,"href":"https:\/\/mebipha.com\/online\/wp-json\/wp\/v2\/product_tag?post=5810"}],"curies":[{"name":"wp","href":"https:\/\/api.w.org\/{rel}","templated":true}]}}