{"id":5800,"date":"2019-05-08T09:31:16","date_gmt":"2019-05-08T02:31:16","guid":{"rendered":"https:\/\/mebipha.com\/?post_type=product&#038;p=5800"},"modified":"2024-10-05T08:45:52","modified_gmt":"2024-10-05T01:45:52","slug":"ade-bc-complexbot-tron","status":"publish","type":"product","link":"https:\/\/mebipha.com\/online\/ade-bc-complexbot-tron\/","title":{"rendered":"ADE BC COMPLEX(B\u1ed8T TR\u1ed8N)"},"content":{"rendered":"<p><strong>B\u1ed4 SUNG D\u01af\u1ee0NG CH\u1ea4T CHO GIA S\u00daC<\/strong><\/p>\n<p><strong>T\u0102NG KH\u1ea2 N\u0102NG KH\u00c1NG B\u1ec6NH, T\u0102NG TR\u01af\u1edeNG NHANH<\/strong><\/p>\n<p><strong>B\u1ed9t tr\u1ed9n th\u1ee9c \u0103n<\/strong><\/p>\n<p><strong>ADE BC COMPLEX <\/strong>l\u00e0 ph\u1ee9c h\u1ee3p c\u00e1c vitamin c\u1ea7n thi\u1ebft trong ch\u1ebf \u0111\u1ed9 dinh d\u01b0\u1ee1ng c\u1ee7a gia s\u00fac. S\u1ea3n ph\u1ea9m gi\u00fap h\u1ea1n ch\u1ebf c\u00e1c b\u1ec7nh do thi\u1ebfu h\u1ee5t dinh d\u01b0\u1ee1ng, th\u00edch h\u1ee3p cho th\u00fa b\u1ecb suy nh\u01b0\u1ee3c, k\u00e9m \u0103n, ch\u1eadm l\u1edbn, th\u00fa sinh s\u1ea3n, gi\u00fap \u1ed5n \u0111\u1ecbnh th\u1ea7n kinh, t\u0103ng c\u01b0\u1eddng kh\u1ea3 n\u0103ng ti\u00eau h\u00f3a th\u1ee9c \u0103n, g\u00f3p ph\u1ea7n v\u1ed7 b\u00e9o v\u00e0 t\u0103ng ch\u1ea5t l\u01b0\u1ee3ng th\u1ecbt.<\/p>\n<p><strong>TH\u00c0NH PH\u1ea6N\u00a0\u00a0\u00a0\u00a0\u00a0\u00a0\u00a0 <\/strong><\/p>\n<p>Vitamin A (Retinyl acetate) (min): 2.500.000 UI<\/p>\n<p>Vitamin D<sub>3<\/sub> (Cholecalciferol) (min): 625.000 UI<\/p>\n<p>Vitamin E (DL-Alpha-Tocopheryl Acetate) (min): 2.500mg<\/p>\n<p>Vitamin C* (Ascorbic acid) (min): 25.000mg<\/p>\n<p>Vitamin\u00a0 B<sub>1<\/sub>* (Thiamine mononitrate) (min): 2.500mg<\/p>\n<p>Vitamin B<sub>2<\/sub> (Riboflavin) (min): 1.250mg<\/p>\n<p>Vitamin\u00a0 B<sub>6 <\/sub>(Pyridoxine HCl): 2.000mg<\/p>\n<p>Vitamin B<sub>12<\/sub> (Cyanocobalamin) (min): 20.000mcg<\/p>\n<p>B\u1ed9t \u0111\u00e1 v\u1eeba \u0111\u1ee7: 1kg<\/p>\n<p><strong>H\u01af\u1edaNG D\u1eaaN s\u1eed d\u1ee5ng<\/strong><\/p>\n<p>Tr\u1ed9n \u0111\u1ec1u v\u00e0o th\u1ee9c \u0103n: 1kg\/500kg th\u1ee9c \u0103n, d\u00f9ng li\u00ean t\u1ee5c trong th\u1eddi gian nu\u00f4i.<\/p>\n<p>D\u00f9ng \u0111\u1ecbnh k\u1ef3 1 \u2013 2 \u0111\u1ee3t\/th\u00e1ng: 1kg\/250kg th\u1ee9c \u0103n, d\u00f9ng li\u00ean t\u1ee5c 5 \u2013 7 ng\u00e0y.<\/p>\n<p>&nbsp;<\/p>\n","protected":false},"excerpt":{"rendered":"<p><strong>B\u1ed4 SUNG D\u01af\u1ee0NG CH\u1ea4T CHO GIA S\u00daC<\/strong><\/p>\n<p><strong>T\u0102NG KH\u1ea2 N\u0102NG KH\u00c1NG B\u1ec6NH, T\u0102NG TR\u01af\u1edeNG NHANH<\/strong><\/p>\n<p><strong>B\u1ed9t tr\u1ed9n th\u1ee9c \u0103n<\/strong><\/p>\n<p><strong>ADE BC COMPLEX <\/strong>l\u00e0 ph\u1ee9c h\u1ee3p c\u00e1c vitamin c\u1ea7n thi\u1ebft trong ch\u1ebf \u0111\u1ed9 dinh d\u01b0\u1ee1ng c\u1ee7a gia s\u00fac. S\u1ea3n ph\u1ea9m gi\u00fap h\u1ea1n ch\u1ebf c\u00e1c b\u1ec7nh do thi\u1ebfu h\u1ee5t dinh d\u01b0\u1ee1ng, th\u00edch h\u1ee3p cho th\u00fa b\u1ecb suy nh\u01b0\u1ee3c, k\u00e9m \u0103n, ch\u1eadm l\u1edbn, th\u00fa sinh s\u1ea3n, gi\u00fap \u1ed5n \u0111\u1ecbnh th\u1ea7n kinh, t\u0103ng c\u01b0\u1eddng kh\u1ea3 n\u0103ng ti\u00eau h\u00f3a th\u1ee9c \u0103n, g\u00f3p ph\u1ea7n v\u1ed7 b\u00e9o v\u00e0 t\u0103ng ch\u1ea5t l\u01b0\u1ee3ng th\u1ecbt.<\/p>\n<p><strong>TH\u00c0NH PH\u1ea6N\u00a0\u00a0\u00a0\u00a0\u00a0\u00a0\u00a0 <\/strong><\/p>\n<p>Vitamin A (Retinyl acetate) (min): 2.500.000 UI<\/p>\n<p>Vitamin D<sub>3<\/sub> (Cholecalciferol) (min): 625.000 UI<\/p>\n<p>Vitamin E (DL-Alpha-Tocopheryl Acetate) (min): 2.500mg<\/p>\n<p>Vitamin C* (Ascorbic acid) (min): 25.000mg<\/p>\n<p>Vitamin\u00a0 B<sub>1<\/sub>* (Thiamine mononitrate) (min): 2.500mg<\/p>\n<p>Vitamin B<sub>2<\/sub> (Riboflavin) (min): 1.250mg<\/p>\n<p>Vitamin\u00a0 B<sub>6 <\/sub>(Pyridoxine HCl): 2.000mg<\/p>\n<p>Vitamin B<sub>12<\/sub> (Cyanocobalamin) (min): 20.000mcg<\/p>\n<p>B\u1ed9t \u0111\u00e1 v\u1eeba \u0111\u1ee7: 1kg<\/p>\n<p><strong>L\u1ee2I \u00cdCH C\u1ee6A VI\u1ec6C B\u1ed4 SUNG S\u1ea2N PH\u1ea8M<\/strong><\/p>\n<p>H\u1ea1n ch\u1ebf t\u00ecnh tr\u1ea1ng thi\u1ebfu h\u1ee5t dinh d\u01b0\u1ee1ng.<\/p>\n<p>K\u00edch th\u00edch ti\u00eau h\u00f3a v\u00e0 t\u0103ng t\u00ednh th\u00e8m \u0103n.<\/p>\n<p>Gi\u1ea3m stress, n\u00e2ng cao s\u1ee9c \u0111\u1ec1 kh\u00e1ng, t\u0103ng kh\u1ea3 n\u0103ng kh\u00e1ng b\u1ec7nh.<\/p>\n<p>T\u0103ng tr\u01b0\u1edfng nhanh.<\/p>\n<p>Gi\u1ea3m ti\u00eau t\u1ed1n th\u1ee9c \u0103n.<\/p>\n<p>T\u0103ng c\u01b0\u1eddng kh\u1ea3 n\u0103ng ti\u1ebft s\u1eefa tr\u00ean heo n\u00e1i.<\/p>\n<p><strong>H\u01af\u1edaNG D\u1eaaN s\u1eed d\u1ee5ng<\/strong><\/p>\n<p>Tr\u1ed9n \u0111\u1ec1u v\u00e0o th\u1ee9c \u0103n: 1kg\/500kg th\u1ee9c \u0103n, d\u00f9ng li\u00ean t\u1ee5c trong th\u1eddi gian nu\u00f4i.<\/p>\n<p>D\u00f9ng \u0111\u1ecbnh k\u1ef3 1 \u2013 2 \u0111\u1ee3t\/th\u00e1ng: 1kg\/250kg th\u1ee9c \u0103n, d\u00f9ng li\u00ean t\u1ee5c 5 \u2013 7 ng\u00e0y.<\/p>\n<p><strong>H\u1ea1n s\u1eed d\u1ee5ng s\u1ea3n ph\u1ea9m <\/strong><\/p>\n<p>24 th\u00e1ng k\u1ec3 t\u1eeb ng\u00e0y s\u1ea3n xu\u1ea5t.<\/p>\n<p><strong>B\u1ea2O QU\u1ea2N<\/strong><\/p>\n<p>N\u01a1i kh\u00f4 r\u00e1o, tho\u00e1ng m\u00e1t, nhi\u1ec7t \u0111\u1ed9 d\u01b0\u1edbi 30<sup>0<\/sup>C. Tr\u00e1nh \u00e1nh n\u1eafng tr\u1ef1c ti\u1ebfp, tr\u00e1nh xa t\u1ea7m tay tr\u1ebb em.<\/p>\n<p><strong>\u0110\u00d3NG G\u00d3I<\/strong><\/p>\n<p><strong>1kg\/g\u00f3i, 3kg\/x\u00f4, 5kg\/x\u00f4, 10kg\/x\u00f4, 10kg\/bao, 25kg\/bao<\/strong><\/p>\n<p><strong>S\u1ed1 \u0111\u0103ng k\u00fd: TCCS 036:2013\/MBP<\/strong><\/p>\n","protected":false},"featured_media":10675,"comment_status":"closed","ping_status":"closed","template":"","meta":[],"product_brand":[],"product_cat":[62],"product_tag":[],"class_list":{"0":"post-5800","1":"product","2":"type-product","3":"status-publish","4":"has-post-thumbnail","6":"product_cat-thuoc-thu-y","8":"first","9":"instock","10":"shipping-taxable","11":"purchasable","12":"product-type-variable","13":"has-default-attributes"},"_links":{"self":[{"href":"https:\/\/mebipha.com\/online\/wp-json\/wp\/v2\/product\/5800","targetHints":{"allow":["GET"]}}],"collection":[{"href":"https:\/\/mebipha.com\/online\/wp-json\/wp\/v2\/product"}],"about":[{"href":"https:\/\/mebipha.com\/online\/wp-json\/wp\/v2\/types\/product"}],"replies":[{"embeddable":true,"href":"https:\/\/mebipha.com\/online\/wp-json\/wp\/v2\/comments?post=5800"}],"wp:featuredmedia":[{"embeddable":true,"href":"https:\/\/mebipha.com\/online\/wp-json\/wp\/v2\/media\/10675"}],"wp:attachment":[{"href":"https:\/\/mebipha.com\/online\/wp-json\/wp\/v2\/media?parent=5800"}],"wp:term":[{"taxonomy":"product_brand","embeddable":true,"href":"https:\/\/mebipha.com\/online\/wp-json\/wp\/v2\/product_brand?post=5800"},{"taxonomy":"product_cat","embeddable":true,"href":"https:\/\/mebipha.com\/online\/wp-json\/wp\/v2\/product_cat?post=5800"},{"taxonomy":"product_tag","embeddable":true,"href":"https:\/\/mebipha.com\/online\/wp-json\/wp\/v2\/product_tag?post=5800"}],"curies":[{"name":"wp","href":"https:\/\/api.w.org\/{rel}","templated":true}]}}