{"id":5784,"date":"2019-05-07T15:23:12","date_gmt":"2019-05-07T08:23:12","guid":{"rendered":"https:\/\/mebipha.com\/?post_type=product&#038;p=5784"},"modified":"2025-05-07T16:54:43","modified_gmt":"2025-05-07T09:54:43","slug":"%ce%b2-glucanca","status":"publish","type":"product","link":"https:\/\/mebipha.com\/online\/%ce%b2-glucanca\/","title":{"rendered":"\u03b2-GLUCAN(C\u00c1)"},"content":{"rendered":"","protected":false},"excerpt":{"rendered":"<p><strong>S\u1ea2N PH\u1ea8M D\u1ea0NG B\u1ed8T <\/strong><strong>GIA T\u0102NG MI\u1ec4N D\u1ecaCH<\/strong><\/p>\n<p><strong>TH\u00c0NH PH\u1ea6N<\/strong><\/p>\n<p>\u03b2-Glucan* (min)&#8230;&#8230;&#8230;&#8230;&#8230;&#8230;&#8230;.. 125.000 mg<\/p>\n<p><em>Bacillus subtilis<\/em> (min)&#8230;&#8230;&#8230;&#8230;&#8230;&#8230;&#8230;&#8230;. 1 x 10<sup>9 <\/sup>CFU<\/p>\n<p>Vitamin B<sub>12<\/sub> (min)&#8230;&#8230;&#8230;&#8230;&#8230;&#8230;&#8230;.. 20 mg<\/p>\n<p>Selenium (min \u2013 max)&#8230;&#8230;&#8230;&#8230;&#8230;&#8230;&#8230;&#8230;&#8230;. 40 \u2013 60 mg<\/p>\n<p>Kh\u00e1ng sinh, ch\u1ea5t c\u1ea5m&#8230;&#8230;&#8230;&#8230; Kh\u00f4ng c\u00f3<\/p>\n<p>Ethoxyquin&#8230;&#8230;&#8230;&#8230;&#8230;&#8230;&#8230;&#8230;&#8230;&#8230;&#8230;&#8230; Kh\u00f4ng c\u00f3<\/p>\n<p>Ch\u1ea5t mang (Glucose) v\u1eeba \u0111\u1ee7&#8230;&#8230;&#8230;&#8230;. 1 kg<\/p>\n<p><strong>NGUY\u00caN LI\u1ec6U\u00a0 <\/strong>N\u1ea5m men, <em>Bacillus subtilis<\/em>, Cyanocobalamin , Sodium selenite, Dextrose monohydrate.<\/p>\n<p><strong>C\u00d4NG D\u1ee4NG<\/strong><\/p>\n<p>N\u00e2ng cao s\u1ee9c \u0111\u1ec1 kh\u00e1ng.<\/p>\n<p>Gi\u00fap c\u00e1 ph\u1ee5c h\u1ed3i nhanh sau b\u1ec7nh, t\u0103ng c\u01b0\u1eddng kh\u1ea3 n\u0103ng gi\u1ea3i \u0111\u1ed9c, ti\u00eau h\u00f3a th\u1ee9c \u0103n.<\/p>\n<p>Ki\u0301ch thi\u0301ch ca\u0301 ph\u00e1t tri\u1ec3n v\u00e0 t\u0103ng ti\u0309 l\u00ea\u0323 s\u00f4\u0301ng.<\/p>\n<p><strong>H\u01af\u1edaNG D\u1eaaN S\u1eec D\u1ee4NG V\u00c0 LI\u1ec0U D\u00d9NG<\/strong><\/p>\n<p>H\u00f2a tan v\u00e0o n\u01b0\u1edbc, tr\u1ed9n \u0111\u1ec1u v\u1edbi th\u1ee9c \u0103n, \u0111\u1ec3 r\u00e1o 15 ph\u00fat, sau \u0111\u00f3\u00a0 cho c\u00e1 \u0103n.<\/p>\n<p>D\u00f9ng 2g\/1kg th\u1ee9c \u0103n ho\u1eb7c 1kg\/500kg th\u1ee9c \u0103n, cho \u0103n li\u00ean t\u1ee5c trong th\u1eddi gian nu\u00f4i.<\/p>\n<p>Ch\u00fa \u00fd\u00a0: Khi m\u00f4i tr\u01b0\u1eddng c\u00f3 bi\u1ebfn \u0111\u1ed9ng v\u00e0 c\u00f3 d\u1ecbch b\u1ec7nh n\u00ean d\u00f9ng li\u1ec1u g\u1ea5p \u0111\u00f4i.<\/p>\n","protected":false},"featured_media":11040,"comment_status":"closed","ping_status":"closed","template":"","meta":[],"product_brand":[],"product_cat":[71,107],"product_tag":[],"class_list":{"0":"post-5784","1":"product","2":"type-product","3":"status-publish","4":"has-post-thumbnail","6":"product_cat-thuoc-thuy-san","7":"product_cat-san-pham-cho-ca","9":"first","10":"instock","11":"shipping-taxable","12":"purchasable","13":"product-type-variable","14":"has-default-attributes"},"_links":{"self":[{"href":"https:\/\/mebipha.com\/online\/wp-json\/wp\/v2\/product\/5784","targetHints":{"allow":["GET"]}}],"collection":[{"href":"https:\/\/mebipha.com\/online\/wp-json\/wp\/v2\/product"}],"about":[{"href":"https:\/\/mebipha.com\/online\/wp-json\/wp\/v2\/types\/product"}],"replies":[{"embeddable":true,"href":"https:\/\/mebipha.com\/online\/wp-json\/wp\/v2\/comments?post=5784"}],"wp:featuredmedia":[{"embeddable":true,"href":"https:\/\/mebipha.com\/online\/wp-json\/wp\/v2\/media\/11040"}],"wp:attachment":[{"href":"https:\/\/mebipha.com\/online\/wp-json\/wp\/v2\/media?parent=5784"}],"wp:term":[{"taxonomy":"product_brand","embeddable":true,"href":"https:\/\/mebipha.com\/online\/wp-json\/wp\/v2\/product_brand?post=5784"},{"taxonomy":"product_cat","embeddable":true,"href":"https:\/\/mebipha.com\/online\/wp-json\/wp\/v2\/product_cat?post=5784"},{"taxonomy":"product_tag","embeddable":true,"href":"https:\/\/mebipha.com\/online\/wp-json\/wp\/v2\/product_tag?post=5784"}],"curies":[{"name":"wp","href":"https:\/\/api.w.org\/{rel}","templated":true}]}}